{"id":22280,"date":"2026-03-18T10:54:46","date_gmt":"2026-03-18T10:54:46","guid":{"rendered":"https:\/\/soydeaqui.ddns.net\/pachuca\/index.php\/producto\/kit-de-inicio-para-ascensor-unifi-access-poe-para-seleccion-de-piso-hasta-18-pisos-incluye-elevador-hub-g2-lector-2-extensores-poe-10-tarjetas-de-acceso-interior-y-exterior-ndaa-cumple\/"},"modified":"2026-03-18T10:54:52","modified_gmt":"2026-03-18T10:54:52","slug":"kit-de-inicio-para-ascensor-unifi-access-poe-para-seleccion-de-piso-hasta-18-pisos-incluye-elevador-hub-g2-lector-2-extensores-poe-10-tarjetas-de-acceso-interior-y-exterior-ndaa-cumple","status":"publish","type":"product","link":"https:\/\/soydeaqui.ddns.net\/pachuca\/index.php\/producto\/kit-de-inicio-para-ascensor-unifi-access-poe-para-seleccion-de-piso-hasta-18-pisos-incluye-elevador-hub-g2-lector-2-extensores-poe-10-tarjetas-de-acceso-interior-y-exterior-ndaa-cumple\/","title":{"rendered":"Kit de Inicio para Ascensor UniFi Access \/ PoE para Selecci\u00f3n de Piso \/ Hasta 18 Pisos \/ Incluye Elevador Hub \/ G2 Lector \/ 2 Extensores PoE \/ 10 Tarjetas de Acceso \/ Interior y Exterior \/ NDAA Cumple"},"content":{"rendered":"<p><!-- UA-SK-Elevator (ajustado: primer video GRANDE y arriba; segundo video + texto abajo; acorde\u00f3n conservado; modo oscuro friendly) --><\/p>\n<div style='font-family: inherit; color: inherit; line-height:1.5; margin:16px 0;'><!-- 1) VIDEO PRINCIPAL (GRANDE&comma; NO JUNTO A OTRO) --><\/p>\n<div style='border:1px solid rgba(127&comma;127&comma;127&comma;.25); border-radius:12px; padding:16px; box-shadow:0 1px 6px rgba(0&comma;0&comma;0&comma;.10); background:transparent;'><span class='fr-video fr-deletable fr-fvc fr-dvi fr-draggable' contenteditable='false'><video src='https:\/\/ftp3.syscom.mx\/usuarios\/adiaz\/Ubiquiti\/Imagenes\/ELEVATOR\/hero.mp4' autoplay='' muted='' loop='' playsinline='' style='max-width:100%; width:100%; height:auto; border:1px solid rgba(127&comma;127&comma;127&comma;.25); border-radius:12px; display:block; background:transparent;' class='fr-fvc fr-dvb fr-draggable'><img src='https:\/\/ftp3.syscom.mx\/usuarios\/adiaz\/Ubiquiti\/Imagenes\/ELEVATOR\/fallback.avif' alt='Ubiquiti UA-SK-Elevator' style='max-width:100%; width:100%; height:auto; border:1px solid rgba(127&comma;127&comma;127&comma;.25); border-radius:12px; background:transparent;' class='fr-fil fr-dib'><\/video><\/span><\/div>\n<p><!-- 2) HERO: video secundario + texto (EN GRID) --><\/p>\n<div style='margin-top:16px; display:flex; flex-wrap:wrap; gap:16px; align-items:center; border:1px solid rgba(127&comma;127&comma;127&comma;.25); border-radius:12px; padding:16px; box-shadow:0 1px 6px rgba(0&comma;0&comma;0&comma;.10); background:transparent;'>\n<div style='flex:1 1 320px; min-width:280px;'><span class='fr-video fr-deletable fr-fvc fr-dvi fr-draggable' contenteditable='false'><video src='https:\/\/ftp3.syscom.mx\/usuarios\/adiaz\/Ubiquiti\/Imagenes\/ELEVATOR\/loop.mp4' autoplay='' muted='' loop='' playsinline='' style='max-width:100%; height:auto; border:1px solid rgba(127&comma;127&comma;127&comma;.25); border-radius:12px; display:block; background:transparent;' class='fr-fvc fr-dvb fr-draggable'><img src='https:\/\/ftp3.syscom.mx\/usuarios\/adiaz\/Ubiquiti\/Imagenes\/ELEVATOR\/fallback.avif' alt='Ubiquiti UA-SK-Elevator' style='max-width:100%; height:auto; border:1px solid rgba(127&comma;127&comma;127&comma;.25); border-radius:12px; background:transparent;' class='fr-fil fr-dib'><\/video><\/span><\/div>\n<div style='flex:1 1 360px; min-width:280px;'>\n<h2 style='margin:0 0 6px; font-size:1.6rem; color:inherit;'>Elevator Starter Kit<\/h2>\n<div style='margin:0 0 12px; font-weight:600; opacity:.85;'>Modelo: <span style='font-weight:700; opacity:1;'>UA-SK-Elevator<\/span><\/div>\n<p style='margin:0; color:inherit;'>Kit UniFi Access para <strong>control de acceso a elevador<\/strong> que incluye <strong>(1) Elevator Hub&comma; (1) G2 Reader&comma; (2) Extensores PoE de 2 hilos y (10) Tarjetas de acceso<\/strong>. Se conecta a lectores dentro del elevador mediante PoE para autorizar la selecci\u00f3n de piso y soporta hasta <strong>18 pisos<\/strong> con entradas digitales para <strong>estado de cabina y emergencia<\/strong>.<\/p>\n<\/div>\n<\/div>\n<p><!-- T\u00edtulo Especificaciones --><\/p>\n<div style='text-align:center; margin:24px 0 12px;'><span style='font-size:1.35rem; font-weight:700; color:inherit;'>Especificaciones<\/span><\/div>\n<p><!-- Acorde\u00f3n (visual compatible con modo oscuro: sin fondos fijos claros) --><\/p>\n<div id='specs-accordion' style='border:1px solid rgba(127&comma;127&comma;127&comma;.25); border-radius:12px; overflow:hidden; box-shadow:0 1px 6px rgba(0&comma;0&comma;0&comma;.10); background:transparent;'><!-- Item: Elevator Hub --><\/p>\n<div style='border-bottom:1px solid rgba(127&comma;127&comma;127&comma;.15);'><button type='button' style='width:100%; text-align:left; background:transparent; border:0; padding:12px 16px; font-weight:700; display:flex; align-items:center; gap:8px; cursor:pointer; color:inherit;'> <span data-icn='' style='display:inline-block; transform: rotate(90deg); transition:transform .2s;'>\u25b8<\/span> Elevator Hub <\/button><\/p>\n<div style='padding:8px 16px; display:block;'>\n<ul style='margin:0; padding:0; list-style:none;'>\n<li style='padding:8px 0; border-top:1px solid rgba(127&comma;127&comma;127&comma;.15);'><strong>Dimensiones:<\/strong> 129.3 \u00d7 244.7 \u00d7 33.6 mm (5.1 \u00d7 9.6 \u00d7 1.3&#8242;)<\/li>\n<li style='padding:8px 0; border-top:1px solid rgba(127&comma;127&comma;127&comma;.15);'><strong>Peso:<\/strong> 537 g (1.2 lb)<\/li>\n<li style='padding:8px 0; border-top:1px solid rgba(127&comma;127&comma;127&comma;.15);'><strong>Material de la carcasa \/ montaje:<\/strong> Policarbonato<\/li>\n<li style='padding:8px 0; border-top:1px solid rgba(127&comma;127&comma;127&comma;.15);'><strong>Interfaz de red:<\/strong> (4) Puertos 10\/100\/1000 Base-T (lectores \/ c\u00e1maras)<\/li>\n<li style='padding:8px 0; border-top:1px solid rgba(127&comma;127&comma;127&comma;.15);'><strong>Interfaz de gesti\u00f3n:<\/strong> (1) Puerto 10\/100\/1000 Base-T<\/li>\n<li style='padding:8px 0; border-top:1px solid rgba(127&comma;127&comma;127&comma;.15);'><strong>M\u00e9todo de alimentaci\u00f3n:<\/strong> PoE++ (UL 294&comma; fuente clase 2 limitada&comma; PSU LPS\/PS2 UL 60950-1\/62368-1)<\/li>\n<li style='padding:8px 0; border-top:1px solid rgba(127&comma;127&comma;127&comma;.15);'><strong>Consumo m\u00e1ximo:<\/strong> 7 W (sin salida PoE)<\/li>\n<li style='padding:8px 0; border-top:1px solid rgba(127&comma;127&comma;127&comma;.15);'><strong>Entrada PoE:<\/strong> (1) PoE++&comma; 50 Vcc&comma; 1.2 A<\/li>\n<li style='padding:8px 0; border-top:1px solid rgba(127&comma;127&comma;127&comma;.15);'><strong>Salidas PoE:<\/strong> Pasa-corriente PoE; (4) PoE 50 Vcc&comma; presupuesto total 42 W<\/li>\n<li style='padding:8px 0; border-top:1px solid rgba(127&comma;127&comma;127&comma;.15);'><strong>Entradas digitales (elevador):<\/strong> (5) Posici\u00f3n de cabina; (6) Estado de cabina (sube\/baja\/alto\/lleno\/puerta abierta\/puerta cerrada); (1) Emergencia<\/li>\n<li style='padding:8px 0; border-top:1px solid rgba(127&comma;127&comma;127&comma;.15);'><strong>Salidas:<\/strong> (18) relevadores para pisos&comma; 30 Vcc \/ 2 A (m\u00e1ximo)<\/li>\n<li style='padding:8px 0; border-top:1px solid rgba(127&comma;127&comma;127&comma;.15);'><strong>LEDs:<\/strong> Sistema (blanco\/azul\/rojo); relevadores de salida (blanco)<\/li>\n<li style='padding:8px 0; border-top:1px solid rgba(127&comma;127&comma;127&comma;.15);'><strong>Botones:<\/strong> (1) Bot\u00f3n de restablecimiento de f\u00e1brica (en bloques de terminales)<\/li>\n<li style='padding:8px 0; border-top:1px solid rgba(127&comma;127&comma;127&comma;.15);'><strong>Protecci\u00f3n ESD\/EMP:<\/strong> Aire \u00b18 kV&comma; contacto \u00b14 kV<\/li>\n<li style='padding:8px 0; border-top:1px solid rgba(127&comma;127&comma;127&comma;.15);'><strong>Temperatura de operaci\u00f3n:<\/strong> -10 a 40 \u00b0C (14 a 104 \u00b0F)<\/li>\n<li style='padding:8px 0; border-top:1px solid rgba(127&comma;127&comma;127&comma;.15);'><strong>Humedad de operaci\u00f3n:<\/strong> 5\u201395% sin condensaci\u00f3n<\/li>\n<li style='padding:8px 0; border-top:1px solid rgba(127&comma;127&comma;127&comma;.15);'><strong>Certificaciones:<\/strong> CE&comma; FCC&comma; IC<\/li>\n<\/ul>\n<\/div>\n<\/div>\n<p><!-- Item: G2 Reader --><\/p>\n<div style='border-bottom:1px solid rgba(127&comma;127&comma;127&comma;.15);'><button type='button' style='width:100%; text-align:left; background:transparent; border:0; padding:12px 16px; font-weight:700; display:flex; align-items:center; gap:8px; cursor:pointer; color:inherit;'> <span data-icn='' style='display:inline-block; transform: rotate(90deg); transition:transform .2s;'>\u25b8<\/span> G2 Reader <\/button><\/p>\n<div style='padding:8px 16px; display:block;'>\n<ul style='margin:0; padding:0; list-style:none;'>\n<li style='padding:8px 0; border-top:1px solid rgba(127&comma;127&comma;127&comma;.15);'><strong>Dimensiones:<\/strong> 93 \u00d7 40 \u00d7 36.5 mm (3.7 \u00d7 1.6 \u00d7 1.4&#8242;)<\/li>\n<li style='padding:8px 0; border-top:1px solid rgba(127&comma;127&comma;127&comma;.15);'><strong>Peso:<\/strong> 82 g (2.9 oz)<\/li>\n<li style='padding:8px 0; border-top:1px solid rgba(127&comma;127&comma;127&comma;.15);'><strong>Material de la carcasa:<\/strong> Policarbonato y vidrio&comma; montaje empotrado en pared\/caja est\u00e1ndar<\/li>\n<li style='padding:8px 0; border-top:1px solid rgba(127&comma;127&comma;127&comma;.15);'><strong>Protecci\u00f3n intemperie:<\/strong> IP55 (apto para uso interior y exterior)<\/li>\n<li style='padding:8px 0; border-top:1px solid rgba(127&comma;127&comma;127&comma;.15);'><strong>Interfaz de red:<\/strong> (1) Puerto 10\/100 MbE RJ45<\/li>\n<li style='padding:8px 0; border-top:1px solid rgba(127&comma;127&comma;127&comma;.15);'><strong>Conectividad inal\u00e1mbrica:<\/strong> BLE 4.1<\/li>\n<li style='padding:8px 0; border-top:1px solid rgba(127&comma;127&comma;127&comma;.15);'><strong>M\u00e9todo de alimentaci\u00f3n:<\/strong> PoE (UL 294&comma; fuente clase 2 limitada&comma; PSU LPS\/PS2 UL 60950-1\/62368-1)<\/li>\n<li style='padding:8px 0; border-top:1px solid rgba(127&comma;127&comma;127&comma;.15);'><strong>Tensi\u00f3n soportada:<\/strong> 48 Vcc<\/li>\n<li style='padding:8px 0; border-top:1px solid rgba(127&comma;127&comma;127&comma;.15);'><strong>Consumo m\u00e1ximo:<\/strong> 5 W<\/li>\n<li style='padding:8px 0; border-top:1px solid rgba(127&comma;127&comma;127&comma;.15);'><strong>Sensores:<\/strong> Sensor de proximidad integrado<\/li>\n<li style='padding:8px 0; border-top:1px solid rgba(127&comma;127&comma;127&comma;.15);'><strong>Audio:<\/strong> Bocina integrada 8 \u03a9&comma; 0.7 W<\/li>\n<li style='padding:8px 0; border-top:1px solid rgba(127&comma;127&comma;127&comma;.15);'><strong>LEDs:<\/strong> Indicadores R\/G\/B\/W configurables<\/li>\n<li style='padding:8px 0; border-top:1px solid rgba(127&comma;127&comma;127&comma;.15);'><strong>Bot\u00f3n:<\/strong> Restablecimiento de f\u00e1brica<\/li>\n<li style='padding:8px 0; border-top:1px solid rgba(127&comma;127&comma;127&comma;.15);'><strong>NFC:<\/strong> Frecuencia 13.56 MHz&comma; alcance de lectura < 30 mm<\/li>\n<li style='padding:8px 0; border-top:1px solid rgba(127&comma;127&comma;127&comma;.15);'><strong>Protecci\u00f3n ESD\/EMP:<\/strong> Aire \u00b115 kV&comma; contacto \u00b18 kV<\/li>\n<li style='padding:8px 0; border-top:1px solid rgba(127&comma;127&comma;127&comma;.15);'><strong>Temperatura de operaci\u00f3n:<\/strong> -10 a 40 \u00b0C (14 a 104 \u00b0F) t\u00edpico del lector; rango extendido hasta -30 \u00b0C seg\u00fan entorno y montaje<\/li>\n<li style='padding:8px 0; border-top:1px solid rgba(127&comma;127&comma;127&comma;.15);'><strong>Humedad de operaci\u00f3n:<\/strong> 5\u201395% sin condensaci\u00f3n<\/li>\n<\/ul>\n<\/div>\n<\/div>\n<p><!-- Item: Extensores PoE de 2 hilos --><\/p>\n<div style='border-bottom:1px solid rgba(127&comma;127&comma;127&comma;.15);'><button type='button' style='width:100%; text-align:left; background:transparent; border:0; padding:12px 16px; font-weight:700; display:flex; align-items:center; gap:8px; cursor:pointer; color:inherit;'> <span data-icn='' style='display:inline-block; transform: rotate(90deg); transition:transform .2s;'>\u25b8<\/span> Extensores PoE de 2 hilos <\/button><\/p>\n<div style='padding:8px 16px; display:block;'>\n<ul style='margin:0; padding:0; list-style:none;'>\n<li style='padding:8px 0; border-top:1px solid rgba(127&comma;127&comma;127&comma;.15);'><strong>Modelo:<\/strong> UACC-Extender-2Wire-Tx\/Rx (x2 incluidos)<\/li>\n<li style='padding:8px 0; border-top:1px solid rgba(127&comma;127&comma;127&comma;.15);'><strong>Dimensiones (Tx\/Rx):<\/strong> 40 \u00d7 105 \u00d7 25 mm (1.6 \u00d7 4.1 \u00d7 1&#8242;)<\/li>\n<li style='padding:8px 0; border-top:1px solid rgba(127&comma;127&comma;127&comma;.15);'><strong>Peso:<\/strong> PoE In: 77 g (2.7 oz); PoE Out: 79 g (2.8 oz)<\/li>\n<li style='padding:8px 0; border-top:1px solid rgba(127&comma;127&comma;127&comma;.15);'><strong>Material de la carcasa \/ montaje:<\/strong> Policarbonato<\/li>\n<li style='padding:8px 0; border-top:1px solid rgba(127&comma;127&comma;127&comma;.15);'><strong>Interfaz de red:<\/strong> (1) 10\/100 MbE; (1) Homeplug AV para transmisi\u00f3n sobre 2 hilos<\/li>\n<li style='padding:8px 0; border-top:1px solid rgba(127&comma;127&comma;127&comma;.15);'><strong>Interfaz de gesti\u00f3n:<\/strong> (1) 10\/100 MbE<\/li>\n<li style='padding:8px 0; border-top:1px solid rgba(127&comma;127&comma;127&comma;.15);'><strong>M\u00e9todo de alimentaci\u00f3n:<\/strong> PoE++<\/li>\n<li style='padding:8px 0; border-top:1px solid rgba(127&comma;127&comma;127&comma;.15);'><strong>Consumo m\u00e1ximo:<\/strong> 3 W (sin salida PoE)<\/li>\n<li style='padding:8px 0; border-top:1px solid rgba(127&comma;127&comma;127&comma;.15);'><strong>Entrada PoE:<\/strong> (1) PoE++&comma; 50 Vcc&comma; m\u00e1x. 1.2 A<\/li>\n<li style='padding:8px 0; border-top:1px solid rgba(127&comma;127&comma;127&comma;.15);'><strong>Salida PoE:<\/strong> (1) PoE+&comma; 48 Vcc&comma; 0.72 A (para lector o dispositivo remoto)<\/li>\n<li style='padding:8px 0; border-top:1px solid rgba(127&comma;127&comma;127&comma;.15);'><strong>LED:<\/strong> Blanco (estado del dispositivo\/enlace)<\/li>\n<li style='padding:8px 0; border-top:1px solid rgba(127&comma;127&comma;127&comma;.15);'><strong>Protecci\u00f3n ESD\/EMP:<\/strong> Aire \u00b18 kV&comma; contacto \u00b14 kV<\/li>\n<li style='padding:8px 0; border-top:1px solid rgba(127&comma;127&comma;127&comma;.15);'><strong>Temperatura de operaci\u00f3n:<\/strong> -10 a 40 \u00b0C (14 a 104 \u00b0F)<\/li>\n<li style='padding:8px 0; border-top:1px solid rgba(127&comma;127&comma;127&comma;.15);'><strong>Humedad de operaci\u00f3n:<\/strong> 5\u201395% sin condensaci\u00f3n<\/li>\n<li style='padding:8px 0; border-top:1px solid rgba(127&comma;127&comma;127&comma;.15);'><strong>Certificaciones:<\/strong> CE&comma; FCC&comma; IC<\/li>\n<\/ul>\n<\/div>\n<\/div>\n<p><!-- Item: Tarjetas de acceso --><\/p>\n<div><button type='button' style='width:100%; text-align:left; background:transparent; border:0; padding:12px 16px; font-weight:700; display:flex; align-items:center; gap:8px; cursor:pointer; color:inherit;'> <span data-icn='' style='display:inline-block; transform: rotate(90deg); transition:transform .2s;'>\u25b8<\/span> Tarjetas de acceso (10 incluidas) <\/button><\/p>\n<div style='padding:8px 16px; display:block;'>\n<ul style='margin:0; padding:0; list-style:none;'>\n<li style='padding:8px 0; border-top:1px solid rgba(127&comma;127&comma;127&comma;.15);'><strong>Cantidad:<\/strong> 10 tarjetas de proximidad UniFi Access<\/li>\n<li style='padding:8px 0; border-top:1px solid rgba(127&comma;127&comma;127&comma;.15);'><strong>Formato:<\/strong> ISO 7810 ID-1 (tarjeta tipo cr\u00e9dito)<\/li>\n<li style='padding:8px 0; border-top:1px solid rgba(127&comma;127&comma;127&comma;.15);'><strong>NFC &#8211; Frecuencia:<\/strong> 13.56 MHz<\/li>\n<li style='padding:8px 0; border-top:1px solid rgba(127&comma;127&comma;127&comma;.15);'><strong>Tecnolog\u00eda NFC:<\/strong> ISO\/IEC 14443 Tipo A&comma; MIFARE DESFire&comma; protocolo de seguridad propietario UniFi Access<\/li>\n<\/ul>\n<\/div>\n<\/div>\n<\/div>\n<p><!-- Contenido del paquete --><\/p>\n<div style='border:1px solid rgba(127&comma;127&comma;127&comma;.25); border-radius:12px; padding:16px; box-shadow:0 1px 6px rgba(0&comma;0&comma;0&comma;.10); margin-top:16px; text-align:center; background:transparent;'>\n<h3 style='margin:0 0 12px; font-size:1.25rem; font-weight:700; color:inherit;'>Contenido del Paquete<\/h3>\n<p style='margin:0 0 8px; color:inherit; opacity:.9;'>(1) Elevator Hub \u2022 (1) G2 Reader \u2022 (2) Extensores PoE de 2 hilos \u2022 (10) Tarjetas de acceso UniFi Access<\/p>\n<p><img src='https:\/\/ftp3.syscom.mx\/usuarios\/adiaz\/Ubiquiti\/Imagenes\/ELEVATOR\/contenido.png' alt='Contenido del paquete Elevator Starter Kit' style='max-width:100%; height:auto; border:1px solid rgba(127&comma;127&comma;127&comma;.25); border-radius:12px; background:transparent;' class='fr-fic fr-dib'><\/div>\n<\/div>\n<p><!-- \/UA-SK-Elevator --><\/p>\n","protected":false},"excerpt":{"rendered":"<p>Kit de Inicio para Ascensor UniFi Access \/ PoE para Selecci\u00f3n de Piso \/ Hasta 18 Pisos \/ Incluye Elevador Hub \/ G2 Lector \/ 2 Extensores PoE \/ 10 Tarjetas de Acceso \/ Interior y Exterior \/ NDAA Cumple<\/p>\n","protected":false},"featured_media":22279,"comment_status":"open","ping_status":"closed","template":"","meta":[],"product_brand":[],"product_cat":[788],"product_tag":[789,895,557],"class_list":{"0":"post-22280","1":"product","2":"type-product","3":"status-publish","4":"has-post-thumbnail","6":"product_cat-intercomunicadores","7":"product_tag-intercomunicadores","8":"product_tag-ubiquiti-inc","9":"product_tag-videoporteros-e-interfonos","11":"first","12":"outofstock","13":"sale","14":"shipping-taxable","15":"purchasable","16":"product-type-simple"},"_links":{"self":[{"href":"https:\/\/soydeaqui.ddns.net\/pachuca\/index.php\/wp-json\/wp\/v2\/product\/22280","targetHints":{"allow":["GET"]}}],"collection":[{"href":"https:\/\/soydeaqui.ddns.net\/pachuca\/index.php\/wp-json\/wp\/v2\/product"}],"about":[{"href":"https:\/\/soydeaqui.ddns.net\/pachuca\/index.php\/wp-json\/wp\/v2\/types\/product"}],"replies":[{"embeddable":true,"href":"https:\/\/soydeaqui.ddns.net\/pachuca\/index.php\/wp-json\/wp\/v2\/comments?post=22280"}],"wp:featuredmedia":[{"embeddable":true,"href":"https:\/\/soydeaqui.ddns.net\/pachuca\/index.php\/wp-json\/wp\/v2\/media\/22279"}],"wp:attachment":[{"href":"https:\/\/soydeaqui.ddns.net\/pachuca\/index.php\/wp-json\/wp\/v2\/media?parent=22280"}],"wp:term":[{"taxonomy":"product_brand","embeddable":true,"href":"https:\/\/soydeaqui.ddns.net\/pachuca\/index.php\/wp-json\/wp\/v2\/product_brand?post=22280"},{"taxonomy":"product_cat","embeddable":true,"href":"https:\/\/soydeaqui.ddns.net\/pachuca\/index.php\/wp-json\/wp\/v2\/product_cat?post=22280"},{"taxonomy":"product_tag","embeddable":true,"href":"https:\/\/soydeaqui.ddns.net\/pachuca\/index.php\/wp-json\/wp\/v2\/product_tag?post=22280"}],"curies":[{"name":"wp","href":"https:\/\/api.w.org\/{rel}","templated":true}]}}