{"id":22258,"date":"2026-03-18T10:54:20","date_gmt":"2026-03-18T10:54:20","guid":{"rendered":"https:\/\/soydeaqui.ddns.net\/pachuca\/index.php\/producto\/lector-signo-custom-multitecnologia-garantia-de-por-vida-pigtail-wiegand-osdp\/"},"modified":"2026-03-18T10:54:21","modified_gmt":"2026-03-18T10:54:21","slug":"lector-signo-custom-multitecnologia-garantia-de-por-vida-pigtail-wiegand-osdp","status":"publish","type":"product","link":"https:\/\/soydeaqui.ddns.net\/pachuca\/index.php\/producto\/lector-signo-custom-multitecnologia-garantia-de-por-vida-pigtail-wiegand-osdp\/","title":{"rendered":"Lector SIGNO CUSTOM  Multitecnologia\/ Garant\u00eda de Por Vida \/ Pigtail \/ Wiegand &#038; OSDP"},"content":{"rendered":"<div style='width: 100%; max-width: 1200px; margin: 0 auto; font-family: sans-serif; line-height: 1.6; color: inherit; background-color: transparent;'>\n<div style='display: flex; flex-wrap: wrap; gap: 30px; margin-bottom: 30px;'>\n<div style='flex: 1 1 300px; min-width: 280px;'>\n<p style='font-size: 15px; color: inherit;'>HID Signo\u2122 es la l\u00ednea ic\u00f3nica de lectores de control de acceso de HID Global. La versatilidad&comma; el rendimiento y las prestaciones de conexi\u00f3n de los lectores HID Signo marcan un nuevo punto de referencia en la industria como la soluci\u00f3n m\u00e1s adaptable&comma; interoperable y segura para el control de acceso electr\u00f3nico.<\/p>\n<div style='margin-top: 20px;'>\n<h3 style='font-size: 22px; border-bottom: 2px solid currentColor; padding-bottom: 5px; margin-top: 0; color: inherit; opacity: 0.8;'>Caracter\u00edsticas<\/h3>\n<ul style='padding-left: 20px; font-size: 15px; color: inherit;'>\n<li style='margin-bottom: 5px;'><strong>Voltaje de alimentaci\u00f3n:<\/strong> 12 Vcc<\/li>\n<li style='margin-bottom: 5px;'><strong>Tecnolog\u00eda soportada:<\/strong> Seos&comma; iCLASS SE\u00ae&comma; iCLASS SR\u00ae&comma; iCLASS\u00ae&comma; MIFARE Classic&comma; MIFARE DESFire EV1 \/ EV2&comma; credenciales m\u00f3viles con tecnolog\u00eda Seos (HID Mobile Access)<\/li>\n<li style='margin-bottom: 5px;'><strong>Tecnolog\u00eda soportada:<\/strong> HID Proximity\u00ae&comma; Indala\u00ae Proximity&comma; AWID Proximity y EM Proximity<\/li>\n<li style='margin-bottom: 5px;'><strong>Ideal para:<\/strong> Instalaci\u00f3n en marcos de puerta o en cualquier superficie de montaje plana<\/li>\n<li style='margin-bottom: 5px;'><strong>Dimensiones:<\/strong> 45 mm x 121.5 mm x 19.5 mm (1.77 pulgadas x 4.78 pulgadas x 0.77 pulgadas)<\/li>\n<li style='margin-bottom: 5px;'><strong>Entrada:<\/strong> LED tricolor&comma; indicador ac\u00fastico&comma; retenci\u00f3n en bajo activo<\/li>\n<li style='margin-bottom: 5px;'><strong>Salida de datos:<\/strong> Pigtail<\/li>\n<li style='margin-bottom: 5px;'><strong>Protocolos de comunicaci\u00f3n:<\/strong> Wiegand y RS-485 semid\u00faplex (OSDP) a trav\u00e9s de cable flexible (18 pulgadas \/ 0.5 m) o regleta de bornes<\/li>\n<li style='margin-bottom: 5px;'><strong>Garant\u00eda:<\/strong> De por vida<\/li>\n<\/ul>\n<\/div>\n<div style='margin-top: 30px;'>\n<h3 style='font-size: 22px; border-bottom: 2px solid currentColor; padding-bottom: 5px; margin-top: 0; color: inherit; opacity: 0.8;'>Programaci\u00f3n<\/h3>\n<p style='font-size: 15px; color: inherit; margin-bottom: 15px;'>Solo requieren programarse si se usa el NFC o Bluetooth&comma; o bien cuando se desea ajustar rangos y colores de los LEDs<\/p>\n<ul style='padding-left: 20px; font-size: 15px; color: inherit;'>\n<li style='margin-bottom: 5px;'><a style='color: #005cb9; text-decoration: none;' href='https:\/\/www.youtube.com\/watch?v=ToZfmfr5NtE&#038;feature=youtu.be' target='_blank' rel='noopener'>Video tutorial<\/a> &#8211; <a style='color: #005cb9; text-decoration: none;' href='http:\/\/ftp3.syscom.mx\/usuarios\/ftp\/2019\/11\/13\/21397\/Readermanager.pdf' target='_blank' rel='noopener'>Tutorial de Uso<\/a><\/li>\n<\/ul>\n<\/div>\n<\/div>\n<\/div>\n<\/div>\n","protected":false},"excerpt":{"rendered":"<p>Lector SIGNO CUSTOM  Multitecnologia\/ Garant\u00eda de Por Vida \/ Pigtail \/ Wiegand &#038; OSDP<\/p>\n","protected":false},"featured_media":22257,"comment_status":"open","ping_status":"closed","template":"","meta":[],"product_brand":[],"product_cat":[770],"product_tag":[814,466,771],"class_list":{"0":"post-22258","1":"product","2":"type-product","3":"status-publish","4":"has-post-thumbnail","6":"product_cat-mifare-iclass-13-56-mhz","7":"product_tag-hid","8":"product_tag-lectoras-y-tarjetas","9":"product_tag-mifare-iclass-13-56-mhz","11":"first","12":"outofstock","13":"sale","14":"shipping-taxable","15":"purchasable","16":"product-type-simple"},"_links":{"self":[{"href":"https:\/\/soydeaqui.ddns.net\/pachuca\/index.php\/wp-json\/wp\/v2\/product\/22258","targetHints":{"allow":["GET"]}}],"collection":[{"href":"https:\/\/soydeaqui.ddns.net\/pachuca\/index.php\/wp-json\/wp\/v2\/product"}],"about":[{"href":"https:\/\/soydeaqui.ddns.net\/pachuca\/index.php\/wp-json\/wp\/v2\/types\/product"}],"replies":[{"embeddable":true,"href":"https:\/\/soydeaqui.ddns.net\/pachuca\/index.php\/wp-json\/wp\/v2\/comments?post=22258"}],"wp:featuredmedia":[{"embeddable":true,"href":"https:\/\/soydeaqui.ddns.net\/pachuca\/index.php\/wp-json\/wp\/v2\/media\/22257"}],"wp:attachment":[{"href":"https:\/\/soydeaqui.ddns.net\/pachuca\/index.php\/wp-json\/wp\/v2\/media?parent=22258"}],"wp:term":[{"taxonomy":"product_brand","embeddable":true,"href":"https:\/\/soydeaqui.ddns.net\/pachuca\/index.php\/wp-json\/wp\/v2\/product_brand?post=22258"},{"taxonomy":"product_cat","embeddable":true,"href":"https:\/\/soydeaqui.ddns.net\/pachuca\/index.php\/wp-json\/wp\/v2\/product_cat?post=22258"},{"taxonomy":"product_tag","embeddable":true,"href":"https:\/\/soydeaqui.ddns.net\/pachuca\/index.php\/wp-json\/wp\/v2\/product_tag?post=22258"}],"curies":[{"name":"wp","href":"https:\/\/api.w.org\/{rel}","templated":true}]}}