{"id":22238,"date":"2026-03-18T10:53:59","date_gmt":"2026-03-18T10:53:59","guid":{"rendered":"https:\/\/soydeaqui.ddns.net\/pachuca\/index.php\/producto\/carrete-de-305-metros-1000-pies-cable-de-cobre-8-x-18-awg-plenum-para-interior-color-blanco-para-aplicaciones-de-alarmas-de-intrusion-control-de-acceso-automatizacion-interfonos-y-tv\/"},"modified":"2026-03-18T10:54:00","modified_gmt":"2026-03-18T10:54:00","slug":"carrete-de-305-metros-1000-pies-cable-de-cobre-8-x-18-awg-plenum-para-interior-color-blanco-para-aplicaciones-de-alarmas-de-intrusion-control-de-acceso-automatizacion-interfonos-y-tv","status":"publish","type":"product","link":"https:\/\/soydeaqui.ddns.net\/pachuca\/index.php\/producto\/carrete-de-305-metros-1000-pies-cable-de-cobre-8-x-18-awg-plenum-para-interior-color-blanco-para-aplicaciones-de-alarmas-de-intrusion-control-de-acceso-automatizacion-interfonos-y-tv\/","title":{"rendered":"Carrete de 305 Metros (1000 Pies) \/ Cable de Cobre \/ 8 x 18 AWG  \/ Plenum \/ Para Interior \/ Color Blanco \/ Para Aplicaciones de Alarmas de Intrusi\u00f3n\/Control de Acceso\/ Automatizaci\u00f3n \/ Interfonos y Tv Porteros"},"content":{"rendered":"<div style='width: 100%; max-width: 1200px; margin: 0 auto; font-family: sans-serif; line-height: 1.6; color: inherit; background-color: transparent;'>\n<div style='display: flex; flex-wrap: wrap; gap: 30px; margin-bottom: 30px;'>\n<div style='flex: 1 1 300px; min-width: 280px;'>\n<h3 style='font-size: 22px; border-bottom: 2px solid currentColor; padding-bottom: 5px; margin-top: 0; color: inherit; opacity: 0.8;'>Caracter\u00edsticas<\/h3>\n<ul style='padding-left: 20px; font-size: 15px; color: inherit;'>\n<li style='margin-bottom: 5px;'>Uso Interior<\/li>\n<li style='margin-bottom: 5px;'>Alarmas&comma; cableado de sensores&comma; cableados Vplex&comma; cableado de sirenas<\/li>\n<li style='margin-bottom: 5px;'>Sistemas de control de acceso&comma; dispositivos de sujecci\u00f3n como contras el\u00e9ctricas&comma; cerraduras de perno&comma; chapas magn\u00e9ticas<\/li>\n<li style='margin-bottom: 5px;'>Cableado de interfonos y tv porteros<\/li>\n<li style='margin-bottom: 5px;'>Sistemas de automatizaci\u00f3n<\/li>\n<li style='margin-bottom: 5px;'>Plenum PVC<\/li>\n<\/ul><\/div>\n<div style='flex: 1 1 300px; min-width: 280px;'>\n<h3 style='font-size: 22px; border-bottom: 2px solid currentColor; padding-bottom: 5px; margin-top: 0; color: inherit; opacity: 0.8;'>Caracter\u00edsticas f\u00edsicas y el\u00e9ctricas<\/h3>\n<ul style='padding-left: 20px; font-size: 15px; color: inherit;'>\n<li style='margin-bottom: 5px;'><strong>Tipo:<\/strong> Cable (4 pares)<\/li>\n<li style='margin-bottom: 5px;'><strong>Impedancia (\u03a9):<\/strong> 58<\/li>\n<li style='margin-bottom: 5px;'><strong>Resistencia en \u03a9 a 305 m.:<\/strong> 6.66<\/li>\n<li style='margin-bottom: 5px;'><strong>Calibre:<\/strong> 18<\/li>\n<li style='margin-bottom: 5px;'><strong>Color externo:<\/strong> Blanco<\/li>\n<li style='margin-bottom: 5px;'><strong>Color interno:<\/strong> Negro&comma; Rojo&comma; Verde&comma; Blanco&comma; Caf\u00e9&comma; Azul&comma; Naranja y Amarillo<\/li>\n<li style='margin-bottom: 5px;'><strong>Di\u00e1metro exterior (mm):<\/strong> 5.68<\/li>\n<li style='margin-bottom: 5px;'><strong>Temperatura de operaci\u00f3n:<\/strong> -20\u00b0C a 75\u00b0C<\/li>\n<\/ul><\/div>\n<div style='flex: 1 1 300px; min-width: 280px;'>\n<h3 style='font-size: 22px; border-bottom: 2px solid currentColor; padding-bottom: 5px; margin-top: 0; color: inherit; opacity: 0.8;'>Est\u00e1ndares<\/h3>\n<ul style='padding-left: 20px; font-size: 15px; color: inherit;'>\n<li style='margin-bottom: 5px;'>NFPA 262 (Plenum)<\/li>\n<li style='margin-bottom: 5px;'>CSA C22.2 No. 2556 (FT6)<\/li>\n<li style='margin-bottom: 5px;'>RoHS Compliant<\/li>\n<\/ul><\/div>\n<\/p><\/div>\n<div style='display: flex; flex-wrap: wrap; gap: 30px; margin-bottom: 30px;'>\n<div style='flex: 1 1 300px; min-width: 280px;'>\n<h3 style='font-size: 22px; border-bottom: 2px solid currentColor; padding-bottom: 5px; margin-top: 0; color: inherit; opacity: 0.8;'>Certificaciones<\/h3>\n<ul style='padding-left: 20px; font-size: 15px; color: inherit;'>\n<li style='margin-bottom: 5px;'>CL3P<\/li>\n<li style='margin-bottom: 5px;'>FPLP<\/li>\n<li style='margin-bottom: 5px;'>CMP<\/li>\n<li style='margin-bottom: 5px;'>FT6<\/li>\n<li style='margin-bottom: 5px;'>ETL Listed<\/li>\n<\/ul><\/div>\n<div style='flex: 1 1 300px; min-width: 280px;'>\n<h3 style='font-size: 22px; border-bottom: 2px solid currentColor; padding-bottom: 5px; margin-top: 0; color: inherit; opacity: 0.8;'>Informaci\u00f3n Adicional<\/h3>\n<ul style='padding-left: 20px; font-size: 15px; color: inherit;'>\n<li style='margin-bottom: 5px;'><strong>Conductores:<\/strong> Cobre suave s\u00f3lido<\/li>\n<li style='margin-bottom: 5px;'><strong>Aislamiento:<\/strong> PVC<\/li>\n<li style='margin-bottom: 5px;'><strong>Identificaci\u00f3n:<\/strong> C\u00f3digo de colores<\/li>\n<li style='margin-bottom: 5px;'><strong>Forro:<\/strong> PVC<\/li>\n<li style='margin-bottom: 5px;'><strong>Presentaci\u00f3n:<\/strong> Carrete de 305 metros<\/li>\n<li style='margin-bottom: 5px;'><strong>Color:<\/strong> Blanco<\/li>\n<li style='margin-bottom: 5px;'><strong>Aplicaciones:<\/strong> Alarmas de Intrusi\u00f3n&comma; Control de Acceso&comma; Automatizaci\u00f3n&comma; Interfonos y Tv Porteros<\/li>\n<\/ul><\/div>\n<div style='flex: 1 1 300px; min-width: 280px;'>\n<h3 style='font-size: 22px; border-bottom: 2px solid currentColor; padding-bottom: 5px; margin-top: 0; color: inherit; opacity: 0.8;'>Caracter\u00edsticas Adicionales<\/h3>\n<ul style='padding-left: 20px; font-size: 15px; color: inherit;'>\n<li style='margin-bottom: 5px;'>Conductores de cobre suave s\u00f3lido aislamiento de PVC<\/li>\n<li style='margin-bottom: 5px;'>Identificado por c\u00f3digo de colores<\/li>\n<li style='margin-bottom: 5px;'>Forro total de PVC<\/li>\n<\/ul><\/div>\n<\/p><\/div>\n<div style='display: flex; flex-wrap: wrap; gap: 30px; margin-bottom: 30px;'>\n<div style='flex: 1 1 300px; min-width: 280px;'>\n<h3 style='font-size: 22px; border-bottom: 2px solid currentColor; padding-bottom: 5px; margin-top: 0; color: inherit; opacity: 0.8;'>Aplicaciones<\/h3>\n<ul style='padding-left: 20px; font-size: 15px; color: inherit;'>\n<li style='margin-bottom: 5px;'>Alarmas de Intrusi\u00f3n<\/li>\n<li style='margin-bottom: 5px;'>Control de Acceso<\/li>\n<li style='margin-bottom: 5px;'>Automatizaci\u00f3n<\/li>\n<li style='margin-bottom: 5px;'>Interfonos<\/li>\n<li style='margin-bottom: 5px;'>Tv Porteros<\/li>\n<li style='margin-bottom: 5px;'>Audio y Voz<\/li>\n<\/ul><\/div>\n<div style='flex: 1 1 300px; min-width: 280px;'>\n<h3 style='font-size: 22px; border-bottom: 2px solid currentColor; padding-bottom: 5px; margin-top: 0; color: inherit; opacity: 0.8;'>Nota<\/h3>\n<p style='font-size: 15px; color: inherit;'>* Precio carrete de 305 metros<\/p>\n<\/p><\/div>\n<\/p><\/div>\n<div style='display: flex; flex-wrap: wrap; gap: 30px; margin-bottom: 30px;'>\n<div style='flex: 1 1 300px; min-width: 280px;'>\n<h3 style='font-size: 22px; border-bottom: 2px solid currentColor; padding-bottom: 5px; margin-top: 0; color: inherit; opacity: 0.8;'>Certificaciones y Est\u00e1ndares<\/h3>\n<ul style='padding-left: 20px; font-size: 15px; color: inherit;'>\n<li style='margin-bottom: 5px;'>NFPA 262 (Plenum)<\/li>\n<li style='margin-bottom: 5px;'>CSA C22.2 No. 2556 (FT6)<\/li>\n<li style='margin-bottom: 5px;'>RoHS Compliant<\/li>\n<\/ul><\/div>\n<div style='flex: 1 1 300px; min-width: 280px;'>\n<h3 style='font-size: 22px; border-bottom: 2px solid currentColor; padding-bottom: 5px; margin-top: 0; color: inherit; opacity: 0.8;'>Caracter\u00edsticas de Seguridad<\/h3>\n<ul style='padding-left: 20px; font-size: 15px; color: inherit;'>\n<li style='margin-bottom: 5px;'>CL3P<\/li>\n<li style='margin-bottom: 5px;'>FPLP<\/li>\n<li style='margin-bottom: 5px;'>CMP<\/li>\n<li style='margin-bottom: 5px;'>FT6<\/li>\n<li style='margin-bottom: 5px;'>ETL Listed<\/li>\n<\/ul><\/div>\n<\/p><\/div>\n<div style='display: flex; justify-content: center; margin-bottom: 30px;'> <img style='width: 100%; max-width: 300px; height: auto; border: 1px solid rgba(150&comma;150&comma;150&comma;0.3); border-radius: 8px;' src='http:\/\/ftp3.syscom.mx\/usuarios\/maguilar\/Icons\/RoHS%20Icon.png' alt='RoHS Icon'> <\/div>\n<\/p><\/div>\n","protected":false},"excerpt":{"rendered":"<p>Carrete de 305 Metros (1000 Pies) \/ Cable de Cobre \/ 8 x 18 AWG  \/ Plenum \/ Para Interior \/ Color Blanco \/ Para Aplicaciones de Alarmas de Intrusi\u00f3n\/Control de Acceso\/ Automatizaci\u00f3n \/ Interfonos y Tv Porteros<\/p>\n","protected":false},"featured_media":22237,"comment_status":"open","ping_status":"closed","template":"","meta":[],"product_brand":[],"product_cat":[837],"product_tag":[93,838,139],"class_list":{"0":"post-22238","1":"product","2":"type-product","3":"status-publish","4":"has-post-thumbnail","6":"product_cat-cables-para-control-de-acceso","7":"product_tag-accesorios","8":"product_tag-cables-para-control-de-acceso","9":"product_tag-genesis","11":"first","12":"outofstock","13":"sale","14":"shipping-taxable","15":"purchasable","16":"product-type-simple"},"_links":{"self":[{"href":"https:\/\/soydeaqui.ddns.net\/pachuca\/index.php\/wp-json\/wp\/v2\/product\/22238","targetHints":{"allow":["GET"]}}],"collection":[{"href":"https:\/\/soydeaqui.ddns.net\/pachuca\/index.php\/wp-json\/wp\/v2\/product"}],"about":[{"href":"https:\/\/soydeaqui.ddns.net\/pachuca\/index.php\/wp-json\/wp\/v2\/types\/product"}],"replies":[{"embeddable":true,"href":"https:\/\/soydeaqui.ddns.net\/pachuca\/index.php\/wp-json\/wp\/v2\/comments?post=22238"}],"wp:featuredmedia":[{"embeddable":true,"href":"https:\/\/soydeaqui.ddns.net\/pachuca\/index.php\/wp-json\/wp\/v2\/media\/22237"}],"wp:attachment":[{"href":"https:\/\/soydeaqui.ddns.net\/pachuca\/index.php\/wp-json\/wp\/v2\/media?parent=22238"}],"wp:term":[{"taxonomy":"product_brand","embeddable":true,"href":"https:\/\/soydeaqui.ddns.net\/pachuca\/index.php\/wp-json\/wp\/v2\/product_brand?post=22238"},{"taxonomy":"product_cat","embeddable":true,"href":"https:\/\/soydeaqui.ddns.net\/pachuca\/index.php\/wp-json\/wp\/v2\/product_cat?post=22238"},{"taxonomy":"product_tag","embeddable":true,"href":"https:\/\/soydeaqui.ddns.net\/pachuca\/index.php\/wp-json\/wp\/v2\/product_tag?post=22238"}],"curies":[{"name":"wp","href":"https:\/\/api.w.org\/{rel}","templated":true}]}}