{"id":22235,"date":"2026-03-18T10:53:56","date_gmt":"2026-03-18T10:53:56","guid":{"rendered":"https:\/\/soydeaqui.ddns.net\/pachuca\/index.php\/producto\/tope-d-estacionamiento-vehicular-hule-reciclado-55cm-color-negro-con-franjas-amarillas-resistente-y-antideslizante\/"},"modified":"2026-03-18T10:53:57","modified_gmt":"2026-03-18T10:53:57","slug":"tope-d-estacionamiento-vehicular-hule-reciclado-55cm-color-negro-con-franjas-amarillas-resistente-y-antideslizante","status":"publish","type":"product","link":"https:\/\/soydeaqui.ddns.net\/pachuca\/index.php\/producto\/tope-d-estacionamiento-vehicular-hule-reciclado-55cm-color-negro-con-franjas-amarillas-resistente-y-antideslizante\/","title":{"rendered":"Tope D\/ Estacionamiento Vehicular \/ Hule Reciclado \/ 55cm \/ Color Negro con Franjas Amarillas \/ Resistente y Antideslizante."},"content":{"rendered":"<div style='width: 100%; max-width: 1200px; margin: 0 auto; font-family: sans-serif; line-height: 1.6; color: inherit; background-color: transparent;'>\n<div style='display: flex; flex-wrap: wrap; gap: 30px; margin-bottom: 30px;'>\n<div style='flex: 1 1 300px; min-width: 280px;'>\n<h3 style='font-size: 22px; border-bottom: 2px solid currentColor; padding-bottom: 5px; margin-top: 0; color: inherit; opacity: 0.8;'>Descripci\u00f3n General<\/h3>\n<p style='font-size: 15px; color: inherit; margin-top: 0;'>Topes vehiculares son una alternativa fiable y duradera a los topes de concreto tradicionales. F\u00e1cil instalaci\u00f3n&comma; no requieren equipos de elevaci\u00f3n pesados. Per\u00edodos de vida de m\u00e1s de 10 a\u00f1os&comma; los topes de concreto podr\u00edan costar hasta seis veces m\u00e1s que los modelos de hule reciclado debido a problemas de agrietamiento\/mantenimiento.<\/p>\n<p style='font-size: 15px; color: inherit; margin-top: 0;'>El tope vehicular de goma se instala principalmente en cajones de estacionamiento para evitar que el autom\u00f3vil golpee algunas barreras al dar marcha atr\u00e1s para evitar que se da\u00f1e el autom\u00f3vil. Por lo tanto&comma; es una buena ayuda para estacionamientos.<\/p>\n<\/p><\/div>\n<\/p><\/div>\n<div style='display: flex; flex-wrap: wrap; gap: 20px; margin-bottom: 30px;'>\n<div style='flex: 1 1 250px; border: 1px solid rgba(150&comma; 150&comma; 150&comma; 0.4); border-radius: 8px; overflow: hidden; display: flex; flex-direction: column;'>\n<div style='padding: 15px; border-bottom: 1px solid rgba(150&comma; 150&comma; 150&comma; 0.2); font-weight: bold; font-size: 18px; color: inherit;'>Especificaciones T\u00e9cnicas<\/div>\n<div style='padding: 15px; color: inherit;'>\n<ul style='padding-left: 20px; margin: 0; font-size: 14px; list-style-type: disc;'>\n<li style='margin-bottom: 5px;'><strong>Tope vehicular<\/strong><\/li>\n<li style='margin-bottom: 5px;'><strong>Bandas reflejantes:<\/strong> 6 bandas amarillas<\/li>\n<li style='margin-bottom: 5px;'><strong>Dimensiones:<\/strong> 55cm (L) x 15cm (An) x 10cm (Al)<\/li>\n<li style='margin-bottom: 5px;'><strong>Peso:<\/strong> 4.5 Kgs<\/li>\n<li style='margin-bottom: 5px;'><strong>Resistencia al quiebre:<\/strong> 212%<\/li>\n<li style='margin-bottom: 5px;'><strong>Dureza:<\/strong> A85<\/li>\n<li style='margin-bottom: 5px;'><strong>Temperatura operativa:<\/strong> -40\u00b0C a 80\u00b0C<\/li>\n<li style='margin-bottom: 5px;'><strong>Capacidad de carga:<\/strong> 5 Ton a 5 Km\/H<\/li>\n<li style='margin-bottom: 5px;'><strong>Material:<\/strong> Caucho r\u00edgido<\/li>\n<li style='margin-bottom: 5px;'><strong>Mantenimiento:<\/strong> M\u00ednimo<\/li>\n<li style='margin-bottom: 5px;'><strong>Fijaci\u00f3n:<\/strong> 2 orificios<\/li>\n<\/ul><\/div>\n<\/p><\/div>\n<div style='flex: 1 1 250px; border: 1px solid rgba(150&comma; 150&comma; 150&comma; 0.4); border-radius: 8px; overflow: hidden; display: flex; flex-direction: column;'>\n<div style='padding: 15px; border-bottom: 1px solid rgba(150&comma; 150&comma; 150&comma; 0.2); font-weight: bold; font-size: 18px; color: inherit;'>Recomendaciones de Instalaci\u00f3n<\/div>\n<div style='padding: 15px; color: inherit;'>\n<ul style='padding-left: 20px; margin: 0; font-size: 14px; list-style-type: disc;'>\n<li style='margin-bottom: 5px;'>Utilizar tornillo modelo AC4TOR si la instalaci\u00f3n ser\u00e1 en concreto<\/li>\n<li style='margin-bottom: 5px;'>Utilizar clavo modelo AC30ANCLA si la instalaci\u00f3n ser\u00e1 en asfalto<\/li>\n<\/ul><\/div>\n<\/p><\/div>\n<\/p><\/div>\n<div style='display: flex; flex-wrap: wrap; gap: 30px; margin-bottom: 30px;'>\n<div style='flex: 1 1 300px; min-width: 280px;'>\n<h3 style='font-size: 22px; border-bottom: 2px solid currentColor; padding-bottom: 5px; margin-top: 0; color: inherit; opacity: 0.8;'>Imagen del Producto<\/h3>\n<p> <img style='width: 100%; height: auto; border: 1px solid rgba(150&comma;150&comma;150&comma;0.3); border-radius: 8px;' src='http:\/\/ftp3.syscom.mx\/usuarios\/ftp\/2025\/06\/24\/570\/Captura_de_pantalla_20250624_101330.jpg_froala_685acf08d1a2b' alt='Tope vehicular de hule reciclado'> <\/div>\n<\/p><\/div>\n<div style='display: flex; flex-wrap: wrap; gap: 30px; margin-bottom: 30px;'>\n<div style='flex: 1 1 300px; min-width: 280px;'>\n<h3 style='font-size: 22px; border-bottom: 2px solid currentColor; padding-bottom: 5px; margin-top: 0; color: inherit; opacity: 0.8;'>Video Informativo<\/h3>\n<div style='position: relative; padding-bottom: 56.25%; height: 0; overflow: hidden; margin-bottom: 30px;'>   <\/div>\n<\/p><\/div>\n<\/p><\/div>\n<hr style='border: 0; border-top: 1px solid rgba(150&comma; 150&comma; 150&comma; 0.3); margin: 30px 0;'> <\/div>\n","protected":false},"excerpt":{"rendered":"<p>Tope D\/ Estacionamiento Vehicular \/ Hule Reciclado \/ 55cm \/ Color Negro con Franjas Amarillas \/ Resistente y Antideslizante.<\/p>\n","protected":false},"featured_media":22234,"comment_status":"open","ping_status":"closed","template":"","meta":[],"product_brand":[],"product_cat":[850],"product_tag":[401,234,851],"class_list":{"0":"post-22235","1":"product","2":"type-product","3":"status-publish","4":"has-post-thumbnail","6":"product_cat-topes-y-reductores-de-estacionamiento","7":"product_tag-acceso-vehicular","8":"product_tag-accesspro","9":"product_tag-topes-y-reductores-de-estacionamiento","11":"first","12":"instock","13":"sale","14":"shipping-taxable","15":"purchasable","16":"product-type-simple"},"_links":{"self":[{"href":"https:\/\/soydeaqui.ddns.net\/pachuca\/index.php\/wp-json\/wp\/v2\/product\/22235","targetHints":{"allow":["GET"]}}],"collection":[{"href":"https:\/\/soydeaqui.ddns.net\/pachuca\/index.php\/wp-json\/wp\/v2\/product"}],"about":[{"href":"https:\/\/soydeaqui.ddns.net\/pachuca\/index.php\/wp-json\/wp\/v2\/types\/product"}],"replies":[{"embeddable":true,"href":"https:\/\/soydeaqui.ddns.net\/pachuca\/index.php\/wp-json\/wp\/v2\/comments?post=22235"}],"wp:featuredmedia":[{"embeddable":true,"href":"https:\/\/soydeaqui.ddns.net\/pachuca\/index.php\/wp-json\/wp\/v2\/media\/22234"}],"wp:attachment":[{"href":"https:\/\/soydeaqui.ddns.net\/pachuca\/index.php\/wp-json\/wp\/v2\/media?parent=22235"}],"wp:term":[{"taxonomy":"product_brand","embeddable":true,"href":"https:\/\/soydeaqui.ddns.net\/pachuca\/index.php\/wp-json\/wp\/v2\/product_brand?post=22235"},{"taxonomy":"product_cat","embeddable":true,"href":"https:\/\/soydeaqui.ddns.net\/pachuca\/index.php\/wp-json\/wp\/v2\/product_cat?post=22235"},{"taxonomy":"product_tag","embeddable":true,"href":"https:\/\/soydeaqui.ddns.net\/pachuca\/index.php\/wp-json\/wp\/v2\/product_tag?post=22235"}],"curies":[{"name":"wp","href":"https:\/\/api.w.org\/{rel}","templated":true}]}}