{"id":22024,"date":"2026-03-18T10:49:37","date_gmt":"2026-03-18T10:49:37","guid":{"rendered":"https:\/\/soydeaqui.ddns.net\/pachuca\/index.php\/producto\/puerta-d-garage-d-alta-calidad-linea-central-color-gris-acabdo-deluxe-14x9-pies-aislada-estilo-americana\/"},"modified":"2026-03-18T10:49:39","modified_gmt":"2026-03-18T10:49:39","slug":"puerta-d-garage-d-alta-calidad-linea-central-color-gris-acabdo-deluxe-14x9-pies-aislada-estilo-americana","status":"publish","type":"product","link":"https:\/\/soydeaqui.ddns.net\/pachuca\/index.php\/producto\/puerta-d-garage-d-alta-calidad-linea-central-color-gris-acabdo-deluxe-14x9-pies-aislada-estilo-americana\/","title":{"rendered":"Puerta D \/ Garage D \/ Alta Calidad \/ Linea Central \/ Color GRIS \/  acabdo DELUXE \/ 14X9 pies \/ AISLADA \/ Estilo Americana."},"content":{"rendered":"<div style='width: 100%; max-width: 1200px; margin: 0 auto; font-family: sans-serif; line-height: 1.6; color: inherit; background-color: transparent;'>\n<div style='margin-bottom: 30px;'>\n<p style='margin: 0 0 10px; color: inherit; font-size: 14px;'> <span style='font-size: 22px; display: block; margin-bottom: 10px; color: #3598db; font-weight: bold; text-align: center;'> &#8216;Serie APDOORL Puertas de Garage con Estilo&comma; Seguridad y Tecnologia Avanzada&#8217; <\/span> <\/p>\n<\/p><\/div>\n<div style='margin-bottom: 30px;'>\n<p style='margin: 0 0 10px; color: inherit; font-size: 14px;'> &#8216;Las puertas de garage estilo americano combinan estilo y seguridad con un toque moderno. Su dise\u00f1o clasico nunca pasa de moda y su estructura resistente las hace perfectas para proteger su hogar con mucho estilo&comma; son una inversion que se nota desde el primer vistazo&#8217; <\/p>\n<\/p><\/div>\n<div style='display: flex; flex-wrap: wrap; gap: 30px; margin-bottom: 30px;'>\n<div style='flex: 1 1 300px; min-width: 280px;'>\n<div style='border-left: 5px solid #0091ff; border-radius: 5px; padding: 5px; box-shadow: 2px 2px 10px rgba(216&comma; 216&comma; 216&comma; 0.5);'> <strong style='margin-left: 10px; display: block; margin-bottom: 10px; color: inherit;'>Caracter\u00edsticas principales:<\/strong> <\/p>\n<ul style='padding-left: 20px; font-size: 14px; color: inherit; list-style-type: disc;'>\n<li style='margin-bottom: 5px;'>Las puertas de garage estilo americano destacan por su dise\u00f1o elegante&comma; solidez estructural y excelente aislamiento t\u00e9rmico.<\/li>\n<li style='margin-bottom: 5px; font-weight: bold;'>Equipadas con herrajes de alta calidad y rodamientos de precisi\u00f3n&comma; garantizan un funcionamiento suave&comma; silencioso y duradero.<\/li>\n<li style='margin-bottom: 5px;'>Gracias a su n\u00facleo aislante&comma; son una excelente opci\u00f3n para mantener la temperatura interior y optimizar la eficiencia energ\u00e9tica del hogar.<\/li>\n<\/ul><\/div>\n<\/p><\/div>\n<div style='flex: 1 1 300px; min-width: 280px;'>\n<div style='border-left: 5px solid #0091ff; border-radius: 5px; padding: 5px; box-shadow: 2px 2px 10px rgba(216&comma; 216&comma; 216&comma; 0.5);'> <strong style='margin-left: 10px; display: block; margin-bottom: 10px; color: inherit;'>Caracter\u00edsticas F\u00edsicas y El\u00e9ctricas:<\/strong> <\/p>\n<ul style='padding-left: 20px; font-size: 14px; color: inherit; list-style-type: disc;'>\n<li style='margin-bottom: 5px;'><span style='font-size: 16px;'>Las puertas <span style='color: #3598db; font-weight: bold;'>AccessPro<\/span> est\u00e1n dise\u00f1adas para ofrecer alto desempe\u00f1o&comma; seguridad y aislamiento.<\/span><\/li>\n<li style='margin-bottom: 5px; font-weight: bold;'><span style='font-size: 16px;'>Paneles fabricados de lamina galvanizada calibre 26 y aislamiento de alta densidad de 42mm.<\/span><\/li>\n<li style='margin-bottom: 5px;'><span style='font-size: 16px;'>Las puertas proporcionan una estructura robusta&comma; mayor rigidez y un excelente aislamiento t\u00e9rmico y ac\u00fastico.<\/span><\/li>\n<\/ul><\/div>\n<\/p><\/div>\n<div style='flex: 1 1 300px; min-width: 280px;'>\n<div style='border-left: 5px solid #0091ff; border-radius: 5px; padding: 5px; box-shadow: 2px 2px 10px rgba(216&comma; 216&comma; 216&comma; 0.5);'> <strong style='margin-left: 10px; display: block; margin-bottom: 10px; color: inherit;'>Caracter\u00edsticas Destacadas:<\/strong> <\/p>\n<ul style='padding-left: 20px; font-size: 14px; color: inherit; list-style-type: disc;'>\n<li style='margin-bottom: 5px;'><span style='font-size: 16px;'>Puerta residencial rellena 42mm de poliuretano inyectado con una densidad de 42 kgs\/m\u00b3.<\/span><\/li>\n<li style='margin-bottom: 5px; font-weight: bold;'><span style='font-size: 16px;'>Excelente aislamiento t\u00e9rmico y ac\u00fastico.<\/span><\/li>\n<li style='margin-bottom: 5px;'><span style='font-size: 16px;'>Mayor rigidez estructural.<\/span><\/li>\n<li style='margin-bottom: 5px;'><span style='font-size: 16px;'>Eficiencia energ\u00e9tica.<\/span><\/li>\n<\/ul><\/div>\n<\/p><\/div>\n<\/p><\/div>\n<hr style='border: 0; border-top: 1px solid rgba(150&comma; 150&comma; 150&comma; 0.3); margin: 30px 0;'>\n<div style='margin-bottom: 30px;'>\n<p style='margin: 0 0 10px; color: inherit; font-size: 14px;'> Las puertas de garage estilo americano se destacan por su combinaci\u00f3n de elegancia&comma; funcionalidad y durabilidad&comma; convirti\u00e9ndose en una elecci\u00f3n popular para hogares que buscan tanto est\u00e9tica como seguridad. T\u00edpicamente est\u00e1n dise\u00f1adas con un enfoque en el estilo cl\u00e1sico&comma; presentan l\u00edneas limpias y acabados de alta calidad que complementan una amplia variedad de arquitecturas residenciales. <\/p>\n<\/p><\/div>\n<div style='margin-bottom: 30px;'>\n<p style='margin: 0 0 10px; color: inherit; font-size: 14px;'> Evite que su garage enfrie su casa&comma; al colocar una puerta aislada mantendr\u00e1 a temperatura c\u00e1lida a los cuartos aleda\u00f1os&comma; esto le ayudar\u00e1 ahorrar en el consumo de energ\u00eda. <\/p>\n<\/p><\/div>\n<hr style='border: 0; border-top: 1px solid rgba(150&comma; 150&comma; 150&comma; 0.3); margin: 30px 0;'>\n<div style='margin-bottom: 30px;'>\n<h2 style='margin-top: 0; margin-bottom: 20px; font-size: 22px; font-weight: 500; text-align: center; color: inherit;'> Qu\u00e9 requiero cotizar para una instalaci\u00f3n? <\/h2>\n<ul style='padding-left: 20px; font-size: 14px; color: inherit; list-style-type: disc;'>\n<li style='margin-bottom: 10px;'><span style='font-size: 14px;'>1 x <a href='https:\/\/syscom.pro\/products\/244671' style='color: #3598db; text-decoration: none;'>APDOOR149L<\/a> ( Puerta de Garage 14&#215;9 )<\/span><\/li>\n<li style='margin-bottom: 10px;'><span style='font-size: 14px;'>1 x <a href='https:\/\/www.syscom.mx\/producto\/FS1000M-ACCESSPRO-241289.html' style='color: #3598db; text-decoration: none;'>FS1000M<\/a> \/ <a href='https:\/\/www.syscom.mx\/producto\/ACCESSFORCE-ACCESSPRO-176436.html' style='color: #3598db; text-decoration: none;'>ACCESSFORCE<\/a> ( Motor puerta de garage )<\/span><\/li>\n<li style='margin-bottom: 10px;'><span style='font-size: 14px;'>1 x <a href='https:\/\/www.syscom.mx\/producto\/ACCESS-EXT-RAILC-ACCESSPRO-191670.html' style='color: #3598db; text-decoration: none;'>ACCESSEXTRAILC<\/a> \/ <a href='https:\/\/www.syscom.mx\/producto\/ACCESSRAILT3-ACCESSPRO-176550.html' style='color: #3598db; text-decoration: none;'>ACCESSEXTRAILT<\/a> ( Extension de riel dependiendo del motor a utilizar )<\/span><\/li>\n<\/ul><\/div>\n<hr style='border: 0; border-top: 1px solid rgba(150&comma; 150&comma; 150&comma; 0.3); margin: 30px 0;'>\n<div style='margin-bottom: 30px;'>\n<h2 style='margin-top: 0; margin-bottom: 20px; font-size: 22px; font-weight: 500; text-align: center; color: inherit;'> Qu\u00e9 accesorios puedo agregar a mi instalaci\u00f3n? <\/h2>\n<ul style='padding-left: 20px; font-size: 14px; color: inherit; list-style-type: disc;'>\n<li style='margin-bottom: 10px;'><span style='font-size: 14px;'>1 x Fotocelda ( <a href='https:\/\/www.syscom.mx\/producto\/ACCESSPC01-ACCESSPRO-176545.html' style='color: #3598db; text-decoration: none;'>ACCESSPC01<\/a> )<\/span><\/li>\n<li style='margin-bottom: 10px;'><span style='font-size: 14px;'>1 x Dispositivo WIFI ( <a href='https:\/\/www.syscom.mx\/producto\/ACCESSWIFI-ACCESSPRO-211041.html' style='color: #3598db; text-decoration: none;'>ACCESSWIFI<\/a> )<\/span><\/li>\n<li style='margin-bottom: 10px;'><span style='font-size: 14px;'>1 x Receptor inal\u00e1mbrico ( <a href='https:\/\/www.syscom.mx\/producto\/PROR400-ACCESSPRO-67300.html' style='color: #3598db; text-decoration: none;'>PROR400<\/a> \/ <a href='https:\/\/www.syscom.mx\/producto\/ESIM320IP-ELDES-136647.html' style='color: #3598db; text-decoration: none;'>ESIM320IP<\/a> )<\/span><\/li>\n<li style='margin-bottom: 10px;'><span style='font-size: 14px;'>1 x Frente de calle ( <a href='https:\/\/www.syscom.mx\/producto\/DS-KV8113-WME1(C)-HIKVISION-210631.html' style='color: #3598db; text-decoration: none;'>DSKV8113WME1(C)<\/a> \/ <a href='https:\/\/www.syscom.mx\/producto\/DS-KV6113-WPE1(C)-HIKVISION-209203.html' style='color: #3598db; text-decoration: none;'>DSKV6113WPE1(C)<\/a> )<\/span><\/li>\n<li style='margin-bottom: 10px;'><span style='font-size: 14px;'>1 x Botones inal\u00e1mbricos ( <a href='https:\/\/www.syscom.mx\/producto\/ACCESSVR01-ACCESSPRO-176538.html' style='color: #3598db; text-decoration: none;'>ACCESSVR01<\/a> \/ <a href='https:\/\/www.syscom.mx\/producto\/ACCESSWS01-ACCESSPRO-176540.html' style='color: #3598db; text-decoration: none;'>ACCESSWS01<\/a> )<\/span><\/li>\n<\/ul><\/div>\n<hr style='border: 0; border-top: 1px solid rgba(150&comma; 150&comma; 150&comma; 0.3); margin: 30px 0;'>\n<div style='margin-bottom: 30px;'>\n<p style='margin: 0 0 10px; color: inherit; font-size: 14px; text-align: center;'> <a href='https:\/\/www.syscom.mx\/panel\/calculador_cochera' style='color: #e74c3c; text-decoration: none; font-size: 16px;'>Como se cual medida de puerta es la que necesito? click aqu\u00ed.<\/a> <\/p>\n<\/p><\/div>\n<div style='margin-bottom: 30px;'>\n<p style='margin: 0 0 10px; color: inherit; font-size: 14px; text-align: center;'> <span style='color: #2969b0; font-size: 18px; display: block; margin-bottom: 10px;'>La puerta APDOOR149L se compone de 6 secciones de 18&#8242;.<\/span> <\/p>\n<\/p><\/div>\n<div style='margin-bottom: 30px;'>\n<p style='margin: 0 0 10px; color: inherit; font-size: 14px; text-align: center;'> <span style='color: #9f6723; font-size: 18px; display: block; margin-bottom: 10px;'>El kit de puerta autom\u00e1tica no incluye el motor<\/span> <\/p>\n<\/p><\/div>\n<div style='display: flex; flex-wrap: wrap; gap: 15px; margin-bottom: 30px; justify-content: center;'>\n<div style='flex: 1 1 300px; min-width: 280px;'> <img style='width: 100%; height: auto; border: 1px solid rgba(150&comma;150&comma;150&comma;0.3); border-radius: 8px;' src='http:\/\/ftp3.syscom.mx\/usuarios\/ftp\/2025\/10\/01\/570\/puertasgaragealtacalidadpt5.jpg_froala_68dd5673076d8' alt=''> <\/div>\n<div style='flex: 1 1 300px; min-width: 280px;'> <img style='width: 100%; height: auto; border: 1px solid rgba(150&comma;150&comma;150&comma;0.3); border-radius: 8px;' src='http:\/\/ftp3.syscom.mx\/usuarios\/ftp\/2025\/10\/14\/570\/imagengpt41760460441627.png_froala_68ee958714aa2' alt=''> <\/div>\n<div style='flex: 1 1 300px; min-width: 280px;'> <img style='width: 100%; height: auto; border: 1px solid rgba(150&comma;150&comma;150&comma;0.3); border-radius: 8px;' src='http:\/\/ftp3.syscom.mx\/usuarios\/ftp\/2025\/10\/14\/570\/imagengpt41760462591486.png_froala_68ee9600dc199' alt=''> <\/div>\n<div style='flex: 1 1 300px; min-width: 280px;'> <img style='width: 100%; height: auto; border: 1px solid rgba(150&comma;150&comma;150&comma;0.3); border-radius: 8px;' src='http:\/\/ftp3.syscom.mx\/usuarios\/ftp\/2025\/10\/21\/570\/Captura_de_pantalla_20251021_100921.jpg_froala_68f7b16c99cd7' alt=''> <\/div>\n<div style='flex: 1 1 300px; min-width: 280px;'> <img style='width: 100%; height: auto; border: 1px solid rgba(150&comma;150&comma;150&comma;0.3); border-radius: 8px;' src='http:\/\/ftp3.syscom.mx\/usuarios\/ftp\/2025\/10\/21\/570\/imagengpt41759171685393.png_froala_68f7b1ae40d7a' alt=''> <\/div>\n<div style='flex: 1 1 300px; min-width: 280px;'> <img style='width: 100%; height: auto; border: 1px solid rgba(150&comma;150&comma;150&comma;0.3); border-radius: 8px;' src='http:\/\/ftp3.syscom.mx\/usuarios\/ftp\/2025\/06\/30\/570\/1751323527339.png_froala_68631388e35f3' alt=''> <\/div>\n<div style='flex: 1 1 300px; min-width: 280px;'> <img style='width: 100%; height: auto; border: 1px solid rgba(150&comma;150&comma;150&comma;0.3); border-radius: 8px;' src='http:\/\/ftp3.syscom.mx\/usuarios\/ftp\/2025\/10\/21\/570\/imagengpt41759170161262.png_froala_68f7b1def12fe' alt=''> <\/div>\n<\/p><\/div>\n<\/p><\/div>\n","protected":false},"excerpt":{"rendered":"<p>Puerta D \/ Garage D \/ Alta Calidad \/ Linea Central \/ Color GRIS \/  acabdo DELUXE \/ 14X9 pies \/ AISLADA \/ Estilo Americana.<\/p>\n","protected":false},"featured_media":22023,"comment_status":"open","ping_status":"closed","template":"","meta":[],"product_brand":[],"product_cat":[400],"product_tag":[401,234,402],"class_list":{"0":"post-22024","1":"product","2":"type-product","3":"status-publish","4":"has-post-thumbnail","6":"product_cat-puertas-de-garage","7":"product_tag-acceso-vehicular","8":"product_tag-accesspro","9":"product_tag-puertas-de-garage","11":"first","12":"outofstock","13":"sale","14":"shipping-taxable","15":"purchasable","16":"product-type-simple"},"_links":{"self":[{"href":"https:\/\/soydeaqui.ddns.net\/pachuca\/index.php\/wp-json\/wp\/v2\/product\/22024","targetHints":{"allow":["GET"]}}],"collection":[{"href":"https:\/\/soydeaqui.ddns.net\/pachuca\/index.php\/wp-json\/wp\/v2\/product"}],"about":[{"href":"https:\/\/soydeaqui.ddns.net\/pachuca\/index.php\/wp-json\/wp\/v2\/types\/product"}],"replies":[{"embeddable":true,"href":"https:\/\/soydeaqui.ddns.net\/pachuca\/index.php\/wp-json\/wp\/v2\/comments?post=22024"}],"wp:featuredmedia":[{"embeddable":true,"href":"https:\/\/soydeaqui.ddns.net\/pachuca\/index.php\/wp-json\/wp\/v2\/media\/22023"}],"wp:attachment":[{"href":"https:\/\/soydeaqui.ddns.net\/pachuca\/index.php\/wp-json\/wp\/v2\/media?parent=22024"}],"wp:term":[{"taxonomy":"product_brand","embeddable":true,"href":"https:\/\/soydeaqui.ddns.net\/pachuca\/index.php\/wp-json\/wp\/v2\/product_brand?post=22024"},{"taxonomy":"product_cat","embeddable":true,"href":"https:\/\/soydeaqui.ddns.net\/pachuca\/index.php\/wp-json\/wp\/v2\/product_cat?post=22024"},{"taxonomy":"product_tag","embeddable":true,"href":"https:\/\/soydeaqui.ddns.net\/pachuca\/index.php\/wp-json\/wp\/v2\/product_tag?post=22024"}],"curies":[{"name":"wp","href":"https:\/\/api.w.org\/{rel}","templated":true}]}}