{"id":22008,"date":"2026-03-18T10:49:18","date_gmt":"2026-03-18T10:49:18","guid":{"rendered":"https:\/\/soydeaqui.ddns.net\/pachuca\/index.php\/producto\/puerta-d-garage-d-alta-calidad-linea-central-color-gris-acabdo-deluxe-18x8-pies-aislada-estilo-americana\/"},"modified":"2026-03-18T10:49:20","modified_gmt":"2026-03-18T10:49:20","slug":"puerta-d-garage-d-alta-calidad-linea-central-color-gris-acabdo-deluxe-18x8-pies-aislada-estilo-americana","status":"publish","type":"product","link":"https:\/\/soydeaqui.ddns.net\/pachuca\/index.php\/producto\/puerta-d-garage-d-alta-calidad-linea-central-color-gris-acabdo-deluxe-18x8-pies-aislada-estilo-americana\/","title":{"rendered":"Puerta D \/ Garage D \/ Alta Calidad \/ Linea Central \/ Color GRIS \/  acabdo DELUXE \/ 18X8 pies \/ AISLADA \/ Estilo Americana."},"content":{"rendered":"<div style='width: 100%; max-width: 1200px; margin: 0 auto; font-family: sans-serif; line-height: 1.6; color: inherit; background-color: transparent;'>\n<div style='margin-bottom: 30px;'>\n<p style='margin: 0 0 10px; color: inherit; font-size: 14px;'>&#8216;Serie <strong style='color: #3598db;'>APDOORL<\/strong> Puertas de Garage con Estilo&comma; Seguridad y Tecnologia Avanzada&#8217;<\/p>\n<\/p><\/div>\n<div style='margin-bottom: 30px;'>\n<p style='margin: 0 0 10px; color: inherit; font-size: 14px;'>Las puertas de garage estilo americano combinan estilo y seguridad con un toque moderno. Su dise\u00f1o clasico nunca pasa de moda y su estructura resistente las hace perfectas para proteger su hogar con mucho estilo&comma; son una inversion que se nota desde el primer vistazo<\/p>\n<\/p><\/div>\n<div style='display: flex; flex-wrap: wrap; gap: 20px; margin-bottom: 30px;'>\n<div style='flex: 1 1 300px; min-width: 250px; border-left: 5px solid #0091ff; border-radius: 5px; padding: 5px; box-shadow: 2px 2px 10px rgba(216&comma;216&comma;216&comma;0.5);'> <strong style='margin-left: 10px;'>Caracter\u00edsticas principales:<\/strong> <\/p>\n<ul style='padding-left: 20px; font-size: 14px; color: inherit; list-style-type: disc;'>\n<li style='margin-bottom: 5px;'>Las puertas de garage estilo americano destacan por su dise\u00f1o elegante&comma; solidez estructural y excelente aislamiento t\u00e9rmico.<\/li>\n<li style='margin-bottom: 5px;'><strong>Equipadas con herrajes de alta calidad y rodamientos de precisi\u00f3n&comma; garantizan un funcionamiento suave&comma; silencioso y duradero.<\/strong><\/li>\n<li style='margin-bottom: 5px;'>Gracias a su n\u00facleo aislante&comma; son una excelente opci\u00f3n para mantener la temperatura interior y optimizar la eficiencia energ\u00e9tica del hogar.<\/li>\n<\/ul><\/div>\n<div style='flex: 1 1 300px; min-width: 250px; border-left: 5px solid #0091ff; border-radius: 5px; padding: 5px; box-shadow: 2px 2px 10px rgba(216&comma;216&comma;216&comma;0.5);'> <strong style='margin-left: 10px;'>Caracter\u00edsticas F\u00edsicas y El\u00e9ctricas:<\/strong> <\/p>\n<ul style='padding-left: 20px; font-size: 14px; color: inherit; list-style-type: disc;'>\n<li style='margin-bottom: 5px;'><span style='font-size: 16px;'>Las puertas <span style='color: #3598db;'><strong>AccessPro<\/strong><\/span> est\u00e1n dise\u00f1adas para ofrecer alto desempe\u00f1o&comma; seguridad y aislamiento.<\/span><\/li>\n<li style='margin-bottom: 5px;'><strong><span style='font-size: 16px;'>Paneles fabricados de lamina galvanizada calibre 26 y aislamiento de alta densidad de 42mm.<\/span><\/strong><\/li>\n<li style='margin-bottom: 5px;'><span style='font-size: 16px;'>Las puertas proporcionan una estructura robusta&comma; mayor rigidez y un excelente aislamiento t\u00e9rmico y ac\u00fastico.<\/span><\/li>\n<\/ul><\/div>\n<div style='flex: 1 1 300px; min-width: 250px; border-left: 5px solid #0091ff; border-radius: 5px; padding: 5px; box-shadow: 2px 2px 10px rgba(216&comma;216&comma;216&comma;0.5);'> <strong style='margin-left: 10px;'>Caracter\u00edsticas Destacadas:<\/strong> <\/p>\n<ul style='padding-left: 20px; font-size: 14px; color: inherit; list-style-type: disc;'>\n<li style='margin-bottom: 5px;'>Puerta residencial rellena 42mm de poliuretano inyectado con una densidad de <strong>42 kgs\/m\u00b3.<\/strong><\/li>\n<li style='margin-bottom: 5px;'><strong>Excelente aislamiento t\u00e9rmico y ac\u00fastico.<\/strong><\/li>\n<li style='margin-bottom: 5px;'>Mayor rigidez estructural.<\/li>\n<li style='margin-bottom: 5px;'>Eficiencia energ\u00e9tica.<\/li>\n<\/ul><\/div>\n<\/p><\/div>\n<hr style='border: 0; border-top: 1px solid rgba(150&comma;150&comma;150&comma;0.3); margin: 30px 0;'>\n<div style='margin-bottom: 30px;'> <img style='width: 100%; height: auto; border: 1px solid rgba(150&comma;150&comma;150&comma;0.3); border-radius: 8px;' src='http:\/\/ftp3.syscom.mx\/usuarios\/ftp\/2025\/10\/01\/570\/puertasgaragealtacalidadpt5.jpg_froala_68dd5d9021d3f' alt=''> <\/div>\n<div style='margin-bottom: 30px;'>\n<p style='margin: 0 0 10px; color: inherit; font-size: 14px;'>Las puertas de garage estilo americano se destacan por su combinaci\u00f3n de elegancia&comma; funcionalidad y durabilidad&comma; convirti\u00e9ndose en una elecci\u00f3n popular para hogares que buscan tanto est\u00e9tica como seguridad. T\u00edpicamente est\u00e1n dise\u00f1adas con un enfoque en el estilo cl\u00e1sico&comma; presentan l\u00edneas limpias y acabados de alta calidad que complementan una amplia variedad de arquitecturas residenciales.<\/p>\n<\/p><\/div>\n<div style='margin-bottom: 30px;'>\n<p style='margin: 0 0 10px; color: inherit; font-size: 14px;'>Evite que su garage enfrie su casa&comma; al colocar una puerta aislada mantendr\u00e1 a temperatura c\u00e1lida a los cuartos aleda\u00f1os&comma; esto le ayudar\u00e1 a ahorrar en el consumo de energ\u00eda.<\/p>\n<\/p><\/div>\n<hr style='border: 0; border-top: 1px solid rgba(150&comma;150&comma;150&comma;0.3); margin: 30px 0;'>\n<div style='margin-bottom: 30px; text-align: center;'>\n<h2 style='margin: 0 0 15px; font-size: 24px; font-weight: 500; color: inherit;'>Qu\u00e9 requiero cotizar para una instalaci\u00f3n?<\/h2>\n<ul style='padding-left: 20px; font-size: 14px; color: inherit; list-style-type: disc; text-align: left; max-width: 600px; margin: 0 auto;'>\n<li style='margin-bottom: 10px;'>1 x <a href='https:\/\/www.syscom.mx\/producto\/accesspro-apdoor-188l-244677.html' style='color: #3598db; text-decoration: none;'>APDOOR188L<\/a> (Puerta de Garage 18&#215;8)<\/li>\n<li style='margin-bottom: 10px;'>1 x <a href='https:\/\/www.syscom.mx\/producto\/fs1000m-accesspro-241289.html' style='color: #3598db; text-decoration: none;'>FS1000M<\/a> \/ <a href='https:\/\/www.syscom.mx\/producto\/accessforce-accesspro-176436.html' style='color: #3598db; text-decoration: none;'>ACCESSFORCE<\/a> (Motor puerta de garage)<\/li>\n<\/ul><\/div>\n<hr style='border: 0; border-top: 1px solid rgba(150&comma;150&comma;150&comma;0.3); margin: 30px 0;'>\n<div style='margin-bottom: 30px; text-align: center;'>\n<h2 style='margin: 0 0 15px; font-size: 24px; font-weight: 500; color: inherit;'>Qu\u00e9 accesorios puedo agregar a mi instalaci\u00f3n?<\/h2>\n<ul style='padding-left: 20px; font-size: 14px; color: inherit; list-style-type: disc; text-align: left; max-width: 600px; margin: 0 auto;'>\n<li style='margin-bottom: 10px;'>1 x Fotocelda (<a href='https:\/\/www.syscom.mx\/producto\/accesspc01-accesspro-176545.html' style='color: #3598db; text-decoration: none;'>ACCESSPC01<\/a>)<\/li>\n<li style='margin-bottom: 10px;'>1 x Dispositivo WIFI (<a href='https:\/\/www.syscom.mx\/producto\/accesswifi-accesspro-211041.html' style='color: #3598db; text-decoration: none;'>ACCESSWIFI<\/a>)<\/li>\n<li style='margin-bottom: 10px;'>1 x Receptor inal\u00e1mbrico (<a href='https:\/\/www.syscom.mx\/producto\/por400-accesspro-67300.html' style='color: #3598db; text-decoration: none;'>PROR400<\/a> \/ <a href='https:\/\/www.syscom.mx\/producto\/esim320ip-eldes-136647.html' style='color: #3598db; text-decoration: none;'>ESIM320IP<\/a>)<\/li>\n<li style='margin-bottom: 10px;'>1 x Frente de calle (<a href='https:\/\/www.syscom.mx\/producto\/ds-kv8113-wme1c-hikvision-210631.html' style='color: #3598db; text-decoration: none;'>DSKV8113WME1(C)<\/a> \/ <a href='https:\/\/www.syscom.mx\/producto\/ds-kv6113-wpe1c-hikvision-209203.html' style='color: #3598db; text-decoration: none;'>DSKV6113WPE1(C)<\/a>)<\/li>\n<li style='margin-bottom: 10px;'>1 x Botones inal\u00e1mbricos (<a href='https:\/\/www.syscom.mx\/producto\/accessvr01-accesspro-176538.html' style='color: #3598db; text-decoration: none;'>ACCESSVR01<\/a> \/ <a href='https:\/\/www.syscom.mx\/producto\/accessws01-accesspro-176540.html' style='color: #3598db; text-decoration: none;'>ACCESSWS01<\/a>)<\/li>\n<\/ul><\/div>\n<hr style='border: 0; border-top: 1px solid rgba(150&comma;150&comma;150&comma;0.3); margin: 30px 0;'>\n<div style='margin-bottom: 30px;'>\n<p style='margin: 0 0 10px; color: inherit; font-size: 24px; text-align: center;'>Como se cual medida de puerta es la que necesito? <a href='https:\/\/www.syscom.mx\/panel\/calculador_cochera' style='color: #e74c3c; text-decoration: none;'>click aqu\u00ed.<\/a><\/p>\n<\/p><\/div>\n<div style='margin-bottom: 30px;'>\n<p style='margin: 0 0 10px; color: inherit; font-size: 14pt; text-align: center;'>La puerta APDOOR188L se compone de 5 secciones (2 secciones de 21&#8242; y 3 secciones de 18&#8242;).<\/p>\n<\/p><\/div>\n<div style='margin-bottom: 30px;'>\n<div style='display: flex; flex-wrap: wrap; gap: 15px; justify-content: center;'> <img style='width: 100%; max-width: 300px; height: auto; border: 1px solid rgba(150&comma;150&comma;150&comma;0.3); border-radius: 8px;' src='http:\/\/ftp3.syscom.mx\/usuarios\/ftp\/2025\/10\/14\/570\/imagengpt41760460441627.png_froala_68ee958714aa2' alt=''> <img style='width: 100%; max-width: 357px; height: auto; border: 1px solid rgba(150&comma;150&comma;150&comma;0.3); border-radius: 8px;' src='http:\/\/ftp3.syscom.mx\/usuarios\/ftp\/2025\/10\/14\/570\/imagengpt41760462591486.png_froala_68ee9600dc199' alt=''> <\/div>\n<\/p><\/div>\n<div style='margin-bottom: 30px;'>\n<p style='margin: 0 0 10px; color: inherit; font-size: 24px; text-align: center;'>Ensamble de las bisagras con secciones tipo sandwich.<\/p>\n<\/p><\/div>\n<hr style='border: 0; border-top: 1px solid rgba(150&comma;150&comma;150&comma;0.3); margin: 30px 0;'>\n<div style='margin-bottom: 30px;'> <img style='width: 100%; max-width: 338px; height: auto; border: 1px solid rgba(150&comma;150&comma;150&comma;0.3); border-radius: 8px;' src='http:\/\/ftp3.syscom.mx\/usuarios\/ftp\/2025\/10\/21\/570\/Captura_de_pantalla_20251021_100921.jpg_froala_68f7b16c99cd7' alt=''> <img style='width: 100%; max-width: 563px; height: auto; border: 1px solid rgba(150&comma;150&comma;150&comma;0.3); border-radius: 8px; margin-top: 15px;' src='http:\/\/ftp3.syscom.mx\/usuarios\/ftp\/2025\/10\/21\/570\/imagengpt41759171685393.png_froala_68f7b1ae40d7a' alt=''> <\/div>\n<hr style='border: 0; border-top: 1px solid rgba(150&comma;150&comma;150&comma;0.3); margin: 30px 0;'>\n<div style='margin-bottom: 30px;'>\n<p style='margin: 0 0 10px; color: inherit; font-size: 24px; text-align: center;'>La puerta de garage incluye<\/p>\n<\/p><\/div>\n<div style='margin-bottom: 30px;'> <img style='width: 100%; max-width: 1048px; height: auto; border: 1px solid rgba(150&comma;150&comma;150&comma;0.3); border-radius: 8px;' src='http:\/\/ftp3.syscom.mx\/usuarios\/ftp\/2025\/06\/30\/570\/1751323527339.png_froala_68631388e35f3' alt=''> <\/div>\n<hr style='border: 0; border-top: 1px solid rgba(150&comma;150&comma;150&comma;0.3); margin: 30px 0;'>\n<div style='margin-bottom: 30px;'>\n<p style='margin: 0 0 10px; color: inherit; font-size: 24px; text-align: center;'>**El kit de puerta autom\u00e1tica no incluye el motor**<\/p>\n<\/p><\/div>\n<div style='margin-bottom: 30px;'> <img style='width: 100%; max-width: 1151px; height: auto; border: 1px solid rgba(150&comma;150&comma;150&comma;0.3); border-radius: 8px;' src='http:\/\/ftp3.syscom.mx\/usuarios\/ftp\/2025\/10\/21\/570\/imagengpt41759170161262.png_froala_68f7b1def12fe' alt=''> <\/div>\n<\/p><\/div>\n","protected":false},"excerpt":{"rendered":"<p>Puerta D \/ Garage D \/ Alta Calidad \/ Linea Central \/ Color GRIS \/  acabdo DELUXE \/ 18X8 pies \/ AISLADA \/ Estilo Americana.<\/p>\n","protected":false},"featured_media":22007,"comment_status":"open","ping_status":"closed","template":"","meta":[],"product_brand":[],"product_cat":[400],"product_tag":[401,234,402],"class_list":{"0":"post-22008","1":"product","2":"type-product","3":"status-publish","4":"has-post-thumbnail","6":"product_cat-puertas-de-garage","7":"product_tag-acceso-vehicular","8":"product_tag-accesspro","9":"product_tag-puertas-de-garage","11":"first","12":"outofstock","13":"sale","14":"shipping-taxable","15":"purchasable","16":"product-type-simple"},"_links":{"self":[{"href":"https:\/\/soydeaqui.ddns.net\/pachuca\/index.php\/wp-json\/wp\/v2\/product\/22008","targetHints":{"allow":["GET"]}}],"collection":[{"href":"https:\/\/soydeaqui.ddns.net\/pachuca\/index.php\/wp-json\/wp\/v2\/product"}],"about":[{"href":"https:\/\/soydeaqui.ddns.net\/pachuca\/index.php\/wp-json\/wp\/v2\/types\/product"}],"replies":[{"embeddable":true,"href":"https:\/\/soydeaqui.ddns.net\/pachuca\/index.php\/wp-json\/wp\/v2\/comments?post=22008"}],"wp:featuredmedia":[{"embeddable":true,"href":"https:\/\/soydeaqui.ddns.net\/pachuca\/index.php\/wp-json\/wp\/v2\/media\/22007"}],"wp:attachment":[{"href":"https:\/\/soydeaqui.ddns.net\/pachuca\/index.php\/wp-json\/wp\/v2\/media?parent=22008"}],"wp:term":[{"taxonomy":"product_brand","embeddable":true,"href":"https:\/\/soydeaqui.ddns.net\/pachuca\/index.php\/wp-json\/wp\/v2\/product_brand?post=22008"},{"taxonomy":"product_cat","embeddable":true,"href":"https:\/\/soydeaqui.ddns.net\/pachuca\/index.php\/wp-json\/wp\/v2\/product_cat?post=22008"},{"taxonomy":"product_tag","embeddable":true,"href":"https:\/\/soydeaqui.ddns.net\/pachuca\/index.php\/wp-json\/wp\/v2\/product_tag?post=22008"}],"curies":[{"name":"wp","href":"https:\/\/api.w.org\/{rel}","templated":true}]}}