{"id":21946,"date":"2026-03-18T10:48:00","date_gmt":"2026-03-18T10:48:00","guid":{"rendered":"https:\/\/soydeaqui.ddns.net\/pachuca\/index.php\/producto\/puerta-de-garage-de-alta-calidad-linea-central-imitacion-madera-oscura-14x8-pies-aislada-estilo-americana\/"},"modified":"2026-03-18T10:48:03","modified_gmt":"2026-03-18T10:48:03","slug":"puerta-de-garage-de-alta-calidad-linea-central-imitacion-madera-oscura-14x8-pies-aislada-estilo-americana","status":"publish","type":"product","link":"https:\/\/soydeaqui.ddns.net\/pachuca\/index.php\/producto\/puerta-de-garage-de-alta-calidad-linea-central-imitacion-madera-oscura-14x8-pies-aislada-estilo-americana\/","title":{"rendered":"Puerta de Garage de Alta Calidad \/ Linea Central \/ Imitacion madera \/ oscura \/ 14&#215;8 pies \/ AISLADA \/ Estilo Americana."},"content":{"rendered":"<div style='width: 100%; max-width: 1200px; margin: 0 auto; font-family: sans-serif; line-height: 1.6; color: inherit; background-color: transparent;'>\n<div style='display: flex; flex-wrap: wrap; gap: 30px; margin-bottom: 30px;'>\n<div style='flex: 1 1 300px; min-width: 280px;'>\n<h3 style='font-size: 22px; border-bottom: 2px solid currentColor; padding-bottom: 5px; margin-top: 0; color: inherit; opacity: 0.8;'>Serie APDOORB<\/h3>\n<p style='font-size: 15px; color: inherit; margin-top: 10px;'>Puertas de Garage con Estilo&comma; Seguridad y Tecnologia Avanzada<\/p>\n<\/p><\/div>\n<\/p><\/div>\n<div style='display: flex; flex-wrap: wrap; gap: 30px; margin-bottom: 30px;'>\n<div style='flex: 1 1 300px; min-width: 280px;'>\n<h3 style='font-size: 22px; border-bottom: 2px solid currentColor; padding-bottom: 5px; margin-top: 0; color: inherit; opacity: 0.8;'>Descripci\u00f3n General<\/h3>\n<p style='font-size: 15px; color: inherit; margin-top: 10px;'>Las puertas de garage estilo americano combinan estilo y seguridad con un toque moderno. Su dise\u00f1o clasico nunca pasa de moda y su estructura resistente las hace perfectas para proteger su hogar con mucho estilo&comma; son una inversion que se nota desde el primer vistazo<\/p>\n<\/p><\/div>\n<\/p><\/div>\n<div style='display: flex; flex-wrap: wrap; gap: 20px; margin-bottom: 30px;'>\n<div style='flex: 1 1 250px; border: 1px solid rgba(150&comma; 150&comma; 150&comma; 0.4); border-radius: 8px; overflow: hidden; display: flex; flex-direction: column;'>\n<div style='padding: 15px; border-bottom: 1px solid rgba(150&comma; 150&comma; 150&comma; 0.2); font-weight: bold; font-size: 18px; color: inherit;'>Caracter\u00edsticas principales<\/div>\n<div style='padding: 15px; color: inherit;'>\n<ul style='padding-left: 20px; margin: 0; font-size: 14px; list-style-type: disc;'>\n<li style='margin-bottom: 5px;'>Las puertas de garage estilo americano destacan por su dise\u00f1o elegante&comma; solidez estructural y excelente aislamiento t\u00e9rmico.<\/li>\n<li style='margin-bottom: 5px; font-weight: bold;'>Equipadas con herrajes de alta calidad y rodamientos de precisi\u00f3n&comma; garantizan un funcionamiento suave&comma; silencioso y duradero.<\/li>\n<li style='margin-bottom: 5px;'>Gracias a su n\u00facleo aislante&comma; son una excelente opci\u00f3n para mantener la temperatura interior y optimizar la eficiencia energ\u00e9tica del hogar.<\/li>\n<\/ul><\/div>\n<\/p><\/div>\n<div style='flex: 1 1 250px; border: 1px solid rgba(150&comma; 150&comma; 150&comma; 0.4); border-radius: 8px; overflow: hidden; display: flex; flex-direction: column;'>\n<div style='padding: 15px; border-bottom: 1px solid rgba(150&comma; 150&comma; 150&comma; 0.2); font-weight: bold; font-size: 18px; color: inherit;'>Caracter\u00edsticas F\u00edsicas y El\u00e9ctricas<\/div>\n<div style='padding: 15px; color: inherit;'>\n<ul style='padding-left: 20px; margin: 0; font-size: 14px; list-style-type: disc;'>\n<li style='margin-bottom: 5px; font-size: 16px;'>Las puertas AccessPro est\u00e1n dise\u00f1adas para ofrecer alto desempe\u00f1o&comma; seguridad y aislamiento.<\/li>\n<li style='margin-bottom: 5px; font-weight: bold; font-size: 16px;'>Paneles fabricados de l\u00e1mina galvanizada calibre 26 y aislamiento de alta densidad de 42mm.<\/li>\n<li style='margin-bottom: 5px; font-size: 16px;'>Las puertas proporcionan una estructura robusta&comma; mayor rigidez y un excelente aislamiento t\u00e9rmico y ac\u00fastico.<\/li>\n<\/ul><\/div>\n<\/p><\/div>\n<div style='flex: 1 1 250px; border: 1px solid rgba(150&comma; 150&comma; 150&comma; 0.4); border-radius: 8px; overflow: hidden; display: flex; flex-direction: column;'>\n<div style='padding: 15px; border-bottom: 1px solid rgba(150&comma; 150&comma; 150&comma; 0.2); font-weight: bold; font-size: 18px; color: inherit;'>Caracter\u00edsticas Destacadas<\/div>\n<div style='padding: 15px; color: inherit;'>\n<ul style='padding-left: 20px; margin: 0; font-size: 14px; list-style-type: disc;'>\n<li style='margin-bottom: 5px;'>Puerta residencial rellena 42mm de poliuretano inyectado con una densidad de <strong>42 kgs\/m\u00b3<\/strong>.<\/li>\n<li style='margin-bottom: 5px; font-weight: bold;'>Excelente aislamiento t\u00e9rmico y ac\u00fastico.<\/li>\n<li style='margin-bottom: 5px;'>Mayor rigidez estructural.<\/li>\n<li style='margin-bottom: 5px;'>Eficiencia energ\u00e9tica.<\/li>\n<\/ul><\/div>\n<\/p><\/div>\n<\/p><\/div>\n<div style='display: flex; flex-wrap: wrap; gap: 30px; margin-bottom: 30px;'>\n<div style='flex: 1 1 300px; min-width: 280px;'>\n<p style='font-size: 15px; color: inherit; margin-top: 10px;'>Las puertas de garage estilo americano se destacan por su combinaci\u00f3n de elegancia&comma; funcionalidad y durabilidad&comma; convirti\u00e9ndose en una elecci\u00f3n popular para hogares que buscan tanto est\u00e9tica como seguridad. T\u00edpicamente est\u00e1n dise\u00f1adas con un enfoque en el estilo cl\u00e1sico&comma; presentan l\u00edneas limpias y acabados de alta calidad que complementan una amplia variedad de arquitecturas residenciales.<\/p>\n<\/p><\/div>\n<\/p><\/div>\n<div style='display: flex; flex-wrap: wrap; gap: 30px; margin-bottom: 30px;'>\n<div style='flex: 1 1 300px; min-width: 280px;'>\n<p style='font-size: 15px; color: inherit; margin-top: 10px;'>Evite que su garage enfrie su casa&comma; al colocar una puerta aislada mantendr\u00e1 a temperatura c\u00e1lida a los cuartos aleda\u00f1os&comma; esto le ayudar\u00e1 ahorrar en el consumo de energ\u00eda.<\/p>\n<\/p><\/div>\n<\/p><\/div>\n<hr style='border: 0; border-top: 1px solid rgba(150&comma; 150&comma; 150&comma; 0.3); margin: 30px 0;'>\n<div style='display: flex; flex-wrap: wrap; gap: 30px; margin-bottom: 30px;'>\n<div style='flex: 1 1 300px; min-width: 280px;'>\n<h3 style='font-size: 22px; border-bottom: 2px solid currentColor; padding-bottom: 5px; margin-top: 0; color: inherit; opacity: 0.8;'>Qu\u00e9 requiero cotizar para una instalaci\u00f3n?<\/h3>\n<ul style='padding-left: 20px; margin-top: 15px; font-size: 14px; color: inherit; list-style-type: disc;'>\n<li style='margin-bottom: 5px; text-align: justify;'><a href='https:\/\/www.syscom.mx\/producto\/accesspro-apdoor-148-241854.html'>APDOOR148<\/a> (Puerta de Garage 14&#215;8)<\/li>\n<li style='margin-bottom: 5px; text-align: justify;'><a href='https:\/\/www.syscom.mx\/producto\/FS1000M-ACCESSPRO-241289.html'>FS1000M<\/a> \/ <a href='https:\/\/www.syscom.mx\/producto\/ACCESSFORCE-ACCESSPRO-176436.html'>ACCESSFORCE<\/a> (Motor puerta de garage)<\/li>\n<\/ul><\/div>\n<\/p><\/div>\n<div style='display: flex; flex-wrap: wrap; gap: 30px; margin-bottom: 30px;'>\n<div style='flex: 1 1 300px; min-width: 280px;'>\n<h3 style='font-size: 22px; border-bottom: 2px solid currentColor; padding-bottom: 5px; margin-top: 0; color: inherit; opacity: 0.8;'>Qu\u00e9 accesorios puedo agregar a mi instalaci\u00f3n?<\/h3>\n<ul style='padding-left: 20px; margin-top: 15px; font-size: 14px; color: inherit; list-style-type: disc;'>\n<li style='margin-bottom: 5px;'><a href='https:\/\/www.syscom.mx\/producto\/ACCESSPC01-ACCESSPRO-176545.html'>ACCESSPC01<\/a> (Fotocelda)<\/li>\n<li style='margin-bottom: 5px;'><a href='https:\/\/www.syscom.mx\/producto\/ACCESSWIFI-ACCESSPRO-211041.html'>ACCESSWIFI<\/a> (Dispositivo WIFI)<\/li>\n<li style='margin-bottom: 5px;'><a href='https:\/\/www.syscom.mx\/producto\/PROR400-ACCESSPRO-67300.html'>PROR400<\/a> \/ <a href='https:\/\/www.syscom.mx\/producto\/ESIM320IP-ELDES-136647.html'>ESIM320IP<\/a> (Receptor inal\u00e1mbrico)<\/li>\n<li style='margin-bottom: 5px;'><a href='https:\/\/www.syscom.mx\/producto\/DS-KV8113-WME1(C)-HIKVISION-210631.html'>DSKV8113WME1(C)<\/a> \/ <a href='https:\/\/www.syscom.mx\/producto\/DS-KV6113-WPE1(C)-HIKVISION-209203.html'>DSKV6113WPE1(C)<\/a> (Frente de calle)<\/li>\n<li style='margin-bottom: 5px;'><a href='https:\/\/www.syscom.mx\/producto\/ACCESSVR01-ACCESSPRO-176538.html'>ACCESSVR01<\/a> \/ <a href='https:\/\/www.syscom.mx\/producto\/ACCESSWS01-ACCESSPRO-176540.html'>ACCESSWS01<\/a> (Botones inal\u00e1mbricos)<\/li>\n<\/ul><\/div>\n<\/p><\/div>\n<hr style='border: 0; border-top: 1px solid rgba(150&comma; 150&comma; 150&comma; 0.3); margin: 30px 0;'>\n<div style='display: flex; flex-wrap: wrap; gap: 30px; margin-bottom: 30px;'>\n<div style='flex: 1 1 300px; min-width: 280px;'>\n<p style='font-size: 18px; color: inherit; margin-top: 10px; text-align: center;'>Como se cual medida de puerta es la que necesito? <a href='https:\/\/www.syscom.mx\/panel\/calculador_cochera' style='color: #e74c3c; text-decoration: none;'>click aqu\u00ed<\/a><\/p>\n<\/p><\/div>\n<\/p><\/div>\n<div style='display: flex; flex-wrap: wrap; gap: 30px; margin-bottom: 30px;'>\n<div style='flex: 1 1 300px; min-width: 280px;'>\n<p style='font-size: 14px; color: inherit; margin-top: 10px; text-align: center;'>La puerta APDOOR148B se compone de 5 secciones (2 secciones de 21&#8242; y 3 secciones de 18&#8242;).<\/p>\n<\/p><\/div>\n<\/p><\/div>\n<div style='display: flex; flex-wrap: wrap; gap: 30px; margin-bottom: 30px;'>\n<div style='flex: 1 1 100%;'> <img style='width: 100%; height: auto; border: 1px solid rgba(150&comma;150&comma;150&comma;0.3); border-radius: 8px;' src='http:\/\/ftp3.syscom.mx\/usuarios\/ftp\/2025\/09\/29\/570\/puertasgaragealtacalidadpt4.jpg_froala_68da9a5168b58' alt=''> <\/div>\n<\/p><\/div>\n<div style='display: flex; flex-wrap: wrap; gap: 30px; margin-bottom: 30px;'>\n<div style='flex: 1 1 100%; display: flex; flex-wrap: wrap; gap: 15px; justify-content: center;'> <img style='width: 300px; height: auto; border: 1px solid rgba(150&comma;150&comma;150&comma;0.3); border-radius: 8px;' src='http:\/\/ftp3.syscom.mx\/usuarios\/ftp\/2025\/10\/14\/570\/imagengpt41760460441627.png_froala_68ee958714aa2' alt=''> <img style='width: 357px; height: auto; border: 1px solid rgba(150&comma;150&comma;150&comma;0.3); border-radius: 8px;' src='http:\/\/ftp3.syscom.mx\/usuarios\/ftp\/2025\/10\/14\/570\/imagengpt41760462591486.png_froala_68ee9600dc199' alt=''> <\/div>\n<\/p><\/div>\n<div style='display: flex; flex-wrap: wrap; gap: 30px; margin-bottom: 30px;'>\n<div style='flex: 1 1 100%;'>\n<p style='font-size: 18px; color: inherit; margin-top: 10px; text-align: center;'>Ensamble de las bisagras con secciones tipo sandwich.<\/p>\n<\/p><\/div>\n<\/p><\/div>\n<div style='display: flex; flex-wrap: wrap; gap: 30px; margin-bottom: 30px;'>\n<div style='flex: 1 1 100%; display: flex; flex-wrap: wrap; gap: 15px; justify-content: center;'> <img style='width: 338px; height: auto; border: 1px solid rgba(150&comma;150&comma;150&comma;0.3); border-radius: 8px;' src='http:\/\/ftp3.syscom.mx\/usuarios\/ftp\/2025\/10\/21\/570\/Captura_de_pantalla_20251021_091933.jpg_froala_68f7a60f31cd7' alt=''> <img style='width: 563px; height: auto; border: 1px solid rgba(150&comma;150&comma;150&comma;0.3); border-radius: 8px;' src='http:\/\/ftp3.syscom.mx\/usuarios\/ftp\/2025\/10\/21\/570\/imagengpt41758747469338.png_froala_68f7a5e1b8b13' alt=''> <\/div>\n<\/p><\/div>\n<div style='display: flex; flex-wrap: wrap; gap: 30px; margin-bottom: 30px;'>\n<div style='flex: 1 1 100%;'> <img style='width: 100%; height: auto; border: 1px solid rgba(150&comma;150&comma;150&comma;0.3); border-radius: 8px;' src='http:\/\/ftp3.syscom.mx\/usuarios\/ftp\/2025\/06\/30\/570\/1751323527339.png_froala_68631388e35f3' alt=''> <\/div>\n<\/p><\/div>\n<div style='display: flex; flex-wrap: wrap; gap: 30px; margin-bottom: 30px;'>\n<div style='flex: 1 1 100%;'>\n<p style='font-size: 18px; color: inherit; margin-top: 10px; text-align: center;'>**El kit de puerta autom\u00e1tica no incluye el motor**<\/p>\n<\/p><\/div>\n<\/p><\/div>\n<div style='display: flex; flex-wrap: wrap; gap: 30px; margin-bottom: 30px;'>\n<div style='flex: 1 1 100%;'> <img style='width: 100%; height: auto; border: 1px solid rgba(150&comma;150&comma;150&comma;0.3); border-radius: 8px;' src='http:\/\/ftp3.syscom.mx\/usuarios\/ftp\/2025\/10\/21\/570\/imagengpt41758664860975.png_froala_68f7a639c675f' alt=''> <\/div>\n<\/p><\/div>\n<\/p><\/div>\n","protected":false},"excerpt":{"rendered":"<p>Puerta de Garage de Alta Calidad \/ Linea Central \/ Imitacion madera \/ oscura \/ 14&#215;8 pies \/ AISLADA \/ Estilo Americana.<\/p>\n","protected":false},"featured_media":21945,"comment_status":"open","ping_status":"closed","template":"","meta":[],"product_brand":[],"product_cat":[400],"product_tag":[401,234,402],"class_list":{"0":"post-21946","1":"product","2":"type-product","3":"status-publish","4":"has-post-thumbnail","6":"product_cat-puertas-de-garage","7":"product_tag-acceso-vehicular","8":"product_tag-accesspro","9":"product_tag-puertas-de-garage","11":"first","12":"outofstock","13":"sale","14":"shipping-taxable","15":"purchasable","16":"product-type-simple"},"_links":{"self":[{"href":"https:\/\/soydeaqui.ddns.net\/pachuca\/index.php\/wp-json\/wp\/v2\/product\/21946","targetHints":{"allow":["GET"]}}],"collection":[{"href":"https:\/\/soydeaqui.ddns.net\/pachuca\/index.php\/wp-json\/wp\/v2\/product"}],"about":[{"href":"https:\/\/soydeaqui.ddns.net\/pachuca\/index.php\/wp-json\/wp\/v2\/types\/product"}],"replies":[{"embeddable":true,"href":"https:\/\/soydeaqui.ddns.net\/pachuca\/index.php\/wp-json\/wp\/v2\/comments?post=21946"}],"wp:featuredmedia":[{"embeddable":true,"href":"https:\/\/soydeaqui.ddns.net\/pachuca\/index.php\/wp-json\/wp\/v2\/media\/21945"}],"wp:attachment":[{"href":"https:\/\/soydeaqui.ddns.net\/pachuca\/index.php\/wp-json\/wp\/v2\/media?parent=21946"}],"wp:term":[{"taxonomy":"product_brand","embeddable":true,"href":"https:\/\/soydeaqui.ddns.net\/pachuca\/index.php\/wp-json\/wp\/v2\/product_brand?post=21946"},{"taxonomy":"product_cat","embeddable":true,"href":"https:\/\/soydeaqui.ddns.net\/pachuca\/index.php\/wp-json\/wp\/v2\/product_cat?post=21946"},{"taxonomy":"product_tag","embeddable":true,"href":"https:\/\/soydeaqui.ddns.net\/pachuca\/index.php\/wp-json\/wp\/v2\/product_tag?post=21946"}],"curies":[{"name":"wp","href":"https:\/\/api.w.org\/{rel}","templated":true}]}}