{"id":21930,"date":"2026-03-18T10:47:41","date_gmt":"2026-03-18T10:47:41","guid":{"rendered":"https:\/\/soydeaqui.ddns.net\/pachuca\/index.php\/producto\/puerta-de-garage-de-alta-calidad-linea-central-imitacion-madera-oscura-18x9-pies-aislada-estilo-americana\/"},"modified":"2026-03-18T10:47:43","modified_gmt":"2026-03-18T10:47:43","slug":"puerta-de-garage-de-alta-calidad-linea-central-imitacion-madera-oscura-18x9-pies-aislada-estilo-americana","status":"publish","type":"product","link":"https:\/\/soydeaqui.ddns.net\/pachuca\/index.php\/producto\/puerta-de-garage-de-alta-calidad-linea-central-imitacion-madera-oscura-18x9-pies-aislada-estilo-americana\/","title":{"rendered":"Puerta de Garage de Alta Calidad \/ Linea Central \/ Imitacion madera \/ oscura \/ 18&#215;9 pies \/ AISLADA \/ Estilo Americana."},"content":{"rendered":"<div style='width: 100%; max-width: 1200px; margin: 0 auto; font-family: sans-serif; line-height: 1.6; color: inherit; background-color: transparent;'>\n<div style='text-align: center; margin-bottom: 30px;'>\n<h2 style='font-size: 24px; margin: 0; color: inherit;'>Puerta de Garage de Alta Calidad \/ Linea Central \/ Imitacion madera \/ oscura \/ 18&#215;9 pies \/ AISLADA \/ Estilo Americana<\/h2>\n<p style='margin: 8px 0; color: inherit; font-size: 15px;'>Marca: ACCESSPRO | Modelo: APDOOR189B<\/p>\n<\/p><\/div>\n<div style='display: flex; flex-direction: column; gap: 30px;'>\n<div style='border-left: 5px solid #0091ff; padding: 15px; background-color: rgba(53&comma; 152&comma; 219&comma; 0.05);'>\n<h3 style='font-size: 20px; margin: 0 0 15px; color: inherit;'>Caracter\u00edsticas principales<\/h3>\n<ul style='padding-left: 20px; font-size: 15px; color: inherit;'>\n<li style='margin-bottom: 8px;'>Las puertas de garage estilo americano destacan por su dise\u00f1o elegante&comma; solidez estructural y excelente aislamiento t\u00e9rmico<\/li>\n<li style='margin-bottom: 8px;'>Equipadas con herrajes de alta calidad y rodamientos de precisi\u00f3n&comma; garantizan un funcionamiento suave&comma; silencioso y duradero<\/li>\n<li style='margin-bottom: 8px;'>Gracias a su n\u00facleo aislante&comma; son una excelente opci\u00f3n para mantener la temperatura interior y optimizar la eficiencia energ\u00e9tica del hogar<\/li>\n<\/ul><\/div>\n<div style='border-left: 5px solid #0091ff; padding: 15px; background-color: rgba(53&comma; 152&comma; 219&comma; 0.05);'>\n<h3 style='font-size: 20px; margin: 0 0 15px; color: inherit;'>Caracter\u00edsticas F\u00edsicas y El\u00e9ctricas<\/h3>\n<ul style='padding-left: 20px; font-size: 15px; color: inherit;'>\n<li style='margin-bottom: 8px;'>Las puertas AccessPro est\u00e1n dise\u00f1adas para ofrecer alto desempe\u00f1o&comma; seguridad y aislamiento<\/li>\n<li style='margin-bottom: 8px;'>Paneles fabricados de l\u00e1mina galvanizada calibre 26 y aislamiento de alta densidad de 42mm<\/li>\n<li style='margin-bottom: 8px;'>Las puertas proporcionan una estructura robusta&comma; mayor rigidez y un excelente aislamiento t\u00e9rmico y ac\u00fastico<\/li>\n<\/ul><\/div>\n<div style='border-left: 5px solid #0091ff; padding: 15px; background-color: rgba(53&comma; 152&comma; 219&comma; 0.05);'>\n<h3 style='font-size: 20px; margin: 0 0 15px; color: inherit;'>Caracter\u00edsticas Destacadas<\/h3>\n<ul style='padding-left: 20px; font-size: 15px; color: inherit;'>\n<li style='margin-bottom: 8px;'>Puerta residencial rellena con 42mm de poliuretano inyectado con una densidad de 42 kgs\/m\u00b3<\/li>\n<li style='margin-bottom: 8px;'>Excelente aislamiento t\u00e9rmico y ac\u00fastico<\/li>\n<li style='margin-bottom: 8px;'>Mayor rigidez estructural<\/li>\n<li style='margin-bottom: 8px;'>Eficiencia energ\u00e9tica<\/li>\n<\/ul><\/div>\n<hr style='border: 0; border-top: 1px solid rgba(150&comma; 150&comma; 150&comma; 0.3); margin: 30px 0;'>\n<div style='text-align: center; margin: 30px 0;'> <img style='width: 100%; height: auto; border: 1px solid rgba(150&comma;150&comma;150&comma;0.3); border-radius: 8px;' src='http:\/\/ftp3.syscom.mx\/usuarios\/ftp\/2025\/09\/29\/570\/puertasgaragealtacalidadpt4.jpg_froala_68dab5e01dc4a' alt='Puerta de garage estilo americano'> <\/div>\n<div style='border: 1px solid rgba(150&comma;150&comma;150&comma;0.3); border-radius: 8px; padding: 20px; margin: 30px 0;'>\n<p style='margin: 0 0 15px; font-size: 15px; color: inherit;'>Las puertas de garage estilo americano combinan estilo y seguridad con un toque moderno. Su dise\u00f1o cl\u00e1sico nunca pasa de moda y su estructura resistente las hace perfectas para proteger su hogar con mucho estilo&comma; son una inversi\u00f3n que se nota desde el primer vistazo<\/p>\n<p style='margin: 15px 0; font-size: 15px; color: inherit;'>Las puertas de garage estilo americano se destacan por su combinaci\u00f3n de elegancia&comma; funcionalidad y durabilidad&comma; convirti\u00e9ndose en una elecci\u00f3n popular para hogares que buscan tanto est\u00e9tica como seguridad. T\u00edpicamente est\u00e1n dise\u00f1adas con un enfoque en el estilo cl\u00e1sico&comma; presentan l\u00edneas limpias y acabados de alta calidad que complementan una amplia variedad de arquitecturas residenciales.<\/p>\n<p style='margin: 15px 0; font-size: 15px; color: inherit;'>Evite que su garage enfrie su casa&comma; al colocar una puerta aislada mantendr\u00e1 a temperatura c\u00e1lida a los cuartos aleda\u00f1os&comma; esto le ayudar\u00e1 a ahorrar en el consumo de energ\u00eda.<\/p>\n<\/p><\/div>\n<hr style='border: 0; border-top: 1px solid rgba(150&comma; 150&comma; 150&comma; 0.3); margin: 30px 0;'>\n<div style='text-align: center; margin: 30px 0;'>\n<h2 style='font-size: 22px; margin: 0 0 20px; color: inherit;'>\u00bfQu\u00e9 requiero cotizar para una instalaci\u00f3n?<\/h2>\n<ul style='padding-left: 20px; font-size: 15px; color: inherit; text-align: left; max-width: 600px; margin: 0 auto;'>\n<li style='margin-bottom: 10px;'>1 x <a href='https:\/\/syscom.pro\/products\/244601' style='color: #3598db; text-decoration: none;'>APDOOR189B<\/a> (Puerta de Garage 18&#215;9)<\/li>\n<li style='margin-bottom: 10px;'>1 x <a href='https:\/\/www.syscom.mx\/producto\/FS1000M-ACCESSPRO-241289.html' style='color: #3598db; text-decoration: none;'>FS1000M<\/a> \/ <a href='https:\/\/www.syscom.mx\/producto\/ACCESSFORCE-ACCESSPRO-176436.html' style='color: #3598db; text-decoration: none;'>ACCESSFORCE<\/a> (Motor puerta de garage)<\/li>\n<li style='margin-bottom: 10px;'>1 x <a href='https:\/\/www.syscom.mx\/producto\/ACCESS-EXT-RAILC-ACCESSPRO-191670.html' style='color: #3598db; text-decoration: none;'>ACCESSEXTRAILC<\/a> \/ <a href='https:\/\/www.syscom.mx\/producto\/ACCESSRAILT3-ACCESSPRO-176550.html' style='color: #3598db; text-decoration: none;'>ACCESSEXTRAILT<\/a> (Extensi\u00f3n de riel dependiendo del motor a utilizar)<\/li>\n<\/ul><\/div>\n<hr style='border: 0; border-top: 1px solid rgba(150&comma; 150&comma; 150&comma; 0.3); margin: 30px 0;'>\n<div style='text-align: center; margin: 30px 0;'>\n<h2 style='font-size: 22px; margin: 0 0 20px; color: inherit;'>\u00bfQu\u00e9 accesorios puedo agregar a mi instalaci\u00f3n?<\/h2>\n<ul style='padding-left: 20px; font-size: 15px; color: inherit; text-align: left; max-width: 600px; margin: 0 auto;'>\n<li style='margin-bottom: 10px;'>1 x Fotocelda <a href='https:\/\/www.syscom.mx\/producto\/ACCESSPC01-ACCESSPRO-176545.html' style='color: #3598db; text-decoration: none;'>ACCESSPC01<\/a><\/li>\n<li style='margin-bottom: 10px;'>1 x Dispositivo WIFI <a href='https:\/\/www.syscom.mx\/producto\/ACCESSWIFI-ACCESSPRO-211041.html' style='color: #3598db; text-decoration: none;'>ACCESSWIFI<\/a><\/li>\n<li style='margin-bottom: 10px;'>1 x Receptor inal\u00e1mbrico <a href='https:\/\/www.syscom.mx\/producto\/PROR400-ACCESSPRO-67300.html' style='color: #3598db; text-decoration: none;'>PROR400<\/a> \/ <a href='https:\/\/www.syscom.mx\/producto\/ESIM320IP-ELDES-136647.html' style='color: #3598db; text-decoration: none;'>ESIM320IP<\/a><\/li>\n<li style='margin-bottom: 10px;'>1 x Frente de calle <a href='https:\/\/www.syscom.mx\/producto\/DS-KV8113-WME1(C)-HIKVISION-210631.html' style='color: #3598db; text-decoration: none;'>DSKV8113WME1(C)<\/a> \/ <a href='https:\/\/www.syscom.mx\/producto\/DS-KV6113-WPE1(C)-HIKVISION-209203.html' style='color: #3598db; text-decoration: none;'>DSKV6113WPE1(C)<\/a><\/li>\n<li style='margin-bottom: 10px;'>1 x Botones inal\u00e1mbricos <a href='https:\/\/www.syscom.mx\/producto\/ACCESSVR01-ACCESSPRO-176538.html' style='color: #3598db; text-decoration: none;'>ACCESSVR01<\/a> \/ <a href='https:\/\/www.syscom.mx\/producto\/ACCESSWS01-ACCESSPRO-176540.html' style='color: #3598db; text-decoration: none;'>ACCESSWS01<\/a><\/li>\n<\/ul><\/div>\n<hr style='border: 0; border-top: 1px solid rgba(150&comma; 150&comma; 150&comma; 0.3); margin: 30px 0;'>\n<div style='text-align: center; margin: 30px 0;'>\n<p style='font-size: 16px; margin: 0 0 15px; color: inherit;'>\u00bfC\u00f3mo s\u00e9 cual medida de puerta es la que necesito? <a href='https:\/\/www.syscom.mx\/panel\/calculador_cochera' style='color: #e74c3c; text-decoration: none;'>Click aqu\u00ed<\/a><\/p>\n<p style='font-size: 16px; margin: 0; color: inherit;'>La puerta APDOOR189B se compone de 6 secciones de 18&#8242;<\/p>\n<\/p><\/div>\n<div style='display: flex; flex-wrap: wrap; gap: 15px; justify-content: center; margin: 30px 0;'> <img style='width: 100%; max-width: 350px; height: auto; border: 1px solid rgba(150&comma;150&comma;150&comma;0.3); border-radius: 8px;' src='http:\/\/ftp3.syscom.mx\/usuarios\/ftp\/2025\/10\/14\/570\/imagengpt41760460441627.png_froala_68ee958714aa2' alt='Detalle de bisagras'> <img style='width: 100%; max-width: 350px; height: auto; border: 1px solid rgba(150&comma;150&comma;150&comma;0.3); border-radius: 8px;' src='http:\/\/ftp3.syscom.mx\/usuarios\/ftp\/2025\/10\/14\/570\/imagengpt41760462591486.png_froala_68ee9600dc199' alt='Detalle de secciones'> <\/div>\n<div style='text-align: center; margin: 30px 0;'>\n<p style='font-size: 16px; margin: 0 0 15px; color: inherit;'>Ensamble de las bisagras con secciones tipo sandwich<\/p>\n<p> <img style='width: 100%; max-width: 563px; height: auto; border: 1px solid rgba(150&comma;150&comma;150&comma;0.3); border-radius: 8px;' src='http:\/\/ftp3.syscom.mx\/usuarios\/ftp\/2025\/10\/21\/570\/Captura_de_pantalla_20251021_091933.jpg_froala_68f7a60f31cd7' alt='Detalle de bisagras y secciones'> <img style='width: 100%; max-width: 563px; height: auto; border: 1px solid rgba(150&comma;150&comma;150&comma;0.3); border-radius: 8px;' src='http:\/\/ftp3.syscom.mx\/usuarios\/ftp\/2025\/10\/21\/570\/imagengpt41758747469338.png_froala_68f7a5e1b8b13' alt='Detalle de puerta'> <\/div>\n<div style='text-align: center; margin: 30px 0;'> <img style='width: 100%; max-width: 600px; height: auto; border: 1px solid rgba(150&comma;150&comma;150&comma;0.3); border-radius: 8px;' src='http:\/\/ftp3.syscom.mx\/usuarios\/ftp\/2025\/06\/30\/570\/1751323527339.png_froala_68631388e35f3' alt='Diagrama de instalaci\u00f3n'> <\/div>\n<div style='text-align: center; margin: 30px 0;'>\n<p style='font-size: 16px; color: inherit;'>**El kit de puerta autom\u00e1tica no incluye el motor**<\/p>\n<p> <img style='width: 100%; max-width: 600px; height: auto; border: 1px solid rgba(150&comma;150&comma;150&comma;0.3); border-radius: 8px;' src='http:\/\/ftp3.syscom.mx\/usuarios\/ftp\/2025\/10\/21\/570\/imagengpt41758664860975.png_froala_68f7a639c675f' alt='Kit de puerta autom\u00e1tica'> <\/div>\n<\/p><\/div>\n<\/p><\/div>\n","protected":false},"excerpt":{"rendered":"<p>Puerta de Garage de Alta Calidad \/ Linea Central \/ Imitacion madera \/ oscura \/ 18&#215;9 pies \/ AISLADA \/ Estilo Americana.<\/p>\n","protected":false},"featured_media":21929,"comment_status":"open","ping_status":"closed","template":"","meta":[],"product_brand":[],"product_cat":[400],"product_tag":[401,234,402],"class_list":{"0":"post-21930","1":"product","2":"type-product","3":"status-publish","4":"has-post-thumbnail","6":"product_cat-puertas-de-garage","7":"product_tag-acceso-vehicular","8":"product_tag-accesspro","9":"product_tag-puertas-de-garage","11":"first","12":"outofstock","13":"sale","14":"shipping-taxable","15":"purchasable","16":"product-type-simple"},"_links":{"self":[{"href":"https:\/\/soydeaqui.ddns.net\/pachuca\/index.php\/wp-json\/wp\/v2\/product\/21930","targetHints":{"allow":["GET"]}}],"collection":[{"href":"https:\/\/soydeaqui.ddns.net\/pachuca\/index.php\/wp-json\/wp\/v2\/product"}],"about":[{"href":"https:\/\/soydeaqui.ddns.net\/pachuca\/index.php\/wp-json\/wp\/v2\/types\/product"}],"replies":[{"embeddable":true,"href":"https:\/\/soydeaqui.ddns.net\/pachuca\/index.php\/wp-json\/wp\/v2\/comments?post=21930"}],"wp:featuredmedia":[{"embeddable":true,"href":"https:\/\/soydeaqui.ddns.net\/pachuca\/index.php\/wp-json\/wp\/v2\/media\/21929"}],"wp:attachment":[{"href":"https:\/\/soydeaqui.ddns.net\/pachuca\/index.php\/wp-json\/wp\/v2\/media?parent=21930"}],"wp:term":[{"taxonomy":"product_brand","embeddable":true,"href":"https:\/\/soydeaqui.ddns.net\/pachuca\/index.php\/wp-json\/wp\/v2\/product_brand?post=21930"},{"taxonomy":"product_cat","embeddable":true,"href":"https:\/\/soydeaqui.ddns.net\/pachuca\/index.php\/wp-json\/wp\/v2\/product_cat?post=21930"},{"taxonomy":"product_tag","embeddable":true,"href":"https:\/\/soydeaqui.ddns.net\/pachuca\/index.php\/wp-json\/wp\/v2\/product_tag?post=21930"}],"curies":[{"name":"wp","href":"https:\/\/api.w.org\/{rel}","templated":true}]}}