{"id":21908,"date":"2026-03-18T10:47:16","date_gmt":"2026-03-18T10:47:16","guid":{"rendered":"https:\/\/soydeaqui.ddns.net\/pachuca\/index.php\/producto\/puerta-d-garage-d-alta-calidad-linea-central-color-gris-acabdo-deluxe-9x9-pies-aislada-estilo-americana\/"},"modified":"2026-03-18T10:47:18","modified_gmt":"2026-03-18T10:47:18","slug":"puerta-d-garage-d-alta-calidad-linea-central-color-gris-acabdo-deluxe-9x9-pies-aislada-estilo-americana","status":"publish","type":"product","link":"https:\/\/soydeaqui.ddns.net\/pachuca\/index.php\/producto\/puerta-d-garage-d-alta-calidad-linea-central-color-gris-acabdo-deluxe-9x9-pies-aislada-estilo-americana\/","title":{"rendered":"Puerta D \/ Garage D \/ Alta Calidad \/ Linea Central \/ Color GRIS \/  acabdo DELUXE \/ 9X9 pies \/ AISLADA \/ Estilo Americana."},"content":{"rendered":"<div style='width: 100%; max-width: 1200px; margin: 0 auto; font-family: sans-serif; line-height: 1.6; color: inherit; background-color: transparent;'>\n<div style='display: flex; flex-direction: column; gap: 20px;'>\n<div style='text-align: center;'>\n<h2 style='font-size: 24px; color: inherit; margin: 0; padding: 0;'>&#8216;Serie <span style='color: #3598db;'>APDOORL<\/span> Puertas de Garage con Estilo&comma; Seguridad y Tecnologia Avanzada&#8217;<\/h2>\n<\/p><\/div>\n<p style='font-size: 14px; color: inherit; margin: 0;'>Las puertas de garage estilo americano combinan estilo y seguridad con un toque moderno. Su dise\u00f1o clasico nunca pasa de moda y su estructura resistente las hace perfectas para proteger su hogar con mucho estilo&comma; son una inversion que se nota desde el primer vistazo<\/p>\n<div style='display: flex; flex-wrap: wrap; gap: 20px;'>\n<div style='flex: 1 1 300px; min-width: 250px; border-left: 5px solid #0091ff; border-radius: 8px; padding: 10px; box-shadow: 2px 2px 10px rgba(0&comma;0&comma;0&comma;0.05); background-color: rgba(0&comma; 145&comma; 255&comma; 0.05);'>\n<h3 style='font-size: 18px; color: inherit; margin: 0 0 10px 10px; padding-bottom: 5px; border-bottom: 1px solid rgba(150&comma;150&comma;150&comma;0.3);'>Caracter\u00edsticas principales:<\/h3>\n<ul style='padding-left: 25px; font-size: 14px; color: inherit; list-style-type: disc;'>\n<li style='margin: 5px 0;'>Las puertas de garage estilo americano destacan por su dise\u00f1o elegante&comma; solidez estructural y excelente aislamiento t\u00e9rmico.<\/li>\n<li style='margin: 5px 0;'>Equipadas con herrajes de alta calidad y rodamientos de precisi\u00f3n&comma; garantizan un funcionamiento suave&comma; silencioso y duradero.<\/li>\n<li style='margin: 5px 0;'>Gracias a su n\u00facleo aislante&comma; son una excelente opci\u00f3n para mantener la temperatura interior y optimizar la eficiencia energ\u00e9tica del hogar.<\/li>\n<\/ul><\/div>\n<div style='flex: 1 1 300px; min-width: 250px; border-left: 5px solid #0091ff; border-radius: 8px; padding: 10px; box-shadow: 2px 2px 10px rgba(0&comma;0&comma;0&comma;0.05); background-color: rgba(0&comma; 145&comma; 255&comma; 0.05);'>\n<h3 style='font-size: 18px; color: inherit; margin: 0 0 10px 10px; padding-bottom: 5px; border-bottom: 1px solid rgba(150&comma;150&comma;150&comma;0.3);'>Caracter\u00edsticas F\u00edsicas y El\u00e9ctricas:<\/h3>\n<ul style='padding-left: 25px; font-size: 14px; color: inherit; list-style-type: disc;'>\n<li style='margin: 5px 0;'>Las puertas <span style='color: #3598db; font-weight: bold;'>AccessPro<\/span> est\u00e1n dise\u00f1adas para ofrecer alto desempe\u00f1o&comma; seguridad y aislamiento.<\/li>\n<li style='margin: 5px 0;'>Paneles fabricados de lamina galvanizada calibre 26 y aislamiento de alta densidad de 42mm.<\/li>\n<li style='margin: 5px 0;'>Las puertas proporcionan una estructura robusta&comma; mayor rigidez y un excelente aislamiento t\u00e9rmico y ac\u00fastico.<\/li>\n<\/ul><\/div>\n<div style='flex: 1 1 300px; min-width: 250px; border-left: 5px solid #0091ff; border-radius: 8px; padding: 10px; box-shadow: 2px 2px 10px rgba(0&comma;0&comma;0&comma;0.05); background-color: rgba(0&comma; 145&comma; 255&comma; 0.05);'>\n<h3 style='font-size: 18px; color: inherit; margin: 0 0 10px 10px; padding-bottom: 5px; border-bottom: 1px solid rgba(150&comma;150&comma;150&comma;0.3);'>Caracter\u00edsticas Destacadas:<\/h3>\n<ul style='padding-left: 25px; font-size: 14px; color: inherit; list-style-type: disc;'>\n<li style='margin: 5px 0;'>Puerta residencial rellena 42mm de poliuretano inyectado con una densidad de 42 kgs\/m\u00b3.<\/li>\n<li style='margin: 5px 0; font-weight: bold;'>Excelente aislamiento t\u00e9rmico y ac\u00fastico.<\/li>\n<li style='margin: 5px 0;'>Mayor rigidez estructural.<\/li>\n<li style='margin: 5px 0;'>Eficiencia energ\u00e9tica.<\/li>\n<\/ul><\/div>\n<\/p><\/div>\n<p> <img style='width: 100%; height: auto; border: 1px solid rgba(150&comma;150&comma;150&comma;0.3); border-radius: 8px;' src='http:\/\/ftp3.syscom.mx\/usuarios\/ftp\/2025\/10\/01\/570\/puertasgaragealtacalidadpt5.jpg_froala_68dd4fe9a2145' alt=''> <\/p>\n<p style='font-size: 14px; color: inherit; margin: 0;'>Las puertas de garage estilo americano se destacan por su combinaci\u00f3n de elegancia&comma; funcionalidad y durabilidad&comma; convirti\u00e9ndose en una elecci\u00f3n popular para hogares que buscan tanto est\u00e9tica como seguridad. T\u00edpicamente est\u00e1n dise\u00f1adas con un enfoque en el estilo cl\u00e1sico&comma; presentan l\u00edneas limpias y acabados de alta calidad que complementan una amplia variedad de arquitecturas residenciales.<\/p>\n<p style='font-size: 14px; color: inherit; margin: 0;'>Evite que su garage enfrie su casa&comma; al colocar una puerta aislada mantendr\u00e1 a temperatura c\u00e1lida a los cuartos aleda\u00f1os&comma; esto le ayudar\u00e1 ahorrar en el consumo de energ\u00eda.<\/p>\n<p> <img style='width: 100%; height: auto; border: 1px solid rgba(150&comma;150&comma;150&comma;0.3); border-radius: 8px;' src='http:\/\/ftp3.syscom.mx\/usuarios\/ftp\/2025\/10\/21\/570\/imagengpt41759171685393.png_froala_68ee958714aa2' alt=''> <img style='width: 100%; height: auto; border: 1px solid rgba(150&comma;150&comma;150&comma;0.3); border-radius: 8px;' src='http:\/\/ftp3.syscom.mx\/usuarios\/ftp\/2025\/10\/21\/570\/imagengpt41759170161262.png_froala_68f7b1def12fe' alt=''> <img style='width: 100%; height: auto; border: 1px solid rgba(150&comma;150&comma;150&comma;0.3); border-radius: 8px;' src='http:\/\/ftp3.syscom.mx\/usuarios\/ftp\/2025\/06\/30\/570\/1751323527339.png_froala_68631388e35f3' alt=''> <\/p>\n<div style='border: 1px solid rgba(150&comma;150&comma;150&comma;0.3); border-radius: 8px; padding: 15px; margin: 20px 0;'>\n<h3 style='font-size: 20px; color: inherit; margin: 0 0 15px 0; text-align: center;'>\u00bfQu\u00e9 requiero cotizar para una instalaci\u00f3n?<\/h3>\n<ul style='padding-left: 25px; font-size: 14px; color: inherit; list-style-type: disc;'>\n<li style='margin: 5px 0;'>1 x <a href='https:\/\/syscom.pro\/products\/244647' style='color: #3598db; text-decoration: none;'>APDOOR99L<\/a> (Puerta de Garage 9&#215;9)<\/li>\n<li style='margin: 5px 0;'>1 x <a href='https:\/\/www.syscom.mx\/producto\/FS1000M-ACCESSPRO-241289.html' style='color: #3598db; text-decoration: none;'>FS1000M<\/a> \/ <a href='https:\/\/www.syscom.mx\/producto\/ACCESSFORCE-ACCESSPRO-176436.html' style='color: #3598db; text-decoration: none;'>ACCESSFORCE<\/a> (Motor puerta de garage)<\/li>\n<li style='margin: 5px 0;'>1 x <a href='https:\/\/www.syscom.mx\/producto\/ACCESS-EXT-RAILC-ACCESSPRO-191670.html' style='color: #3598db; text-decoration: none;'>ACCESSEXTRAILC<\/a> \/ <a href='https:\/\/www.syscom.mx\/producto\/ACCESSRAILT3-ACCESSPRO-176550.html' style='color: #3598db; text-decoration: none;'>ACCESSEXTRAILT<\/a> (Extensi\u00f3n de riel dependiendo del motor a utilizar)<\/li>\n<\/ul><\/div>\n<div style='border: 1px solid rgba(150&comma;150&comma;150&comma;0.3); border-radius: 8px; padding: 15px; margin: 20px 0;'>\n<h3 style='font-size: 20px; color: inherit; margin: 0 0 15px 0; text-align: center;'>\u00bfQu\u00e9 accesorios puedo agregar a mi instalaci\u00f3n?<\/h3>\n<ul style='padding-left: 25px; font-size: 14px; color: inherit; list-style-type: disc;'>\n<li style='margin: 5px 0;'>1 x Fotocelda <a href='https:\/\/www.syscom.mx\/producto\/ACCESSPC01-ACCESSPRO-176545.html' style='color: #3598db; text-decoration: none;'>ACCESSPC01<\/a><\/li>\n<li style='margin: 5px 0;'>1 x Dispositivo WIFI <a href='https:\/\/www.syscom.mx\/producto\/ACCESSWIFI-ACCESSPRO-211041.html' style='color: #3598db; text-decoration: none;'>ACCESSWIFI<\/a><\/li>\n<li style='margin: 5px 0;'>1 x Receptor inal\u00e1mbrico <a href='https:\/\/www.syscom.mx\/producto\/PROR400-ACCESSPRO-67300.html' style='color: #3598db; text-decoration: none;'>PROR400<\/a> \/ <a href='https:\/\/www.syscom.mx\/producto\/ESIM320IP-ELDES-136647.html' style='color: #3598db; text-decoration: none;'>ESIM320IP<\/a><\/li>\n<li style='margin: 5px 0;'>1 x Frente de calle <a href='https:\/\/www.syscom.mx\/producto\/DS-KV8113-WME1(C)-HIKVISION-210631.html' style='color: #3598db; text-decoration: none;'>DSKV8113WME1(C)<\/a> \/ <a href='https:\/\/www.syscom.mx\/producto\/DS-KV6113-WPE1(C)-HIKVISION-209203.html' style='color: #3598db; text-decoration: none;'>DSKV6113WPE1(C)<\/a><\/li>\n<li style='margin: 5px 0;'>1 x Botones inal\u00e1mbricos <a href='https:\/\/www.syscom.mx\/producto\/ACCESSVR01-ACCESSPRO-176538.html' style='color: #3598db; text-decoration: none;'>ACCESSVR01<\/a> \/ <a href='https:\/\/www.syscom.mx\/producto\/ACCESSWS01-ACCESSPRO-176540.html' style='color: #3598db; text-decoration: none;'>ACCESSWS01<\/a><\/li>\n<\/ul><\/div>\n<div style='text-align: center; margin: 30px 0;'>\n<p style='font-size: 16px; color: inherit; margin: 0;'>Como se cual medida de puerta es la que necesito? <a href='https:\/\/www.syscom.mx\/panel\/calculador_cochera' style='color: #e74c3c; text-decoration: none;'>Clic aqu\u00ed<\/a><\/p>\n<p style='font-size: 14px; color: inherit; margin: 10px 0 0;'>La puerta APDOOR99L se compone de 6 secciones de 18&#8242;<\/p>\n<\/p><\/div>\n<div style='text-align: center; margin: 30px 0; padding: 15px; background-color: rgba(231&comma; 75&comma; 60&comma; 0.1); border-left: 5px solid #e74c3c; color: inherit;'>\n<p style='font-size: 16px; margin: 0; font-weight: bold;'>**El kit de puerta autom\u00e1tica no incluye el motor**<\/p>\n<\/p><\/div>\n<\/p><\/div>\n<\/p><\/div>\n","protected":false},"excerpt":{"rendered":"<p>Puerta D \/ Garage D \/ Alta Calidad \/ Linea Central \/ Color GRIS \/  acabdo DELUXE \/ 9X9 pies \/ AISLADA \/ Estilo Americana.<\/p>\n","protected":false},"featured_media":21907,"comment_status":"open","ping_status":"closed","template":"","meta":[],"product_brand":[],"product_cat":[400],"product_tag":[401,234,402],"class_list":{"0":"post-21908","1":"product","2":"type-product","3":"status-publish","4":"has-post-thumbnail","6":"product_cat-puertas-de-garage","7":"product_tag-acceso-vehicular","8":"product_tag-accesspro","9":"product_tag-puertas-de-garage","11":"first","12":"outofstock","13":"sale","14":"shipping-taxable","15":"purchasable","16":"product-type-simple"},"_links":{"self":[{"href":"https:\/\/soydeaqui.ddns.net\/pachuca\/index.php\/wp-json\/wp\/v2\/product\/21908","targetHints":{"allow":["GET"]}}],"collection":[{"href":"https:\/\/soydeaqui.ddns.net\/pachuca\/index.php\/wp-json\/wp\/v2\/product"}],"about":[{"href":"https:\/\/soydeaqui.ddns.net\/pachuca\/index.php\/wp-json\/wp\/v2\/types\/product"}],"replies":[{"embeddable":true,"href":"https:\/\/soydeaqui.ddns.net\/pachuca\/index.php\/wp-json\/wp\/v2\/comments?post=21908"}],"wp:featuredmedia":[{"embeddable":true,"href":"https:\/\/soydeaqui.ddns.net\/pachuca\/index.php\/wp-json\/wp\/v2\/media\/21907"}],"wp:attachment":[{"href":"https:\/\/soydeaqui.ddns.net\/pachuca\/index.php\/wp-json\/wp\/v2\/media?parent=21908"}],"wp:term":[{"taxonomy":"product_brand","embeddable":true,"href":"https:\/\/soydeaqui.ddns.net\/pachuca\/index.php\/wp-json\/wp\/v2\/product_brand?post=21908"},{"taxonomy":"product_cat","embeddable":true,"href":"https:\/\/soydeaqui.ddns.net\/pachuca\/index.php\/wp-json\/wp\/v2\/product_cat?post=21908"},{"taxonomy":"product_tag","embeddable":true,"href":"https:\/\/soydeaqui.ddns.net\/pachuca\/index.php\/wp-json\/wp\/v2\/product_tag?post=21908"}],"curies":[{"name":"wp","href":"https:\/\/api.w.org\/{rel}","templated":true}]}}