{"id":21881,"date":"2026-03-18T10:46:47","date_gmt":"2026-03-18T10:46:47","guid":{"rendered":"https:\/\/soydeaqui.ddns.net\/pachuca\/index.php\/producto\/sistema-de-inspeccion-por-rayos-x-para-equipaje-de-mano-con-tunel-de-50-x-30-cms-escaneo-mejorado-y-deteccion-de-explosivos-puesta-en-marcha-y-capacitacion-incluida\/"},"modified":"2026-03-18T10:46:47","modified_gmt":"2026-03-18T10:46:47","slug":"sistema-de-inspeccion-por-rayos-x-para-equipaje-de-mano-con-tunel-de-50-x-30-cms-escaneo-mejorado-y-deteccion-de-explosivos-puesta-en-marcha-y-capacitacion-incluida","status":"publish","type":"product","link":"https:\/\/soydeaqui.ddns.net\/pachuca\/index.php\/producto\/sistema-de-inspeccion-por-rayos-x-para-equipaje-de-mano-con-tunel-de-50-x-30-cms-escaneo-mejorado-y-deteccion-de-explosivos-puesta-en-marcha-y-capacitacion-incluida\/","title":{"rendered":"Sistema de inspecci\u00f3n por Rayos X para equipaje de mano con t\u00fanel de 50 x 30 cms. Escaneo mejorado y detecci\u00f3n de explosivos. Puesta en marcha y capacitaci\u00f3n incluida"},"content":{"rendered":"<div style='width: 100%; max-width: 1200px; margin: 0 auto; font-family: sans-serif; line-height: 1.6; color: inherit; background-color: transparent;'>\n<div style='width: 100%;'> <img style='width: 100%; height: auto; border: 1px solid rgba(150&comma;150&comma;150&comma;0.3); border-radius: 8px;' src='http:\/\/ftp3.syscom.mx\/usuarios\/ivan.reyes\/AccessPRO\/bannerarco.jpg' alt=''> <\/div>\n<div style='display: flex; flex-wrap: wrap; gap: 30px; margin-top: 30px; margin-bottom: 30px;'>\n<div style='flex: 1 1 300px; min-width: 280px;'>\n<div style='border-left: 5px solid #0d528a; padding: 5px; border-radius: 8px; box-shadow: 2px 2px 10px rgba(216&comma; 216&comma; 216&comma; 0.4);'>\n<h3 style='font-size: 18px; margin-top: 0; margin-bottom: 15px; color: inherit; opacity: 0.85;'>Caracter\u00edsticas principales:<\/h3>\n<ul style='padding-left: 20px; font-size: 15px; color: inherit; list-style-type: disc;'>\n<li style='margin-bottom: 8px;'>Incluye monitor de 21.5&#8242; LCD<\/li>\n<li style='margin-bottom: 8px;'>Monitoreo de im\u00e1genes: color&comma; b\/n&comma; negativo&comma; alta\/baja penetraci\u00f3n<\/li>\n<li style='margin-bottom: 8px;'>separaci\u00f3n de materiales org\u00e1nicos \/ inorg\u00e1nicos.<\/li>\n<li style='margin-bottom: 8px;'>Zoom de la imagen gradual o directo hasta 32X.<\/li>\n<li style='margin-bottom: 8px;'>Memoria de im\u00e1genes: hasta 100&comma;000<\/li>\n<li style='margin-bottom: 8px;'>Alarma de materiales org\u00e1nicos&comma; alarma de no penetraci\u00f3n&comma; detecci\u00f3n de explosivos&comma; etc.<\/li>\n<\/ul><\/div>\n<\/p><\/div>\n<div style='flex: 1 1 300px; min-width: 280px;'>\n<div style='border-left: 5px solid #0d528a; padding: 5px; border-radius: 8px; box-shadow: 2px 2px 10px rgba(216&comma; 216&comma; 216&comma; 0.4);'>\n<h3 style='font-size: 18px; margin-top: 0; margin-bottom: 15px; color: inherit; opacity: 0.85;'>Caracter\u00edsticas F\u00edsicas y El\u00e9ctricas:<\/h3>\n<ul style='padding-left: 20px; font-size: 15px; color: inherit; list-style-type: disc;'>\n<li style='margin-bottom: 8px;'>Temperatura de operaci\u00f3n -20 \u00b0C to 60 \u00b0C<\/li>\n<li style='margin-bottom: 8px;'>Humedad: 0 % to 95 % no condensada.<\/li>\n<li style='margin-bottom: 8px;'>Alimentaci\u00f3n: 110 Vca 60Hz<\/li>\n<li style='margin-bottom: 8px;'>Consumo: 0.6 KW<\/li>\n<li style='margin-bottom: 8px;'>Velocidad de la banda: 0.22 m\/s.<\/li>\n<li style='margin-bottom: 8px;'>Dimensiones del t\u00fanel: 50 x 30 cm.<\/li>\n<li style='margin-bottom: 8px;'>Capacidad de carga: 100 kg.<\/li>\n<\/ul><\/div>\n<\/p><\/div>\n<div style='flex: 1 1 300px; min-width: 280px;'>\n<div style='border-left: 5px solid #0d528a; padding: 5px; border-radius: 8px; box-shadow: 2px 2px 10px rgba(216&comma; 216&comma; 216&comma; 0.4);'>\n<h3 style='font-size: 18px; margin-top: 0; margin-bottom: 15px; color: inherit; opacity: 0.85;'>Caracter\u00edsticas Destacadas:<\/h3>\n<ul style='padding-left: 20px; font-size: 15px; color: inherit; list-style-type: disc;'>\n<li style='margin-bottom: 8px;'>Rayo de seguridad: el rayo se transmite bajo control autom\u00e1tico&comma; evitando el error<\/li>\n<li style='margin-bottom: 8px;'>Control de apagado de una tecla: simplemente precione un bot\u00f3n para apagar la m\u00e1quina; es seguro&comma; f\u00e1cil y conveniente<\/li>\n<li style='margin-bottom: 8px;'>Ojo de \u00e1guila: capaz de observar r\u00e1pidamente el \u00e1rea de aumento<\/li>\n<li style='margin-bottom: 8px;'>Funci\u00f3n de autodiagn\u00f3stico: env\u00ede un mensaje autom\u00e1ticamente si no funciona correctamente para un mantenimiento r\u00e1pido<\/li>\n<\/ul><\/div>\n<\/p><\/div>\n<\/p><\/div>\n<div style='position: relative; padding-bottom: 56.25%; height: 0; overflow: hidden; margin-bottom: 30px;'>   <\/div>\n<div style='border-left: 5px solid #0d528a; padding: 5px; border-radius: 8px; box-shadow: 2px 2px 10px rgba(216&comma; 216&comma; 216&comma; 0.4); margin-bottom: 30px;'>\n<h3 style='font-size: 20px; margin-top: 0; margin-bottom: 15px; color: inherit; opacity: 0.85;'>Notas<\/h3>\n<ul style='padding-left: 20px; font-size: 15px; color: inherit; list-style-type: disc; margin-bottom: 15px;'>\n<li style='margin-bottom: 8px;'>LA ENTREGA DE ESTOS EQUIPOS SE HACE A PIE DE CALLE&comma; REQUIERE MONTACARGAS EN SITIO PARA LA DESCARGA Y MANIOBRAS DEL EQUIPO EL CUAL CORRE POR CUENTA DEL CLIENTE<\/li>\n<\/ul>\n<ul style='padding-left: 20px; font-size: 15px; color: inherit; list-style-type: disc; margin-bottom: 15px;'>\n<li style='font-weight: bold; margin-bottom: 8px;'>Para la puesta en marcha y capacitaci\u00f3n p\u00f3ngase de acuerdo con el PM por lo menos 15 d\u00edas h\u00e1biles antes de la entrega del equipo.<\/li>\n<\/ul>\n<ul style='padding-left: 20px; font-size: 15px; color: inherit; list-style-type: disc;'>\n<li style='margin-bottom: 8px;'>*Contacte con su Ejecutivo de Cuenta \u00f3 Ingenier\u00eda en Acceso&comma; le haremos llegar las propuestas los antes posible y los precios m\u00e1s bajos en transporte.<\/li>\n<\/ul><\/div>\n<\/p><\/div>\n","protected":false},"excerpt":{"rendered":"<p>Sistema de inspecci\u00f3n por Rayos X para equipaje de mano con t\u00fanel de 50 x 30 cms. Escaneo mejorado y detecci\u00f3n de explosivos. Puesta en marcha y capacitaci\u00f3n incluida<\/p>\n","protected":false},"featured_media":21880,"comment_status":"open","ping_status":"closed","template":"","meta":[],"product_brand":[],"product_cat":[853],"product_tag":[234,854,855],"class_list":{"0":"post-21881","1":"product","2":"type-product","3":"status-publish","4":"has-post-thumbnail","6":"product_cat-sistemas-de-inspeccion-por-rayos-x","7":"product_tag-accesspro","8":"product_tag-inspeccion-por-rayos-x-y-explosivos","9":"product_tag-sistemas-de-inspeccion-por-rayos-x","11":"first","12":"instock","13":"sale","14":"shipping-taxable","15":"purchasable","16":"product-type-simple"},"_links":{"self":[{"href":"https:\/\/soydeaqui.ddns.net\/pachuca\/index.php\/wp-json\/wp\/v2\/product\/21881","targetHints":{"allow":["GET"]}}],"collection":[{"href":"https:\/\/soydeaqui.ddns.net\/pachuca\/index.php\/wp-json\/wp\/v2\/product"}],"about":[{"href":"https:\/\/soydeaqui.ddns.net\/pachuca\/index.php\/wp-json\/wp\/v2\/types\/product"}],"replies":[{"embeddable":true,"href":"https:\/\/soydeaqui.ddns.net\/pachuca\/index.php\/wp-json\/wp\/v2\/comments?post=21881"}],"wp:featuredmedia":[{"embeddable":true,"href":"https:\/\/soydeaqui.ddns.net\/pachuca\/index.php\/wp-json\/wp\/v2\/media\/21880"}],"wp:attachment":[{"href":"https:\/\/soydeaqui.ddns.net\/pachuca\/index.php\/wp-json\/wp\/v2\/media?parent=21881"}],"wp:term":[{"taxonomy":"product_brand","embeddable":true,"href":"https:\/\/soydeaqui.ddns.net\/pachuca\/index.php\/wp-json\/wp\/v2\/product_brand?post=21881"},{"taxonomy":"product_cat","embeddable":true,"href":"https:\/\/soydeaqui.ddns.net\/pachuca\/index.php\/wp-json\/wp\/v2\/product_cat?post=21881"},{"taxonomy":"product_tag","embeddable":true,"href":"https:\/\/soydeaqui.ddns.net\/pachuca\/index.php\/wp-json\/wp\/v2\/product_tag?post=21881"}],"curies":[{"name":"wp","href":"https:\/\/api.w.org\/{rel}","templated":true}]}}