{"id":21875,"date":"2026-03-18T10:46:41","date_gmt":"2026-03-18T10:46:41","guid":{"rendered":"https:\/\/soydeaqui.ddns.net\/pachuca\/index.php\/producto\/barrera-vehicular-derecha-incluye-brazo-telescopico-de-hasta-4-5-metros-tiempo-de-apertura-3-segundos-sentido-configurable-2\/"},"modified":"2026-03-18T10:46:45","modified_gmt":"2026-03-18T10:46:45","slug":"barrera-vehicular-derecha-incluye-brazo-telescopico-de-hasta-4-5-metros-tiempo-de-apertura-3-segundos-sentido-configurable-2","status":"publish","type":"product","link":"https:\/\/soydeaqui.ddns.net\/pachuca\/index.php\/producto\/barrera-vehicular-derecha-incluye-brazo-telescopico-de-hasta-4-5-metros-tiempo-de-apertura-3-segundos-sentido-configurable-2\/","title":{"rendered":"Barrera Vehicular Derecha \/ Incluye brazo telesc\u00f3pico de hasta 4.5 metros \/ Tiempo de Apertura 3 segundos \/ Sentido Configurable"},"content":{"rendered":"<div style='width: 100%; max-width: 1200px; margin: 0 auto; font-family: sans-serif; line-height: 1.6; color: inherit; background-color: transparent;'>\n<div style='display: flex; flex-wrap: wrap; gap: 30px; margin-bottom: 30px;'>\n<div style='flex: 1 1 300px; min-width: 280px;'>\n<h3 style='font-size: 22px; border-bottom: 2px solid currentColor; padding-bottom: 5px; margin-top: 0; color: inherit; opacity: 0.8;'>Caracter\u00edsticas principales<\/h3>\n<ul style='padding-left: 20px; font-size: 15px; color: inherit;'>\n<li style='margin-bottom: 5px;'>Longitud m\u00e1xima del brazo 4.5 metros (Incluido)<\/li>\n<li style='margin-bottom: 5px;'>Color del gabinete: Negro con gris<\/li>\n<li style='margin-bottom: 5px;'>Velocidad de apertura 3 segundos<\/li>\n<\/ul><\/div>\n<div style='flex: 1 1 300px; min-width: 280px;'>\n<h3 style='font-size: 22px; border-bottom: 2px solid currentColor; padding-bottom: 5px; margin-top: 0; color: inherit; opacity: 0.8;'>Caracter\u00edsticas F\u00edsicas y El\u00e9ctricas<\/h3>\n<ul style='padding-left: 20px; font-size: 15px; color: inherit;'>\n<li style='margin-bottom: 5px;'>Consumo de 120W<\/li>\n<li style='margin-bottom: 5px;'>Consumo en reposo 2W<\/li>\n<li style='margin-bottom: 5px;'>Uso Semi-Intensivo<\/li>\n<li style='margin-bottom: 5px;'>Voltaje de operaci\u00f3n 110V<\/li>\n<\/ul><\/div>\n<div style='flex: 1 1 300px; min-width: 280px;'>\n<h3 style='font-size: 22px; border-bottom: 2px solid currentColor; padding-bottom: 5px; margin-top: 0; color: inherit; opacity: 0.8;'>Caracter\u00edsticas adicionales<\/h3>\n<ul style='padding-left: 20px; font-size: 15px; color: inherit;'>\n<li style='margin-bottom: 5px;'>Temperatura de operaci\u00f3n -25 a 75\u00b0C.<\/li>\n<li style='margin-bottom: 5px;'>Humedad relativa de <90%.<\/li>\n<li style='margin-bottom: 5px;'>Incluye 2 controles remotos<\/li>\n<\/ul><\/div>\n<\/p><\/div>\n<hr style='border: 0; border-top: 1px solid rgba(150&comma; 150&comma; 150&comma; 0.3); margin: 30px 0;'>\n<div style='display: flex; flex-wrap: wrap; gap: 30px; margin-bottom: 30px;'>\n<div style='flex: 1 1 400px; min-width: 300px;'>\n<h2 style='font-size: 18px; margin-top: 0; color: inherit;'>Barrera vehicular izquierda color negro con gris&comma; compatible con brazo de hasta 4.5 metros<\/h2>\n<h3 style='font-size: 18px; margin-top: 0; color: inherit; opacity: 0.8;'>Caracter\u00edsticas adicionales:<\/h3>\n<ul style='padding-left: 20px; font-size: 15px; color: inherit;'>\n<li style='margin-bottom: 5px;'>contra defectos de fabricaci\u00f3n<\/li>\n<li style='margin-bottom: 5px;'>Limites de apertura y cierre ya programados<\/li>\n<li style='margin-bottom: 5px;'>No cuenta con cierre automatico por tiempo (solo con sensor de masa o radar)<\/li>\n<li style='margin-bottom: 5px;'>Soporta brazo telescopico de hasta 4.5 metros.<\/li>\n<li style='margin-bottom: 5px;'>Cuenta con taquetes expansivos para fijacion<\/li>\n<li style='margin-bottom: 5px;'>No soporta brazo iluminado<\/li>\n<li style='margin-bottom: 5px;'>No soporta conexion de semaforo<\/li>\n<li style='margin-bottom: 5px;'><strong>Operaci\u00f3n de hasta 150 ciclos por hora<\/strong><\/li>\n<\/ul>\n<p style='font-size: 15px; color: inherit;'>Las barreras CMP300 de ZKteco incluyen un mecanismo equipado con un encoder que permite un movimiento m\u00e1s suave y con exactitud a la hora de hacer las aperturas y cierres.<\/p>\n<\/p><\/div>\n<\/p><\/div>\n<hr style='border: 0; border-top: 1px solid rgba(150&comma; 150&comma; 150&comma; 0.3); margin: 30px 0;'>\n<div style='text-align: center; margin: 30px 0;'>\n<h2 style='font-size: 20px; margin: 0 0 15px; color: inherit;'>\u00bfQu\u00e9 accesorios necesito agregar para una instalaci\u00f3n?<\/h2>\n<hr style='border: 0; border-top: 1px solid rgba(150&comma; 150&comma; 150&comma; 0.3); margin: 15px 0;'>\n<h2 style='font-size: 20px; margin: 0 0 15px; color: inherit;'>Accesorios adicionales no incluidos<\/h2>\n<\/p><\/div>\n<div style='display: flex; flex-wrap: wrap; gap: 20px; margin-bottom: 30px; justify-content: center;'>\n<div style='flex: 1 1 300px; border: 1px solid rgba(150&comma; 150&comma; 150&comma; 0.4); border-radius: 8px; overflow: hidden; display: flex; flex-direction: column; min-width: 250px;'>\n<div style='padding: 15px; border-bottom: 1px solid rgba(150&comma; 150&comma; 150&comma; 0.2); font-weight: bold; font-size: 18px; color: inherit;'>XBS-SW-01<\/div>\n<div style='padding: 15px; color: inherit; font-size: 14px;'> Botonera triple de uso rudo para barreras y motores. <\/div>\n<\/p><\/div>\n<div style='flex: 1 1 300px; border: 1px solid rgba(150&comma; 150&comma; 150&comma; 0.4); border-radius: 8px; overflow: hidden; display: flex; flex-direction: column; min-width: 250px;'>\n<div style='padding: 15px; border-bottom: 1px solid rgba(150&comma; 150&comma; 150&comma; 0.2); font-weight: bold; font-size: 18px; color: inherit;'>XBS-IR33<\/div>\n<div style='padding: 15px; color: inherit; font-size: 14px;'> Fotocelda infrarroja de seguridad con alcance de hasta 10 metros <\/div>\n<\/p><\/div>\n<div style='flex: 1 1 300px; border: 1px solid rgba(150&comma; 150&comma; 150&comma; 0.4); border-radius: 8px; overflow: hidden; display: flex; flex-direction: column; min-width: 250px;'>\n<div style='padding: 15px; border-bottom: 1px solid rgba(150&comma; 150&comma; 150&comma; 0.2); font-weight: bold; font-size: 18px; color: inherit;'>10-MATRIX-IIS-1224<\/div>\n<div style='padding: 15px; color: inherit; font-size: 14px;'> Sensor de masa de un canal&comma; requiere fuente <strong style='color: inherit;'>PL-DC-1000<\/strong> y un lazo magn\u00e9tico <strong style='color: inherit;'>SYS-LM6 o SYS-LM4<\/strong> <\/div>\n<\/p><\/div>\n<div style='flex: 1 1 300px; border: 1px solid rgba(150&comma; 150&comma; 150&comma; 0.4); border-radius: 8px; overflow: hidden; display: flex; flex-direction: column; min-width: 250px;'>\n<div style='padding: 15px; border-bottom: 1px solid rgba(150&comma; 150&comma; 150&comma; 0.2); font-weight: bold; font-size: 18px; color: inherit;'>XBS-RDA09<\/div>\n<div style='padding: 15px; color: inherit; font-size: 14px;'> Radar para barreras con alcance de hasta 6 metros. <\/div>\n<\/p><\/div>\n<div style='flex: 1 1 300px; border: 1px solid rgba(150&comma; 150&comma; 150&comma; 0.4); border-radius: 8px; overflow: hidden; display: flex; flex-direction: column; min-width: 250px;'>\n<div style='padding: 15px; border-bottom: 1px solid rgba(150&comma; 150&comma; 150&comma; 0.2); font-weight: bold; font-size: 18px; color: inherit;'>XB-REC3<\/div>\n<div style='padding: 15px; color: inherit; font-size: 14px;'> Receptor inal\u00e1mbrico para 400 controles (agregando un bot\u00f3n por control)&comma; compatible con transmisores <strong style='color: inherit;'>XBT-23<\/strong> control de llavero&comma; <strong style='color: inherit;'>XBT-18-BC<\/strong> control de visera y <strong style='color: inherit;'>XB-WT-01<\/strong> control tipo bot\u00f3n de pared. <\/div>\n<\/p><\/div>\n<div style='flex: 1 1 300px; border: 1px solid rgba(150&comma; 150&comma; 150&comma; 0.4); border-radius: 8px; overflow: hidden; display: flex; flex-direction: column; min-width: 250px;'>\n<div style='padding: 15px; border-bottom: 1px solid rgba(150&comma; 150&comma; 150&comma; 0.2); font-weight: bold; font-size: 18px; color: inherit;'>10LZR-H100KIT-19327<\/div>\n<div style='padding: 15px; color: inherit; font-size: 14px;'> Sensor laser para seguridad con un alcance de 9.6 x 9.6 metros&comma; reemplace lazos magn\u00e9ticos <\/div>\n<\/p><\/div>\n<\/p><\/div>\n<\/p><\/div>\n","protected":false},"excerpt":{"rendered":"<p>Barrera Vehicular Derecha \/ Incluye brazo telesc\u00f3pico de hasta 4.5 metros \/ Tiempo de Apertura 3 segundos \/ Sentido Configurable<\/p>\n","protected":false},"featured_media":21874,"comment_status":"open","ping_status":"closed","template":"","meta":[],"product_brand":[],"product_cat":[748],"product_tag":[401,749,844],"class_list":{"0":"post-21875","1":"product","2":"type-product","3":"status-publish","4":"has-post-thumbnail","6":"product_cat-barreras-vehiculares","7":"product_tag-acceso-vehicular","8":"product_tag-barreras-vehiculares","9":"product_tag-zkteco","11":"first","12":"instock","13":"sale","14":"shipping-taxable","15":"purchasable","16":"product-type-simple"},"_links":{"self":[{"href":"https:\/\/soydeaqui.ddns.net\/pachuca\/index.php\/wp-json\/wp\/v2\/product\/21875","targetHints":{"allow":["GET"]}}],"collection":[{"href":"https:\/\/soydeaqui.ddns.net\/pachuca\/index.php\/wp-json\/wp\/v2\/product"}],"about":[{"href":"https:\/\/soydeaqui.ddns.net\/pachuca\/index.php\/wp-json\/wp\/v2\/types\/product"}],"replies":[{"embeddable":true,"href":"https:\/\/soydeaqui.ddns.net\/pachuca\/index.php\/wp-json\/wp\/v2\/comments?post=21875"}],"wp:featuredmedia":[{"embeddable":true,"href":"https:\/\/soydeaqui.ddns.net\/pachuca\/index.php\/wp-json\/wp\/v2\/media\/21874"}],"wp:attachment":[{"href":"https:\/\/soydeaqui.ddns.net\/pachuca\/index.php\/wp-json\/wp\/v2\/media?parent=21875"}],"wp:term":[{"taxonomy":"product_brand","embeddable":true,"href":"https:\/\/soydeaqui.ddns.net\/pachuca\/index.php\/wp-json\/wp\/v2\/product_brand?post=21875"},{"taxonomy":"product_cat","embeddable":true,"href":"https:\/\/soydeaqui.ddns.net\/pachuca\/index.php\/wp-json\/wp\/v2\/product_cat?post=21875"},{"taxonomy":"product_tag","embeddable":true,"href":"https:\/\/soydeaqui.ddns.net\/pachuca\/index.php\/wp-json\/wp\/v2\/product_tag?post=21875"}],"curies":[{"name":"wp","href":"https:\/\/api.w.org\/{rel}","templated":true}]}}