{"id":21870,"date":"2026-03-18T10:46:35","date_gmt":"2026-03-18T10:46:35","guid":{"rendered":"https:\/\/soydeaqui.ddns.net\/pachuca\/index.php\/producto\/terminal-min-moe-wifi-con-bateria-de-respaldo-administrable-por-smartphone-o-nube-acceso-y-asistencia-huella-facial-y-tarjetas-mifare-500-rostros-y-1000-huellas-y-tarjetas-deteccion-de\/"},"modified":"2026-03-18T10:46:38","modified_gmt":"2026-03-18T10:46:38","slug":"terminal-min-moe-wifi-con-bateria-de-respaldo-administrable-por-smartphone-o-nube-acceso-y-asistencia-huella-facial-y-tarjetas-mifare-500-rostros-y-1000-huellas-y-tarjetas-deteccion-de","status":"publish","type":"product","link":"https:\/\/soydeaqui.ddns.net\/pachuca\/index.php\/producto\/terminal-min-moe-wifi-con-bateria-de-respaldo-administrable-por-smartphone-o-nube-acceso-y-asistencia-huella-facial-y-tarjetas-mifare-500-rostros-y-1000-huellas-y-tarjetas-deteccion-de\/","title":{"rendered":"Terminal Min Moe WiFi con Bater\u00eda de Respaldo \/ Administrable por Smartphone o Nube \/  Acceso y Asistencia \/  Huella, Facial y Tarjetas MIFARE \/  500 rostros y 1,000 Huellas y Tarjetas \/ Detecci\u00f3n de Cubrebocas \/ HikConnect \/ HIK-IA"},"content":{"rendered":"<div style='width: 100%; max-width: 1200px; margin: 0 auto; font-family: sans-serif; line-height: 1.6; color: inherit; background-color: transparent;'>\n<div style='display: flex; flex-wrap: wrap; gap: 30px; margin-bottom: 30px;'>\n<div style='flex: 1 1 300px; min-width: 280px;'> <img style='width: 100%; height: auto; border: 1px solid rgba(150&comma;150&comma;150&comma;0.3); border-radius: 8px;' src='https:\/\/ftp3.syscom.mx\/usuarios\/fespinoza\/HIKVISION\/banner_hikconnect_6.png' alt='Banner HikConnect' \/> <\/div>\n<div style='flex: 1 1 300px; min-width: 280px;'>\n<h2 style='font-size: 24px; margin-top: 0; color: inherit;'>Administre este equipo en la Nube Aproveche <span style='color: #c0392b;'>Hik-Connect Teams<\/span><\/h2>\n<p style='color: inherit;'><span style='color: #c0392b;'>* Gratis para 10 Dispositivos y 100 empleados. <\/span><span style='color: #000000;'>Reg\u00edstrese en<\/span> <a href='https:\/\/ius.hik-connect.com\/' style='color: #2880b9; text-decoration: underline;'><strong>www.hik-connect.com<\/strong><\/a><\/p>\n<p style='color: inherit;'>HikConnect Teams es una plataforma <strong>SaaS<\/strong> para la gesti\u00f3n unificada en la nube de la seguridad con mayor rentabilidad&comma; f\u00e1cil de implementar&comma; altamente escalable en todos sus niveles y extremadamente seguro.<\/p>\n<p style='color: inherit;'><em><strong>*SaaS<\/strong> &#8211; Software as a Service \/ Software como servicio.<\/em><\/p>\n<ul style='padding-left: 20px; font-size: 15px; color: inherit;'>\n<li style='margin-bottom: 5px;'><em>Administraci\u00f3n de usuarios&comma; roles&comma; y sucursales.<\/em><\/li>\n<li style='margin-bottom: 5px;'><em>Sincronizaci\u00f3n automatica de usuarios por \u00e1reas.<\/em><\/li>\n<li style='margin-bottom: 5px;'><em>Chequeo de Asistencia por App de Smartphone con ubicaci\u00f3n GPS.<\/em><\/li>\n<li style='margin-bottom: 5px;'><em>Reportes de acceso y asistenca remotos.<\/em><\/li>\n<li style='margin-bottom: 5px;'><em>Pases temporales para visitantes generados desde App.<\/em><\/li>\n<li style='margin-bottom: 5px;'><em>Integrable con Videovigilancia&comma; Intercom&comma; Monitoreo de Vehiculos etc<\/em><\/li>\n<\/ul><\/div>\n<\/p><\/div>\n<div style='display: flex; flex-wrap: wrap; gap: 20px; margin-bottom: 30px;'>\n<div style='flex: 1 1 250px; border: 1px solid rgba(150&comma; 150&comma; 150&comma; 0.4); border-radius: 8px; overflow: hidden; display: flex; flex-direction: column;'>\n<div style='padding: 15px; border-bottom: 1px solid rgba(150&comma; 150&comma; 150&comma; 0.2); font-weight: bold; font-size: 18px; color: inherit;'>Caracter\u00edsticas Principales:<\/div>\n<div style='padding: 15px; color: inherit;'>\n<ul style='padding-left: 20px; margin: 0; font-size: 14px; list-style-type: disc;'>\n<li style='margin-bottom: 5px;'>Pantalla de 2.4 pulgadas<\/li>\n<li style='margin-bottom: 5px;'>C\u00e1mara 2 MP gran angular.<\/li>\n<li style='margin-bottom: 5px;'>Distancia de Reconocimiento facial 0.3 a 1.5 m<\/li>\n<li style='margin-bottom: 5px;'>Web server de nueva generaci\u00f3n 2.0.<\/li>\n<li style='margin-bottom: 5px;'>Soporta hasta 500 rostros.<\/li>\n<li style='margin-bottom: 5px;'>Capacidad para 100&comma;000 eventos.<\/li>\n<li style='margin-bottom: 5px;'>Soporta hasta 1&comma;000 tarjetas MIFARE.<\/li>\n<li style='margin-bottom: 5px;'>Funcionamiento Aut\u00f3nomo&comma; con IVMS4200.<\/li>\n<\/ul><\/div>\n<\/p><\/div>\n<div style='flex: 1 1 250px; border: 1px solid rgba(150&comma; 150&comma; 150&comma; 0.4); border-radius: 8px; overflow: hidden; display: flex; flex-direction: column;'>\n<div style='padding: 15px; border-bottom: 1px solid rgba(150&comma; 150&comma; 150&comma; 0.2); font-weight: bold; font-size: 18px; color: inherit;'>Caracter\u00edsticas F\u00edsicas y El\u00e9ctricas<\/div>\n<div style='padding: 15px; color: inherit;'>\n<ul style='padding-left: 20px; margin: 0; font-size: 14px; list-style-type: disc;'>\n<li style='margin-bottom: 5px;'>Alimentaci\u00f3n: 12 Vcc \/ 1 A (Incluido)<\/li>\n<li style='margin-bottom: 5px; color: #c0392b;'>Incluye bater\u00eda con respaldo de alrededor de 3 hrs (3200 mAh)<\/li>\n<li style='margin-bottom: 5px;'>Temperatura: -10 \u00b0C to 40 \u00b0C (14 \u00b0F to 104 \u00b0F)<\/li>\n<li style='margin-bottom: 5px;'>Dimensiones: 130 mm \u00d7 150 mm \u00d7 24.7 mm<\/li>\n<li style='margin-bottom: 5px;'>Aplicaci\u00f3n: Interior.<\/li>\n<li style='margin-bottom: 5px;'>Montajes incluidos: Pared<\/li>\n<\/ul>\n<p style='margin: 15px 0 5px 0; font-weight: bold; color: inherit;'>Interfaces:<\/p>\n<ul style='padding-left: 20px; margin: 0; font-size: 14px; list-style-type: disc;'>\n<li style='margin-bottom: 5px;'>Relay NC\/NO: 1<\/li>\n<li style='margin-bottom: 5px;'>USB: 1<\/li>\n<li style='margin-bottom: 5px;'>Bot\u00f3n de salida: 1<\/li>\n<li style='margin-bottom: 5px; font-weight: bold;'>Red cableada o WiFi<\/li>\n<li style='margin-bottom: 5px;'>Sensor de puerta<\/li>\n<\/ul><\/div>\n<\/p><\/div>\n<div style='flex: 1 1 250px; border: 1px solid rgba(150&comma; 150&comma; 150&comma; 0.4); border-radius: 8px; overflow: hidden; display: flex; flex-direction: column;'>\n<div style='padding: 15px; border-bottom: 1px solid rgba(150&comma; 150&comma; 150&comma; 0.2); font-weight: bold; font-size: 18px; color: inherit;'>Caracter\u00edsticas Destacadas:<\/div>\n<div style='padding: 15px; color: inherit;'>\n<ul style='padding-left: 20px; margin: 0; font-size: 14px; list-style-type: disc;'>\n<li style='margin-bottom: 5px;'>El terminal frontal de la serie DS-K1T320 adopta un algoritmo DEEP LEARNING con <strong>HIK-IA<\/strong> que ayuda a reconocer el rostro de las personas m\u00e1s r\u00e1pido y con mayor precisi\u00f3n. Aplicable en escenarios&comma; como edificios&comma; empresas&comma; industrias y otras \u00e1reas importantes.<\/li>\n<li style='margin-bottom: 5px; color: #c0392b;'>Soporta pases temporales para visitantes (PIN) con HikConnect Teams.<\/li>\n<li style='margin-bottom: 5px; color: #c0392b;'>No tiene funci\u00f3n de videoportero.<\/li>\n<li style='margin-bottom: 5px; color: #c0392b;'>Nueva versi\u00f3n terminaci\u00f3n \/S tiene switch de encendido\/apagado.<\/li>\n<\/ul><\/div>\n<\/p><\/div>\n<\/p><\/div>\n<div style='text-align: center; margin: 30px 0 15px;'>\n<h2 style='font-size: 22px; margin: 0; color: inherit;'>Demostraci\u00f3n de Desempe\u00f1o<\/h2>\n<\/p><\/div>\n<hr style='border: 0; border-top: 1px solid rgba(150&comma; 150&comma; 150&comma; 0.3); margin: 30px 0;'>\n<div style='display: flex; flex-wrap: wrap; gap: 30px; margin-bottom: 30px;'>\n<div style='flex: 1 1 300px; min-width: 280px;'>\n<div style='position: relative; padding-bottom: 56.25%; height: 0; overflow: hidden; margin-bottom: 30px;'>   <\/div>\n<p style='text-align: center; font-size: 14px; color: inherit;'><strong style='color: #2880b9;'>Lectura de Rostros Ultra R\u00e1pida<\/strong><\/p>\n<\/p><\/div>\n<div style='flex: 1 1 300px; min-width: 280px;'>\n<div style='position: relative; padding-bottom: 56.25%; height: 0; overflow: hidden; margin-bottom: 30px;'>   <\/div>\n<p style='text-align: center; font-size: 14px; color: inherit;'><strong style='color: #2880b9;'>Configuraci\u00f3n B\u00e1sica muy Sencilla<\/strong><\/p>\n<\/p><\/div>\n<div style='flex: 1 1 300px; min-width: 280px;'>\n<div style='position: relative; padding-bottom: 56.25%; height: 0; overflow: hidden; margin-bottom: 30px;'>   <\/div>\n<p style='text-align: center; font-size: 14px; color: inherit;'><strong style='color: #2880b9;'>Unboxing<\/strong><\/p>\n<\/p><\/div>\n<\/p><\/div>\n<div style='text-align: center; margin: 45px 0 30px;'>\n<h2 style='font-size: 22px; margin: 0 0 15px; color: inherit;'>\u00bfConfiguraci\u00f3n con IVMS4200? Consulte el video paso a paso<\/h2>\n<div style='position: relative; padding-bottom: 56.25%; height: 0; overflow: hidden; margin-bottom: 30px;'>   <\/div>\n<\/p><\/div>\n<div style='text-align: center; margin-bottom: 30px;'> <a href='http:\/\/soporte.syscom.mx\/es\/articles\/3879039-hikvision-control-de-acceso-lista-de-videos-y-tips-tecnicos' style='display: inline-block;'> <img style='width: 100%; max-width: 600px; height: auto; border: 1px solid rgba(150&comma;150&comma;150&comma;0.3); border-radius: 8px;' src='https:\/\/ftp3.syscom.mx\/usuarios\/fotos\/DSK1T607E\/171893-hikvision-controlacceso.png' alt='Control de Acceso Hikvision'> <\/a> <\/div>\n<\/p><\/div>\n","protected":false},"excerpt":{"rendered":"<p>Terminal Min Moe WiFi con Bater\u00eda de Respaldo \/ Administrable por Smartphone o Nube \/  Acceso y Asistencia \/  Huella, Facial y Tarjetas MIFARE \/  500 rostros y 1,000 Huellas y Tarjetas \/ Detecci\u00f3n de Cubrebocas \/ HikConnect \/ HIK-IA<\/p>\n","protected":false},"featured_media":21869,"comment_status":"open","ping_status":"closed","template":"","meta":[],"product_brand":[],"product_cat":[743],"product_tag":[744,54,745],"class_list":{"0":"post-21870","1":"product","2":"type-product","3":"status-publish","4":"has-post-thumbnail","6":"product_cat-para-tiempo-y-asistencia-checadores","7":"product_tag-biometricos","8":"product_tag-hikvision","9":"product_tag-para-tiempo-y-asistencia-checadores","11":"first","12":"instock","13":"sale","14":"shipping-taxable","15":"purchasable","16":"product-type-simple"},"_links":{"self":[{"href":"https:\/\/soydeaqui.ddns.net\/pachuca\/index.php\/wp-json\/wp\/v2\/product\/21870","targetHints":{"allow":["GET"]}}],"collection":[{"href":"https:\/\/soydeaqui.ddns.net\/pachuca\/index.php\/wp-json\/wp\/v2\/product"}],"about":[{"href":"https:\/\/soydeaqui.ddns.net\/pachuca\/index.php\/wp-json\/wp\/v2\/types\/product"}],"replies":[{"embeddable":true,"href":"https:\/\/soydeaqui.ddns.net\/pachuca\/index.php\/wp-json\/wp\/v2\/comments?post=21870"}],"wp:featuredmedia":[{"embeddable":true,"href":"https:\/\/soydeaqui.ddns.net\/pachuca\/index.php\/wp-json\/wp\/v2\/media\/21869"}],"wp:attachment":[{"href":"https:\/\/soydeaqui.ddns.net\/pachuca\/index.php\/wp-json\/wp\/v2\/media?parent=21870"}],"wp:term":[{"taxonomy":"product_brand","embeddable":true,"href":"https:\/\/soydeaqui.ddns.net\/pachuca\/index.php\/wp-json\/wp\/v2\/product_brand?post=21870"},{"taxonomy":"product_cat","embeddable":true,"href":"https:\/\/soydeaqui.ddns.net\/pachuca\/index.php\/wp-json\/wp\/v2\/product_cat?post=21870"},{"taxonomy":"product_tag","embeddable":true,"href":"https:\/\/soydeaqui.ddns.net\/pachuca\/index.php\/wp-json\/wp\/v2\/product_tag?post=21870"}],"curies":[{"name":"wp","href":"https:\/\/api.w.org\/{rel}","templated":true}]}}