{"id":21851,"date":"2026-03-18T10:46:18","date_gmt":"2026-03-18T10:46:18","guid":{"rendered":"https:\/\/soydeaqui.ddns.net\/pachuca\/index.php\/producto\/marco-metalico-para-puerta-de-emergencia-izquierda-para-puerta-mx9041\/"},"modified":"2026-03-18T10:46:18","modified_gmt":"2026-03-18T10:46:18","slug":"marco-metalico-para-puerta-de-emergencia-izquierda-para-puerta-mx9041","status":"publish","type":"product","link":"https:\/\/soydeaqui.ddns.net\/pachuca\/index.php\/producto\/marco-metalico-para-puerta-de-emergencia-izquierda-para-puerta-mx9041\/","title":{"rendered":"Marco met\u00e1lico para puerta de emergencia izquierda para puerta MX9041"},"content":{"rendered":"<div style='width: 100%; max-width: 1200px; margin: 0 auto; font-family: sans-serif; line-height: 1.6; color: inherit; background-color: transparent;'>\n<p style='font-size: 1.125rem; line-height: 1.6; margin-bottom: 1.5rem;'>Los marcos de l\u00e1mina CR est\u00e1n dise\u00f1ados para aplicaciones vers\u00e1tiles&comma; ofreciendo resistencia al fuego de hasta 3 horas. Son convertibles para modelos montados y soldados&comma; ofreciendo as\u00ed flexibilidad en la instalaci\u00f3n. Adem\u00e1s&comma; est\u00e1n disponibles en varios tama\u00f1os est\u00e1ndar y poseen perforaciones para mamposter\u00eda&comma; hormig\u00f3n o tabiquer\u00eda seca.<\/p>\n<h2 style='font-size: 1.5rem; font-weight: 600; margin-bottom: 1rem; color: inherit; opacity: 0.9;'>Especificaciones T\u00e9cnicas<\/h2>\n<div style='display: flex; flex-wrap: wrap; gap: 1.5rem; margin-bottom: 2rem;'>\n<div style='flex: 1 1 300px; min-width: 280px; background-color: rgba(150&comma;150&comma;150&comma;0.05); border-radius: 0.5rem; overflow: hidden;'>\n<div style='padding: 1rem; border-bottom: 1px solid rgba(150&comma;150&comma;150&comma;0.2); font-weight: bold; font-size: 1.25rem; color: inherit;'>Caracter\u00edsticas Principales<\/div>\n<div style='padding: 1rem; color: inherit;'>\n<ul style='padding-left: 1.25rem; margin: 0; font-size: 0.9375rem; list-style-type: disc;'>\n<li style='margin-bottom: 0.5rem;'><strong>Material:<\/strong> L\u00e1mina CR&comma; acero galvanneal pintable cal 16<\/li>\n<li style='margin-bottom: 0.5rem;'><strong>Aplicaci\u00f3n:<\/strong> Primer gris<\/li>\n<li style='margin-bottom: 0.5rem;'><strong>Resistencia al fuego:<\/strong> Hasta 3 horas<\/li>\n<li style='margin-bottom: 0.5rem;'><strong>Perforaci\u00f3n:<\/strong> Para mamposter\u00eda&comma; hormig\u00f3n o tabiquer\u00eda seca<\/li>\n<li style='margin-bottom: 0.5rem;'><strong>Convertible:<\/strong> A construcci\u00f3n montada y soldada (SUVW)<\/li>\n<\/ul><\/div>\n<\/p><\/div>\n<div style='flex: 1 1 300px; min-width: 280px; background-color: rgba(150&comma;150&comma;150&comma;0.05); border-radius: 0.5rem; overflow: hidden;'>\n<div style='padding: 1rem; border-bottom: 1px solid rgba(150&comma;150&comma;150&comma;0.2); font-weight: bold; font-size: 1.25rem; color: inherit;'>Funcionalidades<\/div>\n<div style='padding: 1rem; color: inherit;'>\n<ul style='padding-left: 1.25rem; margin: 0; font-size: 0.9375rem; list-style-type: disc;'>\n<li style='margin-bottom: 0.5rem;'>Disponibles para aplicaciones resistentes al fuego<\/li>\n<li style='margin-bottom: 0.5rem;'>Cajas de polvo de calibre 22 est\u00e1ndar<\/li>\n<li style='margin-bottom: 0.5rem;'>Caj\u00f3n antipolvo integrado<\/li>\n<li style='margin-bottom: 0.5rem;'>Preparaci\u00f3n para silenciadores de puertas<\/li>\n<\/ul><\/div>\n<\/p><\/div>\n<\/p><\/div>\n<h2 style='font-size: 1.5rem; font-weight: 600; margin-bottom: 1rem; color: inherit; opacity: 0.9;'>Especificaciones Avanzadas<\/h2>\n<div style='display: flex; flex-wrap: wrap; gap: 1.5rem; margin-bottom: 2rem;'>\n<div style='flex: 1 1 300px; min-width: 280px; background-color: rgba(150&comma;150&comma;150&comma;0.05); border-radius: 0.5rem; overflow: hidden;'>\n<div style='padding: 1rem; border-bottom: 1px solid rgba(150&comma;150&comma;150&comma;0.2); font-weight: bold; font-size: 1.25rem; color: inherit;'>Interfaces y Conectividad<\/div>\n<div style='padding: 1rem; color: inherit;'>\n<ul style='padding-left: 1.25rem; margin: 0; font-size: 0.9375rem; list-style-type: disc;'>\n<li style='margin-bottom: 0.5rem;'>Tama\u00f1os est\u00e1ndar: 3070<\/li>\n<li style='margin-bottom: 0.5rem;'>Materiales disponibles por medida&comma; incluyendo Cold Rolled y Galvanil<\/li>\n<li style='margin-bottom: 0.5rem;'><strong>ASA Strike:<\/strong> 4 7\/8&#8242; (124 mm)<\/li>\n<\/ul><\/div>\n<\/p><\/div>\n<div style='flex: 1 1 300px; min-width: 280px; background-color: rgba(150&comma;150&comma;150&comma;0.05); border-radius: 0.5rem; overflow: hidden;'>\n<div style='padding: 1rem; border-bottom: 1px solid rgba(150&comma;150&comma;150&comma;0.2); font-weight: bold; font-size: 1.25rem; color: inherit;'>Requisitos y Compatibilidad<\/div>\n<div style='padding: 1rem; color: inherit;'>\n<ul style='padding-left: 1.25rem; margin: 0; font-size: 0.9375rem; list-style-type: disc;'>\n<li style='margin-bottom: 0.5rem;'>Jambas con gu\u00edas soldadas de calibre 20<\/li>\n<li style='margin-bottom: 0.5rem;'>Puerta de emergencia MX9041<\/li>\n<\/ul><\/div>\n<\/p><\/div>\n<\/p><\/div>\n<h2 style='font-size: 1.5rem; font-weight: 600; margin-bottom: 1rem; color: inherit; opacity: 0.9;'>Aplicaciones y Casos de Uso<\/h2>\n<div style='display: grid; grid-template-columns: repeat(auto-fill&comma; minmax(280px&comma; 1fr)); gap: 1.5rem; margin-bottom: 2rem;'>\n<div style='background-color: rgba(150&comma;150&comma;150&comma;0.05); border-radius: 0.5rem; overflow: hidden; padding: 1rem;'> Los marcos son ideales para aplicaciones en construcciones que requieran alta resistencia al fuego y flexibilidad de instalaci\u00f3n. <\/div>\n<\/p><\/div>\n<\/p><\/div>\n","protected":false},"excerpt":{"rendered":"<p>Marco met\u00e1lico para puerta de emergencia izquierda para puerta MX9041<\/p>\n","protected":false},"featured_media":21850,"comment_status":"open","ping_status":"closed","template":"","meta":[],"product_brand":[],"product_cat":[216],"product_tag":[218,217,126],"class_list":{"0":"post-21851","1":"product","2":"type-product","3":"status-publish","4":"has-post-thumbnail","6":"product_cat-puertas-de-emergencia","7":"product_tag-assa-abloy","8":"product_tag-puertas-de-emergencia","9":"product_tag-sistemas-de-emergencia","11":"first","12":"instock","13":"sale","14":"shipping-taxable","15":"purchasable","16":"product-type-simple"},"_links":{"self":[{"href":"https:\/\/soydeaqui.ddns.net\/pachuca\/index.php\/wp-json\/wp\/v2\/product\/21851","targetHints":{"allow":["GET"]}}],"collection":[{"href":"https:\/\/soydeaqui.ddns.net\/pachuca\/index.php\/wp-json\/wp\/v2\/product"}],"about":[{"href":"https:\/\/soydeaqui.ddns.net\/pachuca\/index.php\/wp-json\/wp\/v2\/types\/product"}],"replies":[{"embeddable":true,"href":"https:\/\/soydeaqui.ddns.net\/pachuca\/index.php\/wp-json\/wp\/v2\/comments?post=21851"}],"wp:featuredmedia":[{"embeddable":true,"href":"https:\/\/soydeaqui.ddns.net\/pachuca\/index.php\/wp-json\/wp\/v2\/media\/21850"}],"wp:attachment":[{"href":"https:\/\/soydeaqui.ddns.net\/pachuca\/index.php\/wp-json\/wp\/v2\/media?parent=21851"}],"wp:term":[{"taxonomy":"product_brand","embeddable":true,"href":"https:\/\/soydeaqui.ddns.net\/pachuca\/index.php\/wp-json\/wp\/v2\/product_brand?post=21851"},{"taxonomy":"product_cat","embeddable":true,"href":"https:\/\/soydeaqui.ddns.net\/pachuca\/index.php\/wp-json\/wp\/v2\/product_cat?post=21851"},{"taxonomy":"product_tag","embeddable":true,"href":"https:\/\/soydeaqui.ddns.net\/pachuca\/index.php\/wp-json\/wp\/v2\/product_tag?post=21851"}],"curies":[{"name":"wp","href":"https:\/\/api.w.org\/{rel}","templated":true}]}}