{"id":21780,"date":"2026-03-18T10:45:04","date_gmt":"2026-03-18T10:45:04","guid":{"rendered":"https:\/\/soydeaqui.ddns.net\/pachuca\/index.php\/producto\/controlador-maestro-para-elevadores-incluye-gabinete-y-fuente-control-de-acceso-para-los-pisos-de-los-elevadores-por-huella-o-tarjeta\/"},"modified":"2026-03-18T10:45:05","modified_gmt":"2026-03-18T10:45:05","slug":"controlador-maestro-para-elevadores-incluye-gabinete-y-fuente-control-de-acceso-para-los-pisos-de-los-elevadores-por-huella-o-tarjeta","status":"publish","type":"product","link":"https:\/\/soydeaqui.ddns.net\/pachuca\/index.php\/producto\/controlador-maestro-para-elevadores-incluye-gabinete-y-fuente-control-de-acceso-para-los-pisos-de-los-elevadores-por-huella-o-tarjeta\/","title":{"rendered":"Controlador MAESTRO para Elevadores \/ Incluye Gabinete y Fuente \/ Control de Acceso para los pisos de los Elevadores por Huella o Tarjeta"},"content":{"rendered":"<div style='width: 100%; max-width: 1200px; margin: 0 auto; font-family: sans-serif; line-height: 1.6; color: inherit; background-color: transparent;'> <!-- Secci\u00f3n de caracter\u00edsticas principales --> <\/p>\n<div style='display: flex; flex-wrap: wrap; gap: 30px; margin-bottom: 30px;'>\n<div style='flex: 1 1 300px; min-width: 280px;'>\n<h3 style='font-size: 22px; border-bottom: 2px solid currentColor; padding-bottom: 5px; margin-top: 0; color: inherit; opacity: 0.8;'>Caracter\u00edsticas principales<\/h3>\n<ul style='padding-left: 20px; font-size: 15px; color: inherit;'>\n<li style='margin-bottom: 5px;'>Soporta permisos hasta 128 pisos.<\/li>\n<li style='margin-bottom: 5px;'>Comunicaci\u00f3n TCP\/IP.<\/li>\n<li style='margin-bottom: 5px;'>Soporta hasta 2 lectores de tarjetas Wiegand o RS-485<\/li>\n<li style='margin-bottom: 5px;'><strong>Capacidad de 100&comma;000 tarjetas.<\/strong><\/li>\n<li style='margin-bottom: 5px;'><strong>Capacidad de 50&comma;000 Usuarios<\/strong><\/li>\n<li style='margin-bottom: 5px;'><strong>Capacidad de 30&comma;000 Huellas.<\/strong><\/li>\n<li style='margin-bottom: 5px;'><strong>(No soporta acceso por contrase\u00f1a)<\/strong><\/li>\n<li style='margin-bottom: 5px;'>Interfaz de Entrada: 1 Bot\u00f3n de p\u00e1nico&comma; un bot\u00f3n de alarma de incendios&comma; 1 bot\u00f3n de conservaci\u00f3n.<\/li>\n<li style='margin-bottom: 5px;'><strong>Garant\u00eda: 5 A\u00f1os.<\/strong><\/li>\n<\/ul><\/div>\n<p> <!-- Secci\u00f3n de caracter\u00edsticas f\u00edsicas y el\u00e9ctricas --> <\/p>\n<div style='flex: 1 1 300px; min-width: 280px;'>\n<h3 style='font-size: 22px; border-bottom: 2px solid currentColor; padding-bottom: 5px; margin-top: 0; color: inherit; opacity: 0.8;'>Caracter\u00edsticas F\u00edsicas y El\u00e9ctricas<\/h3>\n<ul style='padding-left: 20px; font-size: 15px; color: inherit;'>\n<li style='margin-bottom: 5px;'>Voltaje de operaci\u00f3n: 12VD (Fuente y Gabinete incluidos)<\/li>\n<li style='margin-bottom: 5px;'>No soporta bater\u00eda de respaldo.<\/li>\n<li style='margin-bottom: 5px;'>Temperatura de operaci\u00f3n: -4 \u00b0C a 70\u00b0C (40\u00b0F a 158 \u00b0F)<\/li>\n<li style='margin-bottom: 5px;'>Dimensiones: 167 (L)mm *105 (W)mm *30 (H) mm<\/li>\n<li style='margin-bottom: 5px;'>5 salidas de relevador (Para vinculaci\u00f3n&comma; no para control de pisos)<\/li>\n<li style='margin-bottom: 5px;'>Soporta hasta un m\u00e1ximo de 24 distribuidores esclavos los cuales pueden controlar hasta 16 pisos cada uno <a style='color: inherit; text-decoration: none; font-weight: 600;' href='https:\/\/www.syscom.mx\/principal\/searchcont?route=DS-K2M0016A-HIKVISION-163616&#038;autodetect=elevadores'>DS-K2M0016A<\/a><\/li>\n<\/ul><\/div>\n<p> <!-- Secci\u00f3n de caracter\u00edsticas destacadas --> <\/p>\n<div style='flex: 1 1 300px; min-width: 280px;'>\n<h3 style='font-size: 22px; border-bottom: 2px solid currentColor; padding-bottom: 5px; margin-top: 0; color: inherit; opacity: 0.8;'>Caracter\u00edsticas Destacadas<\/h3>\n<p style='margin-top: 0; margin-bottom: 15px;'>El controlador de ascensores HIKVISION comprende controladores de ascensor principal (Maestro) y controladores de ascensor distribuido (Esclavos). Se puede aplicar a edificios&comma; \u00e1reas p\u00fablicas&comma; hoteles&comma; corporativos etc.<\/p>\n<\/p><\/div>\n<\/p><\/div>\n<p> <!-- Secci\u00f3n de consideraciones --> <\/p>\n<div style='margin-bottom: 30px;'>\n<h3 style='font-size: 22px; border-bottom: 2px solid currentColor; padding-bottom: 5px; margin-top: 0; color: inherit; opacity: 0.8;'>Consideraciones<\/h3>\n<ul style='padding-left: 20px; font-size: 15px; color: inherit;'>\n<li style='margin-bottom: 5px;'>Es compatible con IVMS4200&comma; HikCentral Profesional y <strong>HikConnect Teams (por liberarse en Abril 2026 aprox).<\/strong><\/li>\n<\/ul><\/div>\n<p> <!-- Separador --> <\/p>\n<hr style='border: 0; border-top: 1px solid rgba(150&comma; 150&comma; 150&comma; 0.3); margin: 30px 0;'> <!-- Secci\u00f3n de informaci\u00f3n adicional --> <\/p>\n<div style='margin-bottom: 30px;'>\n<p style='margin-top: 0; margin-bottom: 15px;'>Este modelo <strong>es solo el controlador maestro<\/strong>&comma; para el control de los pisos se requiere el distribuidor <a style='color: inherit; text-decoration: none; font-weight: 600;' href='https:\/\/www.syscom.mx\/principal\/searchcont?route=DS-K2M0016A-HIKVISION-163616&#038;autodetect=elevadores'>DS-K2M0016A<\/a> por cada 16 pisos a controlar.<\/p>\n<div style='display: flex; flex-wrap: wrap; gap: 30px;'>\n<div style='flex: 1 1 300px; min-width: 280px;'> <img style='width: 100%; height: auto; border: 1px solid rgba(150&comma;150&comma;150&comma;0.3); border-radius: 8px;' src='https:\/\/ftp3.syscom.mx\/usuarios\/fotos\/BancoFotografiasSyscom\/HIKVISION\/DSK2M0016A\/DSK2M0016A-p.PNG' alt=''> <\/div>\n<div style='flex: 1 1 300px; min-width: 280px;'>\n<h3 style='font-size: 20px; margin-top: 0; margin-bottom: 15px; color: inherit; opacity: 0.8;'>Distribuidor Esclavo REQUERIDO<\/h3>\n<p style='margin-top: 0; margin-bottom: 15px;'>Modelo: <a style='color: inherit; text-decoration: none; font-weight: 600;' href='https:\/\/www.syscom.mx\/principal\/searchcont?route=DS-K2M0016A-HIKVISION-163616&#038;autodetect=elevadores'>DS-K2M0016A<\/a><\/p>\n<ul style='padding-left: 20px; font-size: 15px; color: inherit;'>\n<li style='margin-bottom: 5px;'><strong>Hasta 24 distribuidores<\/strong> esclavos con 16 pisos a controlar por cada uno.<\/li>\n<li style='margin-bottom: 5px;'><strong>Administrar permisos a diferentes personas<\/strong>&comma; habilitando solo el piso al que esa persona puede ir (tiene que pasar su huella o tarjeta para que se habilite el piso correspondiente a su nivel de acceso).<\/li>\n<li style='margin-bottom: 5px;'><strong>Cero complicaciones<\/strong> ya que no es necesario interactuar con el cuadro de mando principal del elevador sino que&comma; se hace una interconexi\u00f3n con la botonera del elevador (utilizando los relevadores del distribuidor esclavo <a style='color: inherit; text-decoration: none; font-weight: 600;' href='https:\/\/www.syscom.mx\/principal\/searchcont?route=DS-K2M0016A-HIKVISION-163616&#038;autodetect=elevadores'>DS-K2M0016A<\/a>)&comma; de tal manera que cuando hay un acceso correcto entonces se habilita la botonera (solo los botones a los que tiene acceso la persona).<\/li>\n<\/ul>\n<p style='margin-top: 20px; margin-bottom: 15px;'><strong>En su proyecto usted debe considerar lo siguiente por cada cabina de Elevador:<\/strong><\/p>\n<ul style='padding-left: 20px; font-size: 15px; color: inherit;'>\n<li style='margin-bottom: 5px;'>1 controlador <strong>maestro.<\/strong><\/li>\n<li style='margin-bottom: 5px;'>1 controlador <strong>esclavo <a style='color: inherit; text-decoration: none; font-weight: 600;' href='https:\/\/www.syscom.mx\/principal\/searchcont?route=DS-K2M0016A-HIKVISION-163616&#038;autodetect=elevadores'>DS-K2M0016A<\/a><\/strong> (por lo menos 1&comma; depende de la cantidad de pisos).<\/li>\n<li style='margin-bottom: 5px;'>1 lector Wiegand \/ RS485 (por ejemplo un facial DS-K1T673DWX).<\/li>\n<li style='margin-bottom: 5px;'>La administraci\u00f3n es por IVMS4200 (<strong>soporta hasta 2 cabinas de elevador m\u00e1ximo<\/strong>). Para control de m\u00e1s de 2 cabinas de elevador es necesario el software HikCentral.<\/li>\n<\/ul><\/div>\n<\/p><\/div>\n<\/p><\/div>\n<p> <!-- Separador --> <\/p>\n<hr style='border: 0; border-top: 1px solid rgba(150&comma; 150&comma; 150&comma; 0.3); margin: 30px 0;'> <!-- Secci\u00f3n de video --> <\/p>\n<div style='margin-bottom: 30px;'>\n<h3 style='font-size: 22px; border-bottom: 2px solid currentColor; padding-bottom: 5px; margin-top: 0; margin-bottom: 20px; color: inherit; opacity: 0.8;'>Demostraci\u00f3n de soluci\u00f3n de elevadores Hikvision con botonera de elevador real<\/h3>\n<div style='position: relative; padding-bottom: 56.25%; height: 0; overflow: hidden;'>   <\/div>\n<\/p><\/div>\n<\/p><\/div>\n","protected":false},"excerpt":{"rendered":"<p>Controlador MAESTRO para Elevadores \/ Incluye Gabinete y Fuente \/ Control de Acceso para los pisos de los Elevadores por Huella o Tarjeta<\/p>\n","protected":false},"featured_media":21779,"comment_status":"open","ping_status":"closed","template":"","meta":[],"product_brand":[],"product_cat":[783],"product_tag":[785,54,784],"class_list":{"0":"post-21780","1":"product","2":"type-product","3":"status-publish","4":"has-post-thumbnail","6":"product_cat-controladores-de-acceso","7":"product_tag-controladores-de-acceso","8":"product_tag-hikvision","9":"product_tag-paneles-de-control-de-acceso","11":"first","12":"instock","13":"sale","14":"shipping-taxable","15":"purchasable","16":"product-type-simple"},"_links":{"self":[{"href":"https:\/\/soydeaqui.ddns.net\/pachuca\/index.php\/wp-json\/wp\/v2\/product\/21780","targetHints":{"allow":["GET"]}}],"collection":[{"href":"https:\/\/soydeaqui.ddns.net\/pachuca\/index.php\/wp-json\/wp\/v2\/product"}],"about":[{"href":"https:\/\/soydeaqui.ddns.net\/pachuca\/index.php\/wp-json\/wp\/v2\/types\/product"}],"replies":[{"embeddable":true,"href":"https:\/\/soydeaqui.ddns.net\/pachuca\/index.php\/wp-json\/wp\/v2\/comments?post=21780"}],"wp:featuredmedia":[{"embeddable":true,"href":"https:\/\/soydeaqui.ddns.net\/pachuca\/index.php\/wp-json\/wp\/v2\/media\/21779"}],"wp:attachment":[{"href":"https:\/\/soydeaqui.ddns.net\/pachuca\/index.php\/wp-json\/wp\/v2\/media?parent=21780"}],"wp:term":[{"taxonomy":"product_brand","embeddable":true,"href":"https:\/\/soydeaqui.ddns.net\/pachuca\/index.php\/wp-json\/wp\/v2\/product_brand?post=21780"},{"taxonomy":"product_cat","embeddable":true,"href":"https:\/\/soydeaqui.ddns.net\/pachuca\/index.php\/wp-json\/wp\/v2\/product_cat?post=21780"},{"taxonomy":"product_tag","embeddable":true,"href":"https:\/\/soydeaqui.ddns.net\/pachuca\/index.php\/wp-json\/wp\/v2\/product_tag?post=21780"}],"curies":[{"name":"wp","href":"https:\/\/api.w.org\/{rel}","templated":true}]}}