{"id":2178,"date":"2026-03-18T05:54:05","date_gmt":"2026-03-18T05:54:05","guid":{"rendered":"https:\/\/soydeaqui.ddns.net\/pachuca\/index.php\/producto\/control-touch-desde-su-pantalla-en-pared-compatible-con-2-cargas-para-controlar-iluminacion\/"},"modified":"2026-03-18T05:54:07","modified_gmt":"2026-03-18T05:54:07","slug":"control-touch-desde-su-pantalla-en-pared-compatible-con-2-cargas-para-controlar-iluminacion","status":"publish","type":"product","link":"https:\/\/soydeaqui.ddns.net\/pachuca\/index.php\/producto\/control-touch-desde-su-pantalla-en-pared-compatible-con-2-cargas-para-controlar-iluminacion\/","title":{"rendered":"Control touch desde su pantalla en pared, compatible con 2 cargas para controlar iluminaci\u00f3n."},"content":{"rendered":"<div style='width: 100%; max-width: 1200px; margin: 0 auto; font-family: sans-serif; line-height: 1.6; color: inherit; background-color: transparent;'>\n<p style='text-align: justify; font-size: 15px; margin-bottom: 20px; color: inherit;'>Tan f\u00e1cil como instalar un interruptor de luz&comma; Brilliant reemplaza cualquier interruptor de luz est\u00e1ndar. No se requiere cableado personalizado&comma; modificaciones o concentradores&comma; convierte las luces est\u00e1ndar en luces inteligentes que puede controlar con un simple comando de voz&comma; un toque o un movimiento.<\/p>\n<div style='display: flex; flex-wrap: wrap; gap: 30px; margin-bottom: 30px;'>\n<div style='flex: 1 1 300px; min-width: 280px;'>\n<div style='border-left: 5px solid #0091ff; border-radius: 5px; padding: 15px; box-shadow: 2px 2px 10px rgba(216&comma;216&comma;216&comma;0.4); background-color: rgba(216&comma;216&comma;216&comma;0.1);'> <strong style='font-size: 18px; color: inherit;'>Caracter\u00edsticas principales:<\/strong> <\/p>\n<ul style='padding-left: 20px; font-size: 15px; margin-top: 15px; color: inherit;'>\n<li style='margin-bottom: 8px;'>2 controles de interruptor\/atenuador y 1 pantalla<\/li>\n<li style='margin-bottom: 8px;'>Pantalla t\u00e1ctil LCD 5\u00b4\u00b4 en diagonal<\/li>\n<li style='margin-bottom: 8px;'>Resoluci\u00f3n 720&#215;1280<\/li>\n<li style='margin-bottom: 8px;'>Conectividad Wifi 2.4 GHz<\/li>\n<li style='margin-bottom: 8px;'>Dimensiones 121mm x 135 mm<\/li>\n<\/ul><\/div>\n<\/p><\/div>\n<div style='flex: 1 1 300px; min-width: 280px;'>\n<div style='border-left: 5px solid #0091ff; border-radius: 5px; padding: 15px; box-shadow: 2px 2px 10px rgba(216&comma;216&comma;216&comma;0.4); background-color: rgba(216&comma;216&comma;216&comma;0.1);'> <strong style='font-size: 18px; color: inherit;'>Caracter\u00edsticas F\u00edsicas y El\u00e9ctricas:<\/strong> <\/p>\n<ul style='padding-left: 20px; font-size: 15px; margin-top: 15px; color: inherit;'>\n<li style='margin-bottom: 8px;'>Alimentaci\u00f3n AC: 120V 60 Hz<\/li>\n<li style='margin-bottom: 8px;'>300W Incandescente&comma; 150W LED y CFL<\/li>\n<li style='margin-bottom: 8px;'>Compatible con focos atenuables<\/li>\n<li style='margin-bottom: 8px;'>Instalaci\u00f3n 3 y 4 v\u00edas<\/li>\n<li style='margin-bottom: 8px;'>Requiere cable neutro<\/li>\n<\/ul><\/div>\n<\/p><\/div>\n<div style='flex: 1 1 300px; min-width: 280px;'>\n<div style='border-left: 5px solid #0091ff; border-radius: 5px; padding: 15px; box-shadow: 2px 2px 10px rgba(216&comma;216&comma;216&comma;0.4); background-color: rgba(216&comma;216&comma;216&comma;0.1);'> <strong style='font-size: 18px; color: inherit;'>Caracter\u00edsticas de Conectividad:<\/strong> <\/p>\n<ul style='padding-left: 20px; font-size: 15px; margin-top: 15px; color: inherit;'>\n<li style='margin-bottom: 8px;'>Wifi 802.11 b\/g\/n &comma; 2.4 GHZ<\/li>\n<li style='margin-bottom: 8px;'>Compatible con WPA o WPA2<\/li>\n<li style='margin-bottom: 8px;'>DHCP IP din\u00e1mica<\/li>\n<li style='margin-bottom: 8px;'>Compatible con Alexa&comma; GoogleHome&comma; Apple HomeKit&comma; Siri<\/li>\n<li style='margin-bottom: 8px;'><a href='https:\/\/www.brilliant.tech\/pages\/works-with' style='color: #0091ff; text-decoration: none;'>Marcas compatibles.<\/a><\/li>\n<\/ul><\/div>\n<\/p><\/div>\n<\/p><\/div>\n<p style='font-size: 15px; margin-bottom: 20px; color: inherit;'>Brilliant funciona con una lista cada vez mayor de los mejores productos para el hogar inteligente&comma; incluidos Alexa&comma; Google Assistant&comma; Apple HomeKit&comma; Google Nest&comma; Ring&comma; Sonos&comma; Hue&comma; LIFX&comma; Resideo&comma; Honeywell Home&comma; Ecobee&comma; Schlage&comma; Yale&comma; August&comma; Genie&comma; Wemo&comma; TP-Link&comma; SmartThings y <a href='https:\/\/www.brilliant.tech\/pages\/works-with' style='color: #0091ff; text-decoration: none;'>m\u00e1s.<\/a><\/p>\n<p style='font-size: 15px; margin-bottom: 20px; color: inherit;'>Transforme su casa o apartamento en un hogar inteligente f\u00e1cil de usar con Brilliant Smart Home Control y la aplicaci\u00f3n. Obtenga control al instante sobre todos sus productos para el hogar inteligente a trav\u00e9s de una sola aplicaci\u00f3n y una pantalla que simplemente se instala en lugar de cualquier interruptor de luz.<\/p>\n<div style='margin: 30px 0;'> <img style='width: 100%; height: auto; border: 1px solid rgba(150&comma;150&comma;150&comma;0.3); border-radius: 8px;' src='https:\/\/i.ibb.co\/3d7cC37\/brilliant-instalacion.jpg' alt=''> <\/div>\n<\/p><\/div>\n","protected":false},"excerpt":{"rendered":"<p>Control touch desde su pantalla en pared, compatible con 2 cargas para controlar iluminaci\u00f3n.<\/p>\n","protected":false},"featured_media":2177,"comment_status":"open","ping_status":"closed","template":"","meta":[],"product_brand":[],"product_cat":[56],"product_tag":[30,409,57],"class_list":{"0":"post-2178","1":"product","2":"type-product","3":"status-publish","4":"has-post-thumbnail","6":"product_cat-control-de-iluminacion","7":"product_tag-automatizacion-casa-inteligente","8":"product_tag-brilliant","9":"product_tag-control-de-iluminacion","11":"first","12":"instock","13":"sale","14":"shipping-taxable","15":"purchasable","16":"product-type-simple"},"_links":{"self":[{"href":"https:\/\/soydeaqui.ddns.net\/pachuca\/index.php\/wp-json\/wp\/v2\/product\/2178","targetHints":{"allow":["GET"]}}],"collection":[{"href":"https:\/\/soydeaqui.ddns.net\/pachuca\/index.php\/wp-json\/wp\/v2\/product"}],"about":[{"href":"https:\/\/soydeaqui.ddns.net\/pachuca\/index.php\/wp-json\/wp\/v2\/types\/product"}],"replies":[{"embeddable":true,"href":"https:\/\/soydeaqui.ddns.net\/pachuca\/index.php\/wp-json\/wp\/v2\/comments?post=2178"}],"wp:featuredmedia":[{"embeddable":true,"href":"https:\/\/soydeaqui.ddns.net\/pachuca\/index.php\/wp-json\/wp\/v2\/media\/2177"}],"wp:attachment":[{"href":"https:\/\/soydeaqui.ddns.net\/pachuca\/index.php\/wp-json\/wp\/v2\/media?parent=2178"}],"wp:term":[{"taxonomy":"product_brand","embeddable":true,"href":"https:\/\/soydeaqui.ddns.net\/pachuca\/index.php\/wp-json\/wp\/v2\/product_brand?post=2178"},{"taxonomy":"product_cat","embeddable":true,"href":"https:\/\/soydeaqui.ddns.net\/pachuca\/index.php\/wp-json\/wp\/v2\/product_cat?post=2178"},{"taxonomy":"product_tag","embeddable":true,"href":"https:\/\/soydeaqui.ddns.net\/pachuca\/index.php\/wp-json\/wp\/v2\/product_tag?post=2178"}],"curies":[{"name":"wp","href":"https:\/\/api.w.org\/{rel}","templated":true}]}}