{"id":21776,"date":"2026-03-18T10:45:01","date_gmt":"2026-03-18T10:45:01","guid":{"rendered":"https:\/\/soydeaqui.ddns.net\/pachuca\/index.php\/producto\/motor-p-puertas-garage-1-2hp-silencioso-no-incluye-riel-2-controles-inalambricos-visera-1-control-inalambrico-pared-apertura-mediante-app\/"},"modified":"2026-03-18T10:45:01","modified_gmt":"2026-03-18T10:45:01","slug":"motor-p-puertas-garage-1-2hp-silencioso-no-incluye-riel-2-controles-inalambricos-visera-1-control-inalambrico-pared-apertura-mediante-app","status":"publish","type":"product","link":"https:\/\/soydeaqui.ddns.net\/pachuca\/index.php\/producto\/motor-p-puertas-garage-1-2hp-silencioso-no-incluye-riel-2-controles-inalambricos-visera-1-control-inalambrico-pared-apertura-mediante-app\/","title":{"rendered":"Motor P\/ Puertas Garage \/ 1\/2HP \/ Silencioso  \/ NO incluye riel  \/ 2 Controles Inal\u00e1mbricos Visera \/ 1 Control Inal\u00e1mbrico Pared \/ Apertura Mediante App."},"content":{"rendered":"<div style='width: 100%; max-width: 1200px; margin: 0 auto; font-family: sans-serif; line-height: 1.6; color: inherit; background-color: transparent;'>\n<h2 style='font-size: 24px; border-bottom: 2px solid currentColor; padding-bottom: 5px; margin-top: 0; color: inherit; opacity: 0.8;'>Descripci\u00f3n<\/h2>\n<p style='font-size: 15px; color: inherit;'>Dale a tu garage la comodidad y seguridad que se merece con nuestro avanzado <strong>motor para puertas de garage<\/strong>. Con nuestra tecnolog\u00eda de vanguardia&comma; podr\u00e1s abrir y cerrar tu puerta de manera <strong>autom\u00e1tica<\/strong>&comma; sin esfuerzo y desde la comodidad de tu coche&comma; tel\u00e9fono o control remoto. Ya no tendr\u00e1s que preocuparte por la lluvia&comma; el viento o cargar cosas pesadas mientras intentas abrir tu garaje manualmente.<\/p>\n<hr style='border: 0; border-top: 1px solid rgba(150&comma; 150&comma; 150&comma; 0.3); margin: 30px 0;'>\n<h2 style='font-size: 24px; border-bottom: 2px solid currentColor; padding-bottom: 5px; margin-top: 0; color: inherit; opacity: 0.8;'>Especificaciones t\u00e9cnicas<\/h2>\n<div style='display: flex; flex-wrap: wrap; gap: 20px; margin-top: 20px;'>\n<div style='flex: 1 1 300px; min-width: 280px;'>\n<h3 style='font-size: 20px; border-bottom: 2px solid currentColor; padding-bottom: 5px; margin-top: 0; color: inherit; opacity: 0.8;'>Caracter\u00edsticas principales<\/h3>\n<ul style='padding-left: 20px; font-size: 15px; color: inherit;'>\n<li style='margin-bottom: 5px;'><strong>Compatible con rieles tipo &#8216;T&#8217;<\/strong> (Requiere AC-SPROCKET no incluido)<\/li>\n<li style='margin-bottom: 5px;'><strong>NO INCLUYE RIEL<\/strong><\/li>\n<li style='margin-bottom: 5px;'>Hasta 50 controles inal\u00e1mbricos<\/li>\n<li style='margin-bottom: 5px;'>Funci\u00f3n de cierre autom\u00e1tico<\/li>\n<li style='margin-bottom: 5px;'>Compatible con cualquier tipo de bot\u00f3n de apertura (funci\u00f3n paso a paso)<\/li>\n<li style='margin-bottom: 5px;'><strong>Alarma por mantenimiento preventivo<\/strong><\/li>\n<li style='margin-bottom: 5px;'>Frecuencia 433Mhz<\/li>\n<li style='margin-bottom: 5px;'>Ajuste de la fuerza<\/li>\n<li style='margin-bottom: 5px;'>Sensor de estado de puerta peatonal<\/li>\n<\/ul><\/div>\n<div style='flex: 1 1 300px; min-width: 280px;'>\n<h3 style='font-size: 20px; border-bottom: 2px solid currentColor; padding-bottom: 5px; margin-top: 0; color: inherit; opacity: 0.8;'>Caracter\u00edsticas F\u00edsicas y El\u00e9ctricas<\/h3>\n<ul style='padding-left: 20px; font-size: 15px; color: inherit;'>\n<li style='margin-bottom: 5px;'>Voltaje de operaci\u00f3n: 127 Vca<\/li>\n<li style='margin-bottom: 5px;'>Consumo de corriente de 1A (puerta correctamente balanceada)<\/li>\n<li style='margin-bottom: 5px;'><strong>Salida 24v para cerradura<\/strong><\/li>\n<li style='margin-bottom: 5px;'>Motor de 1\/2 HP<\/li>\n<\/ul><\/div>\n<div style='flex: 1 1 300px; min-width: 280px;'>\n<h3 style='font-size: 20px; border-bottom: 2px solid currentColor; padding-bottom: 5px; margin-top: 0; color: inherit; opacity: 0.8;'>Caracter\u00edsticas Destacadas<\/h3>\n<ul style='padding-left: 20px; font-size: 15px; color: inherit;'>\n<li style='margin-bottom: 5px;'><strong>Acepta cualquier tipo de fotocelda<\/strong> <strong>(COM y NC)<\/strong><\/li>\n<li style='margin-bottom: 5px;'>Funci\u00f3n de conteo de ciclos para emitir una alarma por mantenimiento<\/li>\n<li style='margin-bottom: 5px;'>Compatible con bater\u00eda de respaldo<\/li>\n<li style='margin-bottom: 5px;'>Compatible con cualquier tipo de bot\u00f3n de apertura (COM y NO&comma; funci\u00f3n paso a paso)<\/li>\n<li style='margin-bottom: 5px;'>Cierre autom\u00e1tico<\/li>\n<li style='margin-bottom: 5px;'>Ajuste de altura en reversa<\/li>\n<li style='margin-bottom: 5px;'><strong>Compatible con App requiere modulo ACCESSWIFI<\/strong><\/li>\n<\/ul><\/div>\n<\/p><\/div>\n<hr style='border: 0; border-top: 1px solid rgba(150&comma; 150&comma; 150&comma; 0.3); margin: 30px 0;'>\n<h2 style='font-size: 24px; border-bottom: 2px solid currentColor; padding-bottom: 5px; margin-top: 0; color: inherit; opacity: 0.8;'>Requerimientos para instalaci\u00f3n<\/h2>\n<div style='display: flex; flex-direction: column; gap: 15px; margin-top: 20px;'>\n<div style='font-size: 15px; color: inherit;'>1x <a style='color: inherit; text-decoration: underline;' href='https:\/\/www.syscom.mx\/producto\/accesspro-fs1000app-si-237474.html'>FS1000APPSI<\/a> Motor de puertas de garage.<\/div>\n<div style='font-size: 15px; color: inherit;'>1x Puerta de garage <a style='color: inherit; text-decoration: underline;' href='https:\/\/www.syscom.mx\/principal\/promociones\/puertas_de_garage_seguridad_y_estilo_para_tu_hogar-9974.html?ordenar=Relevancia&#038;pag=1'>(click aqui para revisar modelos de puertas de garage)<\/a><\/div>\n<div style='font-size: 15px; color: inherit;'>1 x Riel <a style='color: inherit; text-decoration: underline;' href='https:\/\/www.syscom.mx\/producto\/ACCESSRAILC3-ACCESSPRO-176549.html'>ACCESSRAILC3<\/a><\/div>\n<\/p><\/div>\n<hr style='border: 0; border-top: 1px solid rgba(150&comma; 150&comma; 150&comma; 0.3); margin: 30px 0;'>\n<h2 style='font-size: 24px; border-bottom: 2px solid currentColor; padding-bottom: 5px; margin-top: 0; color: inherit; opacity: 0.8;'>Accesorios disponibles<\/h2>\n<div style='display: grid; grid-template-columns: repeat(auto-fill&comma; minmax(250px&comma; 1fr)); gap: 20px; margin-top: 20px;'>\n<div style='border: 1px solid rgba(150&comma; 150&comma; 150&comma; 0.4); border-radius: 8px; padding: 15px;'> <a style='color: inherit; text-decoration: underline;' href='https:\/\/www.syscom.mx\/producto\/ACCESSVR01-ACCESSPRO-176538.html'>ACCESSVR01<\/a> Control inal\u00e1mbrico de visera. <\/div>\n<div style='border: 1px solid rgba(150&comma; 150&comma; 150&comma; 0.4); border-radius: 8px; padding: 15px;'> <a style='color: inherit; text-decoration: underline;' href='https:\/\/www.syscom.mx\/producto\/ACCESSWS01-ACCESSPRO-176540.html'>ACCESSWS01<\/a> Control inal\u00e1mbrico de pared. <\/div>\n<div style='border: 1px solid rgba(150&comma; 150&comma; 150&comma; 0.4); border-radius: 8px; padding: 15px;'> <a style='color: inherit; text-decoration: underline;' href='https:\/\/www.syscom.mx\/producto\/ACCESSPC01-ACCESSPRO-176545.html'>ACCESSPC01<\/a> Fotocelda de seguridad. <\/div>\n<div style='border: 1px solid rgba(150&comma; 150&comma; 150&comma; 0.4); border-radius: 8px; padding: 15px;'> <a style='color: inherit; text-decoration: underline;' href='https:\/\/www.syscom.mx\/producto\/PL-1.2-12-EPCOM-POWERLINE-67461.html'>PL1.212<\/a> Bater\u00edas de respaldo. <\/div>\n<div style='border: 1px solid rgba(150&comma; 150&comma; 150&comma; 0.4); border-radius: 8px; padding: 15px;'> <a style='color: inherit; text-decoration: underline;' href='https:\/\/www.syscom.mx\/producto\/ACCESSWIFI-ACCESSPRO-211041.html'>ACCESSWIFI<\/a> Interfase USB WiFi. <\/div>\n<div style='border: 1px solid rgba(150&comma; 150&comma; 150&comma; 0.4); border-radius: 8px; padding: 15px;'> <a style='color: inherit; text-decoration: underline;' href='https:\/\/www.syscom.mx\/producto\/ACCESSRAILC3-ACCESSPRO-176549.html'>ACCESSRAILC3<\/a> Riel de 3mts tipo T. <\/div>\n<div style='border: 1px solid rgba(150&comma; 150&comma; 150&comma; 0.4); border-radius: 8px; padding: 15px;'> <a style='color: inherit; text-decoration: underline;' href='https:\/\/www.syscom.mx\/producto\/ACCESS-EXT-RAILC-ACCESSPRO-191670.html'>ACCESS-EXT-RAILC<\/a> Extensi\u00f3n de 1mt de riel tipo T. <\/div>\n<\/p><\/div>\n<p style='margin-top: 20px; font-size: 15px; color: inherit;'>(Bater\u00edas de respaldo no incluidas&comma; colocar 2 bater\u00edas PL1.212 en serie&comma; requiere cable modelo <a style='color: inherit; text-decoration: underline;' href='https:\/\/www.syscom.mx\/producto\/ACCESS-CORD-ACCESSPRO-196161.html'>ACCESSCORD<\/a> y la base <a style='color: inherit; text-decoration: underline;' href='https:\/\/www.syscom.mx\/producto\/HOLDER-BAT-ACCESSPRO-192690.html'>HOLDERBAT<\/a>).<\/p>\n<p style='font-size: 15px; color: inherit;'>Modulo <a style='color: inherit; text-decoration: underline;' href='https:\/\/www.syscom.mx\/producto\/ACCESSWIFI-ACCESSPRO-211041.html'>ACCESSWIFI<\/a> se vende por separado.<\/p>\n<hr style='border: 0; border-top: 1px solid rgba(150&comma; 150&comma; 150&comma; 0.3); margin: 30px 0;'>\n<h2 style='font-size: 24px; border-bottom: 2px solid currentColor; padding-bottom: 5px; margin-top: 0; color: inherit; opacity: 0.8;'>Funciones desde la App<\/h2>\n<ul style='padding-left: 20px; font-size: 15px; color: inherit;'>\n<li style='margin-bottom: 5px;'>Abrir y cerrar la puerta remotamente<\/li>\n<li style='margin-bottom: 5px;'>Configurar l\u00edmites de apertura y cierre<\/li>\n<li style='margin-bottom: 5px;'>Configurar retardo de la luz de cortes\u00eda<\/li>\n<li style='margin-bottom: 5px;'>Configuraci\u00f3n del tiempo del cierre autom\u00e1tico<\/li>\n<li style='margin-bottom: 5px;'>Configuraci\u00f3n de la altura de la apertura parcial<\/li>\n<li style='margin-bottom: 5px;'>Conocer el estatus de la puerta<\/li>\n<\/ul>\n<div style='display: flex; flex-wrap: wrap; gap: 20px; margin-top: 20px;'> <img style='width: 100%; max-width: 200px; height: auto; border: 1px solid rgba(150&comma;150&comma;150&comma;0.3); border-radius: 8px;' src='https:\/\/ftp3.syscom.mx\/usuarios\/mario.rodriguez\/MOTORPUERTASDEGARAJE\/ACCESSWIFI\/QR2.jpeg' alt=''> <img style='width: 100%; max-width: 200px; height: auto; border: 1px solid rgba(150&comma;150&comma;150&comma;0.3); border-radius: 8px;' src='https:\/\/ftp3.syscom.mx\/usuarios\/mario.rodriguez\/MOTORPUERTASDEGARAJE\/ACCESSWIFI\/QR1.jpeg' alt=''> <\/div>\n<hr style='border: 0; border-top: 1px solid rgba(150&comma; 150&comma; 150&comma; 0.3); margin: 30px 0;'>\n<h2 style='font-size: 24px; border-bottom: 2px solid currentColor; padding-bottom: 5px; margin-top: 0; color: inherit; opacity: 0.8;'>Contenido del kit<\/h2>\n<div style='display: flex; flex-wrap: wrap; gap: 30px; margin-top: 20px;'>\n<div style='flex: 1 1 300px; min-width: 280px;'>\n<ul style='padding-left: 20px; font-size: 15px; color: inherit;'>\n<li style='margin-bottom: 5px;'>Operador de puerta de garage<\/li>\n<li style='margin-bottom: 5px;'>2 Controles inal\u00e1mbricos de visera<\/li>\n<li style='margin-bottom: 5px;'>1 Control inal\u00e1mbrico de pared<\/li>\n<li style='margin-bottom: 5px;'>Manual de instalaci\u00f3n<\/li>\n<li style='margin-bottom: 5px;'>Herrajes y torniller\u00eda<\/li>\n<\/ul><\/div>\n<div style='flex: 1 1 300px; min-width: 280px;'> <img style='width: 100%; height: auto; border: 1px solid rgba(150&comma;150&comma;150&comma;0.3); border-radius: 8px;' src='https:\/\/ftp3.syscom.mx\/usuarios\/mario.rodriguez\/MOTORPUERTASDEGARAJE\/FS1000APP\/Captura.JPG' alt=''> <\/div>\n<\/p><\/div>\n<hr style='border: 0; border-top: 1px solid rgba(150&comma; 150&comma; 150&comma; 0.3); margin: 30px 0;'>\n<h2 style='font-size: 24px; border-bottom: 2px solid currentColor; padding-bottom: 5px; margin-top: 0; color: inherit; opacity: 0.8;'>Funcionamiento<\/h2>\n<div style='display: flex; flex-wrap: wrap; gap: 30px; margin-top: 20px;'>\n<div style='flex: 1 1 300px; min-width: 280px;'> <img style='width: 100%; height: auto; border: 1px solid rgba(150&comma;150&comma;150&comma;0.3); border-radius: 8px;' src='https:\/\/ftp3.syscom.mx\/usuarios\/mario.rodriguez\/MOTORPUERTASDEGARAJE\/FS1000APP\/app3.jpg' alt=''> <\/div>\n<div style='flex: 1 1 300px; min-width: 280px;'> <img style='width: 100%; height: auto; border: 1px solid rgba(150&comma;150&comma;150&comma;0.3); border-radius: 8px;' src='https:\/\/ftp3.syscom.mx\/usuarios\/mario.rodriguez\/MOTORPUERTASDEGARAJE\/FS1000APP\/app.2.jpg' alt=''> <\/div>\n<div style='flex: 1 1 300px; min-width: 280px;'> <img style='width: 100%; height: auto; border: 1px solid rgba(150&comma;150&comma;150&comma;0.3); border-radius: 8px;' src='https:\/\/ftp3.syscom.mx\/usuarios\/mario.rodriguez\/MOTORPUERTASDEGARAJE\/ACCESSWIFI\/app5.jpeg' alt=''> <\/div>\n<\/p><\/div>\n<hr style='border: 0; border-top: 1px solid rgba(150&comma; 150&comma; 150&comma; 0.3); margin: 30px 0;'>\n<h2 style='font-size: 24px; border-bottom: 2px solid currentColor; padding-bottom: 5px; margin-top: 0; color: inherit; opacity: 0.8;'>Gu\u00eda de instalaci\u00f3n<\/h2>\n<p style='font-size: 15px; color: inherit;'>Instalaci\u00f3n en puerta corrediza: <a style='color: inherit; text-decoration: underline;' href='https:\/\/youtu.be\/nUtjNyWT0CI'>Ver video<\/a><\/p>\n<div style='display: flex; flex-wrap: wrap; gap: 20px; margin-top: 20px;'>\n<div style='flex: 1 1 45%; min-width: 300px;'>\n<div style='position: relative; padding-bottom: 56.25%; height: 0; overflow: hidden; margin-bottom: 30px;'>   <\/div>\n<\/p><\/div>\n<div style='flex: 1 1 45%; min-width: 300px;'>\n<div style='position: relative; padding-bottom: 56.25%; height: 0; overflow: hidden; margin-bottom: 30px;'>   <\/div>\n<\/p><\/div>\n<div style='flex: 1 1 45%; min-width: 300px;'>\n<div style='position: relative; padding-bottom: 56.25%; height: 0; overflow: hidden; margin-bottom: 30px;'>   <\/div>\n<\/p><\/div>\n<\/p><\/div>\n<hr style='border: 0; border-top: 1px solid rgba(150&comma; 150&comma; 150&comma; 0.3); margin: 30px 0;'>\n<h2 style='font-size: 24px; border-bottom: 2px solid currentColor; padding-bottom: 5px; margin-top: 0; color: inherit; opacity: 0.8;'>Notas importantes<\/h2>\n<ul style='padding-left: 20px; font-size: 15px; color: inherit;'>\n<li style='margin-bottom: 5px;'>La distancia m\u00e1xima para automatizar una puerta corrediza es de 6mts<\/li>\n<li style='margin-bottom: 5px;'>El n\u00famero de ciclos que soporta la bater\u00eda de respaldo var\u00eda dependiendo del peso de la puerta (si es una puerta corrediza&comma; abatible o seccional)<\/li>\n<li style='margin-bottom: 5px;'>El motor debe ser instalado bajo alg\u00fan techo o dentro de una cubierta para protegerlo de la lluvia<\/li>\n<\/ul>\n<hr style='border: 0; border-top: 1px solid rgba(150&comma; 150&comma; 150&comma; 0.3); margin: 30px 0;'>\n<h2 style='font-size: 24px; border-bottom: 2px solid currentColor; padding-bottom: 5px; margin-top: 0; color: inherit; opacity: 0.8;'>Garant\u00eda<\/h2>\n<ul style='padding-left: 20px; font-size: 15px; color: inherit;'>\n<li style='margin-bottom: 5px;'>3 a\u00f1os de garant\u00eda en el motor<\/li>\n<li style='margin-bottom: 5px;'>1 a\u00f1o de garant\u00eda en partes mec\u00e1nicas (engranes&comma; flecha)<\/li>\n<li style='margin-bottom: 5px;'>1 a\u00f1o de garant\u00eda en bater\u00eda de respaldo<\/li>\n<li style='margin-bottom: 5px;'>1 a\u00f1o de garant\u00eda en tarjetas electr\u00f3nicas<\/li>\n<\/ul><\/div>\n","protected":false},"excerpt":{"rendered":"<p>Motor P\/ Puertas Garage \/ 1\/2HP \/ Silencioso  \/ NO incluye riel  \/ 2 Controles Inal\u00e1mbricos Visera \/ 1 Control Inal\u00e1mbrico Pared \/ Apertura Mediante App.<\/p>\n","protected":false},"featured_media":21775,"comment_status":"open","ping_status":"closed","template":"","meta":[],"product_brand":[],"product_cat":[400],"product_tag":[401,234,402],"class_list":{"0":"post-21776","1":"product","2":"type-product","3":"status-publish","4":"has-post-thumbnail","6":"product_cat-puertas-de-garage","7":"product_tag-acceso-vehicular","8":"product_tag-accesspro","9":"product_tag-puertas-de-garage","11":"first","12":"outofstock","13":"sale","14":"shipping-taxable","15":"purchasable","16":"product-type-simple"},"_links":{"self":[{"href":"https:\/\/soydeaqui.ddns.net\/pachuca\/index.php\/wp-json\/wp\/v2\/product\/21776","targetHints":{"allow":["GET"]}}],"collection":[{"href":"https:\/\/soydeaqui.ddns.net\/pachuca\/index.php\/wp-json\/wp\/v2\/product"}],"about":[{"href":"https:\/\/soydeaqui.ddns.net\/pachuca\/index.php\/wp-json\/wp\/v2\/types\/product"}],"replies":[{"embeddable":true,"href":"https:\/\/soydeaqui.ddns.net\/pachuca\/index.php\/wp-json\/wp\/v2\/comments?post=21776"}],"wp:featuredmedia":[{"embeddable":true,"href":"https:\/\/soydeaqui.ddns.net\/pachuca\/index.php\/wp-json\/wp\/v2\/media\/21775"}],"wp:attachment":[{"href":"https:\/\/soydeaqui.ddns.net\/pachuca\/index.php\/wp-json\/wp\/v2\/media?parent=21776"}],"wp:term":[{"taxonomy":"product_brand","embeddable":true,"href":"https:\/\/soydeaqui.ddns.net\/pachuca\/index.php\/wp-json\/wp\/v2\/product_brand?post=21776"},{"taxonomy":"product_cat","embeddable":true,"href":"https:\/\/soydeaqui.ddns.net\/pachuca\/index.php\/wp-json\/wp\/v2\/product_cat?post=21776"},{"taxonomy":"product_tag","embeddable":true,"href":"https:\/\/soydeaqui.ddns.net\/pachuca\/index.php\/wp-json\/wp\/v2\/product_tag?post=21776"}],"curies":[{"name":"wp","href":"https:\/\/api.w.org\/{rel}","templated":true}]}}