{"id":21772,"date":"2026-03-18T10:44:57","date_gmt":"2026-03-18T10:44:57","guid":{"rendered":"https:\/\/soydeaqui.ddns.net\/pachuca\/index.php\/producto\/teclado-con-lector-fisico-de-qrs-para-exterior-antivandalico-ip65-ik09-con-funcion-de-videoportero-multiapartamento-tarjeta-codigo-qr-pin-o-app-hikconnect-camara-2-mp-compatible-con-nvrs-so\/"},"modified":"2026-03-18T10:44:59","modified_gmt":"2026-03-18T10:44:59","slug":"teclado-con-lector-fisico-de-qrs-para-exterior-antivandalico-ip65-ik09-con-funcion-de-videoportero-multiapartamento-tarjeta-codigo-qr-pin-o-app-hikconnect-camara-2-mp-compatible-con-nvrs-so","status":"publish","type":"product","link":"https:\/\/soydeaqui.ddns.net\/pachuca\/index.php\/producto\/teclado-con-lector-fisico-de-qrs-para-exterior-antivandalico-ip65-ik09-con-funcion-de-videoportero-multiapartamento-tarjeta-codigo-qr-pin-o-app-hikconnect-camara-2-mp-compatible-con-nvrs-so\/","title":{"rendered":"Teclado con Lector F\u00edsico de QRs para Exterior Antivand\u00e1lico IP65 &#038; IK09 con funci\u00f3n de Videoportero Multiapartamento \/ Tarjeta, C\u00f3digo QR, PIN o App HikConnect  \/ C\u00e1mara 2 MP compatible con NVRs \/ Soporta b"},"content":{"rendered":"<div style='width: 100%; max-width: 1200px; margin: 0 auto; font-family: sans-serif; line-height: 1.6; color: inherit; background-color: transparent;'>\n<div style='display: flex; flex-wrap: wrap; gap: 30px; margin-bottom: 30px;'>\n<div style='flex: 1 1 300px; min-width: 280px;'> <img style='width: 100%; height: auto; border: 1px solid rgba(150&comma;150&comma;150&comma;0.3); border-radius: 8px;' src='https:\/\/ftp3.syscom.mx\/usuarios\/fespinoza\/HIKVISION\/banner_hikconnect_6.png' alt='Banner HikConnect'> <\/div>\n<div style='flex: 1 1 300px; min-width: 280px;'>\n<h2 style='font-size: 24px; margin-top: 0; color: inherit;'>Administre este equipo en la Nube Aproveche <span style='color: #c0392b;'>Hik-Connect Teams<\/span><\/h2>\n<p style='color: inherit;'><span style='color: #c0392b;'>* Gratis para 10 Dispositivos y 100 empleados (licenciamiento para expandir disponible).<\/span><\/p>\n<p style='color: inherit;'>HikConnect Teams es una plataforma <strong>SaaS<\/strong> para la gesti\u00f3n unificada en la nube de la seguridad con mayor rentabilidad&comma; f\u00e1cil de implementar&comma; altamente escalable en todos sus niveles y extremadamente seguro.<\/p>\n<p style='color: inherit; font-style: italic;'><strong>*SaaS<\/strong> &#8211; Software as a Service \/ Software como servicio.<\/p>\n<ul style='padding-left: 20px; font-size: 15px; color: inherit;'>\n<li style='margin-bottom: 5px; font-style: italic;'>Administraci\u00f3n de usuarios&comma; roles&comma; y sucursales.<\/li>\n<li style='margin-bottom: 5px; font-style: italic;'>Sincronizaci\u00f3n autom\u00e1tica de usuarios por \u00e1reas.<\/li>\n<li style='margin-bottom: 5px; font-style: italic;'>Chequeo de Asistencia por App de Smartphone con ubicaci\u00f3n GPS.<\/li>\n<li style='margin-bottom: 5px; font-style: italic;'>Reportes de acceso y asistencia remotos.<\/li>\n<li style='margin-bottom: 5px; font-style: italic;'>Pases temporales para visitantes generados desde App.<\/li>\n<li style='margin-bottom: 5px; font-style: italic;'>Integrable con Videovigilancia&comma; Intercom&comma; Monitoreo de Veh\u00edculos etc<\/li>\n<\/ul><\/div>\n<\/p><\/div>\n<div style='display: flex; flex-wrap: wrap; gap: 20px; margin-bottom: 30px;'>\n<div style='flex: 1 1 250px; border: 1px solid rgba(150&comma; 150&comma; 150&comma; 0.4); border-radius: 8px; overflow: hidden; display: flex; flex-direction: column;'>\n<div style='padding: 15px; border-bottom: 1px solid rgba(150&comma; 150&comma; 150&comma; 0.2); font-weight: bold; font-size: 18px; color: inherit;'>Caracter\u00edsticas Principales<\/div>\n<div style='padding: 15px; color: inherit;'>\n<ul style='padding-left: 20px; margin: 0; font-size: 14px; list-style-type: disc;'>\n<li style='margin-bottom: 5px;'><strong><span style='color: #c0392b;'>No soporta huellas.<\/span><\/strong><\/li>\n<li style='margin-bottom: 5px;'>Soporta 100&comma;000 Tarjetas Mifare<\/li>\n<li style='margin-bottom: 5px;'>300&comma;000 eventos<\/li>\n<li style='margin-bottom: 5px;'>C\u00e1mara de 2 MP.<\/li>\n<li style='margin-bottom: 5px;'>Comunicaci\u00f3n de 2 v\u00edas<\/li>\n<li style='margin-bottom: 5px;'>Vista en vivo a trav\u00e9s de HikConnect<\/li>\n<li style='margin-bottom: 5px;'>Grabaci\u00f3n de video en NVR<\/li>\n<li style='margin-bottom: 5px;'>Control de acceso por Tarjeta&comma; C\u00f3digo QR&comma; Pin&comma; Tarjeta Virtual (Smartphone Bluetooth)&comma; o App.<\/li>\n<\/ul><\/div>\n<\/p><\/div>\n<div style='flex: 1 1 250px; border: 1px solid rgba(150&comma; 150&comma; 150&comma; 0.4); border-radius: 8px; overflow: hidden; display: flex; flex-direction: column;'>\n<div style='padding: 15px; border-bottom: 1px solid rgba(150&comma; 150&comma; 150&comma; 0.2); font-weight: bold; font-size: 18px; color: inherit;'>Caracter\u00edsticas F\u00edsicas y El\u00e9ctricas<\/div>\n<div style='padding: 15px; color: inherit;'>\n<ul style='padding-left: 20px; margin: 0; font-size: 14px; list-style-type: disc;'>\n<li style='margin-bottom: 5px;'><span style='color: #c0392b;'><strong>Exterior IP65 &#038; IK08<\/strong><\/span><\/li>\n<li style='margin-bottom: 5px;'>Alimentaci\u00f3n 12 Vcc (No incluida)<\/li>\n<li style='margin-bottom: 5px;'>Dimensiones: 177 \u00d7 81 \u00d7 24.1 mm (W \u00d7 D \u00d7 H).<\/li>\n<li style='margin-bottom: 5px;'><strong>TCP\/IP Cableado o WiFi.<\/strong><\/li>\n<li style='margin-bottom: 5px;'>1x Conexi\u00f3n RS485<\/li>\n<li style='margin-bottom: 5px;'>1x Conexi\u00f3n Wiegand (solo salida)<\/li>\n<li style='margin-bottom: 5px;'>1x Salida de relevador para cerradura<\/li>\n<li style='margin-bottom: 5px;'>1x Bot\u00f3n REX<\/li>\n<li style='margin-bottom: 5px;'>1x Sensor de puerta<\/li>\n<li style='margin-bottom: 5px;'>1x Entrada de Alarma<\/li>\n<li style='margin-bottom: 5px;'>1x Salida de Alarma<\/li>\n<\/ul><\/div>\n<\/p><\/div>\n<div style='flex: 1 1 250px; border: 1px solid rgba(150&comma; 150&comma; 150&comma; 0.4); border-radius: 8px; overflow: hidden; display: flex; flex-direction: column;'>\n<div style='padding: 15px; border-bottom: 1px solid rgba(150&comma; 150&comma; 150&comma; 0.2); font-weight: bold; font-size: 18px; color: inherit;'>Caracter\u00edsticas Destacadas<\/div>\n<div style='padding: 15px; color: inherit;'>\n<ul style='padding-left: 20px; margin: 0; font-size: 14px; list-style-type: disc;'>\n<li style='margin-bottom: 5px;'>Alta de contrase\u00f1as y c\u00f3digos QR remotamente con HikConnect Teams \/ App de Smartphone (requiere licencia)<\/li>\n<li style='margin-bottom: 5px;'>Acceso por horarios<\/li>\n<li style='margin-bottom: 5px;'>Interfaz Web para programaci\u00f3n local con PC o Smartphone<\/li>\n<li style='margin-bottom: 5px;'>Compatible con HikConnect Teams<\/li>\n<li style='margin-bottom: 5px;'><span style='color: #c0392b;'>Utiliza puerto 80 para agregarse a IVMS4200<\/span><\/li>\n<li style='margin-bottom: 5px;'><span style='color: #c0392b;'>Soporta lector esclavo DS-K1201AMF<\/span><\/li>\n<li style='margin-bottom: 5px;'><span style='color: #c0392b;'>Llamada de Videoportero Multiapartamento Directo a la App Mediante HikConnect Teams<\/span><\/li>\n<\/ul><\/div>\n<\/p><\/div>\n<\/p><\/div>\n<div style='display: flex; flex-wrap: wrap; gap: 20px; margin-bottom: 30px;'>\n<div style='flex: 1 1 100%; border: 1px solid rgba(150&comma; 150&comma; 150&comma; 0.4); border-radius: 8px; overflow: hidden; display: flex; flex-direction: column;'>\n<div style='padding: 15px; border-bottom: 1px solid rgba(150&comma; 150&comma; 150&comma; 0.2); font-weight: bold; font-size: 18px; color: inherit;'>Consideraciones<\/div>\n<div style='padding: 15px; color: inherit;'>\n<ul style='padding-left: 20px; margin: 0; font-size: 14px; list-style-type: disc;'>\n<li style='margin-bottom: 5px;'>Los botones de llamada (timbre y tel\u00e9fono) son configurables para que puedan llamar a la App&comma; a un departamento fijo&comma; a la estaci\u00f3n de guardia\/IVMS&comma; o como funci\u00f3n Multiapartamento (digitar primero n\u00famero de departamento). Compatible con monitores de Videoportero IP Hikvision.<\/li>\n<\/ul><\/div>\n<\/p><\/div>\n<\/p><\/div>\n<div style='margin-bottom: 30px;'>\n<h2 style='font-size: 22px; text-align: center; margin-bottom: 20px; color: inherit;'>3 Funcionalidades Clave y sus Alcances<\/h2>\n<hr style='border: 0; border-top: 1px solid rgba(150&comma; 150&comma; 150&comma; 0.3); margin: 20px 0;'> <\/div>\n<div style='display: flex; flex-wrap: wrap; gap: 30px; margin-bottom: 30px;'>\n<div style='flex: 1 1 300px; min-width: 280px;'> <span style='font-size: 14pt; color: #2880b9; font-weight: bold;'>Funci\u00f3n Hot Spot Smartphone<\/span> <\/p>\n<div style='position: relative; padding-bottom: 56.25%; height: 0; overflow: hidden; margin-top: 15px;'>   <\/div>\n<\/p><\/div>\n<div style='flex: 1 1 300px; min-width: 280px;'> <span style='color: #2880b9; font-size: 14pt; font-weight: bold;'>Alcances con HikCentral Connect<\/span> <\/p>\n<div style='position: relative; padding-bottom: 56.25%; height: 0; overflow: hidden; margin-top: 15px;'>   <\/div>\n<\/p><\/div>\n<div style='flex: 1 1 300px; min-width: 280px;'> <span style='font-size: 14pt; color: #2880b9; font-weight: bold;'>Funci\u00f3n de Videoportero<\/span> <\/p>\n<div style='position: relative; padding-bottom: 56.25%; height: 0; overflow: hidden; margin-top: 15px;'>   <\/div>\n<\/p><\/div>\n<\/p><\/div>\n<hr style='border: 0; border-top: 1px solid rgba(150&comma; 150&comma; 150&comma; 0.3); margin: 30px 0;'>\n<div style='display: flex; flex-wrap: wrap; gap: 20px; margin-bottom: 30px;'>\n<div style='flex: 1 1 250px; border: 1px solid rgba(150&comma; 150&comma; 150&comma; 0.4); border-radius: 8px; overflow: hidden; display: flex; flex-direction: column;'>\n<div style='padding: 15px; border-bottom: 1px solid rgba(150&comma; 150&comma; 150&comma; 0.2); font-weight: bold; font-size: 18px; color: inherit;'><span style='color: #c0392b;'>INTERFAZ WEB<\/span><\/div>\n<div style='padding: 15px; color: inherit;'> <img style='width: 100%; height: auto; border: 1px solid rgba(150&comma;150&comma;150&comma;0.3); border-radius: 8px;' src='https:\/\/ftp3.syscom.mx\/usuarios\/fespinoza\/HIKVISION\/Dispositivos\/Biometricos\/DSK1T502DBFWXC\/1.jpg' alt='Interfaz Web 1'> <\/div>\n<\/p><\/div>\n<div style='flex: 1 1 250px; border: 1px solid rgba(150&comma; 150&comma; 150&comma; 0.4); border-radius: 8px; overflow: hidden; display: flex; flex-direction: column;'>\n<div style='padding: 15px; border-bottom: 1px solid rgba(150&comma; 150&comma; 150&comma; 0.2); font-weight: bold; font-size: 18px; color: inherit;'><span style='color: #c0392b;'>INTERFAZ WEB<\/span><\/div>\n<div style='padding: 15px; color: inherit;'> <img style='width: 100%; height: auto; border: 1px solid rgba(150&comma;150&comma;150&comma;0.3); border-radius: 8px;' src='https:\/\/ftp3.syscom.mx\/usuarios\/fespinoza\/HIKVISION\/Dispositivos\/Biometricos\/DSK1T502DBFWXC\/2.jpg' alt='Interfaz Web 2'> <\/div>\n<\/p><\/div>\n<div style='flex: 1 1 250px; border: 1px solid rgba(150&comma; 150&comma; 150&comma; 0.4); border-radius: 8px; overflow: hidden; display: flex; flex-direction: column;'>\n<div style='padding: 15px; border-bottom: 1px solid rgba(150&comma; 150&comma; 150&comma; 0.2); font-weight: bold; font-size: 18px; color: inherit;'><span style='color: #c0392b;'>INTERFAZ WEB<\/span><\/div>\n<div style='padding: 15px; color: inherit;'> <img style='width: 100%; height: auto; border: 1px solid rgba(150&comma;150&comma;150&comma;0.3); border-radius: 8px;' src='https:\/\/ftp3.syscom.mx\/usuarios\/fespinoza\/HIKVISION\/Dispositivos\/Biometricos\/DSK1T502DBFWXC\/3.jpg' alt='Interfaz Web 3'> <\/div>\n<\/p><\/div>\n<div style='flex: 1 1 250px; border: 1px solid rgba(150&comma; 150&comma; 150&comma; 0.4); border-radius: 8px; overflow: hidden; display: flex; flex-direction: column;'>\n<div style='padding: 15px; border-bottom: 1px solid rgba(150&comma; 150&comma; 150&comma; 0.2); font-weight: bold; font-size: 18px; color: inherit;'><span style='color: #2880b9;'>HIKCENTRAL CONNECT<\/span><\/div>\n<div style='padding: 15px; color: inherit;'> <img style='width: 100%; height: auto; border: 1px solid rgba(150&comma;150&comma;150&comma;0.3); border-radius: 8px;' src='https:\/\/ftp3.syscom.mx\/usuarios\/xguereque\/hikvision\/hikcentralconnect\/imagenes\/escritorio1.png' alt='HikCentral Connect 1'> <\/div>\n<\/p><\/div>\n<div style='flex: 1 1 250px; border: 1px solid rgba(150&comma; 150&comma; 150&comma; 0.4); border-radius: 8px; overflow: hidden; display: flex; flex-direction: column;'>\n<div style='padding: 15px; border-bottom: 1px solid rgba(150&comma; 150&comma; 150&comma; 0.2); font-weight: bold; font-size: 18px; color: inherit;'><span style='color: #2880b9;'>HIKCENTRAL CONNECT<\/span><\/div>\n<div style='padding: 15px; color: inherit;'> <img style='width: 100%; height: auto; border: 1px solid rgba(150&comma;150&comma;150&comma;0.3); border-radius: 8px;' src='https:\/\/ftp3.syscom.mx\/usuarios\/xguereque\/hikvision\/hikcentralconnect\/imagenes\/v1.2\/video.png' alt='HikCentral Connect 2'> <\/div>\n<\/p><\/div>\n<\/p><\/div>\n<hr style='border: 0; border-top: 1px solid rgba(150&comma; 150&comma; 150&comma; 0.3); margin: 30px 0;'> <\/div>\n","protected":false},"excerpt":{"rendered":"<p>Teclado con Lector F\u00edsico de QRs para Exterior Antivand\u00e1lico IP65 &#038; IK09 con funci\u00f3n de Videoportero Multiapartamento \/ Tarjeta, C\u00f3digo QR, PIN o App HikConnect  \/ C\u00e1mara 2 MP compatible con NVRs \/ Soporta b<\/p>\n","protected":false},"featured_media":21771,"comment_status":"open","ping_status":"closed","template":"","meta":[],"product_brand":[],"product_cat":[835],"product_tag":[54,836,62],"class_list":{"0":"post-21772","1":"product","2":"type-product","3":"status-publish","4":"has-post-thumbnail","6":"product_cat-todos-teclados-autonomos","7":"product_tag-hikvision","8":"product_tag-teclados-autonomos","9":"product_tag-todos","11":"first","12":"instock","13":"sale","14":"shipping-taxable","15":"purchasable","16":"product-type-simple"},"_links":{"self":[{"href":"https:\/\/soydeaqui.ddns.net\/pachuca\/index.php\/wp-json\/wp\/v2\/product\/21772","targetHints":{"allow":["GET"]}}],"collection":[{"href":"https:\/\/soydeaqui.ddns.net\/pachuca\/index.php\/wp-json\/wp\/v2\/product"}],"about":[{"href":"https:\/\/soydeaqui.ddns.net\/pachuca\/index.php\/wp-json\/wp\/v2\/types\/product"}],"replies":[{"embeddable":true,"href":"https:\/\/soydeaqui.ddns.net\/pachuca\/index.php\/wp-json\/wp\/v2\/comments?post=21772"}],"wp:featuredmedia":[{"embeddable":true,"href":"https:\/\/soydeaqui.ddns.net\/pachuca\/index.php\/wp-json\/wp\/v2\/media\/21771"}],"wp:attachment":[{"href":"https:\/\/soydeaqui.ddns.net\/pachuca\/index.php\/wp-json\/wp\/v2\/media?parent=21772"}],"wp:term":[{"taxonomy":"product_brand","embeddable":true,"href":"https:\/\/soydeaqui.ddns.net\/pachuca\/index.php\/wp-json\/wp\/v2\/product_brand?post=21772"},{"taxonomy":"product_cat","embeddable":true,"href":"https:\/\/soydeaqui.ddns.net\/pachuca\/index.php\/wp-json\/wp\/v2\/product_cat?post=21772"},{"taxonomy":"product_tag","embeddable":true,"href":"https:\/\/soydeaqui.ddns.net\/pachuca\/index.php\/wp-json\/wp\/v2\/product_tag?post=21772"}],"curies":[{"name":"wp","href":"https:\/\/api.w.org\/{rel}","templated":true}]}}