{"id":21770,"date":"2026-03-18T10:44:55","date_gmt":"2026-03-18T10:44:55","guid":{"rendered":"https:\/\/soydeaqui.ddns.net\/pachuca\/index.php\/producto\/chapa-electrica-c880-resistente-al-fuego-ul\/"},"modified":"2026-03-18T10:44:56","modified_gmt":"2026-03-18T10:44:56","slug":"chapa-electrica-c880-resistente-al-fuego-ul","status":"publish","type":"product","link":"https:\/\/soydeaqui.ddns.net\/pachuca\/index.php\/producto\/chapa-electrica-c880-resistente-al-fuego-ul\/","title":{"rendered":"Chapa El\u00e9ctrica c880  \/ Resistente al Fuego \/ UL&reg;"},"content":{"rendered":"<div style='width: 100%; max-width: 1200px; margin: 0 auto; font-family: sans-serif; line-height: 1.6; color: inherit; background-color: transparent;'>\n<div style='display: flex; flex-wrap: wrap; gap: 30px; margin-bottom: 30px;'>\n<div style='flex: 1 1 300px; min-width: 280px;'>\n<h3 style='font-size: 22px; border-bottom: 2px solid currentColor; padding-bottom: 5px; margin-top: 0; color: inherit; opacity: 0.8;'>Caracter\u00edsticas<\/h3>\n<p style='font-size: 15px; color: inherit; margin-top: 0; margin-bottom: 15px;'> Esta Chapa El\u00e9ctrica fue dise\u00f1ada para aplicaciones donde se requiere una alta seguridad sin sacrificar est\u00e9tica&comma; cerrada en caso de falla. Puede trabajar en conjunto con equipo de control de acceso como: lectoras de proximidad&comma; teclados&comma; lectoras biom\u00e9tricas&comma; etc.&comma; o puede trabajar de manera aut\u00f3noma ya que cuenta con una entrada de voltaje (12 Vcc) para activaci\u00f3n remota. <\/p>\n<p style='font-size: 15px; color: inherit; margin-top: 0; margin-bottom: 15px;'> <strong>Recomendada para aplicaciones en puertas de metal o madera&comma; en escuelas&comma; hospitales&comma; edificios p\u00fablicos&comma; privados y gubernamentales&comma; museos&comma; universidades&comma; etc.<\/strong> <\/p>\n<ul style='padding-left: 20px; font-size: 15px; color: inherit; list-style-type: disc;'>\n<li style='margin-bottom: 5px;'>C880EU RX D LR E6268<\/li>\n<li style='margin-bottom: 5px;'>Cerrada en caso de falla.<\/li>\n<li style='margin-bottom: 5px;'>Acero inoxidable.<\/li>\n<li style='margin-bottom: 5px;'>Cilindro convencional<\/li>\n<li style='margin-bottom: 5px;'>3-1\/2&#8242; Dia \u20133-1\/2&#8242; Dia. stepped rose<\/li>\n<li style='margin-bottom: 5px;'>Acabado Satinado.<\/li>\n<li style='margin-bottom: 5px;'>Probada a m\u00e1s de 4 millones de ciclos.<\/li>\n<li style='margin-bottom: 5px;'>Voltaje: 12 Vcc&comma; 500mA (no incluida).<\/li>\n<li style='margin-bottom: 5px;'>Garant\u00eda en piezas el\u00e9ctricas de 2 a\u00f1os.<\/li>\n<li style='margin-bottom: 5px;'>Garant\u00eda en piezas mec\u00e1nicas hasta por 10 a\u00f1os.<\/li>\n<li style='margin-bottom: 5px;'>Se recomienda fuente de respaldo SYSRMTXT.<\/li>\n<li style='margin-bottom: 5px;'>Certificaciones: UL&comma; BHMA&comma; ANSI (A156.2)<\/li>\n<\/ul>\n<p style='font-size: 15px; color: inherit; margin-top: 15px; margin-bottom: 5px;'> <strong>NOTA:<\/strong> Se recomienda usar Bisagra El\u00e9ctrica 9520 para su correcta instalaci\u00f3n. <\/p>\n<p style='font-size: 15px; color: inherit; margin-top: 0; margin-bottom: 0;'> <strong>*Producto Sobre Pedido.<\/strong> <\/p>\n<\/p><\/div>\n<div style='flex: 1 1 300px; min-width: 280px; display: flex; align-items: center; justify-content: center;'> <img style='width: 100%; height: auto; border: 1px solid rgba(150&comma;150&comma;150&comma;0.3); border-radius: 8px;' src='http:\/\/ftp3.syscom.mx\/usuarios\/fotos\/1210F\/28\/1873-dorma-rci_copia.jpg' alt=''> <\/div>\n<\/p><\/div>\n<\/p><\/div>\n","protected":false},"excerpt":{"rendered":"<p>Chapa El\u00e9ctrica c880  \/ Resistente al Fuego \/ UL&reg;<\/p>\n","protected":false},"featured_media":21769,"comment_status":"open","ping_status":"closed","template":"","meta":[],"product_brand":[],"product_cat":[803],"product_tag":[87,804,453],"class_list":{"0":"post-21770","1":"product","2":"type-product","3":"status-publish","4":"has-post-thumbnail","6":"product_cat-electricas","7":"product_tag-cerraduras","8":"product_tag-electricas","9":"product_tag-rci-dormakaba","11":"first","12":"outofstock","13":"sale","14":"shipping-taxable","15":"purchasable","16":"product-type-simple"},"_links":{"self":[{"href":"https:\/\/soydeaqui.ddns.net\/pachuca\/index.php\/wp-json\/wp\/v2\/product\/21770","targetHints":{"allow":["GET"]}}],"collection":[{"href":"https:\/\/soydeaqui.ddns.net\/pachuca\/index.php\/wp-json\/wp\/v2\/product"}],"about":[{"href":"https:\/\/soydeaqui.ddns.net\/pachuca\/index.php\/wp-json\/wp\/v2\/types\/product"}],"replies":[{"embeddable":true,"href":"https:\/\/soydeaqui.ddns.net\/pachuca\/index.php\/wp-json\/wp\/v2\/comments?post=21770"}],"wp:featuredmedia":[{"embeddable":true,"href":"https:\/\/soydeaqui.ddns.net\/pachuca\/index.php\/wp-json\/wp\/v2\/media\/21769"}],"wp:attachment":[{"href":"https:\/\/soydeaqui.ddns.net\/pachuca\/index.php\/wp-json\/wp\/v2\/media?parent=21770"}],"wp:term":[{"taxonomy":"product_brand","embeddable":true,"href":"https:\/\/soydeaqui.ddns.net\/pachuca\/index.php\/wp-json\/wp\/v2\/product_brand?post=21770"},{"taxonomy":"product_cat","embeddable":true,"href":"https:\/\/soydeaqui.ddns.net\/pachuca\/index.php\/wp-json\/wp\/v2\/product_cat?post=21770"},{"taxonomy":"product_tag","embeddable":true,"href":"https:\/\/soydeaqui.ddns.net\/pachuca\/index.php\/wp-json\/wp\/v2\/product_tag?post=21770"}],"curies":[{"name":"wp","href":"https:\/\/api.w.org\/{rel}","templated":true}]}}