{"id":21754,"date":"2026-03-18T10:44:40","date_gmt":"2026-03-18T10:44:40","guid":{"rendered":"https:\/\/soydeaqui.ddns.net\/pachuca\/index.php\/producto\/controlador-de-acceso-para-4-puertas-y-8-lectores-rs485-o-4-wiegand-incluye-gabinete-y-fuente-de-alimentacion-12vcc-8a-soporta-bateria-de-respaldo-wiegand-y-rs-485-10000-tarjetas\/"},"modified":"2026-03-18T10:44:42","modified_gmt":"2026-03-18T10:44:42","slug":"controlador-de-acceso-para-4-puertas-y-8-lectores-rs485-o-4-wiegand-incluye-gabinete-y-fuente-de-alimentacion-12vcc-8a-soporta-bateria-de-respaldo-wiegand-y-rs-485-10000-tarjetas","status":"publish","type":"product","link":"https:\/\/soydeaqui.ddns.net\/pachuca\/index.php\/producto\/controlador-de-acceso-para-4-puertas-y-8-lectores-rs485-o-4-wiegand-incluye-gabinete-y-fuente-de-alimentacion-12vcc-8a-soporta-bateria-de-respaldo-wiegand-y-rs-485-10000-tarjetas\/","title":{"rendered":"Controlador de Acceso para 4 Puertas y 8 Lectores RS485 o 4 Wiegand \/ Incluye Gabinete y Fuente de Alimentaci\u00f3n 12Vcc\/8A \/ Soporta Bater\u00eda de Respaldo \/  Wiegand y RS-485 \/ 10,000 Tarjetas"},"content":{"rendered":"<div style='width: 100%; max-width: 1200px; margin: 0 auto; font-family: sans-serif; line-height: 1.6; color: inherit; background-color: transparent;'> <!-- Banner principal --> <\/p>\n<div style='width: 100%; margin-bottom: 30px;'> <img style='width: 100%; height: auto; border: 1px solid rgba(150&comma;150&comma;150&comma;0.3); border-radius: 8px;' src='https:\/\/ftp3.syscom.mx\/usuarios\/fespinoza\/HIKVISION\/Dispositivos\/Banners\/BannerControladores.jpg' alt='Banner principal'> <\/div>\n<p> <!-- Secci\u00f3n de caracter\u00edsticas con grid --> <\/p>\n<div style='display: grid; grid-template-columns: repeat(auto-fit&comma; minmax(280px&comma; 1fr)); gap: 30px; margin-bottom: 30px;'> <!-- Caracter\u00edsticas principales --> <\/p>\n<div style='border-left: 5px solid #ff0000; border-radius: 5px; padding: 5px; box-shadow: 2px 2px 10px rgba(216&comma;216&comma;216&comma;0.4);'>\n<h3 style='font-size: 18px; margin-top: 0; margin-bottom: 15px; color: inherit; opacity: 0.9;'>Caracter\u00edsticas principales:<\/h3>\n<ul style='padding-left: 20px; font-size: 14px; color: inherit; list-style-type: disc;'>\n<li style='margin-bottom: 5px;'>Tarjetas 10&comma;000<\/li>\n<li style='margin-bottom: 5px;'>Eventos 50&comma;000<\/li>\n<li style='margin-bottom: 5px;'>Gabinete Met\u00e1lico<\/li>\n<li style='margin-bottom: 5px;'>Control de Acceso por Horarios y Puertas.<\/li>\n<li style='margin-bottom: 5px;'>Verificaci\u00f3n Multi-Usuario.<\/li>\n<li style='margin-bottom: 5px;'>Funci\u00f3n de primer tarjeta.<\/li>\n<li style='margin-bottom: 5px;'>Funci\u00f3n de super tarjeta y super contrase\u00f1a.<\/li>\n<li style='margin-bottom: 5px;'>Antipassback<\/li>\n<li style='margin-bottom: 5px;'>Esclusamiento<\/li>\n<\/ul><\/div>\n<p> <!-- Caracter\u00edsticas F\u00edsicas y El\u00e9ctricas --> <\/p>\n<div style='border-left: 5px solid #ff0000; border-radius: 5px; padding: 5px; box-shadow: 2px 2px 10px rgba(216&comma;216&comma;216&comma;0.4);'>\n<h3 style='font-size: 18px; margin-top: 0; margin-bottom: 15px; color: inherit; opacity: 0.9;'>Caracter\u00edsticas F\u00edsicas y El\u00e9ctricas:<\/h3>\n<ul style='padding-left: 20px; font-size: 14px; color: inherit; list-style-type: disc;'>\n<li style='margin-bottom: 5px;'>Incluye Fuente de 12Vcc \/ 8A.<\/li>\n<li style='margin-bottom: 5px;'><span style='color: #c0392b;'>Soporta bater\u00eda de repaldo (no incluida).<\/span><\/li>\n<li style='margin-bottom: 5px;'>Temperatura de Operaci\u00f3n: -20 a 65 \u00b0C.<\/li>\n<li style='margin-bottom: 5px;'>Conexi\u00f3n TCP\/IP<\/li>\n<li style='margin-bottom: 5px;'>4x Salida de Relevador para chapa<\/li>\n<li style='margin-bottom: 5px;'>4x Sensor de puerta<\/li>\n<li style='margin-bottom: 5px;'>4x Entrada de bot\u00f3n para apertura<\/li>\n<li style='margin-bottom: 5px;'>4x Entrada Wiegand<\/li>\n<li style='margin-bottom: 5px;'><span style='color: #c0392b;'>1x Entrada RS485 para lectores (no huella)<\/span><\/li>\n<li style='margin-bottom: 5px;'>4x Salida de relevador auxiliar<\/li>\n<li style='margin-bottom: 5px;'>3x Entrada auxiliar<\/li>\n<li style='margin-bottom: 5px;'>Dimensiones: 370 mm \u00d7 345 mm \u00d7 90 mm<\/li>\n<\/ul><\/div>\n<p> <!-- Caracter\u00edsticas Destacadas --> <\/p>\n<div style='border-left: 5px solid #ff0000; border-radius: 5px; padding: 5px; box-shadow: 2px 2px 10px rgba(216&comma;216&comma;216&comma;0.4);'>\n<h3 style='font-size: 18px; margin-top: 0; margin-bottom: 15px; color: inherit; opacity: 0.9;'>Caracter\u00edsticas Destacadas:<\/h3>\n<p style='margin: 0 0 10px; font-size: 14px; color: inherit;'> La nueva serie DS-K281X se destaca por soportar bater\u00eda de respaldo&comma; soportar lectores RS485 y mejoras internas en el hardware y en su gabinete. Adem\u00e1s&comma; <span style='color: #c0392b;'>ahora soporta esclusamiento<\/span> (solo en paneles de 2 y 4 puertas). <\/p>\n<p style='margin: 0 0 10px; font-size: 14px; color: inherit;'> Soporta SDK\/ISAPI para desarrollos propios. <\/p>\n<p style='margin: 0 0 10px; font-size: 14px; color: inherit;'> <span style='color: #c0392b;'>** No soporta lectores de huelllas.<\/span> <\/p>\n<\/p><\/div>\n<\/p><\/div>\n<p> <!-- Separador --> <\/p>\n<hr style='border: 0; border-top: 1px solid rgba(150&comma; 150&comma; 150&comma; 0.3); margin: 30px 0;'> <!-- V\u00eddeo tutorial --> <\/p>\n<div style='width: 100%; margin-bottom: 30px;'>\n<div style='position: relative; padding-bottom: 56.25%; height: 0; overflow: hidden;'>   <\/div>\n<\/p><\/div>\n<p> <!-- Enlace a soporte t\u00e9cnico --> <\/p>\n<div style='text-align: center; margin-top: 20px;'> <a href='http:\/\/soporte.syscom.mx\/es\/articles\/3879039-hikvision-control-de-acceso-lista-de-videos-y-tips-tecnicos' style='color: inherit; text-decoration: none; font-weight: bold;'> Ver videos y tips t\u00e9cnicos de soporte <\/a> <\/div>\n<\/p><\/div>\n","protected":false},"excerpt":{"rendered":"<p>Controlador de Acceso para 4 Puertas y 8 Lectores RS485 o 4 Wiegand \/ Incluye Gabinete y Fuente de Alimentaci\u00f3n 12Vcc\/8A \/ Soporta Bater\u00eda de Respaldo \/  Wiegand y RS-485 \/ 10,000 Tarjetas<\/p>\n","protected":false},"featured_media":21753,"comment_status":"open","ping_status":"closed","template":"","meta":[],"product_brand":[],"product_cat":[783],"product_tag":[785,54,784],"class_list":{"0":"post-21754","1":"product","2":"type-product","3":"status-publish","4":"has-post-thumbnail","6":"product_cat-controladores-de-acceso","7":"product_tag-controladores-de-acceso","8":"product_tag-hikvision","9":"product_tag-paneles-de-control-de-acceso","11":"first","12":"instock","13":"sale","14":"shipping-taxable","15":"purchasable","16":"product-type-simple"},"_links":{"self":[{"href":"https:\/\/soydeaqui.ddns.net\/pachuca\/index.php\/wp-json\/wp\/v2\/product\/21754","targetHints":{"allow":["GET"]}}],"collection":[{"href":"https:\/\/soydeaqui.ddns.net\/pachuca\/index.php\/wp-json\/wp\/v2\/product"}],"about":[{"href":"https:\/\/soydeaqui.ddns.net\/pachuca\/index.php\/wp-json\/wp\/v2\/types\/product"}],"replies":[{"embeddable":true,"href":"https:\/\/soydeaqui.ddns.net\/pachuca\/index.php\/wp-json\/wp\/v2\/comments?post=21754"}],"wp:featuredmedia":[{"embeddable":true,"href":"https:\/\/soydeaqui.ddns.net\/pachuca\/index.php\/wp-json\/wp\/v2\/media\/21753"}],"wp:attachment":[{"href":"https:\/\/soydeaqui.ddns.net\/pachuca\/index.php\/wp-json\/wp\/v2\/media?parent=21754"}],"wp:term":[{"taxonomy":"product_brand","embeddable":true,"href":"https:\/\/soydeaqui.ddns.net\/pachuca\/index.php\/wp-json\/wp\/v2\/product_brand?post=21754"},{"taxonomy":"product_cat","embeddable":true,"href":"https:\/\/soydeaqui.ddns.net\/pachuca\/index.php\/wp-json\/wp\/v2\/product_cat?post=21754"},{"taxonomy":"product_tag","embeddable":true,"href":"https:\/\/soydeaqui.ddns.net\/pachuca\/index.php\/wp-json\/wp\/v2\/product_tag?post=21754"}],"curies":[{"name":"wp","href":"https:\/\/api.w.org\/{rel}","templated":true}]}}