{"id":21746,"date":"2026-03-18T10:44:32","date_gmt":"2026-03-18T10:44:32","guid":{"rendered":"https:\/\/soydeaqui.ddns.net\/pachuca\/index.php\/producto\/controlador-de-acceso-para-1-puerta-y-2-lectores-wiegand-o-rs485-incluye-gabinete-y-fuente-de-alimentacion-12vcc-8a-soporta-bateria-de-respaldo-wiegand-y-rs-485-10000-tarjetas\/"},"modified":"2026-03-18T10:44:34","modified_gmt":"2026-03-18T10:44:34","slug":"controlador-de-acceso-para-1-puerta-y-2-lectores-wiegand-o-rs485-incluye-gabinete-y-fuente-de-alimentacion-12vcc-8a-soporta-bateria-de-respaldo-wiegand-y-rs-485-10000-tarjetas","status":"publish","type":"product","link":"https:\/\/soydeaqui.ddns.net\/pachuca\/index.php\/producto\/controlador-de-acceso-para-1-puerta-y-2-lectores-wiegand-o-rs485-incluye-gabinete-y-fuente-de-alimentacion-12vcc-8a-soporta-bateria-de-respaldo-wiegand-y-rs-485-10000-tarjetas\/","title":{"rendered":"Controlador de Acceso para 1 Puerta y 2 Lectores Wiegand o RS485 \/ Incluye Gabinete y Fuente de Alimentaci\u00f3n 12Vcc\/8A \/ Soporta Bater\u00eda de Respaldo \/  Wiegand y RS-485 \/ 10,000 Tarjetas"},"content":{"rendered":"<div style='width: 100%; max-width: 1200px; margin: 0 auto; font-family: sans-serif; line-height: 1.6; color: inherit; background-color: transparent;'> <img style='width: 100%; height: auto; border: 1px solid rgba(150&comma;150&comma;150&comma;0.3); border-radius: 8px;' src='https:\/\/ftp3.syscom.mx\/usuarios\/fespinoza\/HIKVISION\/Dispositivos\/Banners\/BannerControladores.jpg' alt='Banner Controladores'> <\/p>\n<div style='display: flex; flex-wrap: wrap; gap: 30px; margin-bottom: 30px; margin-top: 30px;'>\n<div style='flex: 1 1 300px; min-width: 280px;'>\n<h3 style='font-size: 22px; border-bottom: 2px solid currentColor; padding-bottom: 5px; margin-top: 0; color: inherit; opacity: 0.8;'>Caracter\u00edsticas principales<\/h3>\n<ul style='padding-left: 20px; font-size: 15px; color: inherit;'>\n<li style='margin-bottom: 5px;'>Tarjetas 10&comma;000<\/li>\n<li style='margin-bottom: 5px;'>Eventos 50&comma;000<\/li>\n<li style='margin-bottom: 5px;'>Gabinete Met\u00e1lico<\/li>\n<li style='margin-bottom: 5px;'>Control de Acceso por Horarios y Puertas.<\/li>\n<li style='margin-bottom: 5px;'>Verificaci\u00f3n Multi-Usuario.<\/li>\n<li style='margin-bottom: 5px;'>Funci\u00f3n de primer tarjeta.<\/li>\n<li style='margin-bottom: 5px;'>Funci\u00f3n de super tarjeta y super contrase\u00f1a.<\/li>\n<li style='margin-bottom: 5px;'>Antipassback<\/li>\n<\/ul><\/div>\n<div style='flex: 1 1 300px; min-width: 280px;'>\n<h3 style='font-size: 22px; border-bottom: 2px solid currentColor; padding-bottom: 5px; margin-top: 0; color: inherit; opacity: 0.8;'>Caracter\u00edsticas F\u00edsicas y El\u00e9ctricas<\/h3>\n<ul style='padding-left: 20px; font-size: 15px; color: inherit;'>\n<li style='margin-bottom: 5px;'>Incluye Fuente de 12Vcc \/ 8A.<\/li>\n<li style='margin-bottom: 5px; color: #c0392b;'>Soporta bateria de repaldo (no incluida).<\/li>\n<li style='margin-bottom: 5px;'>Temperatura de Operaci\u00f3n: -20 a 65 \u00b0C.<\/li>\n<li style='margin-bottom: 5px;'>Conexi\u00f3n TCP\/IP<\/li>\n<li style='margin-bottom: 5px;'>1x Salida de Relevador para chapa<\/li>\n<li style='margin-bottom: 5px;'>1x Sensor de puerta<\/li>\n<li style='margin-bottom: 5px;'>1x Entrada de bot\u00f3n para apertura<\/li>\n<li style='margin-bottom: 5px;'>2x Entrada Wiegand<\/li>\n<li style='margin-bottom: 5px; color: #c0392b;'>1x Entrada RS485 para lectores (no huella)<\/li>\n<li style='margin-bottom: 5px;'>4x Salida de relevador auxiliar<\/li>\n<li style='margin-bottom: 5px;'>1x Entrada auxiliar<\/li>\n<li style='margin-bottom: 5px;'>Dimensiones: 370 mm \u00d7 345 mm \u00d7 90 mm<\/li>\n<\/ul><\/div>\n<div style='flex: 1 1 300px; min-width: 280px;'>\n<h3 style='font-size: 22px; border-bottom: 2px solid currentColor; padding-bottom: 5px; margin-top: 0; color: inherit; opacity: 0.8;'>Caracter\u00edsticas Destacadas<\/h3>\n<div style='font-size: 15px; color: inherit;'>\n<p style='margin-bottom: 10px;'>La nueva serie DS-K281X se destaca por soportar bater\u00eda de respaldo&comma; soportar lectores RS485 y mejoras internas en el hardware y en su gabinete. Adem\u00e1s&comma; <span style='color: #e74c3c;'>ahora soporta esclusamiento<\/span> (solo en paneles de 2 y 4 puertas).<\/p>\n<p style='margin-bottom: 10px;'>Soporta SDK\/ISAPI para desarrollos propios.<\/p>\n<p style='margin-bottom: 10px; color: #c0392b;'>** No soporta lectores de huelllas.<\/p>\n<\/p><\/div>\n<\/p><\/div>\n<\/p><\/div>\n<div style='display: flex; justify-content: center; margin-top: 30px;'> <a href='http:\/\/soporte.syscom.mx\/es\/articles\/3879039-hikvision-control-de-acceso-lista-de-videos-y-tips-tecnicos'> <img style='width: 100%; max-width: 400px; height: auto; border: 1px solid rgba(150&comma;150&comma;150&comma;0.3); border-radius: 8px;' src='https:\/\/ftp3.syscom.mx\/usuarios\/fotos\/DSK1T607E\/171893-hikvision-controlacceso.png' alt='Control de Acceso HIKVISION'> <\/a> <\/div>\n<\/p><\/div>\n","protected":false},"excerpt":{"rendered":"<p>Controlador de Acceso para 1 Puerta y 2 Lectores Wiegand o RS485 \/ Incluye Gabinete y Fuente de Alimentaci\u00f3n 12Vcc\/8A \/ Soporta Bater\u00eda de Respaldo \/  Wiegand y RS-485 \/ 10,000 Tarjetas<\/p>\n","protected":false},"featured_media":21745,"comment_status":"open","ping_status":"closed","template":"","meta":[],"product_brand":[],"product_cat":[783],"product_tag":[785,54,784],"class_list":{"0":"post-21746","1":"product","2":"type-product","3":"status-publish","4":"has-post-thumbnail","6":"product_cat-controladores-de-acceso","7":"product_tag-controladores-de-acceso","8":"product_tag-hikvision","9":"product_tag-paneles-de-control-de-acceso","11":"first","12":"instock","13":"sale","14":"shipping-taxable","15":"purchasable","16":"product-type-simple"},"_links":{"self":[{"href":"https:\/\/soydeaqui.ddns.net\/pachuca\/index.php\/wp-json\/wp\/v2\/product\/21746","targetHints":{"allow":["GET"]}}],"collection":[{"href":"https:\/\/soydeaqui.ddns.net\/pachuca\/index.php\/wp-json\/wp\/v2\/product"}],"about":[{"href":"https:\/\/soydeaqui.ddns.net\/pachuca\/index.php\/wp-json\/wp\/v2\/types\/product"}],"replies":[{"embeddable":true,"href":"https:\/\/soydeaqui.ddns.net\/pachuca\/index.php\/wp-json\/wp\/v2\/comments?post=21746"}],"wp:featuredmedia":[{"embeddable":true,"href":"https:\/\/soydeaqui.ddns.net\/pachuca\/index.php\/wp-json\/wp\/v2\/media\/21745"}],"wp:attachment":[{"href":"https:\/\/soydeaqui.ddns.net\/pachuca\/index.php\/wp-json\/wp\/v2\/media?parent=21746"}],"wp:term":[{"taxonomy":"product_brand","embeddable":true,"href":"https:\/\/soydeaqui.ddns.net\/pachuca\/index.php\/wp-json\/wp\/v2\/product_brand?post=21746"},{"taxonomy":"product_cat","embeddable":true,"href":"https:\/\/soydeaqui.ddns.net\/pachuca\/index.php\/wp-json\/wp\/v2\/product_cat?post=21746"},{"taxonomy":"product_tag","embeddable":true,"href":"https:\/\/soydeaqui.ddns.net\/pachuca\/index.php\/wp-json\/wp\/v2\/product_tag?post=21746"}],"curies":[{"name":"wp","href":"https:\/\/api.w.org\/{rel}","templated":true}]}}