{"id":2174,"date":"2026-03-18T05:54:02","date_gmt":"2026-03-18T05:54:02","guid":{"rendered":"https:\/\/soydeaqui.ddns.net\/pachuca\/index.php\/producto\/sistema-de-deteccion-perimetral-con-fibra-optica-deteccion-puntual-de-corte-o-escalamiento-de-la-malla-dos-canales\/"},"modified":"2026-03-18T05:54:02","modified_gmt":"2026-03-18T05:54:02","slug":"sistema-de-deteccion-perimetral-con-fibra-optica-deteccion-puntual-de-corte-o-escalamiento-de-la-malla-dos-canales","status":"publish","type":"product","link":"https:\/\/soydeaqui.ddns.net\/pachuca\/index.php\/producto\/sistema-de-deteccion-perimetral-con-fibra-optica-deteccion-puntual-de-corte-o-escalamiento-de-la-malla-dos-canales\/","title":{"rendered":"Sistema de Detecci\u00f3n Perimetral con Fibra \u00d3ptica \/ Detecci\u00f3n Puntual de Corte o Escalamiento de la Malla \/ Dos Canales"},"content":{"rendered":"<div style='width: 100%; max-width: 1200px; margin: 0 auto; font-family: sans-serif; line-height: 1.6; color: inherit; background-color: transparent;'>\n<div style='display: flex; flex-wrap: wrap; gap: 30px; margin-bottom: 30px;'>\n<div style='flex: 1 1 300px; min-width: 280px;'>\n<h3 style='font-size: 22px; border-bottom: 2px solid currentColor; padding-bottom: 5px; margin-top: 0; color: inherit; opacity: 0.8;'>Caracter\u00edsticas principales<\/h3>\n<ul style='padding-left: 20px; font-size: 15px; color: inherit;'>\n<li style='margin-bottom: 5px;'>Ubicaci\u00f3n del evento de intrusi\u00f3n dentro de 3-5 m\/10-16 pies<\/li>\n<li style='margin-bottom: 5px;'>Basado en un solo cable de detecci\u00f3n de fibra \u00f3ptica.<\/li>\n<li style='margin-bottom: 5px;'>Sin sensores individuales&comma; sin piezas met\u00e1licas o m\u00f3viles<\/li>\n<li style='margin-bottom: 5px;'>Unidad de procesamiento de alarmas (APU) de dos canales capaz de monitorear hasta 50 km de cable por canal<\/li>\n<li style='margin-bottom: 5px;'>Informaci\u00f3n y detecci\u00f3n continua y din\u00e1mica en tiempo real<\/li>\n<li style='margin-bottom: 5px;'>Inmune a interferencias electromagn\u00e9ticas o de radiofrecuencia (EMI\/RFI)<\/li>\n<li style='margin-bottom: 5px;'>Sin requerimiento de energ\u00eda en el campo<\/li>\n<\/ul><\/div>\n<div style='flex: 1 1 300px; min-width: 280px;'>\n<h3 style='font-size: 22px; border-bottom: 2px solid currentColor; padding-bottom: 5px; margin-top: 0; color: inherit; opacity: 0.8;'>Caracter\u00edsticas F\u00edsicas y El\u00e9ctricas<\/h3>\n<ul style='padding-left: 20px; font-size: 15px; color: inherit;'>\n<li style='margin-bottom: 5px;'><strong>Alimentaci\u00f3n:<\/strong> 115 &#8211; 230 Vca 50\/60 Hz<\/li>\n<li style='margin-bottom: 5px;'><strong>Potencia:<\/strong> 125W (m\u00e1xima)<\/li>\n<li style='margin-bottom: 5px;'><strong>Rango de frecuencia de detecci\u00f3n:<\/strong> 1 &#8211; 20 KHz (a 2.5 km de longitud del cable)<\/li>\n<li style='margin-bottom: 5px;'><strong>Temperatura de operaci\u00f3n:<\/strong> +5\u00b0C a 40\u00b0C (41 a 104 \u00b0F)<\/li>\n<li style='margin-bottom: 5px;'><strong>Humedad de operaci\u00f3n:<\/strong> 80% sin condensaci\u00f3n<\/li>\n<li style='margin-bottom: 5px;'><strong>Almacenamiento de datos:<\/strong> eSATAp&comma; USB2.0&comma; USB3.0&comma; Opci\u00f3n para instalar una tarjeta RAID y conectarse a una matriz RAID<\/li>\n<li style='margin-bottom: 5px;'><strong>Volumen de almacenamiento:<\/strong> Hasta 3 TB<\/li>\n<li style='margin-bottom: 5px;'><strong>Comunicaciones:<\/strong> Ethernet&comma; m\u00ednimo 1 Mbps garantizado de subida para la vista de datos<\/li>\n<li style='margin-bottom: 5px;'><strong>Longitud m\u00e1xima por canal:<\/strong> 50 km*<\/li>\n<li style='margin-bottom: 5px;'><strong>Tipo de fibra:<\/strong> Monomodo 15xx nm ITU G652 series<\/li>\n<li style='margin-bottom: 5px;'><strong>Medidas:<\/strong> 178 x 540 x 483 mm<\/li>\n<\/ul><\/div>\n<div style='flex: 1 1 300px; min-width: 280px;'>\n<h3 style='font-size: 22px; border-bottom: 2px solid currentColor; padding-bottom: 5px; margin-top: 0; color: inherit; opacity: 0.8;'>Caracter\u00edsticas Destacadas<\/h3>\n<p style='font-size: 15px; color: inherit; margin-top: 0;'>El sistema RaySense tiene una arquitectura de sistema extremadamente flexible que le permite integrarse con el software de gesti\u00f3n de alarmas Vidalert de RBtec o con cualquier sistema de control de terceros. Con la arquitectura de integraci\u00f3n flexible&comma; Vidalert puede integrarse a m\u00faltiples sistemas en m\u00faltiples sitios con una interfaz coherente&comma; personalizable y f\u00e1cil de instalar.<\/p>\n<\/p><\/div>\n<\/p><\/div>\n<\/p><\/div>\n","protected":false},"excerpt":{"rendered":"<p>Sistema de Detecci\u00f3n Perimetral con Fibra \u00d3ptica \/ Detecci\u00f3n Puntual de Corte o Escalamiento de la Malla \/ Dos Canales<\/p>\n","protected":false},"featured_media":2173,"comment_status":"open","ping_status":"closed","template":"","meta":[],"product_brand":[],"product_cat":[103],"product_tag":[105,104,220],"class_list":{"0":"post-2174","1":"product","2":"type-product","3":"status-publish","4":"has-post-thumbnail","6":"product_cat-cable-sensor-perimetral","7":"product_tag-cable-sensor-perimetral","8":"product_tag-proteccion-perimetral","9":"product_tag-rbtec","11":"first","12":"outofstock","13":"sale","14":"shipping-taxable","15":"purchasable","16":"product-type-simple"},"_links":{"self":[{"href":"https:\/\/soydeaqui.ddns.net\/pachuca\/index.php\/wp-json\/wp\/v2\/product\/2174","targetHints":{"allow":["GET"]}}],"collection":[{"href":"https:\/\/soydeaqui.ddns.net\/pachuca\/index.php\/wp-json\/wp\/v2\/product"}],"about":[{"href":"https:\/\/soydeaqui.ddns.net\/pachuca\/index.php\/wp-json\/wp\/v2\/types\/product"}],"replies":[{"embeddable":true,"href":"https:\/\/soydeaqui.ddns.net\/pachuca\/index.php\/wp-json\/wp\/v2\/comments?post=2174"}],"wp:featuredmedia":[{"embeddable":true,"href":"https:\/\/soydeaqui.ddns.net\/pachuca\/index.php\/wp-json\/wp\/v2\/media\/2173"}],"wp:attachment":[{"href":"https:\/\/soydeaqui.ddns.net\/pachuca\/index.php\/wp-json\/wp\/v2\/media?parent=2174"}],"wp:term":[{"taxonomy":"product_brand","embeddable":true,"href":"https:\/\/soydeaqui.ddns.net\/pachuca\/index.php\/wp-json\/wp\/v2\/product_brand?post=2174"},{"taxonomy":"product_cat","embeddable":true,"href":"https:\/\/soydeaqui.ddns.net\/pachuca\/index.php\/wp-json\/wp\/v2\/product_cat?post=2174"},{"taxonomy":"product_tag","embeddable":true,"href":"https:\/\/soydeaqui.ddns.net\/pachuca\/index.php\/wp-json\/wp\/v2\/product_tag?post=2174"}],"curies":[{"name":"wp","href":"https:\/\/api.w.org\/{rel}","templated":true}]}}