{"id":21711,"date":"2026-03-18T10:43:56","date_gmt":"2026-03-18T10:43:56","guid":{"rendered":"https:\/\/soydeaqui.ddns.net\/pachuca\/index.php\/producto\/kit-de-barrera-vehicular-brushless-con-gabinete-semaforizado-y-brazo-iluminado-de-5-metros-tiempo-de-apertura-configurable-de-3-a-6-segundos-sentido-de-barrera-ajustable-en-sitio\/"},"modified":"2026-03-18T10:43:59","modified_gmt":"2026-03-18T10:43:59","slug":"kit-de-barrera-vehicular-brushless-con-gabinete-semaforizado-y-brazo-iluminado-de-5-metros-tiempo-de-apertura-configurable-de-3-a-6-segundos-sentido-de-barrera-ajustable-en-sitio","status":"publish","type":"product","link":"https:\/\/soydeaqui.ddns.net\/pachuca\/index.php\/producto\/kit-de-barrera-vehicular-brushless-con-gabinete-semaforizado-y-brazo-iluminado-de-5-metros-tiempo-de-apertura-configurable-de-3-a-6-segundos-sentido-de-barrera-ajustable-en-sitio\/","title":{"rendered":"Kit de Barrera Vehicular Brushless Con Gabinete Semaforizado y Brazo Iluminado de 5 Metros \/ Tiempo de Apertura Configurable de 3 a 6 Segundos \/ Sentido de Barrera Ajustable en Sitio"},"content":{"rendered":"<div style='width: 100%; max-width: 1200px; margin: 0 auto; font-family: sans-serif; line-height: 1.6; color: inherit; background-color: transparent;'>\n<div style='display: flex; flex-wrap: wrap; gap: 30px; margin-bottom: 30px;'>\n<div style='flex: 1 1 300px; min-width: 280px;'>\n<h3 style='font-size: 22px; border-bottom: 2px solid currentColor; padding-bottom: 5px; margin-top: 0; color: inherit; opacity: 0.8;'>Caracter\u00edsticas principales<\/h3>\n<ul style='padding-left: 20px; font-size: 15px; color: inherit;'>\n<li style='margin-bottom: 5px;'>Motor Brushless<\/li>\n<li style='margin-bottom: 5px;'>Soporta brazo NO iluminado de hasta 6 metros<\/li>\n<li style='margin-bottom: 5px;'>Soporta brazo Iluminado de hasta 5 metros<\/li>\n<\/ul><\/div>\n<div style='flex: 1 1 300px; min-width: 280px;'>\n<h3 style='font-size: 22px; border-bottom: 2px solid currentColor; padding-bottom: 5px; margin-top: 0; color: inherit; opacity: 0.8;'>Caracter\u00edsticas F\u00edsicas y El\u00e9ctricas<\/h3>\n<ul style='padding-left: 20px; font-size: 15px; color: inherit;'>\n<li style='margin-bottom: 5px;'>Voltaje de alimentaci\u00f3n 110VAC<\/li>\n<li style='margin-bottom: 5px;'>Voltaje del motor 24 VDC<\/li>\n<li style='margin-bottom: 5px;'>Temperatura de operaci\u00f3n -35 a 60\u00b0C<\/li>\n<\/ul><\/div>\n<div style='flex: 1 1 300px; min-width: 280px;'>\n<h3 style='font-size: 22px; border-bottom: 2px solid currentColor; padding-bottom: 5px; margin-top: 0; color: inherit; opacity: 0.8;'>Caracter\u00edsticas Destacadas<\/h3>\n<ul style='padding-left: 20px; font-size: 15px; color: inherit;'>\n<li style='margin-bottom: 5px;'>Sentido configurable en sitio<\/li>\n<li style='margin-bottom: 5px;'>Soporta bater\u00eda de emergencia<\/li>\n<li style='margin-bottom: 5px;'>Velocidad de apertura ajustable<\/li>\n<\/ul><\/div>\n<\/p><\/div>\n<hr style='border: 0; border-top: 1px solid rgba(150&comma; 150&comma; 150&comma; 0.3); margin: 30px 0;'>\n<div style='display: flex; flex-wrap: wrap; gap: 30px; margin-bottom: 30px;'>\n<div style='flex: 1 1 300px; min-width: 280px;'>\n<h3 style='font-size: 20px; margin-top: 0; color: inherit; opacity: 0.8;'>Kit de barrera vehicular con motor brushless y brazo telescopico<\/h3>\n<h4 style='font-size: 18px; margin-top: 20px; color: inherit; opacity: 0.8;'>Que incluye mi Kit:<\/h4>\n<ul style='padding-left: 20px; font-size: 15px; color: inherit;'>\n<li style='margin-bottom: 5px;'><strong>XBS-ARM<\/strong> Brazo iluminado de 5 metros<\/li>\n<li style='margin-bottom: 5px;'><strong>XB-BL-6ML<\/strong> Barrera vehicular con motor brushless con gabinete semaforizado<\/li>\n<\/ul>\n<h4 style='font-size: 18px; margin-top: 20px; color: inherit; opacity: 0.8;'>Notas adicionales:<\/h4>\n<ul style='padding-left: 20px; font-size: 15px; color: inherit;'>\n<li style='margin-bottom: 5px;'>Equipo con un a\u00f1o de garant\u00eda contra defectos de fabricaci\u00f3n<\/li>\n<li style='margin-bottom: 5px;'>La barrera viene preparada para trabajar con brazo telesc\u00f3pico de 6 metros&comma; en caso de utilizar uno de diferente dimensi\u00f3n requiere ajuste o cambio de resortes<\/li>\n<li style='margin-bottom: 5px;'>Para brazos mayores a 4 metros es requerido el descansabrazos <strong>XB-POST<\/strong><\/li>\n<li style='margin-bottom: 5px;'>La barrera tiene un a\u00f1o de garantia<\/li>\n<li style='margin-bottom: 5px;'>El brazo iluminado cuenta con 90 dias de garantia en la tira led<\/li>\n<\/ul><\/div>\n<div style='flex: 1 1 300px; min-width: 280px;'> <img style='width: 100%; height: auto; border: 1px solid rgba(150&comma;150&comma;150&comma;0.3); border-radius: 8px;' src='https:\/\/ftp3.syscom.mx\/usuarios\/fotos\/BancoFotografiasSyscom\/ACCESSPRO\/KTXBBL6ML\/KTXBBL6ML-AD-1-p.PNG' alt=''> <\/div>\n<\/p><\/div>\n<hr style='border: 0; border-top: 1px solid rgba(150&comma; 150&comma; 150&comma; 0.3); margin: 30px 0;'>\n<div style='margin-bottom: 30px;'>\n<h3 style='font-size: 20px; text-align: center; margin-top: 0; color: inherit; opacity: 0.8;'>\u00bfQu\u00e9 accesorios puedo agregar a mi instalaci\u00f3n?<\/h3>\n<div style='display: flex; flex-wrap: wrap; justify-content: center; gap: 15px; margin-top: 20px;'>\n<p style='margin: 5px 0; font-size: 15px; color: inherit;'><strong>XBS-SW-01<\/strong> Botonera triple de uso rudo<\/p>\n<p style='margin: 5px 0; font-size: 15px; color: inherit;'><strong>XBT-23<\/strong> o <strong>XBT-18-BC<\/strong> Controles remotos para barreras AccessPRO<\/p>\n<p style='margin: 5px 0; font-size: 15px; color: inherit;'><strong>XB-REC3<\/strong> o <strong>XB-REC2<\/strong> Receptores inal\u00e1mbricos para agregar mas controles<\/p>\n<p style='margin: 5px 0; font-size: 15px; color: inherit;'><strong>XB-DLP-1101<\/strong> Sensor de masa de un canal&comma; requiere lazo magn\u00e9tico<\/p>\n<p style='margin: 5px 0; font-size: 15px; color: inherit;'><strong>XBS-IR33<\/strong> Fotocelda de seguridad con alcance de 10 metros<\/p>\n<p style='margin: 5px 0; font-size: 15px; color: inherit;'><strong>XBS-RDA-09<\/strong> Radar para barreras vehiculares<\/p>\n<\/p><\/div>\n<\/p><\/div>\n<\/p><\/div>\n","protected":false},"excerpt":{"rendered":"<p>Kit de Barrera Vehicular Brushless Con Gabinete Semaforizado y Brazo Iluminado de 5 Metros \/ Tiempo de Apertura Configurable de 3 a 6 Segundos \/ Sentido de Barrera Ajustable en Sitio<\/p>\n","protected":false},"featured_media":21710,"comment_status":"open","ping_status":"closed","template":"","meta":[],"product_brand":[],"product_cat":[748],"product_tag":[401,234,749],"class_list":{"0":"post-21711","1":"product","2":"type-product","3":"status-publish","4":"has-post-thumbnail","6":"product_cat-barreras-vehiculares","7":"product_tag-acceso-vehicular","8":"product_tag-accesspro","9":"product_tag-barreras-vehiculares","11":"first","12":"instock","13":"sale","14":"shipping-taxable","15":"purchasable","16":"product-type-simple"},"_links":{"self":[{"href":"https:\/\/soydeaqui.ddns.net\/pachuca\/index.php\/wp-json\/wp\/v2\/product\/21711","targetHints":{"allow":["GET"]}}],"collection":[{"href":"https:\/\/soydeaqui.ddns.net\/pachuca\/index.php\/wp-json\/wp\/v2\/product"}],"about":[{"href":"https:\/\/soydeaqui.ddns.net\/pachuca\/index.php\/wp-json\/wp\/v2\/types\/product"}],"replies":[{"embeddable":true,"href":"https:\/\/soydeaqui.ddns.net\/pachuca\/index.php\/wp-json\/wp\/v2\/comments?post=21711"}],"wp:featuredmedia":[{"embeddable":true,"href":"https:\/\/soydeaqui.ddns.net\/pachuca\/index.php\/wp-json\/wp\/v2\/media\/21710"}],"wp:attachment":[{"href":"https:\/\/soydeaqui.ddns.net\/pachuca\/index.php\/wp-json\/wp\/v2\/media?parent=21711"}],"wp:term":[{"taxonomy":"product_brand","embeddable":true,"href":"https:\/\/soydeaqui.ddns.net\/pachuca\/index.php\/wp-json\/wp\/v2\/product_brand?post=21711"},{"taxonomy":"product_cat","embeddable":true,"href":"https:\/\/soydeaqui.ddns.net\/pachuca\/index.php\/wp-json\/wp\/v2\/product_cat?post=21711"},{"taxonomy":"product_tag","embeddable":true,"href":"https:\/\/soydeaqui.ddns.net\/pachuca\/index.php\/wp-json\/wp\/v2\/product_tag?post=21711"}],"curies":[{"name":"wp","href":"https:\/\/api.w.org\/{rel}","templated":true}]}}