{"id":21706,"date":"2026-03-18T10:43:51","date_gmt":"2026-03-18T10:43:51","guid":{"rendered":"https:\/\/soydeaqui.ddns.net\/pachuca\/index.php\/producto\/locker-inteligente-de-12-espacios-con-reconocimiento-facial-incluido-de-8-maestro-uso-para-visitantes-y-o-empleados-facil-uso-y-puesta-en-marcha\/"},"modified":"2026-03-18T10:43:52","modified_gmt":"2026-03-18T10:43:52","slug":"locker-inteligente-de-12-espacios-con-reconocimiento-facial-incluido-de-8-maestro-uso-para-visitantes-y-o-empleados-facil-uso-y-puesta-en-marcha","status":"publish","type":"product","link":"https:\/\/soydeaqui.ddns.net\/pachuca\/index.php\/producto\/locker-inteligente-de-12-espacios-con-reconocimiento-facial-incluido-de-8-maestro-uso-para-visitantes-y-o-empleados-facil-uso-y-puesta-en-marcha\/","title":{"rendered":"Locker Inteligente de 12 Espacios con Reconocimiento Facial Incluido de 8&#8243; \/ MAESTRO \/ Uso para Visitantes y\/o Empleados \/ F\u00e1cil Uso y Puesta en Marcha"},"content":{"rendered":"<div style='width: 100%; max-width: 1200px; margin: 0 auto; font-family: sans-serif; line-height: 1.6; color: inherit; background-color: transparent;'>\n<div style='display: flex; flex-wrap: wrap; gap: 30px; margin-bottom: 30px;'>\n<div style='flex: 1 1 300px; min-width: 280px;'>\n<h3 style='font-size: 22px; border-bottom: 2px solid currentColor; padding-bottom: 5px; margin-top: 0; color: inherit; opacity: 0.8;'>Caracter\u00edsticas Principales<\/h3>\n<ul style='padding-left: 20px; font-size: 15px; color: inherit;'>\n<li style='margin-bottom: 5px;'>Administraci\u00f3n desde Interfaz Web<\/li>\n<li style='margin-bottom: 5px;'>Soporta 20&comma;000 Rostros<\/li>\n<li style='margin-bottom: 5px;'>Soporta 200&comma;000 Tarjetas<\/li>\n<li style='margin-bottom: 5px;'>Soporta 100&comma;000 Eventos<\/li>\n<li style='margin-bottom: 5px;'>Sistema Operativo: Android<\/li>\n<li style='margin-bottom: 5px; font-weight: bold;'>Locker Maestro<\/li>\n<li style='margin-bottom: 5px; font-weight: bold;'>Soporta hasta 16 Lockers de Expansi\u00f3n DS-KLB212<\/li>\n<li style='margin-bottom: 5px;'>Reconocimiento Facial&comma; Contrase\u00f1as y Tarjetas<\/li>\n<\/ul><\/div>\n<div style='flex: 1 1 300px; min-width: 280px;'>\n<h3 style='font-size: 22px; border-bottom: 2px solid currentColor; padding-bottom: 5px; margin-top: 0; color: inherit; opacity: 0.8;'>Caracter\u00edsticas F\u00edsicas y El\u00e9ctricas<\/h3>\n<ul style='padding-left: 20px; font-size: 15px; color: inherit;'>\n<li style='margin-bottom: 5px;'>Alimentaci\u00f3n: 110 Vca<\/li>\n<li style='margin-bottom: 5px;'>Temperatura de Operaci\u00f3n: -10 a 50\u00b0C<\/li>\n<li style='margin-bottom: 5px;'>Comunicaci\u00f3n TCP\/IP y RS485<\/li>\n<li style='margin-bottom: 5px;'>Pantalla T\u00e1ctil de 8 Pulgadas<\/li>\n<li style='margin-bottom: 5px;'>Tama\u00f1o de gabinetes: 27.7 x 37.2 x 45 cm<\/li>\n<li style='margin-bottom: 5px;'>Tama\u00f1o total del locker: 188 x 97 x 47<\/li>\n<li style='margin-bottom: 5px;'>Peso: 50 Kg<\/li>\n<li style='margin-bottom: 5px;'>Uso solo en Interior<\/li>\n<\/ul><\/div>\n<div style='flex: 1 1 300px; min-width: 280px;'>\n<h3 style='font-size: 22px; border-bottom: 2px solid currentColor; padding-bottom: 5px; margin-top: 0; color: inherit; opacity: 0.8;'>Caracter\u00edsticas Destacadas<\/h3>\n<ul style='padding-left: 20px; font-size: 15px; color: inherit;'>\n<li style='margin-bottom: 5px;'>Todo incluido (terminal facial&comma; cerraduras para cada gabinete&comma; tarjeta madre controladora)<\/li>\n<li style='margin-bottom: 5px; font-weight: bold;'>Modos de Trabajo: Empleados&comma; Visitantes y Mixto<\/li>\n<li style='margin-bottom: 5px;'>Soporta configurar un gabinete para un empleado&comma; m\u00faltiples gabinetes a un empleado y m\u00faltiples empleados a un gabinete<\/li>\n<li style='margin-bottom: 5px;'>Permisos y Horarios de Acceso<\/li>\n<li style='margin-bottom: 5px;'>Soporta API para Integraciones con Terceros (ISAPI)<\/li>\n<\/ul><\/div>\n<\/p><\/div>\n<div style='width: 100%; text-align: center; margin: 30px 0;'>\n<h2 style='font-size: 20px; margin-bottom: 20px; color: inherit;'>Aqu\u00ed explicamos como Funciona<\/h2>\n<div style='position: relative; padding-bottom: 56.25%; height: 0; overflow: hidden; margin-bottom: 30px;'>   <\/div>\n<\/p><\/div>\n<div style='width: 100%; text-align: center; margin: 30px 0;'> <img style='width: 100%; height: auto; border: 1px solid rgba(150&comma;150&comma;150&comma;0.3); border-radius: 8px; max-width: 600px;' src='https:\/\/ftp3.syscom.mx\/usuarios\/fespinoza\/HIKVISION\/Dispositivos\/Lockers\/lock.png' alt=''> <\/div>\n<\/p><\/div>\n","protected":false},"excerpt":{"rendered":"<p>Locker Inteligente de 12 Espacios con Reconocimiento Facial Incluido de 8&#8243; \/ MAESTRO \/ Uso para Visitantes y\/o Empleados \/ F\u00e1cil Uso y Puesta en Marcha<\/p>\n","protected":false},"featured_media":21705,"comment_status":"open","ping_status":"closed","template":"","meta":[],"product_brand":[],"product_cat":[734],"product_tag":[93,87,54],"class_list":{"0":"post-21706","1":"product","2":"type-product","3":"status-publish","4":"has-post-thumbnail","6":"product_cat-accesorios-cerraduras","7":"product_tag-accesorios","8":"product_tag-cerraduras","9":"product_tag-hikvision","11":"first","12":"instock","13":"sale","14":"shipping-taxable","15":"purchasable","16":"product-type-simple"},"_links":{"self":[{"href":"https:\/\/soydeaqui.ddns.net\/pachuca\/index.php\/wp-json\/wp\/v2\/product\/21706","targetHints":{"allow":["GET"]}}],"collection":[{"href":"https:\/\/soydeaqui.ddns.net\/pachuca\/index.php\/wp-json\/wp\/v2\/product"}],"about":[{"href":"https:\/\/soydeaqui.ddns.net\/pachuca\/index.php\/wp-json\/wp\/v2\/types\/product"}],"replies":[{"embeddable":true,"href":"https:\/\/soydeaqui.ddns.net\/pachuca\/index.php\/wp-json\/wp\/v2\/comments?post=21706"}],"wp:featuredmedia":[{"embeddable":true,"href":"https:\/\/soydeaqui.ddns.net\/pachuca\/index.php\/wp-json\/wp\/v2\/media\/21705"}],"wp:attachment":[{"href":"https:\/\/soydeaqui.ddns.net\/pachuca\/index.php\/wp-json\/wp\/v2\/media?parent=21706"}],"wp:term":[{"taxonomy":"product_brand","embeddable":true,"href":"https:\/\/soydeaqui.ddns.net\/pachuca\/index.php\/wp-json\/wp\/v2\/product_brand?post=21706"},{"taxonomy":"product_cat","embeddable":true,"href":"https:\/\/soydeaqui.ddns.net\/pachuca\/index.php\/wp-json\/wp\/v2\/product_cat?post=21706"},{"taxonomy":"product_tag","embeddable":true,"href":"https:\/\/soydeaqui.ddns.net\/pachuca\/index.php\/wp-json\/wp\/v2\/product_tag?post=21706"}],"curies":[{"name":"wp","href":"https:\/\/api.w.org\/{rel}","templated":true}]}}