{"id":21679,"date":"2026-03-18T10:43:23","date_gmt":"2026-03-18T10:43:23","guid":{"rendered":"https:\/\/soydeaqui.ddns.net\/pachuca\/index.php\/producto\/barrera-vehicular-derecha-incluye-brazo-telescopico-de-hasta-4-5-metros-tiempo-de-apertura-3-segundos-sentido-configurable\/"},"modified":"2026-03-18T10:43:26","modified_gmt":"2026-03-18T10:43:26","slug":"barrera-vehicular-derecha-incluye-brazo-telescopico-de-hasta-4-5-metros-tiempo-de-apertura-3-segundos-sentido-configurable","status":"publish","type":"product","link":"https:\/\/soydeaqui.ddns.net\/pachuca\/index.php\/producto\/barrera-vehicular-derecha-incluye-brazo-telescopico-de-hasta-4-5-metros-tiempo-de-apertura-3-segundos-sentido-configurable\/","title":{"rendered":"Barrera Vehicular Derecha\/ Incluye brazo telesc\u00f3pico de hasta 4.5 metros \/ Tiempo de Apertura 3 segundos \/ Sentido Configurable"},"content":{"rendered":"<div style='width: 100%; max-width: 1200px; margin: 0 auto; font-family: sans-serif; line-height: 1.6; color: inherit;'>\n<div style='display: flex; flex-wrap: wrap; gap: 30px; margin-bottom: 30px;'>\n<div style='flex: 1 1 300px; min-width: 280px;'>\n<h3 style='font-size: 22px; border-bottom: 2px solid currentColor; padding-bottom: 5px; margin-top: 0; color: inherit; opacity: 0.8;'>Caracter\u00edsticas principales<\/h3>\n<ul style='padding-left: 20px; font-size: 15px; color: inherit;'>\n<li style='margin-bottom: 5px;'>Longitud m\u00e1xima del brazo 4.5 metros (incluido)<\/li>\n<li style='margin-bottom: 5px;'>Color del gabinete: Negro con gris<\/li>\n<li style='margin-bottom: 5px;'>Velocidad de apertura 3 segundos<\/li>\n<\/ul><\/div>\n<div style='flex: 1 1 300px; min-width: 280px;'>\n<h3 style='font-size: 22px; border-bottom: 2px solid currentColor; padding-bottom: 5px; margin-top: 0; color: inherit; opacity: 0.8;'>Caracter\u00edsticas F\u00edsicas y El\u00e9ctricas<\/h3>\n<ul style='padding-left: 20px; font-size: 15px; color: inherit;'>\n<li style='margin-bottom: 5px;'>Consumo de 120W<\/li>\n<li style='margin-bottom: 5px;'>Consumo en reposo 2W<\/li>\n<li style='margin-bottom: 5px;'>Uso Semi-Intensivo<\/li>\n<li style='margin-bottom: 5px;'>Voltaje de operaci\u00f3n 110V<\/li>\n<\/ul><\/div>\n<div style='flex: 1 1 300px; min-width: 280px;'>\n<h3 style='font-size: 22px; border-bottom: 2px solid currentColor; padding-bottom: 5px; margin-top: 0; color: inherit; opacity: 0.8;'>Caracter\u00edsticas adicionales<\/h3>\n<ul style='padding-left: 20px; font-size: 15px; color: inherit;'>\n<li style='margin-bottom: 5px;'>Temperatura de operaci\u00f3n -25 a 75\u00b0C.<\/li>\n<li style='margin-bottom: 5px;'>Humedad relativa de <90%.<\/li>\n<li style='margin-bottom: 5px;'>Incluye 2 controles remotos<\/li>\n<\/ul><\/div>\n<\/p><\/div>\n<hr style='border: 0; border-top: 1px solid rgba(150&comma; 150&comma; 150&comma; 0.3); margin: 30px 0;'>\n<div style='display: flex; flex-wrap: wrap; gap: 30px;'>\n<div style='flex: 1 1 400px; min-width: 300px;'>\n<h2 style='font-size: 20px; margin-top: 0; color: inherit;'>Barrera vehicular derecha color negro con gris&comma; compatible con brazo de hasta 4.5 metros<\/h2>\n<h3 style='font-size: 18px; border-bottom: 2px solid currentColor; padding-bottom: 5px; margin-top: 20px; color: inherit; opacity: 0.8;'>Caracter\u00edsticas adicionales<\/h3>\n<ul style='padding-left: 20px; font-size: 15px; color: inherit;'>\n<li style='margin-bottom: 5px;'>contra defectos de fabricaci\u00f3n<\/li>\n<li style='margin-bottom: 5px;'>Limites de apertura y cierre ya programados<\/li>\n<li style='margin-bottom: 5px;'>No cuenta con cierre autom\u00e1tico por tiempo (solo con sensor de masa o radar)<\/li>\n<li style='margin-bottom: 5px;'>Soporta brazo telesc\u00f3pico de hasta 4.5 metros.<\/li>\n<li style='margin-bottom: 5px;'>Cuenta con taquetes expansivos para fijaci\u00f3n<\/li>\n<li style='margin-bottom: 5px;'>No soporta brazo iluminado<\/li>\n<li style='margin-bottom: 5px;'>No soporta conexi\u00f3n de sem\u00e1foro<\/li>\n<li style='margin-bottom: 5px; font-weight: bold;'>Operaci\u00f3n de hasta 150 ciclos por hora<\/li>\n<\/ul>\n<p style='font-size: 15px; color: inherit;'>Las barreras CMP300 de ZKteco incluyen un mecanismo equipado con un encoder que permite un movimiento m\u00e1s suave y con exactitud a la hora de hacer las aperturas y cierres.<\/p>\n<\/p><\/div>\n<div style='flex: 1 1 400px; min-width: 300px;'> <!-- Esta secci\u00f3n se mantiene vac\u00eda como en el original --> <\/div>\n<\/p><\/div>\n<hr style='border: 0; border-top: 1px solid rgba(150&comma; 150&comma; 150&comma; 0.3); margin: 30px 0;'>\n<h2 style='text-align: center; font-size: 20px; color: inherit; margin: 0;'>\u00bfQu\u00e9 accesorios necesito agregar para una instalaci\u00f3n?<\/h2>\n<hr style='border: 0; border-top: 1px solid rgba(150&comma; 150&comma; 150&comma; 0.3); margin: 15px 0;'>\n<h2 style='text-align: center; font-size: 20px; color: inherit; margin: 0;'>Accesorios adicionales no incluidos<\/h2>\n<div style='margin-top: 20px;'>\n<div style='display: flex; flex-wrap: wrap; gap: 15px; justify-content: center;'>\n<div style='flex: 1 1 300px; min-width: 250px; border: 1px solid rgba(150&comma; 150&comma; 150&comma; 0.4); border-radius: 8px; padding: 15px;'>\n<p style='margin: 0; text-align: center; font-weight: bold; color: inherit;'>XBS-SW-01<\/p>\n<p style='margin: 0; text-align: center; font-size: 14px; color: inherit;'>Botonera triple de uso rudo para barreras y motores.<\/p>\n<\/p><\/div>\n<div style='flex: 1 1 300px; min-width: 250px; border: 1px solid rgba(150&comma; 150&comma; 150&comma; 0.4); border-radius: 8px; padding: 15px;'>\n<p style='margin: 0; text-align: center; font-weight: bold; color: inherit;'>XBS-IR33<\/p>\n<p style='margin: 0; text-align: center; font-size: 14px; color: inherit;'>Fotocelda infrarroja de seguridad con alcance de hasta 10 metros<\/p>\n<\/p><\/div>\n<div style='flex: 1 1 300px; min-width: 250px; border: 1px solid rgba(150&comma; 150&comma; 150&comma; 0.4); border-radius: 8px; padding: 15px;'>\n<p style='margin: 0; text-align: center; font-weight: bold; color: inherit;'>10-MATRIX-IIS-1224<\/p>\n<p style='margin: 0; text-align: center; font-size: 14px; color: inherit;'>Sensor de masa de un canal&comma; requiere fuente PL-DC-1000 y un lazo magn\u00e9tico SYS-LM6 o SYS-LM4<\/p>\n<\/p><\/div>\n<div style='flex: 1 1 300px; min-width: 250px; border: 1px solid rgba(150&comma; 150&comma; 150&comma; 0.4); border-radius: 8px; padding: 15px;'>\n<p style='margin: 0; text-align: center; font-weight: bold; color: inherit;'>XBS-RDA09<\/p>\n<p style='margin: 0; text-align: center; font-size: 14px; color: inherit;'>Radar para barreras con alcance de hasta 6 metros.<\/p>\n<\/p><\/div>\n<div style='flex: 1 1 300px; min-width: 250px; border: 1px solid rgba(150&comma; 150&comma; 150&comma; 0.4); border-radius: 8px; padding: 15px;'>\n<p style='margin: 0; text-align: center; font-weight: bold; color: inherit;'>XB-REC3<\/p>\n<p style='margin: 0; text-align: center; font-size: 14px; color: inherit;'>Receptor inal\u00e1mbrico para 400 controles (agregando un bot\u00f3n por control)&comma; compatible con transmisores XBT-23 control de llavero&comma; XBT-18-BC control de visera y XB-WT-01 control tipo bot\u00f3n de pared.<\/p>\n<\/p><\/div>\n<div style='flex: 1 1 300px; min-width: 250px; border: 1px solid rgba(150&comma; 150&comma; 150&comma; 0.4); border-radius: 8px; padding: 15px;'>\n<p style='margin: 0; text-align: center; font-weight: bold; color: inherit;'>10LZR-H100KIT-19327<\/p>\n<p style='margin: 0; text-align: center; font-size: 14px; color: inherit;'>Sensor laser para seguridad con un alcance de 9.6 x 9.6 metros&comma; reemplace lazos magn\u00e9ticos<\/p>\n<\/p><\/div>\n<\/p><\/div>\n<\/p><\/div>\n<\/p><\/div>\n","protected":false},"excerpt":{"rendered":"<p>Barrera Vehicular Derecha\/ Incluye brazo telesc\u00f3pico de hasta 4.5 metros \/ Tiempo de Apertura 3 segundos \/ Sentido Configurable<\/p>\n","protected":false},"featured_media":21678,"comment_status":"open","ping_status":"closed","template":"","meta":[],"product_brand":[],"product_cat":[748],"product_tag":[401,749,844],"class_list":{"0":"post-21679","1":"product","2":"type-product","3":"status-publish","4":"has-post-thumbnail","6":"product_cat-barreras-vehiculares","7":"product_tag-acceso-vehicular","8":"product_tag-barreras-vehiculares","9":"product_tag-zkteco","11":"first","12":"instock","13":"sale","14":"shipping-taxable","15":"purchasable","16":"product-type-simple"},"_links":{"self":[{"href":"https:\/\/soydeaqui.ddns.net\/pachuca\/index.php\/wp-json\/wp\/v2\/product\/21679","targetHints":{"allow":["GET"]}}],"collection":[{"href":"https:\/\/soydeaqui.ddns.net\/pachuca\/index.php\/wp-json\/wp\/v2\/product"}],"about":[{"href":"https:\/\/soydeaqui.ddns.net\/pachuca\/index.php\/wp-json\/wp\/v2\/types\/product"}],"replies":[{"embeddable":true,"href":"https:\/\/soydeaqui.ddns.net\/pachuca\/index.php\/wp-json\/wp\/v2\/comments?post=21679"}],"wp:featuredmedia":[{"embeddable":true,"href":"https:\/\/soydeaqui.ddns.net\/pachuca\/index.php\/wp-json\/wp\/v2\/media\/21678"}],"wp:attachment":[{"href":"https:\/\/soydeaqui.ddns.net\/pachuca\/index.php\/wp-json\/wp\/v2\/media?parent=21679"}],"wp:term":[{"taxonomy":"product_brand","embeddable":true,"href":"https:\/\/soydeaqui.ddns.net\/pachuca\/index.php\/wp-json\/wp\/v2\/product_brand?post=21679"},{"taxonomy":"product_cat","embeddable":true,"href":"https:\/\/soydeaqui.ddns.net\/pachuca\/index.php\/wp-json\/wp\/v2\/product_cat?post=21679"},{"taxonomy":"product_tag","embeddable":true,"href":"https:\/\/soydeaqui.ddns.net\/pachuca\/index.php\/wp-json\/wp\/v2\/product_tag?post=21679"}],"curies":[{"name":"wp","href":"https:\/\/api.w.org\/{rel}","templated":true}]}}