{"id":21670,"date":"2026-03-18T10:43:12","date_gmt":"2026-03-18T10:43:12","guid":{"rendered":"https:\/\/soydeaqui.ddns.net\/pachuca\/index.php\/producto\/chapa-magnetica-600-lbs-fuerza-de-retencion-montaje-oculto-en-madera-acero-aluminio-circuito-de-liberacion-instantanea-resistente-a-manipulacion-y-climas-acabado-acero-inoxidable-arquitect\/"},"modified":"2026-03-18T10:43:13","modified_gmt":"2026-03-18T10:43:13","slug":"chapa-magnetica-600-lbs-fuerza-de-retencion-montaje-oculto-en-madera-acero-aluminio-circuito-de-liberacion-instantanea-resistente-a-manipulacion-y-climas-acabado-acero-inoxidable-arquitect","status":"publish","type":"product","link":"https:\/\/soydeaqui.ddns.net\/pachuca\/index.php\/producto\/chapa-magnetica-600-lbs-fuerza-de-retencion-montaje-oculto-en-madera-acero-aluminio-circuito-de-liberacion-instantanea-resistente-a-manipulacion-y-climas-acabado-acero-inoxidable-arquitect\/","title":{"rendered":"Chapa magn\u00e9tica \/ 600 lbs Fuerza de Retenci\u00f3n \/ Montaje Oculto en Madera, Acero, Aluminio \/ Circuito de Liberaci\u00f3n Instant\u00e1nea \/ Resistente a Manipulaci\u00f3n y Climas \/ Acabado Acero Inoxidable Arquitect\u00f3nico \/ Aprob"},"content":{"rendered":"<div style='width: 100%; max-width: 1200px; margin: 0 auto; font-family: sans-serif; line-height: 1.6; color: inherit; background-color: transparent;'>\n<div style='margin-bottom: 30px;'>\n<p style='font-size: 18px; line-height: 1.6; margin: 0 0 20px; color: inherit;'>El compacto y vers\u00e1til SAM2-24 proporciona una fuerza de retenci\u00f3n de 600 lbs para puertas batientes o corredizas. Ideal para control de tr\u00e1fico y asegurar aplicaciones m\u00e1s peque\u00f1as como puertas de closet corredizas&comma; atrios y m\u00e1s. El SAM2-24 se monta completamente oculto en puertas de madera&comma; acero&comma; aluminio o Herculite en cualquier posici\u00f3n: en el cabezal&comma; borde de la puerta o umbral.<\/p>\n<\/p><\/div>\n<div style='margin-bottom: 30px;'>\n<h3 style='font-size: 22px; border-bottom: 2px solid currentColor; padding-bottom: 5px; margin-top: 0; margin-bottom: 20px; color: inherit; opacity: 0.8;'>Caracter\u00edsticas Principales<\/h3>\n<div style='display: flex; flex-wrap: wrap; gap: 20px;'>\n<div style='flex: 1 1 300px; min-width: 280px;'>\n<ul style='padding-left: 20px; font-size: 15px; color: inherit;'>\n<li style='margin-bottom: 5px;'>Circuito de liberaci\u00f3n instant\u00e1nea sin magnetismo residual<\/li>\n<li style='margin-bottom: 5px;'>Electr\u00f3nica completamente sellada&comma; resistente a manipulaciones y al clima<\/li>\n<li style='margin-bottom: 5px;'>Montado con tornillos de m\u00e1quina de acero<\/li>\n<li style='margin-bottom: 5px;'>Acabado arquitect\u00f3nico de acero inoxidable cepillado (US32D\/630)<\/li>\n<li style='margin-bottom: 5px;'>Todas las superficies met\u00e1licas ferrosas plateadas seg\u00fan especificaciones MIL<\/li>\n<li style='margin-bottom: 5px;'>Cable conductor cubierto y trenzado de seis pies [1.8m]<\/li>\n<li style='margin-bottom: 5px;'>Dimensiones peque\u00f1as para \u00e1reas de instalaci\u00f3n dif\u00edciles<\/li>\n<li style='margin-bottom: 5px;'>Listado UL<\/li>\n<\/ul><\/div>\n<\/p><\/div>\n<\/p><\/div>\n<div style='margin-bottom: 30px;'>\n<h3 style='font-size: 22px; border-bottom: 2px solid currentColor; padding-bottom: 5px; margin-top: 0; margin-bottom: 20px; color: inherit; opacity: 0.8;'>Especificaciones<\/h3>\n<div style='display: flex; flex-wrap: wrap; gap: 20px; margin-bottom: 30px;'>\n<div style='flex: 1 1 250px; border: 1px solid rgba(150&comma; 150&comma; 150&comma; 0.4); border-radius: 8px; overflow: hidden; display: flex; flex-direction: column;'>\n<div style='padding: 15px; border-bottom: 1px solid rgba(150&comma; 150&comma; 150&comma; 0.2); font-weight: bold; font-size: 18px; color: inherit;'>Especificaciones<\/div>\n<div style='padding: 15px; color: inherit;'>\n<ul style='padding-left: 20px; margin: 0; font-size: 14px; list-style-type: disc;'>\n<li style='margin-bottom: 5px;'><strong>Temperatura M\u00e1xima de Operaci\u00f3n (\u00b0F):<\/strong> 140<\/li>\n<li style='margin-bottom: 5px;'><strong>Temperatura M\u00ednima de Operaci\u00f3n (\u00b0F):<\/strong> -40<\/li>\n<li style='margin-bottom: 5px;'><strong>Corriente 24v DC (amperios):<\/strong> 84mA<\/li>\n<li style='margin-bottom: 5px;'><strong>Voltaje:<\/strong> 24<\/li>\n<li style='margin-bottom: 5px;'><strong>Fuerza de Retenci\u00f3n (lbs):<\/strong> 600<\/li>\n<li style='margin-bottom: 5px;'><strong>Grado:<\/strong> Grado 3<\/li>\n<\/ul><\/div>\n<\/p><\/div>\n<div style='flex: 1 1 250px; border: 1px solid rgba(150&comma; 150&comma; 150&comma; 0.4); border-radius: 8px; overflow: hidden; display: flex; flex-direction: column;'>\n<div style='padding: 15px; border-bottom: 1px solid rgba(150&comma; 150&comma; 150&comma; 0.2); font-weight: bold; font-size: 18px; color: inherit;'>Interfaces y Conectividad<\/div>\n<div style='padding: 15px; color: inherit;'>\n<ul style='padding-left: 20px; margin: 0; font-size: 14px; list-style-type: disc;'>\n<li style='margin-bottom: 5px;'><strong>Profundidad del Im\u00e1n (in):<\/strong> 1-1\/8&#8242;<\/li>\n<li style='margin-bottom: 5px;'><strong>Altura del Im\u00e1n (in):<\/strong> 1&#8242;<\/li>\n<li style='margin-bottom: 5px;'><strong>Longitud del Im\u00e1n (in):<\/strong> 7-3\/16&#8242;<\/li>\n<li style='margin-bottom: 5px;'><strong>Peso de Env\u00edo (lbs):<\/strong> 2-1\/2<\/li>\n<\/ul><\/div>\n<\/p><\/div>\n<\/p><\/div>\n<\/p><\/div>\n<div style='margin-bottom: 30px;'>\n<h3 style='font-size: 22px; border-bottom: 2px solid currentColor; padding-bottom: 5px; margin-top: 0; margin-bottom: 20px; color: inherit; opacity: 0.8;'>Aplicaciones y Casos de Uso<\/h3>\n<div style='display: flex; flex-wrap: wrap; gap: 20px;'>\n<div style='flex: 1 1 250px; min-width: 280px;'>\n<p style='font-size: 15px; color: inherit;'>El SAM2-24 es adecuado para aplicaciones de control de tr\u00e1fico y aseguramiento de \u00e1reas m\u00e1s peque\u00f1as&comma; especialmente en instalaciones donde se requiere un montaje completamente discreto en materiales como madera&comma; acero&comma; y aluminio. Es una soluci\u00f3n excelente para puertas corredizas de cl\u00f3set o atrios.<\/p>\n<\/p><\/div>\n<\/p><\/div>\n<\/p><\/div>\n<hr style='border: 0; border-top: 1px solid rgba(150&comma; 150&comma; 150&comma; 0.3); margin: 30px 0;'> <\/div>\n","protected":false},"excerpt":{"rendered":"<p>Chapa magn\u00e9tica \/ 600 lbs Fuerza de Retenci\u00f3n \/ Montaje Oculto en Madera, Acero, Aluminio \/ Circuito de Liberaci\u00f3n Instant\u00e1nea \/ Resistente a Manipulaci\u00f3n y Climas \/ Acabado Acero Inoxidable Arquitect\u00f3nico \/ Aprob<\/p>\n","protected":false},"featured_media":21669,"comment_status":"open","ping_status":"closed","template":"","meta":[],"product_brand":[],"product_cat":[761],"product_tag":[87,762,889],"class_list":{"0":"post-21670","1":"product","2":"type-product","3":"status-publish","4":"has-post-thumbnail","6":"product_cat-chapas-magneticas","7":"product_tag-cerraduras","8":"product_tag-chapas-magneticas","9":"product_tag-securitron-assa-abloy","11":"first","12":"outofstock","13":"sale","14":"shipping-taxable","15":"purchasable","16":"product-type-simple"},"_links":{"self":[{"href":"https:\/\/soydeaqui.ddns.net\/pachuca\/index.php\/wp-json\/wp\/v2\/product\/21670","targetHints":{"allow":["GET"]}}],"collection":[{"href":"https:\/\/soydeaqui.ddns.net\/pachuca\/index.php\/wp-json\/wp\/v2\/product"}],"about":[{"href":"https:\/\/soydeaqui.ddns.net\/pachuca\/index.php\/wp-json\/wp\/v2\/types\/product"}],"replies":[{"embeddable":true,"href":"https:\/\/soydeaqui.ddns.net\/pachuca\/index.php\/wp-json\/wp\/v2\/comments?post=21670"}],"wp:featuredmedia":[{"embeddable":true,"href":"https:\/\/soydeaqui.ddns.net\/pachuca\/index.php\/wp-json\/wp\/v2\/media\/21669"}],"wp:attachment":[{"href":"https:\/\/soydeaqui.ddns.net\/pachuca\/index.php\/wp-json\/wp\/v2\/media?parent=21670"}],"wp:term":[{"taxonomy":"product_brand","embeddable":true,"href":"https:\/\/soydeaqui.ddns.net\/pachuca\/index.php\/wp-json\/wp\/v2\/product_brand?post=21670"},{"taxonomy":"product_cat","embeddable":true,"href":"https:\/\/soydeaqui.ddns.net\/pachuca\/index.php\/wp-json\/wp\/v2\/product_cat?post=21670"},{"taxonomy":"product_tag","embeddable":true,"href":"https:\/\/soydeaqui.ddns.net\/pachuca\/index.php\/wp-json\/wp\/v2\/product_tag?post=21670"}],"curies":[{"name":"wp","href":"https:\/\/api.w.org\/{rel}","templated":true}]}}