{"id":21660,"date":"2026-03-18T10:43:02","date_gmt":"2026-03-18T10:43:02","guid":{"rendered":"https:\/\/soydeaqui.ddns.net\/pachuca\/index.php\/producto\/electroiman-compacto\/"},"modified":"2026-03-18T10:43:03","modified_gmt":"2026-03-18T10:43:03","slug":"electroiman-compacto","status":"publish","type":"product","link":"https:\/\/soydeaqui.ddns.net\/pachuca\/index.php\/producto\/electroiman-compacto\/","title":{"rendered":"Electroim\u00e1n compacto"},"content":{"rendered":"<div style='width: 100%; max-width: 1200px; margin: 0 auto; font-family: sans-serif; line-height: 1.6; color: inherit; background-color: transparent;'> <!-- Descripci\u00f3n principal --> <\/p>\n<div style='margin-bottom: 30px;'>\n<p style='font-size: 16px; margin: 0 0 15px; color: inherit;'> La cerradura electromec\u00e1nica compacta MEM4400 es una soluci\u00f3n ultracompacta para puertas correderas o recintos peque\u00f1os. La cerradura se instala f\u00e1cilmente en o dentro del riel de la puerta de las puertas correderas autom\u00e1ticas. El RCI MEM4400 tiene sensores de estado de puertas y cerraduras con una alarma de advertencia temprana. <\/p>\n<\/p><\/div>\n<p> <!-- Caracter\u00edsticas --> <\/p>\n<div style='display: flex; flex-wrap: wrap; gap: 20px; margin-bottom: 30px;'>\n<div style='flex: 1 1 300px; min-width: 280px;'>\n<h3 style='font-size: 20px; border-bottom: 2px solid currentColor; padding-bottom: 5px; margin-top: 0; color: inherit; opacity: 0.8;'>Caracter\u00edsticas principales<\/h3>\n<ul style='padding-left: 20px; font-size: 15px; color: inherit;'>\n<li style='margin-bottom: 5px;'>Dise\u00f1o ultracompacto<\/li>\n<li style='margin-bottom: 5px;'>Bajo consumo de energ\u00eda<\/li>\n<li style='margin-bottom: 5px;'>F\u00e1cil instalaci\u00f3n<\/li>\n<li style='margin-bottom: 5px;'>Alarma de alerta temprana<\/li>\n<li style='margin-bottom: 5px;'>Sin magnetismo residual<\/li>\n<li style='margin-bottom: 5px;'>Para puertas correderas autom\u00e1ticas (cerradura ubicada en o dentro del riel de la puerta)<\/li>\n<li style='margin-bottom: 5px;'>260mA 12 \/ 24VDC<\/li>\n<li style='margin-bottom: 5px;'>Fuerza de sujeci\u00f3n de 880 lbf<\/li>\n<li style='margin-bottom: 5px;'>Fail \u2013 safe<\/li>\n<li style='margin-bottom: 5px;'>Sensores de estado de puertas y cerraduras<\/li>\n<li style='margin-bottom: 5px;'>Garant\u00eda limitada de 3 a\u00f1os<\/li>\n<\/ul><\/div>\n<p> <!-- Especificaciones dimensionales --> <\/p>\n<div style='flex: 1 1 300px; min-width: 280px;'>\n<h3 style='font-size: 20px; border-bottom: 2px solid currentColor; padding-bottom: 5px; margin-top: 0; color: inherit; opacity: 0.8;'>Especificaciones dimensionales<\/h3>\n<ul style='padding-left: 20px; font-size: 15px; color: inherit;'>\n<li style='margin-bottom: 5px;'>Dimensiones: 1-3 \/ 4 &#8216;de ancho x 1-3 \/ 16&#8217; de alto x 21\/32 &#8216;de profundidad (44 mm x 30 mm x 16&comma;5 mm)<\/li>\n<li style='margin-bottom: 5px;'>Placa de armadura: 1-3 \/ 4 &#8216;de ancho x 1-3 \/ 16&#8217; de alto x 1\/2 &#8216;de profundidad (44 mm x 30 mm x 12&comma;5 mm)<\/li>\n<\/ul><\/div>\n<\/p><\/div>\n<p> <!-- Nota importante --> <\/p>\n<div style='margin-bottom: 30px;'>\n<p style='font-weight: bold; font-size: 16px; margin: 0; color: inherit;'> Producto sobre pedido <\/p>\n<\/p><\/div>\n<p> <!-- Imagen --> <\/p>\n<div style='margin-bottom: 30px;'> <img style='width: 100%; height: auto; border: 1px solid rgba(150&comma;150&comma;150&comma;0.3); border-radius: 8px;' src='http:\/\/ftp3.syscom.mx\/usuarios\/fotos\/chapas.gif' alt=''> <\/div>\n<p> <!-- Videos de YouTube --> <\/p>\n<div style='display: flex; flex-direction: column; gap: 30px; margin-bottom: 30px;'> <!-- Primer video --> <\/p>\n<div style='position: relative; padding-bottom: 56.25%; height: 0; overflow: hidden;'>   <\/div>\n<p> <!-- Segundo video --> <\/p>\n<div style='position: relative; padding-bottom: 56.25%; height: 0; overflow: hidden;'>   <\/div>\n<p> <!-- Tercer video --> <\/p>\n<div style='position: relative; padding-bottom: 56.25%; height: 0; overflow: hidden;'>   <\/div>\n<\/p><\/div>\n<p> <!-- Separador final --> <\/p>\n<hr style='border: 0; border-top: 1px solid rgba(150&comma; 150&comma; 150&comma; 0.3); margin: 30px 0;'> <\/div>\n","protected":false},"excerpt":{"rendered":"<p>Electroim\u00e1n compacto<\/p>\n","protected":false},"featured_media":21659,"comment_status":"open","ping_status":"closed","template":"","meta":[],"product_brand":[],"product_cat":[761],"product_tag":[87,762,480],"class_list":{"0":"post-21660","1":"product","2":"type-product","3":"status-publish","4":"has-post-thumbnail","6":"product_cat-chapas-magneticas","7":"product_tag-cerraduras","8":"product_tag-chapas-magneticas","9":"product_tag-dormakaba","11":"first","12":"outofstock","13":"sale","14":"shipping-taxable","15":"purchasable","16":"product-type-simple"},"_links":{"self":[{"href":"https:\/\/soydeaqui.ddns.net\/pachuca\/index.php\/wp-json\/wp\/v2\/product\/21660","targetHints":{"allow":["GET"]}}],"collection":[{"href":"https:\/\/soydeaqui.ddns.net\/pachuca\/index.php\/wp-json\/wp\/v2\/product"}],"about":[{"href":"https:\/\/soydeaqui.ddns.net\/pachuca\/index.php\/wp-json\/wp\/v2\/types\/product"}],"replies":[{"embeddable":true,"href":"https:\/\/soydeaqui.ddns.net\/pachuca\/index.php\/wp-json\/wp\/v2\/comments?post=21660"}],"wp:featuredmedia":[{"embeddable":true,"href":"https:\/\/soydeaqui.ddns.net\/pachuca\/index.php\/wp-json\/wp\/v2\/media\/21659"}],"wp:attachment":[{"href":"https:\/\/soydeaqui.ddns.net\/pachuca\/index.php\/wp-json\/wp\/v2\/media?parent=21660"}],"wp:term":[{"taxonomy":"product_brand","embeddable":true,"href":"https:\/\/soydeaqui.ddns.net\/pachuca\/index.php\/wp-json\/wp\/v2\/product_brand?post=21660"},{"taxonomy":"product_cat","embeddable":true,"href":"https:\/\/soydeaqui.ddns.net\/pachuca\/index.php\/wp-json\/wp\/v2\/product_cat?post=21660"},{"taxonomy":"product_tag","embeddable":true,"href":"https:\/\/soydeaqui.ddns.net\/pachuca\/index.php\/wp-json\/wp\/v2\/product_tag?post=21660"}],"curies":[{"name":"wp","href":"https:\/\/api.w.org\/{rel}","templated":true}]}}