{"id":21655,"date":"2026-03-18T10:42:57","date_gmt":"2026-03-18T10:42:57","guid":{"rendered":"https:\/\/soydeaqui.ddns.net\/pachuca\/index.php\/producto\/contrachapa-compacta\/"},"modified":"2026-03-18T10:42:58","modified_gmt":"2026-03-18T10:42:58","slug":"contrachapa-compacta","status":"publish","type":"product","link":"https:\/\/soydeaqui.ddns.net\/pachuca\/index.php\/producto\/contrachapa-compacta\/","title":{"rendered":"Contrachapa Compacta"},"content":{"rendered":"<div style='width: 100%; max-width: 1200px; margin: 0 auto; font-family: sans-serif; line-height: 1.6; color: inherit; background-color: transparent;'>\n<div style='margin-bottom: 30px;'>\n<p style='font-size: 16px; margin: 0 0 20px; color: inherit;'> La cerradura compacta 12C es una soluci\u00f3n vers\u00e1til que es adecuada para todo tipo de marcos de puertas. El RCI 12C reemplaza las cerraduras tipo T est\u00e1ndar no electrificados con una versi\u00f3n el\u00e9ctrica r\u00e1pida y f\u00e1cil de instalar. El dise\u00f1o compacto con dimensiones de 1-13\/18&#8217;W x 2-3\/4&#8217;H x 1-1\/8&#8217;D es ideal para marcos de puertas de madera&comma; acero y aluminio. <\/p>\n<div style='display: flex; flex-wrap: wrap; gap: 20px; margin-bottom: 30px;'>\n<div style='flex: 1 1 250px; min-width: 200px; border: 1px solid rgba(150&comma; 150&comma; 150&comma; 0.4); border-radius: 8px; overflow: hidden; display: flex; flex-direction: column;'>\n<div style='padding: 15px; border-bottom: 1px solid rgba(150&comma; 150&comma; 150&comma; 0.2); font-weight: bold; font-size: 16px; color: inherit; background-color: rgba(150&comma; 150&comma; 150&comma; 0.1);'>Caracter\u00edsticas principales<\/div>\n<ul style='padding: 15px; margin: 0; font-size: 14px; list-style-type: disc; color: inherit;'>\n<li style='margin-bottom: 5px;'>R\u00e1pida y f\u00e1cil de instalar<\/li>\n<li style='margin-bottom: 5px;'>Ideal para marcos de madera&comma; acero y aluminio<\/li>\n<li style='margin-bottom: 5px;'>Sin manos<\/li>\n<li style='margin-bottom: 5px;'>Dise\u00f1o vers\u00e1til y compacto<\/li>\n<li style='margin-bottom: 5px;'>90mA 12VDC<\/li>\n<li style='margin-bottom: 5px;'>1&comma;100lbf Est\u00e1tico 44ft-lb Din\u00e1mico (pruebas internas)<\/li>\n<li style='margin-bottom: 5px;'>Seguridad contra fallos<\/li>\n<li style='margin-bottom: 5px;'>Garant\u00eda limitada de 1 a\u00f1o<\/li>\n<\/ul><\/div>\n<div style='flex: 1 1 250px; min-width: 200px; border: 1px solid rgba(150&comma; 150&comma; 150&comma; 0.4); border-radius: 8px; overflow: hidden; display: flex; flex-direction: column;'>\n<div style='padding: 15px; border-bottom: 1px solid rgba(150&comma; 150&comma; 150&comma; 0.2); font-weight: bold; font-size: 16px; color: inherit; background-color: rgba(150&comma; 150&comma; 150&comma; 0.1);'>Caracter\u00edsticas adicionales<\/div>\n<ul style='padding: 15px; margin: 0; font-size: 14px; list-style-type: disc; color: inherit;'>\n<li style='margin-bottom: 5px;'>Reemplaza las guardas tipo T est\u00e1ndar no electrificados<\/li>\n<li style='margin-bottom: 5px;'>Mantiene la integridad y la resistencia del marco de la puerta<\/li>\n<li style='margin-bottom: 5px;'>Cromo cepillado (26D)<\/li>\n<\/ul><\/div>\n<\/p><\/div>\n<div style='margin-bottom: 30px;'>\n<p style='font-size: 15px; margin: 0; color: inherit;'> Dimensiones: 1-13\/18&#8217;W x 2-3\/4&#8217;H x 1-1\/8&#8217;D (46mm x 70mm x 28mm) <\/p>\n<\/p><\/div>\n<\/p><\/div>\n<\/p><\/div>\n","protected":false},"excerpt":{"rendered":"<p>Contrachapa Compacta<\/p>\n","protected":false},"featured_media":21654,"comment_status":"open","ping_status":"closed","template":"","meta":[],"product_brand":[],"product_cat":[772],"product_tag":[87,773,453],"class_list":{"0":"post-21655","1":"product","2":"type-product","3":"status-publish","4":"has-post-thumbnail","6":"product_cat-contrachapas","7":"product_tag-cerraduras","8":"product_tag-contrachapas","9":"product_tag-rci-dormakaba","11":"first","12":"outofstock","13":"sale","14":"shipping-taxable","15":"purchasable","16":"product-type-simple"},"_links":{"self":[{"href":"https:\/\/soydeaqui.ddns.net\/pachuca\/index.php\/wp-json\/wp\/v2\/product\/21655","targetHints":{"allow":["GET"]}}],"collection":[{"href":"https:\/\/soydeaqui.ddns.net\/pachuca\/index.php\/wp-json\/wp\/v2\/product"}],"about":[{"href":"https:\/\/soydeaqui.ddns.net\/pachuca\/index.php\/wp-json\/wp\/v2\/types\/product"}],"replies":[{"embeddable":true,"href":"https:\/\/soydeaqui.ddns.net\/pachuca\/index.php\/wp-json\/wp\/v2\/comments?post=21655"}],"wp:featuredmedia":[{"embeddable":true,"href":"https:\/\/soydeaqui.ddns.net\/pachuca\/index.php\/wp-json\/wp\/v2\/media\/21654"}],"wp:attachment":[{"href":"https:\/\/soydeaqui.ddns.net\/pachuca\/index.php\/wp-json\/wp\/v2\/media?parent=21655"}],"wp:term":[{"taxonomy":"product_brand","embeddable":true,"href":"https:\/\/soydeaqui.ddns.net\/pachuca\/index.php\/wp-json\/wp\/v2\/product_brand?post=21655"},{"taxonomy":"product_cat","embeddable":true,"href":"https:\/\/soydeaqui.ddns.net\/pachuca\/index.php\/wp-json\/wp\/v2\/product_cat?post=21655"},{"taxonomy":"product_tag","embeddable":true,"href":"https:\/\/soydeaqui.ddns.net\/pachuca\/index.php\/wp-json\/wp\/v2\/product_tag?post=21655"}],"curies":[{"name":"wp","href":"https:\/\/api.w.org\/{rel}","templated":true}]}}