{"id":21649,"date":"2026-03-18T10:42:49","date_gmt":"2026-03-18T10:42:49","guid":{"rendered":"https:\/\/soydeaqui.ddns.net\/pachuca\/index.php\/producto\/hub-de-comunicacion-zigbee-rf-wi-fi-abre-o-cierra-a-distancia-controla-16-cerraduras-compatible-con-alexa-incluye-cable-usb-y-plug-para-cerraduras-yale-phillips-tesa\/"},"modified":"2026-03-18T10:42:49","modified_gmt":"2026-03-18T10:42:49","slug":"hub-de-comunicacion-zigbee-rf-wi-fi-abre-o-cierra-a-distancia-controla-16-cerraduras-compatible-con-alexa-incluye-cable-usb-y-plug-para-cerraduras-yale-phillips-tesa","status":"publish","type":"product","link":"https:\/\/soydeaqui.ddns.net\/pachuca\/index.php\/producto\/hub-de-comunicacion-zigbee-rf-wi-fi-abre-o-cierra-a-distancia-controla-16-cerraduras-compatible-con-alexa-incluye-cable-usb-y-plug-para-cerraduras-yale-phillips-tesa\/","title":{"rendered":"HUB de Comunicaci\u00f3n Zigbee RF Wi-Fi \/ Abre o Cierra a Distancia \/ Controla 16 Cerraduras \/ Compatible Con Alexa \/ Incluye Cable USB y Plug \/ Para Cerraduras Yale Phillips Tesa"},"content":{"rendered":"<div style='width: 100%; max-width: 1200px; margin: 0 auto; font-family: sans-serif; line-height: 1.6; color: inherit; background-color: transparent;'>\n<div style='margin-bottom: 30px;'>\n<p style='font-size: 18px; line-height: 1.5; margin: 0 0 20px 0; color: inherit;'>El HUB de Comunicaci\u00f3n Zigbee&comma; RF y Wi-Fi de Yale es una soluci\u00f3n avanzada para el control remoto de cerraduras compatibles de Yale&comma; Phillips o Tesa. Con su tecnolog\u00eda de punta&comma; permite gestionar m\u00faltiples dispositivos de forma sencilla y eficiente.<\/p>\n<\/div>\n<div style='margin-bottom: 30px;'>\n<h2 style='font-size: 24px; font-weight: 600; margin: 0 0 15px 0; color: inherit; opacity: 0.9;'>Caracter\u00edsticas Principales<\/h2>\n<div style='display: flex; flex-wrap: wrap; gap: 20px;'>\n<div style='flex: 1 1 250px; min-width: 200px; background-color: rgba(150&comma;150&comma;150&comma;0.05); border-radius: 8px; padding: 15px;'>\n<ul style='padding-left: 20px; margin: 0; font-size: 15px; color: inherit; list-style-type: disc;'>\n<li style='margin-bottom: 8px;'>Abre o cierra cerraduras a distancia a trav\u00e9s de la aplicaci\u00f3n Yale Connect con conectividad Wi-Fi.<\/li>\n<li style='margin-bottom: 8px;'>Permite controlar hasta 16 cerraduras individualmente.<\/li>\n<li style='margin-bottom: 8px;'>Facilita la creaci\u00f3n de usuarios permanentes o programados para el acceso.<\/li>\n<li style='margin-bottom: 8px;'>Mant\u00e9n un registro detallado de las aperturas realizadas en tus cerraduras.<\/li>\n<li style='margin-bottom: 8px;'>Es compatible con el asistente de voz Alexa para un control manos libres.<\/li>\n<li style='margin-bottom: 0;'>Controla adicionalmente cajas fuertes Yale Bluetooth.<\/li>\n<\/ul>\n<\/div>\n<\/div>\n<\/div>\n<\/div>\n<div style='margin-bottom: 30px;'>\n<div style='display: flex; flex-wrap: wrap; gap: 20px;'>\n<div style='flex: 1 1 300px; min-width: 250px; border: 1px solid rgba(150&comma; 150&comma; 150&comma; 0.4); border-radius: 8px; overflow: hidden; display: flex; flex-direction: column;'>\n<div style='padding: 15px; border-bottom: 1px solid rgba(150&comma; 150&comma; 150&comma; 0.2); font-weight: bold; font-size: 18px; color: inherit;'>Especificaciones<\/div>\n<div style='padding: 15px; color: inherit;'>\n<ul style='padding-left: 20px; margin: 0; font-size: 14px; list-style-type: disc;'>\n<li style='margin-bottom: 5px;'><strong>Modelo:<\/strong> HUB 1.1 Yale Connect<\/li>\n<li style='margin-bottom: 5px;'><strong>Incluye:<\/strong> 1 Cable micro USB y 1 Plug (5 Vdc&comma; 1 A)<\/li>\n<li style='margin-bottom: 0;'><strong>Dimensiones:<\/strong> 70 mm x 83 mm<\/li>\n<\/ul>\n<\/div>\n<\/div>\n<div style='flex: 1 1 300px; min-width: 250px; border: 1px solid rgba(150&comma; 150&comma; 150&comma; 0.4); border-radius: 8px; overflow: hidden; display: flex; flex-direction: column;'>\n<div style='padding: 15px; border-bottom: 1px solid rgba(150&comma; 150&comma; 150&comma; 0.2); font-weight: bold; font-size: 18px; color: inherit;'>Interfaces y Conectividad<\/div>\n<div style='padding: 15px; color: inherit;'>\n<ul style='padding-left: 20px; margin: 0; font-size: 14px; list-style-type: disc;'>\n<li style='margin-bottom: 5px;'>Conexi\u00f3n Zigbee&comma; RF y Wi-Fi para amplia compatibilidad con cerraduras.<\/li>\n<li style='margin-bottom: 5px;'>Aplicaci\u00f3n m\u00f3vil Yale Connect disponible para iOS y Android.<\/li>\n<li style='margin-bottom: 0;'>Compatibilidad con cerraduras Yale&comma; Phillips y Tesa con m\u00f3dulo o receptor RF.<\/li>\n<\/ul>\n<\/div>\n<\/div>\n<\/div>\n<\/div>\n<\/div>\n<div style='margin-bottom: 30px;'>\n<h2 style='font-size: 24px; font-weight: 600; margin: 0 0 15px 0; color: inherit; opacity: 0.9;'>Aplicaciones y Casos de Uso<\/h2>\n<div style='display: flex; flex-wrap: wrap; gap: 20px;'>\n<div style='flex: 1 1 300px; min-width: 250px; background-color: rgba(150&comma;150&comma;150&comma;0.05); border-radius: 8px; padding: 15px; font-size: 14px; color: inherit;'>Ideal para uso en casas conectadas que requieran control y gesti\u00f3n remota de dispositivos de seguridad.<\/div>\n<\/div>\n<\/div>\n<\/div>\n<hr style='border: 0; border-top: 1px solid rgba(150&comma; 150&comma; 150&comma; 0.3); margin: 30px 0;'><\/div>\n","protected":false},"excerpt":{"rendered":"<p>HUB de Comunicaci\u00f3n Zigbee RF Wi-Fi \/ Abre o Cierra a Distancia \/ Controla 16 Cerraduras \/ Compatible Con Alexa \/ Incluye Cable USB y Plug \/ Para Cerraduras Yale Phillips Tesa<\/p>\n","protected":false},"featured_media":21648,"comment_status":"open","ping_status":"closed","template":"","meta":[],"product_brand":[],"product_cat":[86],"product_tag":[88,87,395],"class_list":{"0":"post-21649","1":"product","2":"type-product","3":"status-publish","4":"has-post-thumbnail","6":"product_cat-autonomas-inteligentes","7":"product_tag-autonomas-inteligentes","8":"product_tag-cerraduras","9":"product_tag-yale-assa-abloy","11":"first","12":"instock","13":"sale","14":"shipping-taxable","15":"purchasable","16":"product-type-simple"},"_links":{"self":[{"href":"https:\/\/soydeaqui.ddns.net\/pachuca\/index.php\/wp-json\/wp\/v2\/product\/21649","targetHints":{"allow":["GET"]}}],"collection":[{"href":"https:\/\/soydeaqui.ddns.net\/pachuca\/index.php\/wp-json\/wp\/v2\/product"}],"about":[{"href":"https:\/\/soydeaqui.ddns.net\/pachuca\/index.php\/wp-json\/wp\/v2\/types\/product"}],"replies":[{"embeddable":true,"href":"https:\/\/soydeaqui.ddns.net\/pachuca\/index.php\/wp-json\/wp\/v2\/comments?post=21649"}],"wp:featuredmedia":[{"embeddable":true,"href":"https:\/\/soydeaqui.ddns.net\/pachuca\/index.php\/wp-json\/wp\/v2\/media\/21648"}],"wp:attachment":[{"href":"https:\/\/soydeaqui.ddns.net\/pachuca\/index.php\/wp-json\/wp\/v2\/media?parent=21649"}],"wp:term":[{"taxonomy":"product_brand","embeddable":true,"href":"https:\/\/soydeaqui.ddns.net\/pachuca\/index.php\/wp-json\/wp\/v2\/product_brand?post=21649"},{"taxonomy":"product_cat","embeddable":true,"href":"https:\/\/soydeaqui.ddns.net\/pachuca\/index.php\/wp-json\/wp\/v2\/product_cat?post=21649"},{"taxonomy":"product_tag","embeddable":true,"href":"https:\/\/soydeaqui.ddns.net\/pachuca\/index.php\/wp-json\/wp\/v2\/product_tag?post=21649"}],"curies":[{"name":"wp","href":"https:\/\/api.w.org\/{rel}","templated":true}]}}