{"id":21624,"date":"2026-03-18T10:42:20","date_gmt":"2026-03-18T10:42:20","guid":{"rendered":"https:\/\/soydeaqui.ddns.net\/pachuca\/index.php\/producto\/motor-para-puertas-corredizas-de-hasta-350-kgs-velocidad-de-apertura-de-17-metros-por-minuto\/"},"modified":"2026-03-18T10:42:26","modified_gmt":"2026-03-18T10:42:26","slug":"motor-para-puertas-corredizas-de-hasta-350-kgs-velocidad-de-apertura-de-17-metros-por-minuto","status":"publish","type":"product","link":"https:\/\/soydeaqui.ddns.net\/pachuca\/index.php\/producto\/motor-para-puertas-corredizas-de-hasta-350-kgs-velocidad-de-apertura-de-17-metros-por-minuto\/","title":{"rendered":"Motor Para Puertas Corredizas de Hasta 350 KGs \/ Velocidad de Apertura de 17 Metros por Minuto \/"},"content":{"rendered":"<div style='width: 100%; max-width: 1200px; margin: 0 auto; font-family: sans-serif; line-height: 1.6; color: inherit; background-color: transparent;'>\n<div style='display: flex; flex-wrap: wrap; gap: 30px; margin-bottom: 30px;'>\n<div style='flex: 1 1 300px; min-width: 280px;'>\n<h3 style='font-size: 22px; border-bottom: 2px solid currentColor; padding-bottom: 5px; margin-top: 0; color: inherit; opacity: 0.8;'>Caracter\u00edsticas Principales:<\/h3>\n<ul style='padding-left: 20px; font-size: 15px; color: inherit;'>\n<li style='margin-bottom: 5px;'>Peso m\u00e1ximo de la hoja 350kg<\/li>\n<li style='margin-bottom: 5px;'>Para aplicaci\u00f3n residencial<\/li>\n<li style='margin-bottom: 5px;'>Pi\u00f1\u00f3n modulo 4<\/li>\n<\/ul><\/div>\n<div style='flex: 1 1 300px; min-width: 280px;'>\n<h3 style='font-size: 22px; border-bottom: 2px solid currentColor; padding-bottom: 5px; margin-top: 0; color: inherit; opacity: 0.8;'>Caracter\u00edsticas F\u00edsicas y El\u00e9ctricas:<\/h3>\n<ul style='padding-left: 20px; font-size: 15px; color: inherit;'>\n<li style='margin-bottom: 5px;'>Alimentaci\u00f3n de 127VAC<\/li>\n<li style='margin-bottom: 5px;'>Potencia m\u00e1xima de 370W<\/li>\n<li style='margin-bottom: 5px;'>Frecuencia 50\/60 Hz<\/li>\n<\/ul><\/div>\n<div style='flex: 1 1 300px; min-width: 280px;'>\n<h3 style='font-size: 22px; border-bottom: 2px solid currentColor; padding-bottom: 5px; margin-top: 0; color: inherit; opacity: 0.8;'>Caracter\u00edsticas Destacadas:<\/h3>\n<ul style='padding-left: 20px; font-size: 15px; color: inherit;'>\n<li style='margin-bottom: 5px;'>Desbloqueo mediante llave<\/li>\n<li style='margin-bottom: 5px;'>Clase de protecci\u00f3n IP44<\/li>\n<li style='margin-bottom: 5px;'>Velocidad de recorrido 17m\/min<\/li>\n<\/ul><\/div>\n<\/p><\/div>\n<div style='display: flex; flex-direction: column; align-items: center; margin: 30px 0;'>\n<h3 style='font-size: 22px; border-bottom: 2px solid currentColor; padding-bottom: 5px; margin-top: 0; color: inherit; opacity: 0.8; text-align: center;'>\u00bfQu\u00e9 necesito para una instalaci\u00f3n?<\/h3>\n<p style='margin: 8px 0; text-align: center;'>1 x <strong>E-15582<\/strong> motor para puertas corredizas de hasta 350Kg<\/p>\n<p style='margin: 8px 0; text-align: center;'>N x <strong>1140-0510-001<\/strong> Cremallera m\u00f3dulo 4 (La cantidad depende del tama\u00f1o de la puerta)<\/p>\n<\/p><\/div>\n<div style='display: flex; flex-direction: column; align-items: center; margin: 30px 0;'>\n<h3 style='font-size: 22px; border-bottom: 2px solid currentColor; padding-bottom: 5px; margin-top: 0; color: inherit; opacity: 0.8; text-align: center;'>\u00bfQu\u00e9 accesorios opcionales puedo agregar a mi instalaci\u00f3n?<\/h3>\n<p style='margin: 8px 0; text-align: center;'><strong>15981<\/strong> Control remoto para motores Rossi<\/p>\n<p style='margin: 8px 0; text-align: center;'><strong>XBS-IR-33<\/strong> Fotocelda con alcance de 10 metros<\/p>\n<p style='margin: 8px 0; text-align: center;'><strong>XBS-SW-02<\/strong> Botonera triple para aplicaciones de motores y barreras<\/p>\n<\/p><\/div>\n<div style='display: flex; flex-direction: column; align-items: center; margin: 30px 0;'>\n<h3 style='font-size: 22px; border-bottom: 2px solid currentColor; padding-bottom: 5px; margin-top: 0; color: inherit; opacity: 0.8; text-align: center;'>Notas adicionales<\/h3>\n<p style='margin: 8px 0; text-align: center;'>Equipo con un a\u00f1o de garant\u00eda<\/p>\n<p style='margin: 8px 0; text-align: center;'>Siempre deben de instalarse dispositivos de seguridad<\/p>\n<\/p><\/div>\n<hr style='border: 0; border-top: 1px solid rgba(150&comma; 150&comma; 150&comma; 0.3); margin: 30px 0;'> <\/div>\n","protected":false},"excerpt":{"rendered":"<p>Motor Para Puertas Corredizas de Hasta 350 KGs \/ Velocidad de Apertura de 17 Metros por Minuto \/<\/p>\n","protected":false},"featured_media":21623,"comment_status":"open","ping_status":"closed","template":"","meta":[],"product_brand":[],"product_cat":[860],"product_tag":[401,861,885],"class_list":{"0":"post-21624","1":"product","2":"type-product","3":"status-publish","4":"has-post-thumbnail","6":"product_cat-puertas-corredizas","7":"product_tag-acceso-vehicular","8":"product_tag-puertas-corredizas","9":"product_tag-rossi","11":"first","12":"instock","13":"sale","14":"shipping-taxable","15":"purchasable","16":"product-type-simple"},"_links":{"self":[{"href":"https:\/\/soydeaqui.ddns.net\/pachuca\/index.php\/wp-json\/wp\/v2\/product\/21624","targetHints":{"allow":["GET"]}}],"collection":[{"href":"https:\/\/soydeaqui.ddns.net\/pachuca\/index.php\/wp-json\/wp\/v2\/product"}],"about":[{"href":"https:\/\/soydeaqui.ddns.net\/pachuca\/index.php\/wp-json\/wp\/v2\/types\/product"}],"replies":[{"embeddable":true,"href":"https:\/\/soydeaqui.ddns.net\/pachuca\/index.php\/wp-json\/wp\/v2\/comments?post=21624"}],"wp:featuredmedia":[{"embeddable":true,"href":"https:\/\/soydeaqui.ddns.net\/pachuca\/index.php\/wp-json\/wp\/v2\/media\/21623"}],"wp:attachment":[{"href":"https:\/\/soydeaqui.ddns.net\/pachuca\/index.php\/wp-json\/wp\/v2\/media?parent=21624"}],"wp:term":[{"taxonomy":"product_brand","embeddable":true,"href":"https:\/\/soydeaqui.ddns.net\/pachuca\/index.php\/wp-json\/wp\/v2\/product_brand?post=21624"},{"taxonomy":"product_cat","embeddable":true,"href":"https:\/\/soydeaqui.ddns.net\/pachuca\/index.php\/wp-json\/wp\/v2\/product_cat?post=21624"},{"taxonomy":"product_tag","embeddable":true,"href":"https:\/\/soydeaqui.ddns.net\/pachuca\/index.php\/wp-json\/wp\/v2\/product_tag?post=21624"}],"curies":[{"name":"wp","href":"https:\/\/api.w.org\/{rel}","templated":true}]}}