{"id":2160,"date":"2026-03-18T05:53:50","date_gmt":"2026-03-18T05:53:50","guid":{"rendered":"https:\/\/soydeaqui.ddns.net\/pachuca\/index.php\/producto\/transmisor-inalambrico-alimentado-a-12vcc-entrada-de-2-contactos-secos-na-distancia-maxima-de-transmision-2500-metros-linea-de-vista\/"},"modified":"2026-03-18T05:53:52","modified_gmt":"2026-03-18T05:53:52","slug":"transmisor-inalambrico-alimentado-a-12vcc-entrada-de-2-contactos-secos-na-distancia-maxima-de-transmision-2500-metros-linea-de-vista","status":"publish","type":"product","link":"https:\/\/soydeaqui.ddns.net\/pachuca\/index.php\/producto\/transmisor-inalambrico-alimentado-a-12vcc-entrada-de-2-contactos-secos-na-distancia-maxima-de-transmision-2500-metros-linea-de-vista\/","title":{"rendered":"Transmisor inal\u00e1mbrico \/ Alimentado a 12Vcc \/ Entrada de 2 contactos secos NA \/ Distancia m\u00e1xima de transmisi\u00f3n 2500 metros (Linea de vista)"},"content":{"rendered":"<div style='width: 100%; max-width: 1200px; margin: 0 auto; font-family: sans-serif; line-height: 1.6; color: inherit; background-color: transparent;'> <!-- Descripci\u00f3n principal --> <\/p>\n<div style='margin-bottom: 30px;'>\n<p style='margin: 0 0 15px; text-align: justify; font-size: 15px; color: inherit;'> Este transmisor inal\u00e1mbrico de largo alcance le proporcionara una soluci\u00f3n inal\u00e1mbrica ideal&comma; para lugares donde la obra civil no se puede llevar acabo o es muy costosa. Integraci\u00f3n con cualquier panel de alarma ya que nos entrega un contacto seco. <\/p>\n<\/p><\/div>\n<p> <!-- Caracter\u00edsticas --> <\/p>\n<div style='display: flex; flex-wrap: wrap; gap: 30px; margin-bottom: 30px;'>\n<div style='flex: 1 1 300px; min-width: 280px;'>\n<h3 style='font-size: 22px; border-bottom: 2px solid currentColor; padding-bottom: 5px; margin-top: 0; color: inherit; opacity: 0.8;'>Caracter\u00edsticas<\/h3>\n<ul style='padding-left: 20px; font-size: 15px; color: inherit;'>\n<li style='margin-bottom: 5px;'><strong>Rango a l\u00ednea de vista:<\/strong> 2500 metros *<\/li>\n<li style='margin-bottom: 5px;'><strong>Alimentaci\u00f3n:<\/strong> 12 Vcc \/ Modelo sugerido: <span style='color: #1d4e8f; font-weight: bold;'>PSD1202D<\/span><\/li>\n<li style='margin-bottom: 5px;'><strong>Frecuencia de trabajo:<\/strong> 433.92Mhz<\/li>\n<li style='margin-bottom: 5px;'><strong>Receptor compatible:<\/strong> SF-LORA-REC2 y SF-LORA-REC4<\/li>\n<li style='margin-bottom: 5px;'><strong>Dimensiones:<\/strong> 115mm (Largo) x 100mm(Alto) x 40mm (Ancho) <strong>Antena:<\/strong> 190 mm<\/li>\n<li style='margin-bottom: 5px;'><strong>Rango de temperatura:<\/strong> -20 \u00b0C \/ +80 \u00b0C<\/li>\n<\/ul>\n<p style='margin-top: 20px; font-size: 14px; color: inherit; opacity: 0.8;'> *La distancia puede variar por cuestiones de interferencias en la radio frecuencia u obst\u00e1culos principalmente met\u00e1licos <\/p>\n<\/p><\/div>\n<\/p><\/div>\n<p> <!-- Separador --> <\/p>\n<hr style='border: 0; border-top: 1px solid rgba(150&comma; 150&comma; 150&comma; 0.3); margin: 30px 0;'> <!-- Configuraciones --> <\/p>\n<div style='margin-bottom: 30px;'>\n<h3 style='font-size: 20px; margin-top: 0; margin-bottom: 15px; color: inherit; opacity: 0.8;'>CONFIGURACIONES<\/h3>\n<div style='display: flex; flex-direction: column; gap: 15px;'>\n<div style='border: 1px solid rgba(150&comma; 150&comma; 150&comma; 0.2); border-radius: 6px; padding: 10px; background-color: rgba(0&comma;0&comma;0&comma;0.02);'> <a href='https:\/\/soporte.syscom.mx\/es\/articles\/6305081-sfire-anadir-sirenas-inalambricas-a-cualquier-panel-de-alarmas-mediante-equipos-sf-lora' style='color: inherit; text-decoration: none; font-weight: bold;'> SFIRE &#8211; A\u00f1adir sirenas inal\u00e1mbricas a cualquier panel de alarmas mediante equipos SF-LORA <\/a> <\/div>\n<div style='border: 1px solid rgba(150&comma; 150&comma; 150&comma; 0.2); border-radius: 6px; padding: 10px; background-color: rgba(0&comma;0&comma;0&comma;0.02);'> <a href='https:\/\/soporte.syscom.mx\/es\/articles\/6303811-proteccion-perimetral-con-rayos-fotoelectricos' style='color: inherit; text-decoration: none; font-weight: bold;'> SFIRE &#8211; Integrar un Detector Fotoelectrico SFIRE con un SFLORATRANS \/ REC2 <\/a> <\/div>\n<div style='border: 1px solid rgba(150&comma; 150&comma; 150&comma; 0.2); border-radius: 6px; padding: 10px; background-color: rgba(0&comma;0&comma;0&comma;0.02);'> <a href='https:\/\/soporte.syscom.mx\/es\/articles\/6372765-sistema-de-botones-de-panico-con-sflora-y-videovigilancia' style='color: inherit; text-decoration: none; font-weight: bold;'> SFIRE &#8211; Boton de panico a distancia integrando un SFLORAKIT a Videograbador <\/a> <\/div>\n<div style='border: 1px solid rgba(150&comma; 150&comma; 150&comma; 0.2); border-radius: 6px; padding: 10px; background-color: rgba(0&comma;0&comma;0&comma;0.02);'> <a href='https:\/\/soporte.syscom.mx\/es\/articles\/6372746-yonusa-pro4gen2-sistema-de-supervision-de-cercos-electricos-con-sflora' style='color: inherit; text-decoration: none; font-weight: bold;'> SFIRE &#8211; Integracion de SFLORAKIT con Energizador Yonusa <\/a> <\/div>\n<div style='border: 1px solid rgba(150&comma; 150&comma; 150&comma; 0.2); border-radius: 6px; padding: 10px; background-color: rgba(0&comma;0&comma;0&comma;0.02);'> <a href='https:\/\/soporte.syscom.mx\/es\/articles\/6372692-conexion-de-sirenas-o-estrobos-cableados-con-sflora-a-un-axpro' style='color: inherit; text-decoration: none; font-weight: bold;'> SFIRE &#8211; Conexion de Sirena o Estrobo con un SFLORAKIT a un Panel de Alarma AXPRO de Hik Vision <\/a> <\/div>\n<div style='border: 1px solid rgba(150&comma; 150&comma; 150&comma; 0.2); border-radius: 6px; padding: 10px; background-color: rgba(0&comma;0&comma;0&comma;0.02);'> <a href='https:\/\/soporte.syscom.mx\/es\/articles\/6372114-aplicaciones-con-sflora-para-sistemas-de-alarma' style='color: inherit; text-decoration: none; font-weight: bold;'> SFIRE &#8211; Aplicaciones con SFLORA para sistemas de Alarma <\/a> <\/div>\n<div style='border: 1px solid rgba(150&comma; 150&comma; 150&comma; 0.2); border-radius: 6px; padding: 10px; background-color: rgba(0&comma;0&comma;0&comma;0.02);'> <a href='https:\/\/soporte.syscom.mx\/es\/articles\/6372344-conexion-de-sensores-cableados-con-sflora-a-un-axpro' style='color: inherit; text-decoration: none; font-weight: bold;'> SFIRE &#8211; Conexion de Sensores Cableados a SFLORAKIT a un Panel de Alarma AXPRO de Hik Vision <\/a> <\/div>\n<\/p><\/div>\n<\/p><\/div>\n<p> <!-- Separador --> <\/p>\n<hr style='border: 0; border-top: 1px solid rgba(150&comma; 150&comma; 150&comma; 0.3); margin: 30px 0;'> <!-- Videos --> <\/p>\n<div style='display: flex; flex-wrap: wrap; gap: 20px; margin-bottom: 30px;'>\n<div style='flex: 1 1 400px; min-width: 300px;'>\n<div style='position: relative; padding-bottom: 56.25%; height: 0; overflow: hidden;'>   <\/div>\n<\/p><\/div>\n<div style='flex: 1 1 400px; min-width: 300px;'>\n<div style='position: relative; padding-bottom: 56.25%; height: 0; overflow: hidden;'>   <\/div>\n<\/p><\/div>\n<\/p><\/div>\n<p> <!-- Nota final --> <\/p>\n<div style='margin-bottom: 30px;'>\n<h4 style='margin: 0 0 15px 0; font-size: 16px; font-weight: bold; color: inherit;'> Nota: 1 SFLORATRANS soporta hasta 10 SFLORAREC2 o SFLORAREC4 <\/h4>\n<\/p><\/div>\n<\/p><\/div>\n","protected":false},"excerpt":{"rendered":"<p>Transmisor inal\u00e1mbrico \/ Alimentado a 12Vcc \/ Entrada de 2 contactos secos NA \/ Distancia m\u00e1xima de transmisi\u00f3n 2500 metros (Linea de vista)<\/p>\n","protected":false},"featured_media":2159,"comment_status":"open","ping_status":"closed","template":"","meta":[],"product_brand":[],"product_cat":[214],"product_tag":[93,215,79],"class_list":{"0":"post-2160","1":"product","2":"type-product","3":"status-publish","4":"has-post-thumbnail","6":"product_cat-controles-inalambricos","7":"product_tag-accesorios","8":"product_tag-controles-inalambricos","9":"product_tag-sfire","11":"first","12":"instock","13":"sale","14":"shipping-taxable","15":"purchasable","16":"product-type-simple"},"_links":{"self":[{"href":"https:\/\/soydeaqui.ddns.net\/pachuca\/index.php\/wp-json\/wp\/v2\/product\/2160","targetHints":{"allow":["GET"]}}],"collection":[{"href":"https:\/\/soydeaqui.ddns.net\/pachuca\/index.php\/wp-json\/wp\/v2\/product"}],"about":[{"href":"https:\/\/soydeaqui.ddns.net\/pachuca\/index.php\/wp-json\/wp\/v2\/types\/product"}],"replies":[{"embeddable":true,"href":"https:\/\/soydeaqui.ddns.net\/pachuca\/index.php\/wp-json\/wp\/v2\/comments?post=2160"}],"wp:featuredmedia":[{"embeddable":true,"href":"https:\/\/soydeaqui.ddns.net\/pachuca\/index.php\/wp-json\/wp\/v2\/media\/2159"}],"wp:attachment":[{"href":"https:\/\/soydeaqui.ddns.net\/pachuca\/index.php\/wp-json\/wp\/v2\/media?parent=2160"}],"wp:term":[{"taxonomy":"product_brand","embeddable":true,"href":"https:\/\/soydeaqui.ddns.net\/pachuca\/index.php\/wp-json\/wp\/v2\/product_brand?post=2160"},{"taxonomy":"product_cat","embeddable":true,"href":"https:\/\/soydeaqui.ddns.net\/pachuca\/index.php\/wp-json\/wp\/v2\/product_cat?post=2160"},{"taxonomy":"product_tag","embeddable":true,"href":"https:\/\/soydeaqui.ddns.net\/pachuca\/index.php\/wp-json\/wp\/v2\/product_tag?post=2160"}],"curies":[{"name":"wp","href":"https:\/\/api.w.org\/{rel}","templated":true}]}}