{"id":21594,"date":"2026-03-18T10:41:46","date_gmt":"2026-03-18T10:41:46","guid":{"rendered":"https:\/\/soydeaqui.ddns.net\/pachuca\/index.php\/producto\/interruptor-de-llave-tubular-diseno-see-sawanti-retorcimiento-carcasa-de-aleacion-de-zinc-cromado-contactos-plateados-con-tratamiento-anti-sulfuracion-base-de-bachelita-terminales-redondo\/"},"modified":"2026-03-18T10:41:47","modified_gmt":"2026-03-18T10:41:47","slug":"interruptor-de-llave-tubular-diseno-see-sawanti-retorcimiento-carcasa-de-aleacion-de-zinc-cromado-contactos-plateados-con-tratamiento-anti-sulfuracion-base-de-bachelita-terminales-redondo","status":"publish","type":"product","link":"https:\/\/soydeaqui.ddns.net\/pachuca\/index.php\/producto\/interruptor-de-llave-tubular-diseno-see-sawanti-retorcimiento-carcasa-de-aleacion-de-zinc-cromado-contactos-plateados-con-tratamiento-anti-sulfuracion-base-de-bachelita-terminales-redondo\/","title":{"rendered":"Interruptor de Llave Tubular \/ Dise\u00f1o &#8220;See-Saw'&#8221;Anti retorcimiento \/ Carcasa de Aleaci\u00f3n de Zinc Cromado \/ Contactos Plateados con Tratamiento Anti-Sulfuraci\u00f3n \/ Base de Bachelita \/ Terminales Redondos \/ 2A@12VDC"},"content":{"rendered":"<div style='width: 100%; max-width: 1200px; margin: 0 auto; font-family: sans-serif; line-height: 1.6; color: inherit; background-color: transparent;'> <!-- Secci\u00f3n de overview --> <\/p>\n<div style='margin-bottom: 30px;'>\n<p style='font-size: 18px; line-height: 1.6; margin: 0; color: inherit;'> El interruptor de llave tubular de SECO-LARM ofrece un dise\u00f1o patentado &#8216;see-saw&#8217; que asegura un contacto confiable y autoajustable en todo momento. Su construcci\u00f3n &#8216;pick-proof&#8217; evita la manipulaci\u00f3n no autorizada&comma; garantizando seguridad y durabilidad. Esta soluci\u00f3n est\u00e1 concebida para aplicaciones que demandan una operaci\u00f3n robusta en entornos exigentes. <\/p>\n<\/p><\/div>\n<hr style='border: 0; border-top: 1px solid rgba(150&comma; 150&comma; 150&comma; 0.3); margin: 30px 0;'> <!-- Secci\u00f3n de especificaciones --> <\/p>\n<div style='margin-bottom: 30px;'>\n<div style='text-align: center; margin-bottom: 30px;'>\n<h1 style='color: inherit; font-size: 24px; margin: 0; opacity: 0.8;'>Especificaciones<\/h1>\n<\/p><\/div>\n<div style='display: flex; flex-wrap: wrap; gap: 20px;'> <!-- Caracter\u00edsticas Principales --> <\/p>\n<div style='flex: 1 1 300px; min-width: 280px;'>\n<div style='border: 1px solid rgba(150&comma; 150&comma; 150&comma; 0.4); border-radius: 8px; overflow: hidden; display: flex; flex-direction: column;'>\n<div style='padding: 15px; border-bottom: 1px solid rgba(150&comma; 150&comma; 150&comma; 0.2); font-weight: bold; font-size: 18px; color: inherit; background-color: rgba(255&comma; 0&comma; 0&comma; 0.1);'>Caracter\u00edsticas Principales:<\/div>\n<div style='padding: 15px; color: inherit;'>\n<ul style='padding-left: 20px; margin: 0; font-size: 14px; list-style-type: disc;'>\n<li style='margin-bottom: 5px;'>Dise\u00f1o patentado &#8216;see-saw&#8217; que asegura un contacto confiable y autoajustado.<\/li>\n<li style='margin-bottom: 5px;'>Construcci\u00f3n &#8216;pick-proof&#8217; para prevenir intentos de manipulaci\u00f3n.<\/li>\n<li style='margin-bottom: 5px;'>Carcasa de aleaci\u00f3n de zinc cromado para m\u00e1xima durabilidad.<\/li>\n<li style='margin-bottom: 5px;'>Contactos plateados con tratamiento anti-sulfuraci\u00f3n para una mayor resistencia.<\/li>\n<\/ul><\/div>\n<\/p><\/div>\n<\/p><\/div>\n<p> <!-- Caracter\u00edsticas F\u00edsicas y El\u00e9ctricas --> <\/p>\n<div style='flex: 1 1 300px; min-width: 280px;'>\n<div style='border: 1px solid rgba(150&comma; 150&comma; 150&comma; 0.4); border-radius: 8px; overflow: hidden; display: flex; flex-direction: column;'>\n<div style='padding: 15px; border-bottom: 1px solid rgba(150&comma; 150&comma; 150&comma; 0.2); font-weight: bold; font-size: 18px; color: inherit; background-color: rgba(255&comma; 0&comma; 0&comma; 0.1);'>Caracter\u00edsticas F\u00edsicas y El\u00e9ctricas:<\/div>\n<div style='padding: 15px; color: inherit;'>\n<ul style='padding-left: 20px; margin: 0; font-size: 14px; list-style-type: disc;'>\n<li style='margin-bottom: 5px;'><strong>Calificaci\u00f3n de Contacto:<\/strong> 2A@12VDC<\/li>\n<li style='margin-bottom: 5px;'><strong>Tipo de Operaci\u00f3n:<\/strong> Mantenido ON\/OFF<\/li>\n<li style='margin-bottom: 5px;'><strong>Remoci\u00f3n de Llave:<\/strong> Posiciones ON y OFF<\/li>\n<\/ul><\/div>\n<\/p><\/div>\n<\/p><\/div>\n<p> <!-- Caracter\u00edsticas Destacadas --> <\/p>\n<div style='flex: 1 1 300px; min-width: 280px;'>\n<div style='border: 1px solid rgba(150&comma; 150&comma; 150&comma; 0.4); border-radius: 8px; overflow: hidden; display: flex; flex-direction: column;'>\n<div style='padding: 15px; border-bottom: 1px solid rgba(150&comma; 150&comma; 150&comma; 0.2); font-weight: bold; font-size: 18px; color: inherit; background-color: rgba(255&comma; 0&comma; 0&comma; 0.1);'>Caracter\u00edsticas Destacadas:<\/div>\n<div style='padding: 15px; color: inherit;'>\n<ul style='padding-left: 20px; margin: 0; font-size: 14px; list-style-type: disc;'>\n<li style='margin-bottom: 5px;'>Capa de silicona en los contactos para resistencia al agua&comma; vapor&comma; calor y productos qu\u00edmicos t\u00f3xicos.<\/li>\n<li style='margin-bottom: 5px;'>Base de fibra de bachelita altamente resistente al calor<\/li>\n<li style='margin-bottom: 5px;'>Terminales redondos que permiten conectado medicionado de cables.<\/li>\n<li style='margin-bottom: 5px;'>Dimensiones: 22mm x 45mm x 18 mm<\/li>\n<\/ul><\/div>\n<\/p><\/div>\n<\/p><\/div>\n<\/p><\/div>\n<\/p><\/div>\n<hr style='border: 0; border-top: 1px solid rgba(150&comma; 150&comma; 150&comma; 0.3); margin: 30px 0;'> <!-- Secci\u00f3n de interfaces y conectividad --> <\/p>\n<div style='margin-bottom: 30px;'>\n<div style='text-align: center; margin-bottom: 15px;'>\n<h2 style='font-size: 18px; margin: 0; color: inherit; opacity: 0.8;'><strong>Interfaces y Conectividad<\/strong><\/h2>\n<\/p><\/div>\n<div style='text-align: center;'>\n<p style='font-size: 14px; margin: 0; color: inherit;'>Terminales redondos para conexiones de soldadura o crimpado<\/p>\n<\/p><\/div>\n<\/p><\/div>\n<p> <!-- Secci\u00f3n de aplicaciones y casos de uso --> <\/p>\n<div style='margin-bottom: 30px;'>\n<div style='text-align: center; margin-bottom: 15px;'>\n<h2 style='font-size: 18px; margin: 0; color: inherit; opacity: 0.8;'><strong>Aplicaciones y Casos de Uso<\/strong><\/h2>\n<\/p><\/div>\n<div style='text-align: center;'>\n<p style='font-size: 14px; margin: 0; color: inherit;'>Ideal para su uso en sistemas de seguridad donde se requiera un control de acceso robusto y de confianza<\/p>\n<\/p><\/div>\n<\/p><\/div>\n<hr style='border: 0; border-top: 1px solid rgba(150&comma; 150&comma; 150&comma; 0.3); margin: 30px 0;'> <\/div>\n","protected":false},"excerpt":{"rendered":"<p>Interruptor de Llave Tubular \/ Dise\u00f1o &#8220;See-Saw'&#8221;Anti retorcimiento \/ Carcasa de Aleaci\u00f3n de Zinc Cromado \/ Contactos Plateados con Tratamiento Anti-Sulfuraci\u00f3n \/ Base de Bachelita \/ Terminales Redondos \/ 2A@12VDC<\/p>\n","protected":false},"featured_media":21593,"comment_status":"open","ping_status":"closed","template":"","meta":[],"product_brand":[],"product_cat":[190],"product_tag":[93,191,116],"class_list":{"0":"post-21594","1":"product","2":"type-product","3":"status-publish","4":"has-post-thumbnail","6":"product_cat-botones-de-salida","7":"product_tag-accesorios","8":"product_tag-botones-de-salida","9":"product_tag-enforcer-secolarm","11":"first","12":"outofstock","13":"sale","14":"shipping-taxable","15":"purchasable","16":"product-type-simple"},"_links":{"self":[{"href":"https:\/\/soydeaqui.ddns.net\/pachuca\/index.php\/wp-json\/wp\/v2\/product\/21594","targetHints":{"allow":["GET"]}}],"collection":[{"href":"https:\/\/soydeaqui.ddns.net\/pachuca\/index.php\/wp-json\/wp\/v2\/product"}],"about":[{"href":"https:\/\/soydeaqui.ddns.net\/pachuca\/index.php\/wp-json\/wp\/v2\/types\/product"}],"replies":[{"embeddable":true,"href":"https:\/\/soydeaqui.ddns.net\/pachuca\/index.php\/wp-json\/wp\/v2\/comments?post=21594"}],"wp:featuredmedia":[{"embeddable":true,"href":"https:\/\/soydeaqui.ddns.net\/pachuca\/index.php\/wp-json\/wp\/v2\/media\/21593"}],"wp:attachment":[{"href":"https:\/\/soydeaqui.ddns.net\/pachuca\/index.php\/wp-json\/wp\/v2\/media?parent=21594"}],"wp:term":[{"taxonomy":"product_brand","embeddable":true,"href":"https:\/\/soydeaqui.ddns.net\/pachuca\/index.php\/wp-json\/wp\/v2\/product_brand?post=21594"},{"taxonomy":"product_cat","embeddable":true,"href":"https:\/\/soydeaqui.ddns.net\/pachuca\/index.php\/wp-json\/wp\/v2\/product_cat?post=21594"},{"taxonomy":"product_tag","embeddable":true,"href":"https:\/\/soydeaqui.ddns.net\/pachuca\/index.php\/wp-json\/wp\/v2\/product_tag?post=21594"}],"curies":[{"name":"wp","href":"https:\/\/api.w.org\/{rel}","templated":true}]}}