{"id":21575,"date":"2026-03-18T10:41:25","date_gmt":"2026-03-18T10:41:25","guid":{"rendered":"https:\/\/soydeaqui.ddns.net\/pachuca\/index.php\/producto\/bolardo-neumatico-de-acero-inoxidable-220-mm-de-diametro-900-mm-de-altura-acabado-elegante-con-iluminacion-led-color-rojo\/"},"modified":"2026-03-18T10:41:26","modified_gmt":"2026-03-18T10:41:26","slug":"bolardo-neumatico-de-acero-inoxidable-220-mm-de-diametro-900-mm-de-altura-acabado-elegante-con-iluminacion-led-color-rojo","status":"publish","type":"product","link":"https:\/\/soydeaqui.ddns.net\/pachuca\/index.php\/producto\/bolardo-neumatico-de-acero-inoxidable-220-mm-de-diametro-900-mm-de-altura-acabado-elegante-con-iluminacion-led-color-rojo\/","title":{"rendered":"Bolardo neum\u00e1tico de acero inoxidable \/ 220 mm de di\u00e1metro \/ 900 mm de altura \/ acabado elegante con iluminacion led color rojo"},"content":{"rendered":"<div style='width: 100%; max-width: 1200px; margin: 0 auto; font-family: sans-serif; line-height: 1.6; color: inherit; background-color: transparent;'> <!-- Imagen principal --> <\/p>\n<div style='width: 100%; margin: 30px 0;'> <img style='width: 100%; height: auto; border: 1px solid rgba(150&comma;150&comma;150&comma;0.3); border-radius: 8px;' src='https:\/\/ftp3.syscom.mx\/usuarios\/fotos\/XB220\/163327-front-bolardos.png' alt='Bolardos'> <\/div>\n<hr style='border: 0; border-top: 1px solid rgba(150&comma; 150&comma; 150&comma; 0.3); margin: 30px 0;'> <!-- Secci\u00f3n de caracter\u00edsticas --> <\/p>\n<div style='display: flex; flex-wrap: wrap; gap: 30px; margin-bottom: 30px;'>\n<div style='flex: 1 1 300px; min-width: 280px;'>\n<h3 style='font-size: 22px; border-bottom: 2px solid currentColor; padding-bottom: 5px; margin-top: 0; color: inherit; opacity: 0.8;'>Caracter\u00edsticas principales:<\/h3>\n<ul style='padding-left: 20px; font-size: 15px; color: inherit;'>\n<li style='margin-bottom: 5px;'>Fabricado en Acero inoxidable 304<\/li>\n<li style='margin-bottom: 5px;'>Di\u00e1metro de 220 mm<\/li>\n<li style='margin-bottom: 5px;'>Altura en elevaci\u00f3n de 900 mm<\/li>\n<li style='margin-bottom: 5px;'>Tiempo de elevaci\u00f3n 3 a 5 segundos.<\/li>\n<\/ul><\/div>\n<div style='flex: 1 1 300px; min-width: 280px;'>\n<h3 style='font-size: 22px; border-bottom: 2px solid currentColor; padding-bottom: 5px; margin-top: 0; color: inherit; opacity: 0.8;'>Caracter\u00edsticas F\u00edsicas y El\u00e9ctricas:<\/h3>\n<ul style='padding-left: 20px; font-size: 15px; color: inherit;'>\n<li style='margin-bottom: 5px;'>M\u00e9todo de operaci\u00f3n neum\u00e1tica<\/li>\n<li style='margin-bottom: 5px;'>Requiere para su operaci\u00f3n controladora XCONTROLBOX<\/li>\n<li style='margin-bottom: 5px;'>Alimentaci\u00f3n de accesorios 24V<\/li>\n<\/ul><\/div>\n<div style='flex: 1 1 300px; min-width: 280px;'>\n<h3 style='font-size: 22px; border-bottom: 2px solid currentColor; padding-bottom: 5px; margin-top: 0; color: inherit; opacity: 0.8;'>Caracter\u00edsticas Destacadas:<\/h3>\n<ul style='padding-left: 20px; font-size: 15px; color: inherit;'>\n<li style='margin-bottom: 5px;'>Capacidad de operaci\u00f3n hasta 100 ciclos por hora.<\/li>\n<li style='margin-bottom: 5px;'>Resistencia al impacto de 250&comma;000 Joules.<\/li>\n<li style='margin-bottom: 5px;'>Mangueras neumaticas se adquieren por separado.<\/li>\n<\/ul><\/div>\n<\/p><\/div>\n<hr style='border: 0; border-top: 1px solid rgba(150&comma; 150&comma; 150&comma; 0.3); margin: 30px 0;'> <!-- Secci\u00f3n de contenido adicional --> <\/p>\n<div style='display: flex; flex-wrap: wrap; gap: 30px; margin-bottom: 30px;'>\n<div style='flex: 1 1 400px; min-width: 280px;'>\n<h3 style='font-size: 20px; margin-top: 0; color: inherit;'>Bolardo neumatico de acero inoxidable<\/h3>\n<h4 style='font-size: 18px; margin-top: 0; color: inherit;'>Caracteristicas adicionales:<\/h4>\n<ul style='padding-left: 20px; font-size: 15px; color: inherit;'>\n<li style='margin-bottom: 5px;'>Fabricado en acero inoxidable<\/li>\n<li style='margin-bottom: 5px;'>Control neumatico<\/li>\n<li style='margin-bottom: 5px;'>Resistencia al impacot de 250&comma;000 Joules.<\/li>\n<li style='margin-bottom: 5px;'>Leds de alta potencia y cinta reflectiva<\/li>\n<li style='margin-bottom: 5px;'>Abierto en caso de falla<\/li>\n<li style='margin-bottom: 5px;'>Dimensiones de 220 x 750 mm<\/li>\n<li style='margin-bottom: 5px;'>Contenedor del bolardo fabbricado en acero al carbon.<\/li>\n<\/ul>\n<p style='font-size: 14px; color: inherit; margin-top: 20px;'> <span style='color: inherit;'>Video Cortes\u00eda de ZIGURAT<\/span> <a style='color: inherit; text-decoration: none;' href='http:\/\/www.zigurat.mx\/'>http:\/\/www.zigurat.mx\/<\/a> <\/p>\n<\/p><\/div>\n<div style='flex: 1 1 400px; min-width: 280px;'> <img style='width: 100%; height: auto; border: 1px solid rgba(150&comma;150&comma;150&comma;0.3); border-radius: 8px;' src='https:\/\/ftp3.syscom.mx\/usuarios\/paginaweb\/Gifs\/bolardo2334.gif' alt=''> <\/div>\n<\/p><\/div>\n<hr style='border: 0; border-top: 1px solid rgba(150&comma; 150&comma; 150&comma; 0.3); margin: 30px 0;'> <!-- Secci\u00f3n de instalaci\u00f3n --> <\/p>\n<div style='display: flex; flex-wrap: wrap; gap: 30px; margin-bottom: 30px;'>\n<div style='flex: 1 1 400px; min-width: 280px;'> <img style='width: 100%; height: auto; border: 1px solid rgba(150&comma;150&comma;150&comma;0.3); border-radius: 8px;' src='http:\/\/ftp3.syscom.mx\/usuarios\/fotos\/xb275.jpg' alt=''> <\/div>\n<div style='flex: 1 1 400px; min-width: 280px;'>\n<h4 style='font-size: 18px; margin-top: 0; color: inherit;'>\u00bfQue necesito para una instalaci\u00f3n?<\/h4>\n<ul style='padding-left: 20px; font-size: 15px; color: inherit;'>\n<li style='margin-bottom: 5px;'><strong>X-CONTROL-BOX<\/strong> Controlador de bolardos neumaticos&comma; controla hasta 4 bolardos simultaneamente.<\/li>\n<li style='margin-bottom: 5px;'><strong>XBSSW01<\/strong> Botonera triple de uso rudo para activaci\u00f3n.<\/li>\n<li style='margin-bottom: 5px;'><strong>Mangueras para conexi\u00f3n neumatica.<\/strong> Caracteristicas son 10 mm de diametro exterior&comma; 8 mm de diametro interior y deben de soportar una presion minima de 150 PSI <strong>(Se adquieren por separado)<\/strong>.<\/li>\n<li style='margin-bottom: 5px;'><strong>XBSRR16<\/strong> Fotocelda de seguridad.<\/li>\n<\/ul>\n<h4 style='font-size: 18px; margin-top: 20px; margin-bottom: 10px; color: inherit;'>Notas adicionales:<\/h4>\n<ul style='padding-left: 20px; font-size: 15px; color: inherit;'>\n<li style='margin-bottom: 5px;'>Equipo con un a\u00f1o de garantia contra defectos de fabricaci\u00f3n<\/li>\n<li style='margin-bottom: 5px;'>Se requiere de un pulso de contacto seco para su activacion.<\/li>\n<\/ul><\/div>\n<\/p><\/div>\n<hr style='border: 0; border-top: 1px solid rgba(150&comma; 150&comma; 150&comma; 0.3); margin: 30px 0;'> <!-- Secci\u00f3n de aplicaciones --> <\/p>\n<div style='margin-bottom: 30px;'>\n<h3 style='font-size: 22px; border-bottom: 2px solid currentColor; padding-bottom: 5px; margin-top: 0; color: inherit; opacity: 0.8;'>Principales aplicaciones<\/h3>\n<p style='font-size: 15px; color: inherit;'> <strong>Protecci\u00f3n de \u00c1reas de Embarque<\/strong><br \/> Los robos a \u00e1reas de embarque para acceder directamente a el almac\u00e9n son cada vez m\u00e1s comunes. Los bolardos AccessPRO permiten restringir el acceso a veh\u00edculos que podr\u00edan extraer la mercanc\u00eda de un almac\u00e9n. <\/p>\n<p style='font-size: 15px; color: inherit;'> <strong>Protecci\u00f3n Segura para Fraccionamientos<\/strong><br \/> Los bolardos AccessPRO se utilizan para restringir el acceso de veh\u00edculos en fraccionamientos donde una barrera vehicular no lo es suficiente&comma; ya que las barreras vehiculares tienen sus limitaciones para \u00e1reas donde se requiere alta seguridad y realmente no permitir el acceso de veh\u00edculos. <\/p>\n<\/p><\/div>\n<hr style='border: 0; border-top: 1px solid rgba(150&comma; 150&comma; 150&comma; 0.3); margin: 30px 0;'> <!-- Secci\u00f3n de videos --> <\/p>\n<div style='display: grid; grid-template-columns: repeat(auto-fit&comma; minmax(280px&comma; 1fr)); gap: 30px; margin-bottom: 30px;'>\n<div style='position: relative; padding-bottom: 56.25%; height: 0; overflow: hidden;'>   <\/div>\n<div style='position: relative; padding-bottom: 56.25%; height: 0; overflow: hidden;'>   <\/div>\n<div style='position: relative; padding-bottom: 56.25%; height: 0; overflow: hidden;'>   <\/div>\n<div style='position: relative; padding-bottom: 56.25%; height: 0; overflow: hidden;'>   <\/div>\n<div style='position: relative; padding-bottom: 56.25%; height: 0; overflow: hidden;'>   <\/div>\n<div style='position: relative; padding-bottom: 56.25%; height: 0; overflow: hidden;'>   <\/div>\n<\/p><\/div>\n<hr style='border: 0; border-top: 1px solid rgba(150&comma; 150&comma; 150&comma; 0.3); margin: 30px 0;'> <\/div>\n","protected":false},"excerpt":{"rendered":"<p>Bolardo neum\u00e1tico de acero inoxidable \/ 220 mm de di\u00e1metro \/ 900 mm de altura \/ acabado elegante con iluminacion led color rojo<\/p>\n","protected":false},"featured_media":32,"comment_status":"open","ping_status":"closed","template":"","meta":[],"product_brand":[],"product_cat":[883],"product_tag":[401,234,884],"class_list":{"0":"post-21575","1":"product","2":"type-product","3":"status-publish","4":"has-post-thumbnail","6":"product_cat-pilonas-o-bolardos","7":"product_tag-acceso-vehicular","8":"product_tag-accesspro","9":"product_tag-pilonas-o-bolardos","11":"first","12":"outofstock","13":"sale","14":"shipping-taxable","15":"purchasable","16":"product-type-simple"},"_links":{"self":[{"href":"https:\/\/soydeaqui.ddns.net\/pachuca\/index.php\/wp-json\/wp\/v2\/product\/21575","targetHints":{"allow":["GET"]}}],"collection":[{"href":"https:\/\/soydeaqui.ddns.net\/pachuca\/index.php\/wp-json\/wp\/v2\/product"}],"about":[{"href":"https:\/\/soydeaqui.ddns.net\/pachuca\/index.php\/wp-json\/wp\/v2\/types\/product"}],"replies":[{"embeddable":true,"href":"https:\/\/soydeaqui.ddns.net\/pachuca\/index.php\/wp-json\/wp\/v2\/comments?post=21575"}],"wp:featuredmedia":[{"embeddable":true,"href":"https:\/\/soydeaqui.ddns.net\/pachuca\/index.php\/wp-json\/wp\/v2\/media\/32"}],"wp:attachment":[{"href":"https:\/\/soydeaqui.ddns.net\/pachuca\/index.php\/wp-json\/wp\/v2\/media?parent=21575"}],"wp:term":[{"taxonomy":"product_brand","embeddable":true,"href":"https:\/\/soydeaqui.ddns.net\/pachuca\/index.php\/wp-json\/wp\/v2\/product_brand?post=21575"},{"taxonomy":"product_cat","embeddable":true,"href":"https:\/\/soydeaqui.ddns.net\/pachuca\/index.php\/wp-json\/wp\/v2\/product_cat?post=21575"},{"taxonomy":"product_tag","embeddable":true,"href":"https:\/\/soydeaqui.ddns.net\/pachuca\/index.php\/wp-json\/wp\/v2\/product_tag?post=21575"}],"curies":[{"name":"wp","href":"https:\/\/api.w.org\/{rel}","templated":true}]}}