{"id":21566,"date":"2026-03-18T10:41:16","date_gmt":"2026-03-18T10:41:16","guid":{"rendered":"https:\/\/soydeaqui.ddns.net\/pachuca\/index.php\/producto\/kit-de-operadores-para-puertas-abatibles-de-2-5-metros-y-300-kg-lince-de-came-equipos-para-uso-residencial-voltaje-de-operacion-110v\/"},"modified":"2026-03-18T10:41:17","modified_gmt":"2026-03-18T10:41:17","slug":"kit-de-operadores-para-puertas-abatibles-de-2-5-metros-y-300-kg-lince-de-came-equipos-para-uso-residencial-voltaje-de-operacion-110v","status":"publish","type":"product","link":"https:\/\/soydeaqui.ddns.net\/pachuca\/index.php\/producto\/kit-de-operadores-para-puertas-abatibles-de-2-5-metros-y-300-kg-lince-de-came-equipos-para-uso-residencial-voltaje-de-operacion-110v\/","title":{"rendered":"Kit de Operadores Para Puertas Abatibles de 2.5 Metros y 300 KG Lince de CAME \/ Equipos Para Uso Residencial \/ Voltaje de Operaci\u00f3n 110V"},"content":{"rendered":"<div style='width: 100%; max-width: 1200px; margin: 0 auto; font-family: sans-serif; line-height: 1.6; color: inherit; background-color: transparent;'> <!-- Secci\u00f3n de caracter\u00edsticas --> <\/p>\n<div style='display: flex; flex-wrap: wrap; gap: 30px; margin-bottom: 30px;'>\n<div style='flex: 1 1 300px; min-width: 280px;'>\n<h3 style='font-size: 22px; border-bottom: 2px solid currentColor; padding-bottom: 5px; margin-top: 0; color: inherit; opacity: 0.8;'>Caracter\u00edsticas principales:<\/h3>\n<ul style='padding-left: 20px; font-size: 15px; color: inherit;'>\n<li style='margin-bottom: 5px;'>Longitud maxima de la hoja 2.5 mts<\/li>\n<li style='margin-bottom: 5px;'>Peso maximo de la hoja 300 kg<\/li>\n<li style='margin-bottom: 5px;'>Fuerza de 2300 N<\/li>\n<\/ul><\/div>\n<div style='flex: 1 1 300px; min-width: 280px;'>\n<h3 style='font-size: 22px; border-bottom: 2px solid currentColor; padding-bottom: 5px; margin-top: 0; color: inherit; opacity: 0.8;'>Caracter\u00edsticas F\u00edsicas y El\u00e9ctricas:<\/h3>\n<ul style='padding-left: 20px; font-size: 15px; color: inherit;'>\n<li style='margin-bottom: 5px;'>Voltaje de alimentaci\u00f3n 110VAC<\/li>\n<li style='margin-bottom: 5px;'>Potencia maxima 230W<\/li>\n<li style='margin-bottom: 5px;'>Corriente maxima 5 Amp<\/li>\n<\/ul><\/div>\n<div style='flex: 1 1 300px; min-width: 280px;'>\n<h3 style='font-size: 22px; border-bottom: 2px solid currentColor; padding-bottom: 5px; margin-top: 0; color: inherit; opacity: 0.8;'>Caracter\u00edsticas Destacadas:<\/h3>\n<ul style='padding-left: 20px; font-size: 15px; color: inherit;'>\n<li style='margin-bottom: 5px;'>Tiempo de apertura a 90\u00b0 de 13 seg.<\/li>\n<li style='margin-bottom: 5px;'>Grado de protecci\u00f3n IP54<\/li>\n<li style='margin-bottom: 5px;'>Temperatura de operaci\u00f3n -25 a 65 \u00b0C<\/li>\n<\/ul><\/div>\n<\/p><\/div>\n<p> <!-- Separador --> <\/p>\n<hr style='border: 0; border-top: 1px solid rgba(150&comma; 150&comma; 150&comma; 0.3); margin: 30px 0;'> <!-- Contenido del KIT --> <\/p>\n<div style='display: flex; flex-wrap: wrap; gap: 30px; margin-bottom: 30px;'>\n<div style='flex: 1 1 300px; min-width: 280px;'>\n<h2 style='font-size: 20px; margin-top: 0; color: inherit;'>Kit de operadores Lince para puertas abatibles de 2.5 metros y hasta 300kg<\/h2>\n<h3 style='font-size: 18px; color: inherit;'>Que contiene el KIT<\/h3>\n<ul style='padding-left: 20px; font-size: 15px; color: inherit;'>\n<li style='margin-bottom: 5px;'>2 x Brazo telesc\u00f3pico para puertas abatibles<\/li>\n<li style='margin-bottom: 5px;'>1 x Cuadro de mando<\/li>\n<li style='margin-bottom: 5px;'>2 x Controles remotos<\/li>\n<\/ul><\/div>\n<div style='flex: 1 1 300px; min-width: 280px;'> <img style='width: 100%; height: auto; border: 1px solid rgba(150&comma;150&comma;150&comma;0.3); border-radius: 8px;' src='https:\/\/ftp3.syscom.mx\/usuarios\/fotos\/001MX167\/240165-des_lince.png' alt=''> <\/div>\n<\/p><\/div>\n<p> <!-- Separador --> <\/p>\n<hr style='border: 0; border-top: 1px solid rgba(150&comma; 150&comma; 150&comma; 0.3); margin: 30px 0;'> <!-- Accesorios adicionales --> <\/p>\n<div style='margin-bottom: 30px;'>\n<h3 style='font-size: 18px; text-align: center; color: inherit; margin-bottom: 20px;'>Qu\u00e9 accesorios adicionales puedo integrar a mi instalaci\u00f3n<\/h3>\n<div style='display: flex; flex-direction: column; gap: 10px;'>\n<p style='text-align: center; margin: 0; font-size: 15px; color: inherit;'>1 x <strong style='color: inherit;'>001-DIR-10<\/strong> Fotocelda de seguridad CAME con alcance de 10 metros<\/p>\n<p style='text-align: center; margin: 0; font-size: 15px; color: inherit;'>1 x <strong style='color: inherit;'>XBSS-W01<\/strong> Botonera triple de uso rudo<\/p>\n<\/p><\/div>\n<\/p><\/div>\n<p> <!-- Separador --> <\/p>\n<hr style='border: 0; border-top: 1px solid rgba(150&comma; 150&comma; 150&comma; 0.3); margin: 30px 0;'> <!-- Notas adicionales --> <\/p>\n<div style='margin-bottom: 30px;'>\n<h3 style='font-size: 18px; text-align: center; color: inherit; margin-bottom: 20px;'>Notas adicionales:<\/h3>\n<div style='display: flex; flex-direction: column; gap: 10px;'>\n<p style='text-align: center; margin: 0; font-size: 15px; color: inherit;'>Equipo con un a\u00f1o de garantia contra defectos de fabricaci\u00f3n<\/p>\n<p style='text-align: center; margin: 0; font-size: 15px; color: inherit;'><strong style='color: inherit;'>La versi\u00f3n distribuida por Syscom trabaja con 110VAC<\/strong><\/p>\n<p style='text-align: center; margin: 0; font-size: 15px; color: inherit;'><strong style='color: inherit;'>Siempre se deben colocar topes mecanicos sobre la puerta en apertura y cierre.<\/strong><\/p>\n<p style='text-align: center; margin: 0; font-size: 15px; color: inherit;'><strong style='color: inherit;'>Para evitar accidentes colocar fotoceldas de seguridad<\/strong><\/p>\n<\/p><\/div>\n<\/p><\/div>\n<p> <!-- Separador --> <\/p>\n<hr style='border: 0; border-top: 1px solid rgba(150&comma; 150&comma; 150&comma; 0.3); margin: 30px 0;'> <!-- Nota importante --> <\/p>\n<div style='margin-bottom: 30px;'>\n<p style='text-align: center; font-size: 14px; color: inherit; margin: 0;'> Es importante tener en cuenta la resistencia que el viento puede generar en los portones sin ranuras de ventilaci\u00f3n al operar los motores en apertura y cierre de puertas abatibles. Recomendamos considerar la instalaci\u00f3n de rejillas que permitan la adecuada ventilaci\u00f3n para facilitar el correcto funcionamiento de los dispositivos. <\/p>\n<\/p><\/div>\n<p> <!-- Separador final --> <\/p>\n<hr style='border: 0; border-top: 1px solid rgba(150&comma; 150&comma; 150&comma; 0.3); margin: 30px 0;'> <\/div>\n","protected":false},"excerpt":{"rendered":"<p>Kit de Operadores Para Puertas Abatibles de 2.5 Metros y 300 KG Lince de CAME \/ Equipos Para Uso Residencial \/ Voltaje de Operaci\u00f3n 110V<\/p>\n","protected":false},"featured_media":21565,"comment_status":"open","ping_status":"closed","template":"","meta":[],"product_brand":[],"product_cat":[821],"product_tag":[401,779,822],"class_list":{"0":"post-21566","1":"product","2":"type-product","3":"status-publish","4":"has-post-thumbnail","6":"product_cat-puertas-abatibles","7":"product_tag-acceso-vehicular","8":"product_tag-came","9":"product_tag-puertas-abatibles","11":"first","12":"instock","13":"sale","14":"shipping-taxable","15":"purchasable","16":"product-type-simple"},"_links":{"self":[{"href":"https:\/\/soydeaqui.ddns.net\/pachuca\/index.php\/wp-json\/wp\/v2\/product\/21566","targetHints":{"allow":["GET"]}}],"collection":[{"href":"https:\/\/soydeaqui.ddns.net\/pachuca\/index.php\/wp-json\/wp\/v2\/product"}],"about":[{"href":"https:\/\/soydeaqui.ddns.net\/pachuca\/index.php\/wp-json\/wp\/v2\/types\/product"}],"replies":[{"embeddable":true,"href":"https:\/\/soydeaqui.ddns.net\/pachuca\/index.php\/wp-json\/wp\/v2\/comments?post=21566"}],"wp:featuredmedia":[{"embeddable":true,"href":"https:\/\/soydeaqui.ddns.net\/pachuca\/index.php\/wp-json\/wp\/v2\/media\/21565"}],"wp:attachment":[{"href":"https:\/\/soydeaqui.ddns.net\/pachuca\/index.php\/wp-json\/wp\/v2\/media?parent=21566"}],"wp:term":[{"taxonomy":"product_brand","embeddable":true,"href":"https:\/\/soydeaqui.ddns.net\/pachuca\/index.php\/wp-json\/wp\/v2\/product_brand?post=21566"},{"taxonomy":"product_cat","embeddable":true,"href":"https:\/\/soydeaqui.ddns.net\/pachuca\/index.php\/wp-json\/wp\/v2\/product_cat?post=21566"},{"taxonomy":"product_tag","embeddable":true,"href":"https:\/\/soydeaqui.ddns.net\/pachuca\/index.php\/wp-json\/wp\/v2\/product_tag?post=21566"}],"curies":[{"name":"wp","href":"https:\/\/api.w.org\/{rel}","templated":true}]}}