{"id":2156,"date":"2026-03-18T05:53:48","date_gmt":"2026-03-18T05:53:48","guid":{"rendered":"https:\/\/soydeaqui.ddns.net\/pachuca\/index.php\/producto\/sensor-lidar-redscan-pro-30-x-60-metros-de-proteccion-compatible-con-protocolo-onvif\/"},"modified":"2026-03-18T05:53:48","modified_gmt":"2026-03-18T05:53:48","slug":"sensor-lidar-redscan-pro-30-x-60-metros-de-proteccion-compatible-con-protocolo-onvif","status":"publish","type":"product","link":"https:\/\/soydeaqui.ddns.net\/pachuca\/index.php\/producto\/sensor-lidar-redscan-pro-30-x-60-metros-de-proteccion-compatible-con-protocolo-onvif\/","title":{"rendered":"Sensor LiDAR REDSCAN PRO\/ 30 X 60 Metros de protecci\u00f3n \/ Compatible con protocolo ONVIF"},"content":{"rendered":"<div style='width: 100%; max-width: 1200px; margin: 0 auto; font-family: sans-serif; line-height: 1.6; color: inherit; background-color: transparent;'> <!-- Descripci\u00f3n principal --> <\/p>\n<div style='margin-bottom: 30px;'>\n<p style='text-align: justify; font-size: 15px; color: inherit; margin: 0 0 20px 0;'>RLS-50100V forma parte de la serie REDSCAN Pro&comma; compatibles con ONVIF-Profile S. Este sensor es LiDAR de largo alcance y proporciona una detecci\u00f3n muy precisa de intrusos y objetos en movimiento dentro de un rango de 50 m x 100 m&comma; sin dejar espacios desprotegidos y manteniendo la misma resoluci\u00f3n de detecci\u00f3n en el \u00e1rea cercana y lejana. RLS-50100V cuenta con la tecnolog\u00eda m\u00e1s avanzada de OPTEX y proporciona un excelente rendimiento de detecci\u00f3n que no se ve afectado por cambios en la iluminaci\u00f3n&comma; temperatura o ambiente; esto lo convierte en la mejor soluci\u00f3n para sitios de alta seguridad.<\/p>\n<\/p><\/div>\n<p> <!-- Video de YouTube --> <\/p>\n<div style='position: relative; padding-bottom: 56.25%; height: 0; overflow: hidden; margin-bottom: 30px;'>   <\/div>\n<p> <!-- Secci\u00f3n de contenido con flex --> <\/p>\n<div style='display: flex; flex-wrap: wrap; gap: 30px; margin-bottom: 30px;'>\n<div style='flex: 1 1 300px; min-width: 280px;'>\n<h3 style='font-size: 22px; border-bottom: 2px solid currentColor; padding-bottom: 5px; margin-top: 0; color: inherit; opacity: 0.8;'>Consiga m\u00e1s con un solo sensor<\/h3>\n<p style='font-size: 15px; color: inherit; margin: 0 0 15px 0;'>RLS-50100V proporciona una cobertura de detecci\u00f3n de 50 x 100 m&comma; 190 grados&comma; lo que permite proteger \u00e1reas amplias con un solo sensor. El \u00e1rea de detecci\u00f3n se puede dividir en hasta 8 zonas independientes&comma; y para cada una de ellas se puede personalizar el tama\u00f1o del objetivo&comma; la sensibilidad y la salida de alarma. Ofrece una gran flexibilidad para adaptar la configuraci\u00f3n seg\u00fan la ubicaci\u00f3n de las zonas y el nivel de amenaza; por ejemplo&comma; una zona de detecci\u00f3n se puede configurar para detectar personas&comma; mientras que otra se puede configurar para detectar veh\u00edculos; o una zona se puede configurar como pre-alerta y otra como alerta de seguridad inmediata.<\/p>\n<\/p><\/div>\n<\/p><\/div>\n<p> <!-- Secci\u00f3n de contenido con imagen y texto --> <\/p>\n<div style='display: flex; flex-wrap: wrap; gap: 30px; margin-bottom: 30px;'>\n<div style='flex: 1 1 300px; min-width: 280px; order: 2;'>\n<p style='font-size: 15px; color: inherit; margin: 0 0 15px 0;'>El rango de detecci\u00f3n y la versatilidad del REDSCAN PRO permiten lograr lo que normalmente hacen varios sensores.<\/p>\n<p style='font-size: 15px; color: inherit; margin: 0 0 15px 0;'>Adem\u00e1s&comma; el sensor tiene una c\u00e1mara de asistencia incorporada que puede grabar en el dispositivo&comma; eventos de alarma y guardar tanto registros como fotos y v\u00eddeos anteriores y posteriores al evento&comma; que se utilizar\u00e1n como soporte adicional para verificar qu\u00e9 activ\u00f3 la alarma y realizar los ajustes necesarios en la configuraci\u00f3n del sensor.<\/p>\n<h3 style='font-size: 22px; border-bottom: 2px solid currentColor; padding-bottom: 5px; margin-top: 0; color: inherit; opacity: 0.8;'>Dispositivo inteligente y resistente a la intemperie<\/h3>\n<p style='font-size: 15px; color: inherit; margin: 0 0 15px 0;'>Con an\u00e1lisis LiDAR integrado&comma; REDSCAN Pro puede analizar el tama\u00f1o&comma; la velocidad y la distancia de los objetos en movimiento&comma; facilitando una detecci\u00f3n precisa de la ubicaci\u00f3n de los objetivos en movimiento mediante seguimiento de las coordenadas X&comma; Y. Otra ventaja de la tecnolog\u00eda LiDAR es que el rendimiento de detecci\u00f3n es estable en todo momento sin verse afectado por la luz o la temperatura. RLS-50100V ofrece una muy alta resoluci\u00f3n de 0.125 grados.<\/p>\n<p style='font-size: 15px; color: inherit; margin: 0 0 15px 0;'>El RLS-50100V cuenta con una funci\u00f3n de resistencia ambiental para reducir las falsas alarmas en entornos hostiles como puede ser niebla o nieve. Una funci\u00f3n de ajuste autom\u00e1tico del \u00e1rea permite que REDSCAN Pro ajuste continuamente el \u00e1rea de detecci\u00f3n para tener en cuenta cambios en el terreno&comma; como la acumulaci\u00f3n de nieve u hojas. El sensor puede operar de -20 a +60 grados y mediante una lente de reemplazo con calefactor puede extender su temperatura de operaci\u00f3n a -40 grados.<\/p>\n<\/p><\/div>\n<div style='flex: 1 1 300px; min-width: 280px; order: 1;'> <img style='width: 100%; height: auto; border: 1px solid rgba(150&comma;150&comma;150&comma;0.3); border-radius: 8px;' src='https:\/\/s3-eu-west-1.amazonaws.com\/optex-europe\/featured-images\/intrusion-detection\/_750xAUTO_fit_center-center_none\/optex-redscan-pro-capture-camera.jpg?mtime=20210321232601&#038;focal=none&#038;tmtime=20210406103629' alt=''> <\/div>\n<\/p><\/div>\n<p> <!-- Secci\u00f3n de conectividad --> <\/p>\n<div style='display: flex; flex-wrap: wrap; gap: 30px; margin-bottom: 30px;'>\n<div style='flex: 1 1 300px; min-width: 280px;'> <img style='width: 100%; height: auto; border: 1px solid rgba(150&comma;150&comma;150&comma;0.3); border-radius: 8px;' src='https:\/\/s3-eu-west-1.amazonaws.com\/optex-europe\/featured-images\/intrusion-detection\/_750xAUTO_fit_center-center_none\/onvif-s-500x150px.jpg?mtime=20210331235423&#038;focal=none&#038;tmtime=20210406103630' alt=''> <\/div>\n<div style='flex: 1 1 300px; min-width: 280px;'>\n<h3 style='font-size: 22px; border-bottom: 2px solid currentColor; padding-bottom: 5px; margin-top: 0; color: inherit; opacity: 0.8;'>Conectividad e interoperabilidad<\/h3>\n<p style='font-size: 15px; color: inherit; margin: 0 0 15px 0;'>El LiDAR RLS-50100V es un sensor compatible con el (Profile S) de ONVIF&comma; permitiendo el env\u00edo de salidas de alarma a trav\u00e9s del protocolo ONVIF a cualquier sistema de v\u00eddeo de la red compatible con ONVIF o a dispositivos de la red IP. El flujo de v\u00eddeo de la c\u00e1mara de asistencia tambi\u00e9n podr\u00eda proporcionarse al software de gesti\u00f3n de video (VMS) a trav\u00e9s del protocolo ONVIF RTSP. Para garantizar una comunicaci\u00f3n de red segura&comma; REDSCAN Pro cumple con los protocolos HTTPS&comma; SNMPv3&comma; IEEE802.1X.<\/p>\n<\/p><\/div>\n<\/p><\/div>\n<p> <!-- Secci\u00f3n de instalaci\u00f3n --> <\/p>\n<div style='display: flex; flex-wrap: wrap; gap: 30px; margin-bottom: 30px;'>\n<div style='flex: 1 1 300px; min-width: 280px;'>\n<h3 style='font-size: 22px; border-bottom: 2px solid currentColor; padding-bottom: 5px; margin-top: 0; color: inherit; opacity: 0.8;'>F\u00e1cil instalaci\u00f3n y mantenimiento<\/h3>\n<p style='font-size: 15px; color: inherit; margin: 0 0 15px 0;'>REDSCAN Pro est\u00e1 equipado con una c\u00e1mara de asistencia para ayudar con la instalaci\u00f3n y visualizaci\u00f3n del \u00e1rea de detecci\u00f3n. A trav\u00e9s de una l\u00ednea l\u00e1ser en la vista de la c\u00e1mara&comma; proporciona una gu\u00eda visual muy \u00fatil sobre d\u00f3nde se encuentra el \u00e1rea de detecci\u00f3n en la escena&comma; lo que permite ajustar de manera sencilla el \u00e1ngulo de detecci\u00f3n del sensor.<\/p>\n<p style='font-size: 15px; color: inherit; margin: 0 0 15px 0;'>Adem\u00e1s&comma; el RLS-50100V cuenta con un soporte de ajuste incorporado dentro de su carcasa para permitir una inclinaci\u00f3n de -5 grados a 95 grados y un ajuste lateral es de &#8211; \/ + 5 grados. Gracias a este soporte las opciones de montaje horizontal&comma; vertical e inclinado se pueden realizar sin la necesidad de un soporte adicional.<\/p>\n<p style='font-size: 15px; color: inherit; margin: 0 0 15px 0;'>Los ajustes de configuraci\u00f3n se realizan a trav\u00e9s del navegador web&comma; lo que permite f\u00e1cilmente un acceso remoto. Los ajustes se pueden copiar de un dispositivo a otro&comma; siempre que sean del mismo modelo (de un RLS-50100V a otro RLS-50100V).<\/p>\n<\/p><\/div>\n<div style='flex: 1 1 300px; min-width: 280px;'> <img style='width: 100%; height: auto; border: 1px solid rgba(150&comma;150&comma;150&comma;0.3); border-radius: 8px;' src='https:\/\/s3-eu-west-1.amazonaws.com\/optex-europe\/featured-images\/intrusion-detection\/_750xAUTO_fit_center-center_none\/optex-redscan-pro-angle-adjustment.jpg?mtime=20210321234415&#038;focal=none&#038;tmtime=20210406103630' alt=''> <\/div>\n<\/p><\/div>\n<p> <!-- Secci\u00f3n de aplicaciones --> <\/p>\n<div style='display: flex; flex-wrap: wrap; gap: 30px; margin-bottom: 30px;'>\n<div style='flex: 1 1 300px; min-width: 280px;'>\n<h3 style='font-size: 22px; border-bottom: 2px solid currentColor; padding-bottom: 5px; margin-top: 0; color: inherit; opacity: 0.8;'>Aplicaciones<\/h3>\n<ul style='padding-left: 20px; font-size: 15px; list-style-type: disc; color: inherit;'>\n<li style='margin-bottom: 5px;'>Edificios<\/li>\n<li style='margin-bottom: 5px;'>Perimetro<\/li>\n<li style='margin-bottom: 5px;'>Acceso<\/li>\n<li style='margin-bottom: 5px;'>Techo\/techo<\/li>\n<li style='margin-bottom: 5px;'>Casa<\/li>\n<\/ul><\/div>\n<div style='flex: 1 1 300px; min-width: 280px;'>\n<h3 style='font-size: 22px; border-bottom: 2px solid currentColor; padding-bottom: 5px; margin-top: 0; color: inherit; opacity: 0.8;'>Caracteristicas<\/h3>\n<ul style='padding-left: 20px; font-size: 15px; list-style-type: disc; color: inherit;'>\n<li style='margin-bottom: 5px;'>Anal\u00edtica para reconocer tama\u00f1o&comma; velocidad y distancia del objeto en movimiento<\/li>\n<li style='margin-bottom: 5px;'>largo alcance&comma; 50&#215;100&comma; detecci\u00f3n vertical u horizontal a la medida<\/li>\n<li style='margin-bottom: 5px;'>C\u00e1mara de asistencia incorporada para f\u00e1cil instalaci\u00f3n&comma; verificaci\u00f3n de eventos<\/li>\n<li style='margin-bottom: 5px;'>hasta 8 zonas que permiten configuraciones independientes<\/li>\n<\/ul><\/div>\n<\/p><\/div>\n<p> <!-- Secci\u00f3n de certificaci\u00f3n --> <\/p>\n<div style='margin-bottom: 30px;'>\n<h3 style='font-size: 22px; border-bottom: 2px solid currentColor; padding-bottom: 5px; margin-top: 0; color: inherit; opacity: 0.8;'>Certification Required<\/h3>\n<\/p><\/div>\n<\/p><\/div>\n","protected":false},"excerpt":{"rendered":"<p>Sensor LiDAR REDSCAN PRO\/ 30 X 60 Metros de protecci\u00f3n \/ Compatible con protocolo ONVIF<\/p>\n","protected":false},"featured_media":2155,"comment_status":"open","ping_status":"closed","template":"","meta":[],"product_brand":[],"product_cat":[154],"product_tag":[106,104,155],"class_list":{"0":"post-2156","1":"product","2":"type-product","3":"status-publish","4":"has-post-thumbnail","6":"product_cat-sensores-de-rayo-laser-y-pirs-inteligentes","7":"product_tag-optex","8":"product_tag-proteccion-perimetral","9":"product_tag-sensores-de-rayo-laser-y-pirs-inteligentes","11":"first","12":"outofstock","13":"sale","14":"shipping-taxable","15":"purchasable","16":"product-type-simple"},"_links":{"self":[{"href":"https:\/\/soydeaqui.ddns.net\/pachuca\/index.php\/wp-json\/wp\/v2\/product\/2156","targetHints":{"allow":["GET"]}}],"collection":[{"href":"https:\/\/soydeaqui.ddns.net\/pachuca\/index.php\/wp-json\/wp\/v2\/product"}],"about":[{"href":"https:\/\/soydeaqui.ddns.net\/pachuca\/index.php\/wp-json\/wp\/v2\/types\/product"}],"replies":[{"embeddable":true,"href":"https:\/\/soydeaqui.ddns.net\/pachuca\/index.php\/wp-json\/wp\/v2\/comments?post=2156"}],"wp:featuredmedia":[{"embeddable":true,"href":"https:\/\/soydeaqui.ddns.net\/pachuca\/index.php\/wp-json\/wp\/v2\/media\/2155"}],"wp:attachment":[{"href":"https:\/\/soydeaqui.ddns.net\/pachuca\/index.php\/wp-json\/wp\/v2\/media?parent=2156"}],"wp:term":[{"taxonomy":"product_brand","embeddable":true,"href":"https:\/\/soydeaqui.ddns.net\/pachuca\/index.php\/wp-json\/wp\/v2\/product_brand?post=2156"},{"taxonomy":"product_cat","embeddable":true,"href":"https:\/\/soydeaqui.ddns.net\/pachuca\/index.php\/wp-json\/wp\/v2\/product_cat?post=2156"},{"taxonomy":"product_tag","embeddable":true,"href":"https:\/\/soydeaqui.ddns.net\/pachuca\/index.php\/wp-json\/wp\/v2\/product_tag?post=2156"}],"curies":[{"name":"wp","href":"https:\/\/api.w.org\/{rel}","templated":true}]}}