{"id":21550,"date":"2026-03-18T10:40:58","date_gmt":"2026-03-18T10:40:58","guid":{"rendered":"https:\/\/soydeaqui.ddns.net\/pachuca\/index.php\/producto\/terminal-facial-min-moe-wifi-poe-con-boton-de-llamada-y-lector-de-qrs-fisico-exterior-ip65-tarjetas-virtuales-bluetooth-con-hikconnect-teams-1000-rostros-hik-ia\/"},"modified":"2026-03-18T10:41:01","modified_gmt":"2026-03-18T10:41:01","slug":"terminal-facial-min-moe-wifi-poe-con-boton-de-llamada-y-lector-de-qrs-fisico-exterior-ip65-tarjetas-virtuales-bluetooth-con-hikconnect-teams-1000-rostros-hik-ia","status":"publish","type":"product","link":"https:\/\/soydeaqui.ddns.net\/pachuca\/index.php\/producto\/terminal-facial-min-moe-wifi-poe-con-boton-de-llamada-y-lector-de-qrs-fisico-exterior-ip65-tarjetas-virtuales-bluetooth-con-hikconnect-teams-1000-rostros-hik-ia\/","title":{"rendered":"Terminal Facial Min Moe WiFi &#038; PoE con Bot\u00f3n de Llamada y LECTOR DE QRs FISICO \/ Exterior IP65 \/ Tarjetas Virtuales Bluetooth con HikConnect Teams \/ 1000 Rostros \/ HIK-IA"},"content":{"rendered":"<div style='width: 100%; max-width: 1200px; margin: 0 auto; font-family: sans-serif; line-height: 1.6; color: inherit; background-color: transparent;'> <!-- Video principal --> <\/p>\n<div style='display: flex; flex-wrap: wrap; gap: 30px; margin-bottom: 30px;'>\n<div style='flex: 1 1 500px; min-width: 300px;'>\n<div style='position: relative; padding-bottom: 56.25%; height: 0; overflow: hidden; margin-bottom: 30px;'>   <\/div>\n<\/p><\/div>\n<div style='flex: 1 1 500px; min-width: 300px;'>\n<h3 style='font-size: 22px; border-bottom: 2px solid currentColor; padding-bottom: 5px; margin-top: 0; color: inherit; opacity: 0.8;'>Administre este equipo en la Nube Aproveche Hik-Connect Teams<\/h3>\n<p><span style='color: #c0392b;'>* Gratis para 10 Dispositivos y 100 empleados. <\/span><span style='color: #000000;'>Reg\u00edstrese en<\/span> <a href='https:\/\/ius.hik-connect.com\/' style='color: #2880b9; text-decoration: none;'><strong>www.hik-connect.com<\/strong><\/a><\/p>\n<p>HikConnect Teams es una plataforma <strong>SaaS<\/strong> para la gesti\u00f3n unificada en la nube de la seguridad con mayor rentabilidad&comma; f\u00e1cil de implementar&comma; altamente escalable en todos sus niveles y extremadamente seguro.<\/p>\n<p><em><strong>*SaaS<\/strong> &#8211; Software as a Service \/ Software como servicio.<\/em><\/p>\n<ul style='padding-left: 20px; font-size: 15px; color: inherit;'>\n<li style='margin-bottom: 5px;'><em>Administraci\u00f3n de usuarios&comma; roles&comma; y sucursales.<\/em><\/li>\n<li style='margin-bottom: 5px;'><em>Sincronizaci\u00f3n automatica de usuarios por \u00e1reas.<\/em><\/li>\n<li style='margin-bottom: 5px;'><em>Chequeo de Asistencia por App de Smartphone con ubicaci\u00f3n GPS.<\/em><\/li>\n<li style='margin-bottom: 5px;'><em>Reportes de acceso y asistenca remotos.<\/em><\/li>\n<li style='margin-bottom: 5px;'><em>Pases temporales para visitantes generados desde App.<\/em><\/li>\n<li style='margin-bottom: 5px;'><em>Integrable con Videovigilancia&comma; Intercom&comma; Monitoreo de Vehiculos etc<\/em><\/li>\n<\/ul><\/div>\n<\/p><\/div>\n<p> <!-- Secci\u00f3n de especificaciones --> <\/p>\n<div style='display: flex; flex-wrap: wrap; gap: 20px; margin-bottom: 30px;'>\n<div style='flex: 1 1 300px; border: 1px solid rgba(150&comma; 150&comma; 150&comma; 0.4); border-radius: 8px; overflow: hidden; display: flex; flex-direction: column;'>\n<div style='padding: 15px; border-bottom: 1px solid rgba(150&comma; 150&comma; 150&comma; 0.2); font-weight: bold; font-size: 18px; color: inherit;'>Caracter\u00edsticas Principales<\/div>\n<div style='padding: 15px; color: inherit;'>\n<ul style='padding-left: 20px; margin: 0; font-size: 14px; list-style-type: disc;'>\n<li style='margin-bottom: 5px;'>Pantalla de 2.3 pulgadas<\/li>\n<li style='margin-bottom: 5px;'>C\u00e1mara 2 MP con lente de gran angular.<\/li>\n<li style='margin-bottom: 5px;'>Distancia de detecci\u00f3n de los rostros: 0.3 mts hasta 1.5 mts.<\/li>\n<li style='margin-bottom: 5px;'>Soporta hasta 1&comma;000 rostros.<\/li>\n<li style='margin-bottom: 5px;'>Soporta hasta 3&comma;000 tarjetas (Mifare).<\/li>\n<li style='margin-bottom: 5px;'>Soporta 150&comma;000 eventos.<\/li>\n<li style='margin-bottom: 5px;'>Funcion WDR<\/li>\n<li style='margin-bottom: 5px;'>El terminal frontal de la serie DSK1T323 adopta un algoritmo DEEP LEARNING con <strong>HIK-IA<\/strong> que ayuda a reconocer el rostro de las personas m\u00e1s r\u00e1pido y con mayor precisi\u00f3n. Aplicable en escenarios&comma; como edificios&comma; empresas&comma; industrias y otras \u00e1reas importantes.<\/li>\n<\/ul><\/div>\n<\/p><\/div>\n<div style='flex: 1 1 300px; border: 1px solid rgba(150&comma; 150&comma; 150&comma; 0.4); border-radius: 8px; overflow: hidden; display: flex; flex-direction: column;'>\n<div style='padding: 15px; border-bottom: 1px solid rgba(150&comma; 150&comma; 150&comma; 0.2); font-weight: bold; font-size: 18px; color: inherit;'>Caracter\u00edsticas F\u00edsicas y El\u00e9ctricas<\/div>\n<div style='padding: 15px; color: inherit;'>\n<ul style='padding-left: 20px; margin: 0; font-size: 14px; list-style-type: disc;'>\n<li style='margin-bottom: 5px;'>Alimentaci\u00f3n: 12 Vcc \/ 1Amp (Incluido) o PoE Est\u00e1ndar 802.3at<\/li>\n<li style='margin-bottom: 5px;'>Aplicaci\u00f3n: Interior \/ Exterior protegido (IP65)<\/li>\n<li style='margin-bottom: 5px;'>Temperatura: -30 \u00b0C to 60 \u00b0C (-22 \u00b0F to 140 \u00b0F)<\/li>\n<li style='margin-bottom: 5px;'>Dimensiones: 165.2 mm \u00d7 75.7 mm \u00d7 25 mm<\/li>\n<\/ul>\n<h4 style='margin-top: 15px; margin-bottom: 10px; font-size: 16px; color: inherit;'>Interfaces:<\/h4>\n<ul style='padding-left: 20px; margin: 0; font-size: 14px; list-style-type: disc;'>\n<li style='margin-bottom: 5px;'>Puerto de Red: 1 (<strong>tambi\u00e9n es WiFi<\/strong>)<\/li>\n<li style='margin-bottom: 5px;'>Cerradura El\u00e9ctrica: 1<\/li>\n<li style='margin-bottom: 5px;'>Bot\u00f3n de salida: 1<\/li>\n<li style='margin-bottom: 5px;'>Sensor de puerta: 1<\/li>\n<li style='margin-bottom: 5px;'>Wiegand (Solo Entrada).<\/li>\n<\/ul><\/div>\n<\/p><\/div>\n<div style='flex: 1 1 300px; border: 1px solid rgba(150&comma; 150&comma; 150&comma; 0.4); border-radius: 8px; overflow: hidden; display: flex; flex-direction: column;'>\n<div style='padding: 15px; border-bottom: 1px solid rgba(150&comma; 150&comma; 150&comma; 0.2); font-weight: bold; font-size: 18px; color: inherit;'>Diferencias con Modelos de la misma Serie<\/div>\n<div style='padding: 15px; color: inherit;'>\n<p>Todos leen QR&comma; todos son PoE&comma; todos leen tarjetas virtuales bluetooth. Todas las caracteristicas son iguales y las unicas diferencias son las siguientes:<\/p>\n<ul style='padding-left: 20px; margin: 0; font-size: 14px; list-style-type: disc;'>\n<li style='margin-bottom: 5px;'><strong>DS-K1T323MBFWX-E1<\/strong> &#8211; Con lector de huellas y lector de tarjetas MiFare.<\/li>\n<li style='margin-bottom: 5px;'><strong>DS-K1T323EBWX-E1<\/strong> &#8211; Sin lector de huellas&comma; solo tarjetas Prox EM.<\/li>\n<li style='margin-bottom: 5px;'><strong>DS-K1T323MBWX-E1<\/strong> &#8211; Sin lector de huellas&comma; solo tarjetas MiFare.<\/li>\n<li style='margin-bottom: 5px;'><strong>DS-K1T323MBWX-QRE1<\/strong> &#8211; Con lector de QRs f\u00edsico&comma; con lector de tarjetas MiFare.<\/li>\n<li style='margin-bottom: 5px; color: #c0392b;'>Todos soportan pases temporales para visitantes (c\u00f3digo QR y PIN) con HikConnect Teams.<\/li>\n<\/ul><\/div>\n<\/p><\/div>\n<\/p><\/div>\n<p> <!-- iframe de plataformas compatibles --> <\/p>\n<div style='margin-bottom: 30px;'>\n<h3 style='font-size: 22px; border-bottom: 2px solid currentColor; padding-bottom: 5px; margin-top: 0; margin-bottom: 15px; color: inherit; opacity: 0.8;'>Otras Plataformas Compatibles<\/h3>\n<div style='position: relative; padding-bottom: 56.25%; height: 0; overflow: hidden; margin-bottom: 30px;'>   <\/div>\n<\/p><\/div>\n<p> <!-- Video de configuraci\u00f3n --> <\/p>\n<div>\n<h3 style='font-size: 22px; border-bottom: 2px solid currentColor; padding-bottom: 5px; margin-top: 0; margin-bottom: 15px; color: inherit; opacity: 0.8;'>\u00bfConfiguraci\u00f3n con HikConnect Teams? Consulte el video paso a paso<\/h3>\n<div style='position: relative; padding-bottom: 56.25%; height: 0; overflow: hidden; margin-bottom: 30px;'>   <\/div>\n<\/p><\/div>\n<p> <!-- Separador final --> <\/p>\n<hr style='border: 0; border-top: 1px solid rgba(150&comma; 150&comma; 150&comma; 0.3); margin: 30px 0;'> <\/div>\n","protected":false},"excerpt":{"rendered":"<p>Terminal Facial Min Moe WiFi &#038; PoE con Bot\u00f3n de Llamada y LECTOR DE QRs FISICO \/ Exterior IP65 \/ Tarjetas Virtuales Bluetooth con HikConnect Teams \/ 1000 Rostros \/ HIK-IA<\/p>\n","protected":false},"featured_media":21549,"comment_status":"open","ping_status":"closed","template":"","meta":[],"product_brand":[],"product_cat":[743],"product_tag":[744,54,745],"class_list":{"0":"post-21550","1":"product","2":"type-product","3":"status-publish","4":"has-post-thumbnail","6":"product_cat-para-tiempo-y-asistencia-checadores","7":"product_tag-biometricos","8":"product_tag-hikvision","9":"product_tag-para-tiempo-y-asistencia-checadores","11":"first","12":"instock","13":"sale","14":"shipping-taxable","15":"purchasable","16":"product-type-simple"},"_links":{"self":[{"href":"https:\/\/soydeaqui.ddns.net\/pachuca\/index.php\/wp-json\/wp\/v2\/product\/21550","targetHints":{"allow":["GET"]}}],"collection":[{"href":"https:\/\/soydeaqui.ddns.net\/pachuca\/index.php\/wp-json\/wp\/v2\/product"}],"about":[{"href":"https:\/\/soydeaqui.ddns.net\/pachuca\/index.php\/wp-json\/wp\/v2\/types\/product"}],"replies":[{"embeddable":true,"href":"https:\/\/soydeaqui.ddns.net\/pachuca\/index.php\/wp-json\/wp\/v2\/comments?post=21550"}],"wp:featuredmedia":[{"embeddable":true,"href":"https:\/\/soydeaqui.ddns.net\/pachuca\/index.php\/wp-json\/wp\/v2\/media\/21549"}],"wp:attachment":[{"href":"https:\/\/soydeaqui.ddns.net\/pachuca\/index.php\/wp-json\/wp\/v2\/media?parent=21550"}],"wp:term":[{"taxonomy":"product_brand","embeddable":true,"href":"https:\/\/soydeaqui.ddns.net\/pachuca\/index.php\/wp-json\/wp\/v2\/product_brand?post=21550"},{"taxonomy":"product_cat","embeddable":true,"href":"https:\/\/soydeaqui.ddns.net\/pachuca\/index.php\/wp-json\/wp\/v2\/product_cat?post=21550"},{"taxonomy":"product_tag","embeddable":true,"href":"https:\/\/soydeaqui.ddns.net\/pachuca\/index.php\/wp-json\/wp\/v2\/product_tag?post=21550"}],"curies":[{"name":"wp","href":"https:\/\/api.w.org\/{rel}","templated":true}]}}