{"id":21545,"date":"2026-03-18T10:40:53","date_gmt":"2026-03-18T10:40:53","guid":{"rendered":"https:\/\/soydeaqui.ddns.net\/pachuca\/index.php\/producto\/terminal-de-control-de-acceso-multi-biometrico-con-intercomunicador-de-video-tecnologia-de-autenticacion-facial-de-luz-visible-autenticacion-de-huellas-en-vidrio-proteccion-ip65-metodos-de-aut\/"},"modified":"2026-03-18T10:40:55","modified_gmt":"2026-03-18T10:40:55","slug":"terminal-de-control-de-acceso-multi-biometrico-con-intercomunicador-de-video-tecnologia-de-autenticacion-facial-de-luz-visible-autenticacion-de-huellas-en-vidrio-proteccion-ip65-metodos-de-aut","status":"publish","type":"product","link":"https:\/\/soydeaqui.ddns.net\/pachuca\/index.php\/producto\/terminal-de-control-de-acceso-multi-biometrico-con-intercomunicador-de-video-tecnologia-de-autenticacion-facial-de-luz-visible-autenticacion-de-huellas-en-vidrio-proteccion-ip65-metodos-de-aut\/","title":{"rendered":"Terminal de Control de Acceso Multi-Biom\u00e9trico con Intercomunicador de Video \/ Tecnolog\u00eda de Autenticaci\u00f3n Facial de Luz Visible \/ Autenticaci\u00f3n de Huellas en Vidrio \/ Protecci\u00f3n IP65 \/ M\u00e9todos de Autenticaci&#038;oacu"},"content":{"rendered":"<div style='width: 100%; max-width: 1200px; margin: 0 auto; font-family: sans-serif; line-height: 1.6; color: inherit; background-color: transparent;'>\n<div style='margin-bottom: 30px;'>\n<p style='font-size: 17px; line-height: 1.6; margin-bottom: 0;'>SenseFace 3 Series adopta la \u00faltima tecnolog\u00eda de autenticaci\u00f3n facial de luz visible y huellas digitales en vidrio. Es un terminal de control de acceso multifuncional con capacidad de intercomunicador de video&comma; totalmente compatible con el protocolo SIP&comma; dise\u00f1ado para mejorar la experiencia de video intercomunicador y garantizar una autenticaci\u00f3n biom\u00e9trica segura.<\/p>\n<\/p><\/div>\n<div style='margin-bottom: 30px;'>\n<h3 style='font-size: 24px; border-bottom: 2px solid currentColor; padding-bottom: 5px; margin-top: 0; color: inherit; opacity: 0.8;'>Caracter\u00edsticas Principales<\/h3>\n<div style='display: flex; flex-wrap: wrap; gap: 20px; margin-top: 20px;'>\n<div style='flex: 1 1 300px; min-width: 280px;'>\n<ul style='padding-left: 20px; font-size: 15px; color: inherit; list-style-type: disc;'>\n<li style='margin-bottom: 8px;'>Tecnolog\u00eda de Autenticaci\u00f3n Facial de Luz Visible y Huellas en Vidrio.<\/li>\n<li style='margin-bottom: 8px;'>Clasificaci\u00f3n de Protecci\u00f3n IP65 contra polvo y agua.<\/li>\n<li style='margin-bottom: 8px;'>M\u00faltiples m\u00e9todos de autenticaci\u00f3n: Facial&comma; Huella&comma; RFID&comma; Contrase\u00f1a.<\/li>\n<li style='margin-bottom: 8px;'>Capacidad de plantillas: 3&comma;000 rostros&comma; 6&comma;000 huellas y 150&comma;000 transacciones.<\/li>\n<li style='margin-bottom: 8px;'>Intercomunicador de video HD v\u00eda protocolo SIP (Versi\u00f3n 2.0).<\/li>\n<\/ul><\/div>\n<\/p><\/div>\n<\/p><\/div>\n<div style='margin-bottom: 30px;'>\n<h3 style='font-size: 24px; border-bottom: 2px solid currentColor; padding-bottom: 5px; margin-top: 0; color: inherit; opacity: 0.8;'>Detalles T\u00e9cnicos<\/h3>\n<div style='display: flex; flex-wrap: wrap; gap: 20px; margin-top: 20px;'>\n<div style='flex: 1 1 250px; min-width: 240px; border: 1px solid rgba(150&comma; 150&comma; 150&comma; 0.4); border-radius: 8px; overflow: hidden; display: flex; flex-direction: column;'>\n<div style='padding: 15px; border-bottom: 1px solid rgba(150&comma; 150&comma; 150&comma; 0.2); font-weight: bold; font-size: 18px; color: inherit;'>Especificaciones<\/div>\n<div style='padding: 15px; color: inherit;'>\n<ul style='padding-left: 20px; margin: 0; font-size: 14px; list-style-type: disc;'>\n<li style='margin-bottom: 5px;'>Pantalla t\u00e1ctil LED color de 2.8&#8242;.<\/li>\n<li style='margin-bottom: 5px;'>C\u00e1mara binocular WDR de 1MP.<\/li>\n<li style='margin-bottom: 5px;'>CPU de doble n\u00facleo a 1GHz&comma; RAM de 512MB y ROM de 8GB.<\/li>\n<li style='margin-bottom: 5px;'>Altavoz de 8 ohmios 1W&comma; Micr\u00f3fono omnidireccional.<\/li>\n<li style='margin-bottom: 5px;'>Sistema operativo Linux.<\/li>\n<li style='margin-bottom: 5px;'>Velocidad de autenticaci\u00f3n menos de 0.5 seg (huella)&comma; 0.35 seg (facial).<\/li>\n<\/ul><\/div>\n<\/p><\/div>\n<div style='flex: 1 1 250px; min-width: 240px; border: 1px solid rgba(150&comma; 150&comma; 150&comma; 0.4); border-radius: 8px; overflow: hidden; display: flex; flex-direction: column;'>\n<div style='padding: 15px; border-bottom: 1px solid rgba(150&comma; 150&comma; 150&comma; 0.2); font-weight: bold; font-size: 18px; color: inherit;'>Interfaces y Conectividad<\/div>\n<div style='padding: 15px; color: inherit;'>\n<ul style='padding-left: 20px; margin: 0; font-size: 14px; list-style-type: disc;'>\n<li style='margin-bottom: 5px;'>Comunicaci\u00f3n TCP\/IP&comma; Wi-Fi opcional&comma; Wiegand&comma; RS485&comma; USB tipo A.<\/li>\n<li style='margin-bottom: 5px;'>Protocolos soportados: SIP&comma; ONVIF&comma; ZKTeco RS485&comma; Zlink (m\u00f3dulo CA).<\/li>\n<li style='margin-bottom: 5px;'>Interfaz de control de acceso: Sensor de puerta&comma; bot\u00f3n de salida&comma; cerradura el\u00e9ctrica.<\/li>\n<\/ul><\/div>\n<\/p><\/div>\n<\/p><\/div>\n<\/p><\/div>\n<div style='margin-bottom: 30px;'>\n<h3 style='font-size: 24px; border-bottom: 2px solid currentColor; padding-bottom: 5px; margin-top: 0; color: inherit; opacity: 0.8;'>Aplicaciones y Casos de Uso<\/h3>\n<div style='display: flex; flex-wrap: wrap; gap: 20px; margin-top: 20px;'>\n<div style='flex: 1 1 300px; min-width: 280px; border: 1px solid rgba(150&comma; 150&comma; 150&comma; 0.4); border-radius: 8px; overflow: hidden; padding: 15px;'>\n<p style='font-size: 14px; color: inherit; margin: 0;'>No se encontraron aplicaciones espec\u00edficas definidas para este producto.<\/p>\n<\/p><\/div>\n<\/p><\/div>\n<\/p><\/div>\n<hr style='border: 0; border-top: 1px solid rgba(150&comma; 150&comma; 150&comma; 0.3); margin: 30px 0;'> <\/div>\n","protected":false},"excerpt":{"rendered":"<p>Terminal de Control de Acceso Multi-Biom\u00e9trico con Intercomunicador de Video \/ Tecnolog\u00eda de Autenticaci\u00f3n Facial de Luz Visible \/ Autenticaci\u00f3n de Huellas en Vidrio \/ Protecci\u00f3n IP65 \/ M\u00e9todos de Autenticaci&#038;oacu<\/p>\n","protected":false},"featured_media":21544,"comment_status":"open","ping_status":"closed","template":"","meta":[],"product_brand":[],"product_cat":[743],"product_tag":[744,745,844],"class_list":{"0":"post-21545","1":"product","2":"type-product","3":"status-publish","4":"has-post-thumbnail","6":"product_cat-para-tiempo-y-asistencia-checadores","7":"product_tag-biometricos","8":"product_tag-para-tiempo-y-asistencia-checadores","9":"product_tag-zkteco","11":"first","12":"instock","13":"sale","14":"shipping-taxable","15":"purchasable","16":"product-type-simple"},"_links":{"self":[{"href":"https:\/\/soydeaqui.ddns.net\/pachuca\/index.php\/wp-json\/wp\/v2\/product\/21545","targetHints":{"allow":["GET"]}}],"collection":[{"href":"https:\/\/soydeaqui.ddns.net\/pachuca\/index.php\/wp-json\/wp\/v2\/product"}],"about":[{"href":"https:\/\/soydeaqui.ddns.net\/pachuca\/index.php\/wp-json\/wp\/v2\/types\/product"}],"replies":[{"embeddable":true,"href":"https:\/\/soydeaqui.ddns.net\/pachuca\/index.php\/wp-json\/wp\/v2\/comments?post=21545"}],"wp:featuredmedia":[{"embeddable":true,"href":"https:\/\/soydeaqui.ddns.net\/pachuca\/index.php\/wp-json\/wp\/v2\/media\/21544"}],"wp:attachment":[{"href":"https:\/\/soydeaqui.ddns.net\/pachuca\/index.php\/wp-json\/wp\/v2\/media?parent=21545"}],"wp:term":[{"taxonomy":"product_brand","embeddable":true,"href":"https:\/\/soydeaqui.ddns.net\/pachuca\/index.php\/wp-json\/wp\/v2\/product_brand?post=21545"},{"taxonomy":"product_cat","embeddable":true,"href":"https:\/\/soydeaqui.ddns.net\/pachuca\/index.php\/wp-json\/wp\/v2\/product_cat?post=21545"},{"taxonomy":"product_tag","embeddable":true,"href":"https:\/\/soydeaqui.ddns.net\/pachuca\/index.php\/wp-json\/wp\/v2\/product_tag?post=21545"}],"curies":[{"name":"wp","href":"https:\/\/api.w.org\/{rel}","templated":true}]}}