{"id":21511,"date":"2026-03-18T10:40:15","date_gmt":"2026-03-18T10:40:15","guid":{"rendered":"https:\/\/soydeaqui.ddns.net\/pachuca\/index.php\/producto\/sensor-de-peticion-de-salida-ideal-para-accesos-y-salidas-sin-contacto-en-puertas-peatonales-version-con-activacion-de-2-o-0-5-segundos\/"},"modified":"2026-03-18T10:40:16","modified_gmt":"2026-03-18T10:40:16","slug":"sensor-de-peticion-de-salida-ideal-para-accesos-y-salidas-sin-contacto-en-puertas-peatonales-version-con-activacion-de-2-o-0-5-segundos","status":"publish","type":"product","link":"https:\/\/soydeaqui.ddns.net\/pachuca\/index.php\/producto\/sensor-de-peticion-de-salida-ideal-para-accesos-y-salidas-sin-contacto-en-puertas-peatonales-version-con-activacion-de-2-o-0-5-segundos\/","title":{"rendered":"Sensor de Petici\u00f3n de Salida \/ Ideal para Accesos y Salidas Sin Contacto  en Puertas Peatonales \/ Versi\u00f3n con ACTIVACI\u00d3N  de 2 o 0.5 Segundos"},"content":{"rendered":"<div style='width: 100%; max-width: 1200px; margin: 0 auto; font-family: sans-serif; line-height: 1.6; color: inherit; background-color: transparent;'> <!-- Secci\u00f3n de caracter\u00edsticas principales --> <\/p>\n<div style='display: flex; flex-wrap: wrap; gap: 30px; margin-bottom: 30px;'>\n<div style='flex: 1 1 300px; min-width: 280px;'>\n<h3 style='font-size: 22px; border-bottom: 2px solid currentColor; padding-bottom: 5px; margin-top: 0; color: inherit; opacity: 0.8;'>Caracter\u00edsticas principales:<\/h3>\n<ul style='padding-left: 20px; font-size: 15px; color: inherit;'>\n<li style='margin-bottom: 5px;'>Tecnolog\u00eda de infrarrojo pasivo<\/li>\n<li style='margin-bottom: 5px;'>Zona de detecci\u00f3n ajustable<\/li>\n<li style='margin-bottom: 5px;'>Altura m\u00e1xima de montaje 3 mts<\/li>\n<\/ul><\/div>\n<div style='flex: 1 1 300px; min-width: 280px;'>\n<h3 style='font-size: 22px; border-bottom: 2px solid currentColor; padding-bottom: 5px; margin-top: 0; color: inherit; opacity: 0.8;'>Caracter\u00edsticas F\u00edsicas y El\u00e9ctricas:<\/h3>\n<ul style='padding-left: 20px; font-size: 15px; color: inherit;'>\n<li style='margin-bottom: 5px;'>Alimentaci\u00f3n 12 a 24 Vac\/Vdc<\/li>\n<li style='margin-bottom: 5px;'>Consumo de corriente m\u00e1ximo 20 mA<\/li>\n<li style='margin-bottom: 5px;'>Peso del dispositivo 40 gr<\/li>\n<\/ul><\/div>\n<div style='flex: 1 1 300px; min-width: 280px;'>\n<h3 style='font-size: 22px; border-bottom: 2px solid currentColor; padding-bottom: 5px; margin-top: 0; color: inherit; opacity: 0.8;'>Caracter\u00edsticas Destacadas:<\/h3>\n<ul style='padding-left: 20px; font-size: 15px; color: inherit;'>\n<li style='margin-bottom: 5px;'>Indicador led color rojo<\/li>\n<li style='margin-bottom: 5px;'>Tiempo de respuesta 200 ms<\/li>\n<li style='margin-bottom: 5px;'>Velocidad de detecci\u00f3n de 0.1 a 1.5 m\/s<\/li>\n<\/ul><\/div>\n<\/p><\/div>\n<p> <!-- Separador --> <\/p>\n<hr style='border: 0; border-top: 1px solid rgba(150&comma; 150&comma; 150&comma; 0.3); margin: 30px 0;'> <!-- Secci\u00f3n de descripci\u00f3n y imagen --> <\/p>\n<div style='display: flex; flex-wrap: wrap; gap: 30px; margin-bottom: 30px;'>\n<div style='flex: 1 1 300px; min-width: 280px;'>\n<h3 style='font-size: 20px; margin-top: 0; color: inherit; opacity: 0.9;'>Sensor de petici\u00f3n de salida sin contacto<\/h3>\n<h3 style='font-size: 20px; margin-top: 0; color: inherit; opacity: 0.9;'>Caracter\u00edsticas<\/h3>\n<ul style='padding-left: 20px; font-size: 15px; color: inherit;'>\n<li style='margin-bottom: 5px;'>Color Negro<\/li>\n<li style='margin-bottom: 5px;'>Montaje de 3 posiciones<\/li>\n<li style='margin-bottom: 5px;'>Detecci\u00f3n por infrarrojo pasivo (PIR)<\/li>\n<li style='margin-bottom: 5px;'>Amplia zona de detecci\u00f3n<\/li>\n<\/ul>\n<p style='font-size: 15px; color: inherit;'>El Kit FLY ERT de BEA es un sensor de infrarrojo pasivo (PIR) m\u00e1s compacto de la industria&comma; ideal para aplicaciones de salida (REX).<\/p>\n<p style='font-size: 15px; color: inherit;'>Este vers\u00e1til sensor puede montarse sobre la superficie de cualquier puerta o empotrarse en el techo.<\/p>\n<p style='font-size: 15px; color: inherit;'>Su flexibilidad y dise\u00f1o lo convierten en un sensor eficaz para gestionar la seguridad del edificio y el flujo del tr\u00e1fico.<\/p>\n<\/p><\/div>\n<div style='flex: 1 1 300px; min-width: 280px;'> <img style='width: 100%; height: auto; border: 1px solid rgba(150&comma;150&comma;150&comma;0.3); border-radius: 8px;' src='https:\/\/ftp3.syscom.mx\/usuarios\/fotos\/10FLYBLKERT\/186607-10flyblkert-p.png' alt=''> <\/div>\n<\/p><\/div>\n<p> <!-- Separador --> <\/p>\n<hr style='border: 0; border-top: 1px solid rgba(150&comma; 150&comma; 150&comma; 0.3); margin: 30px 0;'> <!-- Secci\u00f3n de im\u00e1genes adicionales --> <\/p>\n<div style='display: flex; flex-wrap: wrap; gap: 20px; margin-bottom: 30px;'>\n<div style='flex: 1 1 300px; min-width: 280px;'> <img style='width: 100%; height: auto; border: 1px solid rgba(150&comma;150&comma;150&comma;0.3); border-radius: 8px;' src='https:\/\/ftp3.syscom.mx\/usuarios\/fotos\/10FLYBLKERT\/186607-vista_frontal1.jpg' alt=''> <\/div>\n<div style='flex: 1 1 300px; min-width: 280px;'> <img style='width: 100%; height: auto; border: 1px solid rgba(150&comma;150&comma;150&comma;0.3); border-radius: 8px;' src='https:\/\/ftp3.syscom.mx\/usuarios\/fotos\/10FLYBLKERT\/186607-vista_lateral.jpg' alt=''> <\/div>\n<\/p><\/div>\n<\/p><\/div>\n","protected":false},"excerpt":{"rendered":"<p>Sensor de Petici\u00f3n de Salida \/ Ideal para Accesos y Salidas Sin Contacto  en Puertas Peatonales \/ Versi\u00f3n con ACTIVACI\u00d3N  de 2 o 0.5 Segundos<\/p>\n","protected":false},"featured_media":32,"comment_status":"open","ping_status":"closed","template":"","meta":[],"product_brand":[],"product_cat":[777],"product_tag":[401,93,843],"class_list":{"0":"post-21511","1":"product","2":"type-product","3":"status-publish","4":"has-post-thumbnail","6":"product_cat-accesorios-acceso-vehicular","7":"product_tag-acceso-vehicular","8":"product_tag-accesorios","9":"product_tag-bea","11":"first","12":"instock","13":"sale","14":"shipping-taxable","15":"purchasable","16":"product-type-simple"},"_links":{"self":[{"href":"https:\/\/soydeaqui.ddns.net\/pachuca\/index.php\/wp-json\/wp\/v2\/product\/21511","targetHints":{"allow":["GET"]}}],"collection":[{"href":"https:\/\/soydeaqui.ddns.net\/pachuca\/index.php\/wp-json\/wp\/v2\/product"}],"about":[{"href":"https:\/\/soydeaqui.ddns.net\/pachuca\/index.php\/wp-json\/wp\/v2\/types\/product"}],"replies":[{"embeddable":true,"href":"https:\/\/soydeaqui.ddns.net\/pachuca\/index.php\/wp-json\/wp\/v2\/comments?post=21511"}],"wp:featuredmedia":[{"embeddable":true,"href":"https:\/\/soydeaqui.ddns.net\/pachuca\/index.php\/wp-json\/wp\/v2\/media\/32"}],"wp:attachment":[{"href":"https:\/\/soydeaqui.ddns.net\/pachuca\/index.php\/wp-json\/wp\/v2\/media?parent=21511"}],"wp:term":[{"taxonomy":"product_brand","embeddable":true,"href":"https:\/\/soydeaqui.ddns.net\/pachuca\/index.php\/wp-json\/wp\/v2\/product_brand?post=21511"},{"taxonomy":"product_cat","embeddable":true,"href":"https:\/\/soydeaqui.ddns.net\/pachuca\/index.php\/wp-json\/wp\/v2\/product_cat?post=21511"},{"taxonomy":"product_tag","embeddable":true,"href":"https:\/\/soydeaqui.ddns.net\/pachuca\/index.php\/wp-json\/wp\/v2\/product_tag?post=21511"}],"curies":[{"name":"wp","href":"https:\/\/api.w.org\/{rel}","templated":true}]}}