{"id":21466,"date":"2026-03-18T10:39:22","date_gmt":"2026-03-18T10:39:22","guid":{"rendered":"https:\/\/soydeaqui.ddns.net\/pachuca\/index.php\/producto\/maximizando-la-captura-de-datos-en-el-control-vehicular-con-nedap\/"},"modified":"2026-03-18T10:39:23","modified_gmt":"2026-03-18T10:39:23","slug":"maximizando-la-captura-de-datos-en-el-control-vehicular-con-nedap","status":"publish","type":"product","link":"https:\/\/soydeaqui.ddns.net\/pachuca\/index.php\/producto\/maximizando-la-captura-de-datos-en-el-control-vehicular-con-nedap\/","title":{"rendered":"Maximizando la Captura de Datos en el Control Vehicular con Nedap"},"content":{"rendered":"<div style='width: 100%; max-width: 1200px; margin: 0 auto; font-family: sans-serif; line-height: 1.6; color: inherit; background-color: transparent;'>\n<div style='text-align: center; margin: 30px 0;'>\n<h1 style='font-size: 24px; margin: 0; color: inherit;'>Capacitaci\u00f3n para Integradores: Maximizando la Captura de Datos en el Control Vehicular con Nedap<\/h1>\n<\/p><\/div>\n<div style='display: flex; flex-wrap: wrap; gap: 30px; margin-bottom: 30px;'>\n<div style='flex: 1 1 300px; min-width: 280px;'>\n<h3 style='font-size: 22px; border-bottom: 2px solid currentColor; padding-bottom: 5px; margin-top: 0; color: inherit; opacity: 0.8;'>Descripci\u00f3n<\/h3>\n<p style='font-size: 15px; color: inherit; margin-top: 10px;'> Presentaci\u00f3n sobre la correcta implementaci\u00f3n de un sistema de control vehicular para obtenci\u00f3n de datos y de control de acceso NEDAP&comma; le permitir\u00e1 conocer y comprender los beneficios y requisitos de instalaci\u00f3n donde es requerida su aplicaci\u00f3n. <\/p>\n<\/p><\/div>\n<\/p><\/div>\n<div style='display: flex; flex-wrap: wrap; gap: 30px; margin-bottom: 30px;'>\n<div style='flex: 1 1 300px; min-width: 280px;'>\n<h3 style='font-size: 22px; border-bottom: 2px solid currentColor; padding-bottom: 5px; margin-top: 0; color: inherit; opacity: 0.8;'>Requisitos recomendables<\/h3>\n<ul style='padding-left: 20px; font-size: 15px; color: inherit; margin-top: 10px;'>\n<li style='margin-bottom: 5px;'>Ser Distribuidor SYSCOM<\/li>\n<li style='margin-bottom: 5px;'>Conocimiento de instalaci\u00f3n de programas<\/li>\n<li style='margin-bottom: 5px;'>Conocimiento de programaci\u00f3n<\/li>\n<li style='margin-bottom: 5px;'>Equipo de Computo<\/li>\n<\/ul><\/div>\n<div style='flex: 1 1 300px; min-width: 280px;'>\n<h3 style='font-size: 22px; border-bottom: 2px solid currentColor; padding-bottom: 5px; margin-top: 0; color: inherit; opacity: 0.8;'>Dirigido a<\/h3>\n<p style='font-size: 15px; color: inherit; margin-top: 10px;'> A todos los que desean implementar soluciones de acceso y\/o datos en el control de acceso vehicular y control de acceso. <\/p>\n<\/p><\/div>\n<div style='flex: 1 1 300px; min-width: 280px;'>\n<h3 style='font-size: 22px; border-bottom: 2px solid currentColor; padding-bottom: 5px; margin-top: 0; color: inherit; opacity: 0.8;'>Objetivos del Curso<\/h3>\n<p style='font-size: 15px; color: inherit; margin-top: 10px;'> Al t\u00e9rmino del curso el participante tendr\u00e1 los conocimientos necesarios para realizar proyectos y recomendar soluciones de control vehicular de NEDAP. <\/p>\n<\/p><\/div>\n<\/p><\/div>\n<div style='display: flex; flex-wrap: wrap; gap: 30px; margin-bottom: 30px;'>\n<div style='flex: 1 1 100%;'>\n<h3 style='font-size: 22px; border-bottom: 2px solid currentColor; padding-bottom: 5px; margin-top: 0; color: inherit; opacity: 0.8;'>Contenido del Curso<\/h3>\n<ol style='padding-left: 20px; font-size: 15px; color: inherit; margin-top: 10px;'>\n<li style='margin-bottom: 8px;'>Diferencia entre Control de Acceso y Captura de Datos<\/li>\n<li style='margin-bottom: 8px;'>Protocolos de comunicaci\u00f3n<\/li>\n<li style='margin-bottom: 8px;'>Ejemplo de captura de datos con el portafolio de Nedap<\/li>\n<li style='margin-bottom: 8px;'>Software y Configuraci\u00f3n de equipos para la captura de datos<\/li>\n<li style='margin-bottom: 8px;'>Ejercicio de conectividad con equipos Nedap<\/li>\n<li style='margin-bottom: 8px;'>\u00bfQu\u00e9 proyectos podemos crear?<\/li>\n<\/ol><\/div>\n<\/p><\/div>\n<\/p><\/div>\n","protected":false},"excerpt":{"rendered":"<p>Maximizando la Captura de Datos en el Control Vehicular con Nedap<\/p>\n","protected":false},"featured_media":32,"comment_status":"open","ping_status":"closed","template":"","meta":[],"product_brand":[],"product_cat":[818],"product_tag":[93,784,63],"class_list":{"0":"post-21466","1":"product","2":"type-product","3":"status-publish","4":"has-post-thumbnail","6":"product_cat-accesorios-paneles-de-control-de-acceso","7":"product_tag-accesorios","8":"product_tag-paneles-de-control-de-acceso","9":"product_tag-syscom","11":"first","12":"outofstock","13":"sale","14":"shipping-taxable","15":"purchasable","16":"product-type-simple"},"_links":{"self":[{"href":"https:\/\/soydeaqui.ddns.net\/pachuca\/index.php\/wp-json\/wp\/v2\/product\/21466","targetHints":{"allow":["GET"]}}],"collection":[{"href":"https:\/\/soydeaqui.ddns.net\/pachuca\/index.php\/wp-json\/wp\/v2\/product"}],"about":[{"href":"https:\/\/soydeaqui.ddns.net\/pachuca\/index.php\/wp-json\/wp\/v2\/types\/product"}],"replies":[{"embeddable":true,"href":"https:\/\/soydeaqui.ddns.net\/pachuca\/index.php\/wp-json\/wp\/v2\/comments?post=21466"}],"wp:featuredmedia":[{"embeddable":true,"href":"https:\/\/soydeaqui.ddns.net\/pachuca\/index.php\/wp-json\/wp\/v2\/media\/32"}],"wp:attachment":[{"href":"https:\/\/soydeaqui.ddns.net\/pachuca\/index.php\/wp-json\/wp\/v2\/media?parent=21466"}],"wp:term":[{"taxonomy":"product_brand","embeddable":true,"href":"https:\/\/soydeaqui.ddns.net\/pachuca\/index.php\/wp-json\/wp\/v2\/product_brand?post=21466"},{"taxonomy":"product_cat","embeddable":true,"href":"https:\/\/soydeaqui.ddns.net\/pachuca\/index.php\/wp-json\/wp\/v2\/product_cat?post=21466"},{"taxonomy":"product_tag","embeddable":true,"href":"https:\/\/soydeaqui.ddns.net\/pachuca\/index.php\/wp-json\/wp\/v2\/product_tag?post=21466"}],"curies":[{"name":"wp","href":"https:\/\/api.w.org\/{rel}","templated":true}]}}