{"id":21464,"date":"2026-03-18T10:39:20","date_gmt":"2026-03-18T10:39:20","guid":{"rendered":"https:\/\/soydeaqui.ddns.net\/pachuca\/index.php\/producto\/boton-de-salida-sin-contacto-metalico-luz-led-2-anos-garantia\/"},"modified":"2026-03-18T10:39:20","modified_gmt":"2026-03-18T10:39:20","slug":"boton-de-salida-sin-contacto-metalico-luz-led-2-anos-garantia","status":"publish","type":"product","link":"https:\/\/soydeaqui.ddns.net\/pachuca\/index.php\/producto\/boton-de-salida-sin-contacto-metalico-luz-led-2-anos-garantia\/","title":{"rendered":"Bot\u00f3n de Salida SIN Contacto Metalico\/ Luz LED \/2 A\u00f1os Garantia"},"content":{"rendered":"<div style='width: 100%; max-width: 1200px; margin: 0 auto; font-family: sans-serif; line-height: 1.6; color: inherit; background-color: transparent;'> <!-- Logo RCI - DORMAKABA --> <\/p>\n<div style='text-align: center; margin-bottom: 30px;'> <img style='width: 200px; height: auto; border: 1px solid rgba(150&comma;150&comma;150&comma;0.3); border-radius: 8px;' src='http:\/\/ftp3.syscom.mx\/usuarios\/ftp\/2017\/03\/02\/f97ed\/RCI_logo-plus-DOKAEndorsement_4C.jpg' alt='Logo RCI - DORMAKABA'> <\/div>\n<p> <!-- Secci\u00f3n de caracter\u00edsticas t\u00e9cnicas --> <\/p>\n<div style='display: flex; flex-wrap: wrap; gap: 30px; margin-bottom: 30px;'>\n<div style='flex: 1 1 300px; min-width: 280px;'>\n<h3 style='font-size: 22px; border-bottom: 2px solid currentColor; padding-bottom: 5px; margin-top: 0; color: inherit; opacity: 0.8;'>Caracter\u00edsticas t\u00e9cnicas<\/h3>\n<ul style='padding-left: 20px; font-size: 15px; color: inherit;'>\n<li style='margin-bottom: 5px;'>Rango de Lectura 30 a 50 mm<\/li>\n<li style='margin-bottom: 5px;'>Modo Switch<\/li>\n<li style='margin-bottom: 5px;'>SPDT<\/li>\n<li style='margin-bottom: 5px;'>2 a\u00f1os de garant\u00eda<\/li>\n<\/ul><\/div>\n<\/p><\/div>\n<p> <!-- Secci\u00f3n de descripci\u00f3n detallada --> <\/p>\n<div style='display: flex; flex-wrap: wrap; gap: 20px; margin-bottom: 30px;'>\n<div style='flex: 1 1 250px; border: 1px solid rgba(150&comma; 150&comma; 150&comma; 0.4); border-radius: 8px; overflow: hidden; display: flex; flex-direction: column;'>\n<div style='padding: 15px; border-bottom: 1px solid rgba(150&comma; 150&comma; 150&comma; 0.2); font-weight: bold; font-size: 18px; color: inherit;'>Caracter\u00edsticas<\/div>\n<div style='padding: 15px; color: inherit;'>\n<ul style='padding-left: 20px; margin: 0; font-size: 14px; list-style-type: disc;'>\n<li style='margin-bottom: 5px;'>Exclusiva placa de actuador sin contacto de bajo perfil que utiliza tecnolog\u00eda para la activaci\u00f3n de puertas autom\u00e1ticas<\/li>\n<li style='margin-bottom: 5px;'>Dise\u00f1o est\u00e9ticamente agradable<\/li>\n<li style='margin-bottom: 5px;'><strong>Manos libres<\/strong>: ayuda a reducir la propagaci\u00f3n de g\u00e9rmenes y bacterias<\/li>\n<li style='margin-bottom: 5px;'>Zona de detecci\u00f3n ajustable para reducir activaciones no deseadas<\/li>\n<li style='margin-bottom: 5px;'>Cuando el dispositivo est\u00e1 activado&comma; la luz indicadora (mano que agita) cambia el color<\/li>\n<li style='margin-bottom: 5px;'>Interruptor mec\u00e1nico secundario normalmente abierto (NA)<\/li>\n<li style='margin-bottom: 5px;'>Tiempos de desbloqueo seleccionables (1-63 segundos)<\/li>\n<li style='margin-bottom: 5px;'>Se monta en una caja el\u00e9ctrica de salida \u00fanica<\/li>\n<\/ul><\/div>\n<\/p><\/div>\n<\/p><\/div>\n<p> <!-- Separador --> <\/p>\n<hr style='border: 0; border-top: 1px solid rgba(150&comma; 150&comma; 150&comma; 0.3); margin: 30px 0;'> <\/div>\n","protected":false},"excerpt":{"rendered":"<p>Bot\u00f3n de Salida SIN Contacto Metalico\/ Luz LED \/2 A\u00f1os Garantia<\/p>\n","protected":false},"featured_media":21463,"comment_status":"open","ping_status":"closed","template":"","meta":[],"product_brand":[],"product_cat":[190],"product_tag":[93,191,453],"class_list":{"0":"post-21464","1":"product","2":"type-product","3":"status-publish","4":"has-post-thumbnail","6":"product_cat-botones-de-salida","7":"product_tag-accesorios","8":"product_tag-botones-de-salida","9":"product_tag-rci-dormakaba","11":"first","12":"outofstock","13":"sale","14":"shipping-taxable","15":"purchasable","16":"product-type-simple"},"_links":{"self":[{"href":"https:\/\/soydeaqui.ddns.net\/pachuca\/index.php\/wp-json\/wp\/v2\/product\/21464","targetHints":{"allow":["GET"]}}],"collection":[{"href":"https:\/\/soydeaqui.ddns.net\/pachuca\/index.php\/wp-json\/wp\/v2\/product"}],"about":[{"href":"https:\/\/soydeaqui.ddns.net\/pachuca\/index.php\/wp-json\/wp\/v2\/types\/product"}],"replies":[{"embeddable":true,"href":"https:\/\/soydeaqui.ddns.net\/pachuca\/index.php\/wp-json\/wp\/v2\/comments?post=21464"}],"wp:featuredmedia":[{"embeddable":true,"href":"https:\/\/soydeaqui.ddns.net\/pachuca\/index.php\/wp-json\/wp\/v2\/media\/21463"}],"wp:attachment":[{"href":"https:\/\/soydeaqui.ddns.net\/pachuca\/index.php\/wp-json\/wp\/v2\/media?parent=21464"}],"wp:term":[{"taxonomy":"product_brand","embeddable":true,"href":"https:\/\/soydeaqui.ddns.net\/pachuca\/index.php\/wp-json\/wp\/v2\/product_brand?post=21464"},{"taxonomy":"product_cat","embeddable":true,"href":"https:\/\/soydeaqui.ddns.net\/pachuca\/index.php\/wp-json\/wp\/v2\/product_cat?post=21464"},{"taxonomy":"product_tag","embeddable":true,"href":"https:\/\/soydeaqui.ddns.net\/pachuca\/index.php\/wp-json\/wp\/v2\/product_tag?post=21464"}],"curies":[{"name":"wp","href":"https:\/\/api.w.org\/{rel}","templated":true}]}}