{"id":21455,"date":"2026-03-18T10:39:08","date_gmt":"2026-03-18T10:39:08","guid":{"rendered":"https:\/\/soydeaqui.ddns.net\/pachuca\/index.php\/producto\/expansor-de-2-puertas-para-paneles-de-control-de-acceso-ds-k27-series-comunicacion-rs-485-4-entradas-y-2-salidas-auxiliares\/"},"modified":"2026-03-18T10:39:18","modified_gmt":"2026-03-18T10:39:18","slug":"expansor-de-2-puertas-para-paneles-de-control-de-acceso-ds-k27-series-comunicacion-rs-485-4-entradas-y-2-salidas-auxiliares","status":"publish","type":"product","link":"https:\/\/soydeaqui.ddns.net\/pachuca\/index.php\/producto\/expansor-de-2-puertas-para-paneles-de-control-de-acceso-ds-k27-series-comunicacion-rs-485-4-entradas-y-2-salidas-auxiliares\/","title":{"rendered":"Expansor de 2 Puertas para Paneles de Control de Acceso DS-K27 Series \/ Comunicaci\u00f3n RS-485 \/ 4 Entradas y 2 Salidas Auxiliares"},"content":{"rendered":"<div style='width: 100%; max-width: 1200px; margin: 0 auto; font-family: sans-serif; line-height: 1.6; color: inherit;'>\n<div style='display: flex; flex-wrap: wrap; gap: 30px; margin-bottom: 30px;'>\n<div style='flex: 1 1 300px; min-width: 280px;'>\n<h3 style='font-size: 22px; border-bottom: 2px solid currentColor; padding-bottom: 5px; margin-top: 0; color: inherit; opacity: 0.8;'>\u00bfNecesita Administraci\u00f3n en la Nube? Use Hik-Connect 6<\/h3>\n<ul style='padding-left: 20px; font-size: 15px; color: inherit;'>\n<li style='margin-bottom: 5px;'>* Requiere licenciamiento; <a href='https:\/\/soporte.syscom.mx\/es\/articles\/6897368-hikcentral-connect-administracion-en-la-nube-de-control-de-acceso-asistencia-y-videoporteros' style='color: #f10441; text-decoration: none; border-bottom: 1px dotted;'>Mas informaci\u00f3n AQU\u00cd<\/a><\/li>\n<\/ul>\n<p style='font-size: 15px; color: inherit;'>Hik-Connect 6 es una plataforma <strong>SaaS<\/strong> para la gesti\u00f3n unificada en la nube de la seguridad con mayor rentabilidad&comma; f\u00e1cil de implementar&comma; altamente escalable en todos sus niveles y extremadamente seguro.<\/p>\n<p style='font-size: 15px; color: inherit;'><em><strong>*SaaS<\/strong> &#8211; Software as a Service \/ Software como servicio.<\/em><\/p>\n<ul style='padding-left: 20px; font-size: 15px; color: inherit;'>\n<li style='margin-bottom: 5px;'><em>Administraci\u00f3n de usuarios y roles<\/em><\/li>\n<li style='margin-bottom: 5px;'><em>Administraci\u00f3n de recursos y \u00e1reas<\/em><\/li>\n<li style='margin-bottom: 5px;'><em>Administraci\u00f3n de alarmas<\/em><\/li>\n<li style='margin-bottom: 5px;'><em>Administraci\u00f3n y monitoreo de video<\/em><\/li>\n<li style='margin-bottom: 5px;'><em>Administraci\u00f3n de control de acceso e intercom<\/em><\/li>\n<li style='margin-bottom: 5px;'><em>Aministraci\u00f3n y monitoreo de vehiculos<\/em><\/li>\n<\/ul><\/div>\n<div style='flex: 1 1 300px; min-width: 280px;'> <img style='width: 100%; height: auto; border: 1px solid rgba(150&comma;150&comma;150&comma;0.3); border-radius: 8px;' src='https:\/\/ftp3.syscom.mx\/usuarios\/jesus.ramirez\/Hikvision\/Captura2%20%281%29.PNG' alt=''> <img style='width: 100%; height: auto; border: 1px solid rgba(150&comma;150&comma;150&comma;0.3); border-radius: 8px; margin-top: 15px;' src='https:\/\/ftp3.syscom.mx\/usuarios\/jesus.ramirez\/Hikvision\/Captura%20%281%29.PNG' alt=''> <\/div>\n<\/p><\/div>\n<div style='display: flex; flex-wrap: wrap; gap: 20px; margin-bottom: 30px;'>\n<div style='flex: 1 1 250px; border: 1px solid rgba(150&comma; 150&comma; 150&comma; 0.4); border-radius: 8px; overflow: hidden; display: flex; flex-direction: column;'>\n<div style='padding: 15px; border-bottom: 1px solid rgba(150&comma; 150&comma; 150&comma; 0.2); font-weight: bold; font-size: 18px; color: inherit;'>Caracter\u00edsticas Principales<\/div>\n<div style='padding: 15px; color: inherit;'>\n<ul style='padding-left: 20px; margin: 0; font-size: 14px; list-style-type: disc;'>\n<li style='margin-bottom: 5px;'>Se puede conectar con el controlador de acceso a trav\u00e9s de RS-485.<\/li>\n<li style='margin-bottom: 5px;'>Se conecta con el lector de tarjetas a trav\u00e9s de RS-485 o Wiegand.<\/li>\n<li style='margin-bottom: 5px;'>Soporta control de 2 puertas.<\/li>\n<li style='margin-bottom: 5px;'>2 Entradas de bot\u00f3n de salida<\/li>\n<li style='margin-bottom: 5px;'>2 Entradas para sensor de puerta<\/li>\n<li style='margin-bottom: 5px;'>4 Entradas auxiliares<\/li>\n<li style='margin-bottom: 5px;'>2 Salidas auxiliares<\/li>\n<\/ul><\/div>\n<\/p><\/div>\n<div style='flex: 1 1 250px; border: 1px solid rgba(150&comma; 150&comma; 150&comma; 0.4); border-radius: 8px; overflow: hidden; display: flex; flex-direction: column;'>\n<div style='padding: 15px; border-bottom: 1px solid rgba(150&comma; 150&comma; 150&comma; 0.2); font-weight: bold; font-size: 18px; color: inherit;'>Caracter\u00edsticas F\u00edsicas y El\u00e9ctricas<\/div>\n<div style='padding: 15px; color: inherit;'>\n<ul style='padding-left: 20px; margin: 0; font-size: 14px; list-style-type: disc;'>\n<li style='margin-bottom: 5px;'>Comunicaci\u00f3n RS-485 con panel de control<\/li>\n<li style='margin-bottom: 5px;'>Voltaje de operaci\u00f3n: 12VCD<\/li>\n<li style='margin-bottom: 5px;'>Temperatura de operaci\u00f3n: -10 \u00b0C to 55 \u00b0C<\/li>\n<\/ul><\/div>\n<\/p><\/div>\n<div style='flex: 1 1 250px; border: 1px solid rgba(150&comma; 150&comma; 150&comma; 0.4); border-radius: 8px; overflow: hidden; display: flex; flex-direction: column;'>\n<div style='padding: 15px; border-bottom: 1px solid rgba(150&comma; 150&comma; 150&comma; 0.2); font-weight: bold; font-size: 18px; color: inherit;'>Compatibilidad<\/div>\n<div style='padding: 15px; color: inherit;'>\n<ul style='padding-left: 20px; margin: 0; font-size: 14px; list-style-type: disc;'>\n<li style='margin-bottom: 5px;'>Compatible con el panel de control Hikvision de la serie DSK2700X<\/li>\n<li style='margin-bottom: 5px;'>M\u00e1ximo 62 m\u00f3dulos expansores por panel de control<\/li>\n<\/ul><\/div>\n<\/p><\/div>\n<\/p><\/div>\n<div style='display: flex; flex-wrap: wrap; gap: 20px; margin-bottom: 30px;'>\n<div style='flex: 1 1 100%; border: 1px solid rgba(150&comma; 150&comma; 150&comma; 0.4); border-radius: 8px; overflow: hidden; display: flex; flex-direction: column;'>\n<div style='padding: 15px; border-bottom: 1px solid rgba(150&comma; 150&comma; 150&comma; 0.2); font-weight: bold; font-size: 18px; color: inherit;'>Caracter\u00edsticas de la nueva serie DS-K27XX en panel de control<\/div>\n<div style='padding: 15px; color: inherit;'> <img style='width: 100%; height: auto; border: 1px solid rgba(150&comma;150&comma;150&comma;0.3); border-radius: 8px;' src='https:\/\/ftp3.syscom.mx\/usuarios\/jesus.ramirez\/Hikvision\/Hikvision.jpg' alt=''> <\/div>\n<\/p><\/div>\n<\/p><\/div>\n<\/p><\/div>\n","protected":false},"excerpt":{"rendered":"<p>Expansor de 2 Puertas para Paneles de Control de Acceso DS-K27 Series \/ Comunicaci\u00f3n RS-485 \/ 4 Entradas y 2 Salidas Auxiliares<\/p>\n","protected":false},"featured_media":21454,"comment_status":"open","ping_status":"closed","template":"","meta":[],"product_brand":[],"product_cat":[783],"product_tag":[785,54,784],"class_list":{"0":"post-21455","1":"product","2":"type-product","3":"status-publish","4":"has-post-thumbnail","6":"product_cat-controladores-de-acceso","7":"product_tag-controladores-de-acceso","8":"product_tag-hikvision","9":"product_tag-paneles-de-control-de-acceso","11":"first","12":"outofstock","13":"sale","14":"shipping-taxable","15":"purchasable","16":"product-type-simple"},"_links":{"self":[{"href":"https:\/\/soydeaqui.ddns.net\/pachuca\/index.php\/wp-json\/wp\/v2\/product\/21455","targetHints":{"allow":["GET"]}}],"collection":[{"href":"https:\/\/soydeaqui.ddns.net\/pachuca\/index.php\/wp-json\/wp\/v2\/product"}],"about":[{"href":"https:\/\/soydeaqui.ddns.net\/pachuca\/index.php\/wp-json\/wp\/v2\/types\/product"}],"replies":[{"embeddable":true,"href":"https:\/\/soydeaqui.ddns.net\/pachuca\/index.php\/wp-json\/wp\/v2\/comments?post=21455"}],"wp:featuredmedia":[{"embeddable":true,"href":"https:\/\/soydeaqui.ddns.net\/pachuca\/index.php\/wp-json\/wp\/v2\/media\/21454"}],"wp:attachment":[{"href":"https:\/\/soydeaqui.ddns.net\/pachuca\/index.php\/wp-json\/wp\/v2\/media?parent=21455"}],"wp:term":[{"taxonomy":"product_brand","embeddable":true,"href":"https:\/\/soydeaqui.ddns.net\/pachuca\/index.php\/wp-json\/wp\/v2\/product_brand?post=21455"},{"taxonomy":"product_cat","embeddable":true,"href":"https:\/\/soydeaqui.ddns.net\/pachuca\/index.php\/wp-json\/wp\/v2\/product_cat?post=21455"},{"taxonomy":"product_tag","embeddable":true,"href":"https:\/\/soydeaqui.ddns.net\/pachuca\/index.php\/wp-json\/wp\/v2\/product_tag?post=21455"}],"curies":[{"name":"wp","href":"https:\/\/api.w.org\/{rel}","templated":true}]}}