{"id":2145,"date":"2026-03-18T05:53:41","date_gmt":"2026-03-18T05:53:41","guid":{"rendered":"https:\/\/soydeaqui.ddns.net\/pachuca\/index.php\/producto\/zwave-termostato-controlador-de-clima-senal-ir-minisplit\/"},"modified":"2026-03-18T05:53:43","modified_gmt":"2026-03-18T05:53:43","slug":"zwave-termostato-controlador-de-clima-senal-ir-minisplit","status":"publish","type":"product","link":"https:\/\/soydeaqui.ddns.net\/pachuca\/index.php\/producto\/zwave-termostato-controlador-de-clima-senal-ir-minisplit\/","title":{"rendered":"(ZWAVE) Termostato controlador de clima se\u00f1al IR minisplit."},"content":{"rendered":"<div style='width: 100%; max-width: 1200px; margin: 0 auto; font-family: sans-serif; line-height: 1.6; color: inherit; background-color: transparent;'>\n<div style='margin-bottom: 30px; font-size: 15px; color: inherit;'>\n<p style='text-align: justify; margin-bottom: 15px;'>IR2900 es un termostato de la serie Z-Wave 800 que cumple con Z-Wave-a-IR para controlar el aire acondicionado tipo split recibiendo comandos Z-Wave y convirti\u00e9ndolos a comandos infrarrojos. Puede controlar diversas marcas y modelos de aire acondicionado tipo split a nivel mundial en combinaci\u00f3n con la base de datos de IR integrada y almacenada en la nube. Con una pantalla distintiva&comma; puedes leer intuitivamente la temperatura de la habitaci\u00f3n con botones de configuraci\u00f3n para tener una experiencia de control inteligente del hogar tranquila y sin preocupaciones.<\/p>\n<\/p><\/div>\n<div style='display: flex; flex-wrap: wrap; gap: 30px; margin-bottom: 30px;'>\n<div style='flex: 1 1 300px; min-width: 280px;'>\n<h3 style='font-size: 22px; border-bottom: 2px solid currentColor; padding-bottom: 5px; margin-top: 0; color: inherit; opacity: 0.8;'>Caracter\u00edsticas F\u00edsicas y El\u00e9ctricas<\/h3>\n<ul style='padding-left: 20px; font-size: 15px; color: inherit;'>\n<li style='margin-bottom: 5px;'><strong>Alimentaci\u00f3n:<\/strong> Bater\u00eda recargable\/5V USB Tipo-C<\/li>\n<li style='margin-bottom: 5px;'><strong>Tecnolog\u00eda:<\/strong> Z-Wave 800 series<\/li>\n<li style='margin-bottom: 5px;'><strong>Rango de temperatura:<\/strong> 0-99.9\u00b0C (32-211.82\u00b0F)<\/li>\n<li style='margin-bottom: 5px;'><strong>Rango de humedad:<\/strong> 0%-99%RH<\/li>\n<\/ul><\/div>\n<div style='flex: 1 1 300px; min-width: 280px;'>\n<h3 style='font-size: 22px; border-bottom: 2px solid currentColor; padding-bottom: 5px; margin-top: 0; color: inherit; opacity: 0.8;'>Caracter\u00edsticas F\u00edsicas y El\u00e9ctricas<\/h3>\n<ul style='padding-left: 20px; font-size: 15px; color: inherit;'>\n<li style='margin-bottom: 5px;'><strong>Ambiente de trabajo:<\/strong> -20~+60\u00b0C <99%RH (No-condensaci\u00f3n)<\/li>\n<li style='margin-bottom: 5px;'><strong>Dimensiones:<\/strong> 105*105*15.6 mm<\/li>\n<li style='margin-bottom: 5px;'><strong>Z-Wave Frecuencia:<\/strong> En Europa: 868.4 MHz&comma; otras regiones 908.4\/916.0 MHz&comma; 921.4 MHz<\/li>\n<li style='margin-bottom: 5px;'><strong>Material:<\/strong> PC+ABS<\/li>\n<li style='margin-bottom: 5px;'><strong>Instalaci\u00f3n:<\/strong> Colocaci\u00f3n en pared o sobre mesa<\/li>\n<\/ul><\/div>\n<div style='flex: 1 1 300px; min-width: 280px;'>\n<h3 style='font-size: 22px; border-bottom: 2px solid currentColor; padding-bottom: 5px; margin-top: 0; color: inherit; opacity: 0.8;'>Se integra con<\/h3>\n<ul style='padding-left: 20px; font-size: 15px; color: inherit;'>\n<li style='margin-bottom: 5px;'>Compatible con un controlador HUB de tecnolog\u00eda Zwave&comma; por mencionar un modelo HC8 (recomendable validar compatibilidad con otras marcas)<\/li>\n<li style='margin-bottom: 5px;'><strong>No es compatible con HUB redise\u00f1o o Honeywell<\/strong><\/li>\n<\/ul><\/div>\n<\/p><\/div>\n<div style='margin: 30px 0; text-align: center;'> <img style='width: 100%; height: auto; border: 1px solid rgba(150&comma;150&comma;150&comma;0.3); border-radius: 8px; max-width: 100%;' src='https:\/\/ftp3.syscom.mx\/usuarios\/mbarrio\/mcohome\/Diagrama%20Zwave%20IR.JPG' alt=''> <\/div>\n<\/p><\/div>\n","protected":false},"excerpt":{"rendered":"<p>(ZWAVE) Termostato controlador de clima se\u00f1al IR minisplit.<\/p>\n","protected":false},"featured_media":2144,"comment_status":"open","ping_status":"closed","template":"","meta":[],"product_brand":[],"product_cat":[407],"product_tag":[408,187,180],"class_list":{"0":"post-2145","1":"product","2":"type-product","3":"status-publish","4":"has-post-thumbnail","6":"product_cat-automatizacion-z-wave","7":"product_tag-automatizacion-z-wave","8":"product_tag-smarthome-by-epcom","9":"product_tag-total-connect-honeywell","11":"first","12":"instock","13":"sale","14":"shipping-taxable","15":"purchasable","16":"product-type-simple"},"_links":{"self":[{"href":"https:\/\/soydeaqui.ddns.net\/pachuca\/index.php\/wp-json\/wp\/v2\/product\/2145","targetHints":{"allow":["GET"]}}],"collection":[{"href":"https:\/\/soydeaqui.ddns.net\/pachuca\/index.php\/wp-json\/wp\/v2\/product"}],"about":[{"href":"https:\/\/soydeaqui.ddns.net\/pachuca\/index.php\/wp-json\/wp\/v2\/types\/product"}],"replies":[{"embeddable":true,"href":"https:\/\/soydeaqui.ddns.net\/pachuca\/index.php\/wp-json\/wp\/v2\/comments?post=2145"}],"wp:featuredmedia":[{"embeddable":true,"href":"https:\/\/soydeaqui.ddns.net\/pachuca\/index.php\/wp-json\/wp\/v2\/media\/2144"}],"wp:attachment":[{"href":"https:\/\/soydeaqui.ddns.net\/pachuca\/index.php\/wp-json\/wp\/v2\/media?parent=2145"}],"wp:term":[{"taxonomy":"product_brand","embeddable":true,"href":"https:\/\/soydeaqui.ddns.net\/pachuca\/index.php\/wp-json\/wp\/v2\/product_brand?post=2145"},{"taxonomy":"product_cat","embeddable":true,"href":"https:\/\/soydeaqui.ddns.net\/pachuca\/index.php\/wp-json\/wp\/v2\/product_cat?post=2145"},{"taxonomy":"product_tag","embeddable":true,"href":"https:\/\/soydeaqui.ddns.net\/pachuca\/index.php\/wp-json\/wp\/v2\/product_tag?post=2145"}],"curies":[{"name":"wp","href":"https:\/\/api.w.org\/{rel}","templated":true}]}}