{"id":21449,"date":"2026-03-18T10:38:58","date_gmt":"2026-03-18T10:38:58","guid":{"rendered":"https:\/\/soydeaqui.ddns.net\/pachuca\/index.php\/producto\/kit-de-cerradura-inteligente-incluye-teclado-y-control-remoto-soporta-huella-tarjeta-y-contrasena-teclado-metalico-ip65\/"},"modified":"2026-03-18T10:39:03","modified_gmt":"2026-03-18T10:39:03","slug":"kit-de-cerradura-inteligente-incluye-teclado-y-control-remoto-soporta-huella-tarjeta-y-contrasena-teclado-metalico-ip65","status":"publish","type":"product","link":"https:\/\/soydeaqui.ddns.net\/pachuca\/index.php\/producto\/kit-de-cerradura-inteligente-incluye-teclado-y-control-remoto-soporta-huella-tarjeta-y-contrasena-teclado-metalico-ip65\/","title":{"rendered":"Kit de Cerradura Inteligente \/ Incluye Teclado y Control Remoto \/ Soporta Huella, Tarjeta y Contrase\u00f1a \/ Teclado Met\u00e1lico IP65"},"content":{"rendered":"<div style='width: 100%; max-width: 1200px; margin: 0 auto; font-family: sans-serif; line-height: 1.6; color: inherit; background-color: transparent;'>\n<div style='display: flex; flex-wrap: wrap; gap: 30px; margin-bottom: 30px;'>\n<div style='flex: 1 1 300px; min-width: 280px;'>\n<h3 style='font-size: 22px; border-bottom: 2px solid currentColor; padding-bottom: 5px; margin-top: 0; color: inherit; opacity: 0.8;'>Caracter\u00edsticas<\/h3>\n<ul style='padding-left: 20px; font-size: 15px; color: inherit;'>\n<li style='margin-bottom: 5px;'>Comunicaci\u00f3n Inal\u00e1mbrica entre dispositivos.<\/li>\n<li style='margin-bottom: 5px;'>F\u00e1cil instalaci\u00f3n y operaci\u00f3n.<\/li>\n<li style='margin-bottom: 5px;'>Frecuencia de operaci\u00f3n 433 MHz.<\/li>\n<li style='margin-bottom: 5px;'><span style='text-decoration: underline;'><strong>Acepta 900 usuarios con Tarjeta \/ PIN<\/strong><\/span><\/li>\n<li style='margin-bottom: 5px;'><span style='text-decoration: underline;'><strong>Soporta 100 huellas<\/strong><\/span><\/li>\n<\/ul><\/div>\n<div style='flex: 1 1 300px; min-width: 280px;'>\n<h3 style='font-size: 22px; border-bottom: 2px solid currentColor; padding-bottom: 5px; margin-top: 0; color: inherit; opacity: 0.8;'>Caracter\u00edsticas F\u00edsicas<\/h3>\n<ul style='padding-left: 20px; font-size: 15px; color: inherit;'>\n<li style='margin-bottom: 5px;'>Alimentaci\u00f3n del teclado 3 bater\u00edas AAA (No incluidas)<\/li>\n<li style='margin-bottom: 5px;'>Alimentaci\u00f3n de la cerradura 3 bater\u00edas AA + 1 bater\u00eda CR2 (No incluidas)<\/li>\n<li style='margin-bottom: 5px;'>Alimentaci\u00f3n del control 1 bater\u00eda 2032 (No incluidas)<\/li>\n<\/ul><\/div>\n<div style='flex: 1 1 300px; min-width: 280px;'>\n<h3 style='font-size: 22px; border-bottom: 2px solid currentColor; padding-bottom: 5px; margin-top: 0; color: inherit; opacity: 0.8;'>Caracter\u00edsticas Destacadas<\/h3>\n<ul style='padding-left: 20px; font-size: 15px; color: inherit;'>\n<li style='margin-bottom: 5px;'>Soporta lectura de tarjetas de 125 kHz compatible con: <strong>ACCESSISOCARD<\/strong>&comma; <strong>ACCESSPROXCARD<\/strong>&comma; <strong>ACCESKFBPROX<\/strong>&comma; <strong>ACCESSWB65PROX<\/strong>&comma; <strong>ACCESSWB74PROX<\/strong>&comma; <strong>ATR11<\/strong><\/li>\n<li style='margin-bottom: 5px;'>Pines de 4 a 6 d\u00edgitos.<\/li>\n<li style='margin-bottom: 5px;'><span style='text-decoration: underline;'><strong>Distancia m\u00e1xima de comunicaci\u00f3n: 30 metros<\/strong><\/span><\/li>\n<li style='margin-bottom: 5px;'>Apertura por medio de Huella&comma; Tarjeta&comma; PIN&comma; Control Remoto y\/o Perilla interna.<\/li>\n<li style='margin-bottom: 5px;'><span style='text-decoration: underline;'><strong>No apertura con llave<\/strong><\/span><\/li>\n<\/ul><\/div>\n<\/p><\/div>\n<\/p><\/div>\n","protected":false},"excerpt":{"rendered":"<p>Kit de Cerradura Inteligente \/ Incluye Teclado y Control Remoto \/ Soporta Huella, Tarjeta y Contrase\u00f1a \/ Teclado Met\u00e1lico IP65<\/p>\n","protected":false},"featured_media":21448,"comment_status":"open","ping_status":"closed","template":"","meta":[],"product_brand":[],"product_cat":[86],"product_tag":[234,88,87],"class_list":{"0":"post-21449","1":"product","2":"type-product","3":"status-publish","4":"has-post-thumbnail","6":"product_cat-autonomas-inteligentes","7":"product_tag-accesspro","8":"product_tag-autonomas-inteligentes","9":"product_tag-cerraduras","11":"first","12":"instock","13":"sale","14":"shipping-taxable","15":"purchasable","16":"product-type-simple"},"_links":{"self":[{"href":"https:\/\/soydeaqui.ddns.net\/pachuca\/index.php\/wp-json\/wp\/v2\/product\/21449","targetHints":{"allow":["GET"]}}],"collection":[{"href":"https:\/\/soydeaqui.ddns.net\/pachuca\/index.php\/wp-json\/wp\/v2\/product"}],"about":[{"href":"https:\/\/soydeaqui.ddns.net\/pachuca\/index.php\/wp-json\/wp\/v2\/types\/product"}],"replies":[{"embeddable":true,"href":"https:\/\/soydeaqui.ddns.net\/pachuca\/index.php\/wp-json\/wp\/v2\/comments?post=21449"}],"wp:featuredmedia":[{"embeddable":true,"href":"https:\/\/soydeaqui.ddns.net\/pachuca\/index.php\/wp-json\/wp\/v2\/media\/21448"}],"wp:attachment":[{"href":"https:\/\/soydeaqui.ddns.net\/pachuca\/index.php\/wp-json\/wp\/v2\/media?parent=21449"}],"wp:term":[{"taxonomy":"product_brand","embeddable":true,"href":"https:\/\/soydeaqui.ddns.net\/pachuca\/index.php\/wp-json\/wp\/v2\/product_brand?post=21449"},{"taxonomy":"product_cat","embeddable":true,"href":"https:\/\/soydeaqui.ddns.net\/pachuca\/index.php\/wp-json\/wp\/v2\/product_cat?post=21449"},{"taxonomy":"product_tag","embeddable":true,"href":"https:\/\/soydeaqui.ddns.net\/pachuca\/index.php\/wp-json\/wp\/v2\/product_tag?post=21449"}],"curies":[{"name":"wp","href":"https:\/\/api.w.org\/{rel}","templated":true}]}}