{"id":21431,"date":"2026-03-18T10:38:38","date_gmt":"2026-03-18T10:38:38","guid":{"rendered":"https:\/\/soydeaqui.ddns.net\/pachuca\/index.php\/producto\/controlador-de-elevadores-ip-ec10-soporte-10-pisos-huellas-3000-tarjetas-30000-eventos-100000-tcp-ip-y-rs485-3-tarjetas-ex16-dimensiones-242x95x60-mm\/"},"modified":"2026-03-18T10:38:38","modified_gmt":"2026-03-18T10:38:38","slug":"controlador-de-elevadores-ip-ec10-soporte-10-pisos-huellas-3000-tarjetas-30000-eventos-100000-tcp-ip-y-rs485-3-tarjetas-ex16-dimensiones-242x95x60-mm","status":"publish","type":"product","link":"https:\/\/soydeaqui.ddns.net\/pachuca\/index.php\/producto\/controlador-de-elevadores-ip-ec10-soporte-10-pisos-huellas-3000-tarjetas-30000-eventos-100000-tcp-ip-y-rs485-3-tarjetas-ex16-dimensiones-242x95x60-mm\/","title":{"rendered":"CONTROLADOR DE ELEVADORES IP EC10 \/ SOPORTE 10 PISOS \/ HUELLAS 3000 \/ TARJETAS 30000 \/ EVENTOS 100000 \/ TCP-IP Y RS485 \/ 3 TARJETAS EX16 \/ DIMENSIONES 242X95X60 MM"},"content":{"rendered":"<div style='width: 100%; max-width: 1200px; margin: 0 auto; font-family: sans-serif; line-height: 1.6; color: inherit; background-color: transparent;'>\n<div style='margin-bottom: 30px;'>\n<p style='font-size: 18px; line-height: 1.6; margin: 0; color: inherit;'>El EC10 es un avanzado sistema de seguridad para elevadores que permite controlar el acceso a los pisos de un edificio&comma; ofreciendo la posibilidad de verificaci\u00f3n mediante huella digital&comma; tarjeta o contrase\u00f1a&comma; y restricci\u00f3n de acceso por fechas y horas espec\u00edficas. Adem\u00e1s&comma; es f\u00e1cilmente escalable mediante tarjetas de expansi\u00f3n EX16&comma; permitiendo un control total de hasta 58 pisos.<\/p>\n<\/p><\/div>\n<h2 style='font-size: 24px; font-weight: 600; margin-bottom: 20px; color: inherit;'>Especificaciones T\u00e9cnicas<\/h2>\n<div style='display: flex; flex-wrap: wrap; gap: 20px; margin-bottom: 30px;'>\n<div style='flex: 1 1 300px; min-width: 280px; border: 1px solid rgba(150&comma; 150&comma; 150&comma; 0.4); border-radius: 8px; overflow: hidden; display: flex; flex-direction: column;'>\n<div style='padding: 15px; border-bottom: 1px solid rgba(150&comma; 150&comma; 150&comma; 0.2); font-weight: bold; font-size: 18px; color: inherit;'>Caracter\u00edsticas Principales<\/div>\n<div style='padding: 15px; color: inherit;'>\n<ul style='padding-left: 20px; margin: 0; font-size: 14px; list-style-type: disc;'>\n<li style='margin-bottom: 5px;'>Controla hasta 10 pisos<\/li>\n<li style='margin-bottom: 5px;'>Capacidad para 3000 huellas digitales<\/li>\n<li style='margin-bottom: 5px;'>Capacidad para 30&comma;000 tarjetas<\/li>\n<li style='margin-bottom: 5px;'>Capacidad para 100&comma;000 eventos<\/li>\n<\/ul><\/div>\n<\/p><\/div>\n<div style='flex: 1 1 300px; min-width: 280px; border: 1px solid rgba(150&comma; 150&comma; 150&comma; 0.4); border-radius: 8px; overflow: hidden; display: flex; flex-direction: column;'>\n<div style='padding: 15px; border-bottom: 1px solid rgba(150&comma; 150&comma; 150&comma; 0.2); font-weight: bold; font-size: 18px; color: inherit;'>Funcionalidades<\/div>\n<div style='padding: 15px; color: inherit;'>\n<ul style='padding-left: 20px; margin: 0; font-size: 14px; list-style-type: disc;'>\n<li style='margin-bottom: 5px;'>Control de acceso mediante huella&comma; tarjeta o contrase\u00f1a<\/li>\n<li style='margin-bottom: 5px;'>Restricci\u00f3n por fechas y horarios<\/li>\n<li style='margin-bottom: 5px;'>Escalabilidad hasta 58 pisos con EX16<\/li>\n<\/ul><\/div>\n<\/p><\/div>\n<\/p><\/div>\n<h2 style='font-size: 24px; font-weight: 600; margin-bottom: 20px; color: inherit;'>Especificaciones Avanzadas<\/h2>\n<div style='display: flex; flex-wrap: wrap; gap: 20px; margin-bottom: 30px;'>\n<div style='flex: 1 1 300px; min-width: 280px; border: 1px solid rgba(150&comma; 150&comma; 150&comma; 0.4); border-radius: 8px; overflow: hidden; display: flex; flex-direction: column;'>\n<div style='padding: 15px; border-bottom: 1px solid rgba(150&comma; 150&comma; 150&comma; 0.2); font-weight: bold; font-size: 18px; color: inherit;'>Interfaces y Conectividad<\/div>\n<div style='padding: 15px; color: inherit;'>\n<ul style='padding-left: 20px; margin: 0; font-size: 14px; list-style-type: disc;'>\n<li style='margin-bottom: 5px;'>TCP\/IP<\/li>\n<li style='margin-bottom: 5px;'>RS485<\/li>\n<li style='margin-bottom: 5px;'>Comunicaci\u00f3n con EX16 v\u00eda RS485<\/li>\n<\/ul><\/div>\n<\/p><\/div>\n<div style='flex: 1 1 300px; min-width: 280px; border: 1px solid rgba(150&comma; 150&comma; 150&comma; 0.4); border-radius: 8px; overflow: hidden; display: flex; flex-direction: column;'>\n<div style='padding: 15px; border-bottom: 1px solid rgba(150&comma; 150&comma; 150&comma; 0.2); font-weight: bold; font-size: 18px; color: inherit;'>Requisitos y Compatibilidad<\/div>\n<div style='padding: 15px; color: inherit;'>\n<ul style='padding-left: 20px; margin: 0; font-size: 14px; list-style-type: disc;'>\n<li style='margin-bottom: 5px;'>Fuente de Alimentaci\u00f3n 12V DC&comma; 1A<\/li>\n<li style='margin-bottom: 5px;'>Soporta 3 tarjetas EX16<\/li>\n<li style='margin-bottom: 5px;'>Interfaz compatible con lectores RFID por Wiegand<\/li>\n<li style='margin-bottom: 5px;'>Software Licenciado ZKBiocvsecurity (modelo: ZKCV-ELE-ONLINE-S1 por cabina)<\/li>\n<\/ul><\/div>\n<\/p><\/div>\n<\/p><\/div>\n<h2 style='font-size: 24px; font-weight: 600; margin-bottom: 20px; color: inherit;'>Aplicaciones y Casos de Uso<\/h2>\n<div style='margin-bottom: 30px;'>\n<div style='display: flex; flex-wrap: wrap; gap: 20px;'>\n<div style='flex: 1 1 100%;'>\n<p style='font-size: 15px; margin: 0; color: inherit;'>El sistema EC10\/EX16 es ideal para la gesti\u00f3n de accesos en diversos entornos como elevadores&comma; lockers&comma; cajas de seguridad&comma; gabinetes&comma; y mini-bodegas&comma; promoviendo un control de acceso inteligente y seguro.<\/p>\n<\/p><\/div>\n<\/p><\/div>\n<\/p><\/div>\n<hr style='border: 0; border-top: 1px solid rgba(150&comma; 150&comma; 150&comma; 0.3); margin: 30px 0;'> <\/div>\n","protected":false},"excerpt":{"rendered":"<p>CONTROLADOR DE ELEVADORES IP EC10 \/ SOPORTE 10 PISOS \/ HUELLAS 3000 \/ TARJETAS 30000 \/ EVENTOS 100000 \/ TCP-IP Y RS485 \/ 3 TARJETAS EX16 \/ DIMENSIONES 242X95X60 MM<\/p>\n","protected":false},"featured_media":21430,"comment_status":"open","ping_status":"closed","template":"","meta":[],"product_brand":[],"product_cat":[783],"product_tag":[785,784,844],"class_list":{"0":"post-21431","1":"product","2":"type-product","3":"status-publish","4":"has-post-thumbnail","6":"product_cat-controladores-de-acceso","7":"product_tag-controladores-de-acceso","8":"product_tag-paneles-de-control-de-acceso","9":"product_tag-zkteco","11":"first","12":"instock","13":"sale","14":"shipping-taxable","15":"purchasable","16":"product-type-simple"},"_links":{"self":[{"href":"https:\/\/soydeaqui.ddns.net\/pachuca\/index.php\/wp-json\/wp\/v2\/product\/21431","targetHints":{"allow":["GET"]}}],"collection":[{"href":"https:\/\/soydeaqui.ddns.net\/pachuca\/index.php\/wp-json\/wp\/v2\/product"}],"about":[{"href":"https:\/\/soydeaqui.ddns.net\/pachuca\/index.php\/wp-json\/wp\/v2\/types\/product"}],"replies":[{"embeddable":true,"href":"https:\/\/soydeaqui.ddns.net\/pachuca\/index.php\/wp-json\/wp\/v2\/comments?post=21431"}],"wp:featuredmedia":[{"embeddable":true,"href":"https:\/\/soydeaqui.ddns.net\/pachuca\/index.php\/wp-json\/wp\/v2\/media\/21430"}],"wp:attachment":[{"href":"https:\/\/soydeaqui.ddns.net\/pachuca\/index.php\/wp-json\/wp\/v2\/media?parent=21431"}],"wp:term":[{"taxonomy":"product_brand","embeddable":true,"href":"https:\/\/soydeaqui.ddns.net\/pachuca\/index.php\/wp-json\/wp\/v2\/product_brand?post=21431"},{"taxonomy":"product_cat","embeddable":true,"href":"https:\/\/soydeaqui.ddns.net\/pachuca\/index.php\/wp-json\/wp\/v2\/product_cat?post=21431"},{"taxonomy":"product_tag","embeddable":true,"href":"https:\/\/soydeaqui.ddns.net\/pachuca\/index.php\/wp-json\/wp\/v2\/product_tag?post=21431"}],"curies":[{"name":"wp","href":"https:\/\/api.w.org\/{rel}","templated":true}]}}