{"id":2143,"date":"2026-03-18T05:53:40","date_gmt":"2026-03-18T05:53:40","guid":{"rendered":"https:\/\/soydeaqui.ddns.net\/pachuca\/index.php\/producto\/flx-a-dam-flipx-advanced-sensor-pir-doble-tecnologia-para-interior-grado-3\/"},"modified":"2026-03-18T05:53:41","modified_gmt":"2026-03-18T05:53:41","slug":"flx-a-dam-flipx-advanced-sensor-pir-doble-tecnologia-para-interior-grado-3","status":"publish","type":"product","link":"https:\/\/soydeaqui.ddns.net\/pachuca\/index.php\/producto\/flx-a-dam-flipx-advanced-sensor-pir-doble-tecnologia-para-interior-grado-3\/","title":{"rendered":"FLX-A-DAM FlipX Advanced sensor PIR doble tecnolog\u00eda para interior Grado 3"},"content":{"rendered":"<div style='width: 100%; max-width: 1200px; margin: 0 auto; font-family: sans-serif; line-height: 1.6; color: inherit; background-color: transparent;'> <!-- Descripci\u00f3n principal --> <\/p>\n<div style='margin-bottom: 30px;'>\n<p style='font-size: 18px; color: inherit; margin: 0 0 20px; text-align: justify;'>El FLX-A-DAM&comma; que forma parte de la serie FlipX Advanced&comma; es el nuevo sensor de interior Grado 3 de OPTEX&comma; con doble tecnolog\u00eda (PIR y microondas) y antienmascaramiento. Cuenta con la lente rotatoria de OPTEX para detecci\u00f3n amplia y estrecha en un solo sensor. Dise\u00f1ado para sitios de alta seguridad&comma; el FlipX Advanced tiene un rendimiento de captura muy alto y ajustes de sensibilidad avanzados para una mayor precisi\u00f3n y fiabilidad.<\/p>\n<\/p><\/div>\n<p> <!-- Secci\u00f3n con cards --> <\/p>\n<div style='display: flex; flex-wrap: wrap; gap: 30px; margin-bottom: 30px;'> <!-- Card 1 --> <\/p>\n<div style='flex: 1 1 300px; min-width: 280px;'>\n<h3 style='font-size: 22px; border-bottom: 2px solid currentColor; padding-bottom: 5px; margin-top: 0; color: inherit; opacity: 0.8;'>Rendimiento de detecci\u00f3n superior<\/h3>\n<ul style='padding-left: 20px; font-size: 15px; color: inherit;'>\n<li style='margin-bottom: 5px;'>Los modelos FlipX Advanced ofrecen el rendimiento de detecci\u00f3n m\u00e1s alto entre todos los sensores FlipX<\/li>\n<li style='margin-bottom: 5px;'>Ideal para sitios de alto riesgo con 80 zonas de detecci\u00f3n<\/li>\n<li style='margin-bottom: 5px;'>Rango de detecci\u00f3n hasta 24 metros<\/li>\n<li style='margin-bottom: 5px;'>Doble blindaje conductivo para bloquear ondas RFI y perturbaciones causadas por la luz<\/li>\n<li style='margin-bottom: 5px;'>Ajuste de &#8216;sensibilidad superalta&#8217; para mayor precisi\u00f3n<\/li>\n<li style='margin-bottom: 5px;'>Funci\u00f3n de detecci\u00f3n del \u00e1rea inmediata debajo del sensor<\/li>\n<\/ul><\/div>\n<p> <!-- Card 2 --> <\/p>\n<div style='flex: 1 1 300px; min-width: 280px;'>\n<h3 style='font-size: 22px; border-bottom: 2px solid currentColor; padding-bottom: 5px; margin-top: 0; color: inherit; opacity: 0.8;'>Doble tecnolog\u00eda<\/h3>\n<ul style='padding-left: 20px; font-size: 15px; color: inherit;'>\n<li style='margin-bottom: 5px;'>Sensor doble tecnolog\u00eda con detecci\u00f3n combinada PIR y microondas<\/li>\n<li style='margin-bottom: 5px;'>Alarma se activa solo cuando se detectan ambas tecnolog\u00edas<\/li>\n<li style='margin-bottom: 5px;'>Incluye m\u00f3dulo exclusivo <em>Tough MOD<\/em> para evitar corrosi\u00f3n por condensaci\u00f3n&comma; humedad y da\u00f1os por luz o temperatura<\/li>\n<\/ul>\n<div style='margin-top: 20px;'> <img style='width: 100%; height: auto; border: 1px solid rgba(150&comma;150&comma;150&comma;0.3); border-radius: 8px;' src='https:\/\/s3-eu-west-1.amazonaws.com\/optex-europe\/featured-images\/_750xAUTO_fit_center-center_none\/Tough-MOD-with-weather-resistence-icons.png' alt=''> <\/div>\n<\/p><\/div>\n<p> <!-- Card 3 --> <\/p>\n<div style='flex: 1 1 300px; min-width: 280px;'>\n<h3 style='font-size: 22px; border-bottom: 2px solid currentColor; padding-bottom: 5px; margin-top: 0; color: inherit; opacity: 0.8;'>Antienmascaramiento de infrarrojo activo<\/h3>\n<ul style='padding-left: 20px; font-size: 15px; color: inherit;'>\n<li style='margin-bottom: 5px;'>Funci\u00f3n antienmascaramiento de infrarrojos que genera se\u00f1al de alarma cuando el detector se enmascara<\/li>\n<li style='margin-bottom: 5px;'>Dos funciones de antienmascaramiento: una en la superficie de la lente y otra en el sensor microondas<\/li>\n<li style='margin-bottom: 5px;'>Dise\u00f1ado espec\u00edficamente para aplicaciones de alta seguridad<\/li>\n<\/ul>\n<div style='margin-top: 20px;'> <img style='width: 100%; height: auto; border: 1px solid rgba(150&comma;150&comma;150&comma;0.3); border-radius: 8px;' src='https:\/\/s3-eu-west-1.amazonaws.com\/optex-europe\/featured-images\/_750xAUTO_fit_center-center_none\/advanced-anti-masking-without-shadows.png' alt=''> <\/div>\n<\/p><\/div>\n<p> <!-- Card 4 --> <\/p>\n<div style='flex: 1 1 300px; min-width: 280px;'>\n<h3 style='font-size: 22px; border-bottom: 2px solid currentColor; padding-bottom: 5px; margin-top: 0; color: inherit; opacity: 0.8;'>Sensibilidad s\u00faper alta<\/h3>\n<ul style='padding-left: 20px; font-size: 15px; color: inherit;'>\n<li style='margin-bottom: 5px;'>Ajustes de sensibilidad avanzados (baja&comma; media&comma; alta y s\u00faper alta)<\/li>\n<li style='margin-bottom: 5px;'>Permite detecci\u00f3n incluso con m\u00ednima diferencia de temperatura entre cuerpo humano y entorno<\/li>\n<li style='margin-bottom: 5px;'>Ideal para lugares de alto riesgo donde se requiere m\u00e1xima precisi\u00f3n<\/li>\n<\/ul>\n<div style='margin-top: 20px;'> <img style='width: 100%; height: auto; border: 1px solid rgba(150&comma;150&comma;150&comma;0.3); border-radius: 8px;' src='https:\/\/s3-eu-west-1.amazonaws.com\/optex-europe\/featured-images\/intrusion-detection\/_750xAUTO_fit_center-center_none\/optex-flipX-advanced-sensitivity-settings.jpg' alt=''> <\/div>\n<\/p><\/div>\n<p> <!-- Card 5 --> <\/p>\n<div style='flex: 1 1 300px; min-width: 280px;'>\n<h3 style='font-size: 22px; border-bottom: 2px solid currentColor; padding-bottom: 5px; margin-top: 0; color: inherit; opacity: 0.8;'>F\u00e1cil de instalar<\/h3>\n<ul style='padding-left: 20px; font-size: 15px; color: inherit;'>\n<li style='margin-bottom: 5px;'>Indicador LED multicolor f\u00e1cilmente visible<\/li>\n<li style='margin-bottom: 5px;'>Bloqueo de cubierta de 180 grados que se puede quitar en segundos<\/li>\n<li style='margin-bottom: 5px;'>Bloque de terminales extra\u00edble para cableado f\u00e1cil y r\u00e1pido<\/li>\n<li style='margin-bottom: 5px;'>Resistencia de fin de l\u00ednea plugin para instalaci\u00f3n sencilla<\/li>\n<\/ul>\n<div style='margin-top: 20px;'> <img style='width: 100%; height: auto; border: 1px solid rgba(150&comma;150&comma;150&comma;0.3); border-radius: 8px;' src='https:\/\/s3-eu-west-1.amazonaws.com\/optex-europe\/featured-images\/_750xAUTO_fit_center-center_none\/advanced-easy-installation-square.png' alt=''> <\/div>\n<\/p><\/div>\n<p> <!-- Card 6 --> <\/p>\n<div style='flex: 1 1 300px; min-width: 280px;'>\n<h3 style='font-size: 22px; border-bottom: 2px solid currentColor; padding-bottom: 5px; margin-top: 0; color: inherit; opacity: 0.8;'>Instalaci\u00f3n flexible<\/h3>\n<ul style='padding-left: 20px; font-size: 15px; color: inherit;'>\n<li style='margin-bottom: 5px;'>Instalaci\u00f3n flexible hasta 3 metros de altura<\/li>\n<li style='margin-bottom: 5px;'>Dise\u00f1ado para adaptarse a diversas configuraciones de instalaci\u00f3n<\/li>\n<\/ul><\/div>\n<\/p><\/div>\n<p> <!-- Secci\u00f3n de especificaciones --> <\/p>\n<div style='display: flex; flex-wrap: wrap; gap: 20px; margin-bottom: 30px;'>\n<div style='flex: 1 1 250px; border: 1px solid rgba(150&comma; 150&comma; 150&comma; 0.4); border-radius: 8px; overflow: hidden; display: flex; flex-direction: column;'>\n<div style='padding: 15px; border-bottom: 1px solid rgba(150&comma; 150&comma; 150&comma; 0.2); font-weight: bold; font-size: 18px; color: inherit;'>Caracter\u00edsticas principales<\/div>\n<div style='padding: 15px; color: inherit;'>\n<ul style='padding-left: 20px; margin: 0; font-size: 14px; list-style-type: disc;'>\n<li style='margin-bottom: 5px;'>Sensor PIR de doble elemento<\/li>\n<li style='margin-bottom: 5px;'>Detecci\u00f3n por microondas<\/li>\n<li style='margin-bottom: 5px;'>Grado 3 seg\u00fan EN50131<\/li>\n<li style='margin-bottom: 5px;'>80 zonas de detecci\u00f3n<\/li>\n<li style='margin-bottom: 5px;'>Rango de detecci\u00f3n hasta 24 metros<\/li>\n<li style='margin-bottom: 5px;'>Doble blindaje conductivo<\/li>\n<li style='margin-bottom: 5px;'>Instalaci\u00f3n hasta 3 metros<\/li>\n<\/ul><\/div>\n<\/p><\/div>\n<div style='flex: 1 1 250px; border: 1px solid rgba(150&comma; 150&comma; 150&comma; 0.4); border-radius: 8px; overflow: hidden; display: flex; flex-direction: column;'>\n<div style='padding: 15px; border-bottom: 1px solid rgba(150&comma; 150&comma; 150&comma; 0.2); font-weight: bold; font-size: 18px; color: inherit;'>Caracter\u00edsticas t\u00e9cnicas<\/div>\n<div style='padding: 15px; color: inherit;'>\n<ul style='padding-left: 20px; margin: 0; font-size: 14px; list-style-type: disc;'>\n<li style='margin-bottom: 5px;'>Alimentaci\u00f3n: 9-16 VDC<\/li>\n<li style='margin-bottom: 5px;'>Consumo: 22 mA (t\u00edpico)<\/li>\n<li style='margin-bottom: 5px;'>Contacto de alarma: Rel\u00e9 SPDT<\/li>\n<li style='margin-bottom: 5px;'>Contacto de fallo: Rel\u00e9 SPDT<\/li>\n<li style='margin-bottom: 5px;'>Temperatura de funcionamiento: -10\u00b0C a +55\u00b0C<\/li>\n<li style='margin-bottom: 5px;'>Grado de protecci\u00f3n: IP54<\/li>\n<li style='margin-bottom: 5px;'>Dimensiones: 130 x 58 x 44 mm<\/li>\n<li style='margin-bottom: 5px;'>Peso: 120 g<\/li>\n<\/ul><\/div>\n<\/p><\/div>\n<\/p><\/div>\n<p> <!-- Separador final --> <\/p>\n<hr style='border: 0; border-top: 1px solid rgba(150&comma; 150&comma; 150&comma; 0.3); margin: 30px 0;'> <\/div>\n","protected":false},"excerpt":{"rendered":"<p>FLX-A-DAM FlipX Advanced sensor PIR doble tecnolog\u00eda para interior Grado 3<\/p>\n","protected":false},"featured_media":2142,"comment_status":"open","ping_status":"closed","template":"","meta":[],"product_brand":[],"product_cat":[226],"product_tag":[106,104,227],"class_list":{"0":"post-2143","1":"product","2":"type-product","3":"status-publish","4":"has-post-thumbnail","6":"product_cat-sensores-de-movimiento-para-exterior","7":"product_tag-optex","8":"product_tag-proteccion-perimetral","9":"product_tag-sensores-de-movimiento-para-exterior","11":"first","12":"outofstock","13":"sale","14":"shipping-taxable","15":"purchasable","16":"product-type-simple"},"_links":{"self":[{"href":"https:\/\/soydeaqui.ddns.net\/pachuca\/index.php\/wp-json\/wp\/v2\/product\/2143","targetHints":{"allow":["GET"]}}],"collection":[{"href":"https:\/\/soydeaqui.ddns.net\/pachuca\/index.php\/wp-json\/wp\/v2\/product"}],"about":[{"href":"https:\/\/soydeaqui.ddns.net\/pachuca\/index.php\/wp-json\/wp\/v2\/types\/product"}],"replies":[{"embeddable":true,"href":"https:\/\/soydeaqui.ddns.net\/pachuca\/index.php\/wp-json\/wp\/v2\/comments?post=2143"}],"wp:featuredmedia":[{"embeddable":true,"href":"https:\/\/soydeaqui.ddns.net\/pachuca\/index.php\/wp-json\/wp\/v2\/media\/2142"}],"wp:attachment":[{"href":"https:\/\/soydeaqui.ddns.net\/pachuca\/index.php\/wp-json\/wp\/v2\/media?parent=2143"}],"wp:term":[{"taxonomy":"product_brand","embeddable":true,"href":"https:\/\/soydeaqui.ddns.net\/pachuca\/index.php\/wp-json\/wp\/v2\/product_brand?post=2143"},{"taxonomy":"product_cat","embeddable":true,"href":"https:\/\/soydeaqui.ddns.net\/pachuca\/index.php\/wp-json\/wp\/v2\/product_cat?post=2143"},{"taxonomy":"product_tag","embeddable":true,"href":"https:\/\/soydeaqui.ddns.net\/pachuca\/index.php\/wp-json\/wp\/v2\/product_tag?post=2143"}],"curies":[{"name":"wp","href":"https:\/\/api.w.org\/{rel}","templated":true}]}}