{"id":21411,"date":"2026-03-18T10:38:17","date_gmt":"2026-03-18T10:38:17","guid":{"rendered":"https:\/\/soydeaqui.ddns.net\/pachuca\/index.php\/producto\/puerta-de-garage-de-alta-calidad-linea-central-color-blanco-8x9-pies-aislada-estilo-americana\/"},"modified":"2026-03-18T10:38:17","modified_gmt":"2026-03-18T10:38:17","slug":"puerta-de-garage-de-alta-calidad-linea-central-color-blanco-8x9-pies-aislada-estilo-americana","status":"publish","type":"product","link":"https:\/\/soydeaqui.ddns.net\/pachuca\/index.php\/producto\/puerta-de-garage-de-alta-calidad-linea-central-color-blanco-8x9-pies-aislada-estilo-americana\/","title":{"rendered":"Puerta de Garage de Alta Calidad \/ Linea Central \/ Color Blanco 8X9 pies,  AISLADA, Estilo Americana."},"content":{"rendered":"<div style='width: 100%; max-width: 1200px; margin: 0 auto; font-family: sans-serif; line-height: 1.6; color: inherit; background-color: transparent;'>\n<div style='text-align: center; margin-bottom: 30px;'>\n<h2 style='font-size: 28px; margin-top: 0; color: inherit; opacity: 0.9;'>Puerta Residencial de la serie GARAGE<\/h2>\n<\/p><\/div>\n<div style='margin-bottom: 30px;'>\n<p style='font-size: 15px; color: inherit; opacity: 0.85; text-align: justify;'> Las puertas de garaje tipo americanas representan una fusi\u00f3n perfecta de estilo&comma; seguridad y funcionalidad. Su dise\u00f1o atemporal y su construcci\u00f3n robusta las convierten en una inversi\u00f3n valiosa para cualquier hogar&comma; proporcionando tanto protecci\u00f3n como un toque de distinci\u00f3n. <\/p>\n<\/p><\/div>\n<p> <!-- Secci\u00f3n de caracter\u00edsticas --> <\/p>\n<div style='display: flex; flex-wrap: wrap; gap: 20px; margin-bottom: 30px;'>\n<div style='flex: 1 1 300px; min-width: 280px;'>\n<div style='border: 1px solid rgba(150&comma; 150&comma; 150&comma; 0.4); border-left: 5px solid #0091ff; border-radius: 8px; padding: 15px; box-shadow: 0 2px 8px rgba(0&comma; 0&comma; 0&comma; 0.05); background-color: rgba(255&comma; 255&comma; 255&comma; 0.02);'>\n<h3 style='font-size: 18px; margin-top: 0; margin-bottom: 15px; color: inherit; font-weight: bold;'>Caracter\u00edsticas principales:<\/h3>\n<ul style='padding-left: 20px; font-size: 14px; color: inherit; list-style-type: disc;'>\n<li style='margin-bottom: 8px;'>Las puertas de garage tipo americanas ofrecen una combinaci\u00f3n de gran belleza&comma; resistencia y eficiencia t\u00e9rmica.<\/li>\n<li style='margin-bottom: 8px;'>Rodamientos y herrajes de gran calidad&comma; para una operaci\u00f3n silenciosa y eficaz.<\/li>\n<li style='margin-bottom: 8px;'>Eficiencia t\u00e9rmica&comma; lo mejor en este tipo de puertas.<\/li>\n<\/ul><\/div>\n<\/p><\/div>\n<div style='flex: 1 1 300px; min-width: 280px;'>\n<div style='border: 1px solid rgba(150&comma; 150&comma; 150&comma; 0.4); border-left: 5px solid #0091ff; border-radius: 8px; padding: 15px; box-shadow: 0 2px 8px rgba(0&comma; 0&comma; 0&comma; 0.05); background-color: rgba(255&comma; 255&comma; 255&comma; 0.02);'>\n<h3 style='font-size: 18px; margin-top: 0; margin-bottom: 15px; color: inherit; font-weight: bold;'>Caracter\u00edsticas F\u00edsicas y El\u00e9ctricas:<\/h3>\n<p style='font-size: 14px; color: inherit; margin: 0;'> Las puertas de cochera o puertas para garage ascendentes <span style='color: #3598db; font-weight: bold;'>AccessPro<\/span> son de la m\u00e1s alta calidad. El panel de las puertas autom\u00e1ticas se fabrica en l\u00e1mina calibre 26&comma; con relleno poliuretano de alta densidad de 43 mm para brindar mayor rigidez y un aislamiento t\u00e9rmico y ac\u00fastico m\u00e1s eficiente. <\/p>\n<\/p><\/div>\n<\/p><\/div>\n<div style='flex: 1 1 300px; min-width: 280px;'>\n<div style='border: 1px solid rgba(150&comma; 150&comma; 150&comma; 0.4); border-left: 5px solid #0091ff; border-radius: 8px; padding: 15px; box-shadow: 0 2px 8px rgba(0&comma; 0&comma; 0&comma; 0.05); background-color: rgba(255&comma; 255&comma; 255&comma; 0.02);'>\n<h3 style='font-size: 18px; margin-top: 0; margin-bottom: 15px; color: inherit; font-weight: bold;'>Caracter\u00edsticas Destacadas:<\/h3>\n<p style='font-size: 14px; color: inherit; margin: 0;'> Puerta residencial rellena con 43mm de poliuretano inyectado con una densidad de <strong style='color: inherit;'>45 kgs\/cbm.<\/strong> <\/p>\n<\/p><\/div>\n<\/p><\/div>\n<\/p><\/div>\n<p> <!-- Imagen principal --> <\/p>\n<div style='margin-bottom: 30px;'> <img style='width: 100%; height: auto; border: 1px solid rgba(150&comma;150&comma;150&comma;0.3); border-radius: 8px;' src='https:\/\/ftp3.syscom.mx\/usuarios\/mario.rodriguez\/PUERTADEGARAJE\/LR\/MADERA\/ImagenPuertasGarage.png' alt='Puerta de Garage'> <\/div>\n<p> <!-- Descripci\u00f3n adicional --> <\/p>\n<div style='margin-bottom: 30px;'>\n<p style='font-size: 15px; color: inherit; opacity: 0.85; text-align: justify;'> Las puertas de garage estilo americano se destacan por su combinaci\u00f3n de elegancia&comma; funcionalidad y durabilidad&comma; convirti\u00e9ndose en una elecci\u00f3n popular para hogares que buscan tanto est\u00e9tica como seguridad. T\u00edpicamente est\u00e1n dise\u00f1adas con un enfoque en el estilo cl\u00e1sico&comma; presentan l\u00edneas limpias y acabados de alta calidad que complementan una amplia variedad de arquitecturas residenciales. <\/p>\n<\/p><\/div>\n<div style='margin-bottom: 30px;'>\n<p style='font-size: 15px; color: inherit; opacity: 0.85; text-align: justify;'> Evite que su garage enfr\u00ede su casa&comma; al colocar una puerta aislada mantendr\u00e1 a temperatura c\u00e1lida a los cuartos aleda\u00f1os&comma; esto le ayudar\u00e1 a ahorrar en el consumo de energ\u00eda. <\/p>\n<\/p><\/div>\n<hr style='border: 0; border-top: 1px solid rgba(150&comma; 150&comma; 150&comma; 0.3); margin: 30px 0;'> <!-- Secci\u00f3n de cotizaci\u00f3n --> <\/p>\n<div style='margin-bottom: 30px;'>\n<h2 style='font-size: 22px; text-align: center; margin-bottom: 20px; color: inherit; opacity: 0.9;'>\u00bfQu\u00e9 requiero cotizar para una instalaci\u00f3n?<\/h2>\n<ul style='padding-left: 20px; font-size: 14px; color: inherit;'>\n<li style='margin-bottom: 8px;'>1 x <a href='https:\/\/www.syscom.mx\/producto\/GARAGE-89-ACCESSPRO-225112.html' style='color: #3598db; text-decoration: none; font-weight: bold;'>GARAGE89<\/a> (Puerta de Garage 8&#215;9)<\/li>\n<li style='margin-bottom: 8px;'>1 x Motor puerta de garage (<a href='https:\/\/www.syscom.mx\/producto\/FS1000APP-RT-ACCESSPRO-220404.html' style='color: #3598db; text-decoration: none; font-weight: bold;'>FS1000APPRT<\/a> \/ <a href='https:\/\/www.syscom.mx\/producto\/ACCESSFORCE-ACCESSPRO-176436.html' style='color: #3598db; text-decoration: none; font-weight: bold;'>ACCESSFORCE<\/a>)<\/li>\n<\/ul>\n<p style='font-size: 14px; color: inherit; margin-top: 15px;'> Nota: Es necesario colocar una extensi\u00f3n de riel dependiendo el motor a utilizar. <\/p>\n<\/p><\/div>\n<hr style='border: 0; border-top: 1px solid rgba(150&comma; 150&comma; 150&comma; 0.3); margin: 30px 0;'> <!-- Secci\u00f3n de accesorios --> <\/p>\n<div style='margin-bottom: 30px;'>\n<h2 style='font-size: 22px; text-align: center; margin-bottom: 20px; color: inherit; opacity: 0.9;'>\u00bfQu\u00e9 accesorios puedo agregar a mi instalaci\u00f3n?<\/h2>\n<ul style='padding-left: 20px; font-size: 14px; color: inherit;'>\n<li style='margin-bottom: 8px;'>1 x Fotocelda ( <a href='https:\/\/www.syscom.mx\/producto\/ACCESSPC01-ACCESSPRO-176545.html' style='color: #3598db; text-decoration: none; font-weight: bold;'>ACCESSPC01<\/a> )<\/li>\n<li style='margin-bottom: 8px;'>1 x Dispositivo WIFI ( <a href='https:\/\/www.syscom.mx\/producto\/ACCESSWIFI-ACCESSPRO-211041.html' style='color: #3598db; text-decoration: none; font-weight: bold;'>ACCESSWIFI<\/a> )<\/li>\n<li style='margin-bottom: 8px;'>1 x Receptor inal\u00e1mbrico ( <a href='https:\/\/www.syscom.mx\/producto\/PROR400-ACCESSPRO-67300.html' style='color: #3598db; text-decoration: none; font-weight: bold;'>PROR400<\/a> \/ <a href='https:\/\/www.syscom.mx\/producto\/ESIM320IP-ELDES-136647.html' style='color: #3598db; text-decoration: none; font-weight: bold;'>ESIM320IP<\/a> )<\/li>\n<li style='margin-bottom: 8px;'>1 x Frente de calle ( <a href='https:\/\/www.syscom.mx\/producto\/DS-KV8113-WME1(C)-HIKVISION-210631.html' style='color: #3598db; text-decoration: none; font-weight: bold;'>DSKV8113WME1(C)<\/a> \/ <a href='https:\/\/www.syscom.mx\/producto\/DS-KV6113-WPE1(C)-HIKVISION-209203.html' style='color: #3598db; text-decoration: none; font-weight: bold;'>DSKV6113WPE1(C)<\/a> )<\/li>\n<li style='margin-bottom: 8px;'>1 x Botones inal\u00e1mbricos ( <a href='https:\/\/www.syscom.mx\/producto\/ACCESSVR01-ACCESSPRO-176538.html' style='color: #3598db; text-decoration: none; font-weight: bold;'>ACCESSVR01<\/a> \/ <a href='https:\/\/www.syscom.mx\/producto\/ACCESSWS01-ACCESSPRO-176540.html' style='color: #3598db; text-decoration: none; font-weight: bold;'>ACCESSWS01<\/a> )<\/li>\n<\/ul><\/div>\n<hr style='border: 0; border-top: 1px solid rgba(150&comma; 150&comma; 150&comma; 0.3); margin: 30px 0;'> <!-- Informaci\u00f3n de medidas --> <\/p>\n<div style='margin-bottom: 30px; text-align: center;'>\n<p style='font-size: 15px; color: inherit; margin-bottom: 15px;'> <a href='https:\/\/www.syscom.mx\/panel\/calculador_cochera' style='color: #e74c3c; text-decoration: none; font-weight: bold;'>\u00bfC\u00f3mo s\u00e9 cu\u00e1l medida de puerta es la que necesito?<\/a> <\/p>\n<p style='font-size: 14px; color: inherit; opacity: 0.85; margin-bottom: 25px;'> La puerta GARAGE89 se compone de 5 secciones de 21.5&#8242;. <\/p>\n<\/p><\/div>\n<p> <!-- Im\u00e1genes adicionales --> <\/p>\n<div style='display: flex; flex-wrap: wrap; gap: 20px; margin-bottom: 30px;'>\n<div style='flex: 1 1 300px; min-width: 280px;'> <img style='width: 100%; height: auto; border: 1px solid rgba(150&comma;150&comma;150&comma;0.3); border-radius: 8px;' src='https:\/\/ftp3.syscom.mx\/usuarios\/mario.rodriguez\/PUERTADEGARAJE\/LR\/Captura1.png' alt='Detalle de bisagras'> <\/div>\n<div style='flex: 1 1 300px; min-width: 280px;'> <img style='width: 100%; height: auto; border: 1px solid rgba(150&comma;150&comma;150&comma;0.3); border-radius: 8px;' src='https:\/\/ftp3.syscom.mx\/usuarios\/mario.rodriguez\/PUERTADEGARAJE\/LR\/Medidas%20de%20puertas.png' alt='Medidas de puertas'> <\/div>\n<div style='flex: 1 1 300px; min-width: 280px;'> <img style='width: 100%; height: auto; border: 1px solid rgba(150&comma;150&comma;150&comma;0.3); border-radius: 8px;' src='https:\/\/ftp3.syscom.mx\/usuarios\/mario.rodriguez\/PUERTADEGARAJE\/LR\/Puerta1.PNG' alt='Instalaci\u00f3n'> <\/div>\n<\/p><\/div>\n<hr style='border: 0; border-top: 1px solid rgba(150&comma; 150&comma; 150&comma; 0.3); margin: 30px 0;'> <!-- Detalle de ensamble --> <\/p>\n<div style='margin-bottom: 30px; text-align: center;'>\n<p style='font-size: 14px; color: inherit; margin-bottom: 15px;'> Ensamble de las bisagras con secciones tipo sandwich. <\/p>\n<p> <img style='width: 100%; max-width: 600px; height: auto; border: 1px solid rgba(150&comma;150&comma;150&comma;0.3); border-radius: 8px; margin: 0 auto; display: block;' src='https:\/\/ftp3.syscom.mx\/usuarios\/mario.rodriguez\/PUERTADEGARAJE\/LR\/CUADROS\/Puerta.PNG' alt='Detalle de ensamble'> <\/div>\n<hr style='border: 0; border-top: 1px solid rgba(150&comma; 150&comma; 150&comma; 0.3); margin: 30px 0;'> <!-- Nota importante --> <\/p>\n<div style='margin-bottom: 30px; text-align: center;'>\n<p style='font-size: 14px; color: #e74c3c; font-weight: bold; margin: 0;'> **El kit de puerta autom\u00e1tica no incluye el motor** <\/p>\n<\/p><\/div>\n<p> <!-- Im\u00e1genes finales --> <\/p>\n<div style='display: flex; flex-wrap: wrap; gap: 20px; margin-bottom: 30px;'>\n<div style='flex: 1 1 300px; min-width: 280px;'> <img style='width: 100%; height: auto; border: 1px solid rgba(150&comma;150&comma;150&comma;0.3); border-radius: 8px;' src='https:\/\/ftp3.syscom.mx\/usuarios\/mario.rodriguez\/PUERTADEGARAJE\/LR\/Captura13.PNG' alt='Detalle de instalaci\u00f3n'> <\/div>\n<div style='flex: 1 1 300px; min-width: 280px;'> <img style='width: 100%; height: auto; border: 1px solid rgba(150&comma;150&comma;150&comma;0.3); border-radius: 8px;' src='https:\/\/ftp3.syscom.mx\/usuarios\/mario.rodriguez\/PUERTADEGARAJE\/LR\/Puerta2.PNG' alt='Instalaci\u00f3n completa'> <\/div>\n<\/p><\/div>\n<\/p><\/div>\n","protected":false},"excerpt":{"rendered":"<p>Puerta de Garage de Alta Calidad \/ Linea Central \/ Color Blanco 8X9 pies,  AISLADA, Estilo Americana.<\/p>\n","protected":false},"featured_media":21410,"comment_status":"open","ping_status":"closed","template":"","meta":[],"product_brand":[],"product_cat":[400],"product_tag":[401,234,402],"class_list":{"0":"post-21411","1":"product","2":"type-product","3":"status-publish","4":"has-post-thumbnail","6":"product_cat-puertas-de-garage","7":"product_tag-acceso-vehicular","8":"product_tag-accesspro","9":"product_tag-puertas-de-garage","11":"first","12":"outofstock","13":"sale","14":"shipping-taxable","15":"purchasable","16":"product-type-simple"},"_links":{"self":[{"href":"https:\/\/soydeaqui.ddns.net\/pachuca\/index.php\/wp-json\/wp\/v2\/product\/21411","targetHints":{"allow":["GET"]}}],"collection":[{"href":"https:\/\/soydeaqui.ddns.net\/pachuca\/index.php\/wp-json\/wp\/v2\/product"}],"about":[{"href":"https:\/\/soydeaqui.ddns.net\/pachuca\/index.php\/wp-json\/wp\/v2\/types\/product"}],"replies":[{"embeddable":true,"href":"https:\/\/soydeaqui.ddns.net\/pachuca\/index.php\/wp-json\/wp\/v2\/comments?post=21411"}],"wp:featuredmedia":[{"embeddable":true,"href":"https:\/\/soydeaqui.ddns.net\/pachuca\/index.php\/wp-json\/wp\/v2\/media\/21410"}],"wp:attachment":[{"href":"https:\/\/soydeaqui.ddns.net\/pachuca\/index.php\/wp-json\/wp\/v2\/media?parent=21411"}],"wp:term":[{"taxonomy":"product_brand","embeddable":true,"href":"https:\/\/soydeaqui.ddns.net\/pachuca\/index.php\/wp-json\/wp\/v2\/product_brand?post=21411"},{"taxonomy":"product_cat","embeddable":true,"href":"https:\/\/soydeaqui.ddns.net\/pachuca\/index.php\/wp-json\/wp\/v2\/product_cat?post=21411"},{"taxonomy":"product_tag","embeddable":true,"href":"https:\/\/soydeaqui.ddns.net\/pachuca\/index.php\/wp-json\/wp\/v2\/product_tag?post=21411"}],"curies":[{"name":"wp","href":"https:\/\/api.w.org\/{rel}","templated":true}]}}