{"id":2141,"date":"2026-03-18T05:53:39","date_gmt":"2026-03-18T05:53:39","guid":{"rendered":"https:\/\/soydeaqui.ddns.net\/pachuca\/index.php\/producto\/zwave-ir-termostato-fan-coil-controlador-de-clima\/"},"modified":"2026-03-18T05:53:39","modified_gmt":"2026-03-18T05:53:39","slug":"zwave-ir-termostato-fan-coil-controlador-de-clima","status":"publish","type":"product","link":"https:\/\/soydeaqui.ddns.net\/pachuca\/index.php\/producto\/zwave-ir-termostato-fan-coil-controlador-de-clima\/","title":{"rendered":"ZWAVE IR TERMOSTATO FAN COIL CONTROLADOR DE CLIMA"},"content":{"rendered":"<div style='width: 100%; max-width: 1200px; margin: 0 auto; font-family: sans-serif; line-height: 1.6; color: inherit; background-color: transparent;'>\n<div style='display: flex; flex-wrap: wrap; gap: 30px; margin-bottom: 30px;'>\n<div style='flex: 1 1 300px; min-width: 280px;'>\n<h3 style='font-size: 22px; border-bottom: 2px solid currentColor; padding-bottom: 5px; margin-top: 0; color: inherit; opacity: 0.8;'>Descripci\u00f3n<\/h3>\n<p style='margin-top: 0; text-align: justify; font-size: 15px; color: inherit;'>El termostato MH5 es un dispositivo habilitado con Z-Wave (serie 700) para el control de temperatura interior.<\/p>\n<p style='text-align: justify; font-size: 15px; color: inherit;'>Con sistemas de control en serie para fan coil (2 tubos o 4 tubos)&comma; calefacci\u00f3n agua\/electricidad&comma; caldera&comma; aire acondicionado radiante&comma; ventilaci\u00f3n de aire fresco.<\/p>\n<p style='text-align: justify; font-size: 15px; color: inherit;'>Puede leer la temperatura ambiente y la hora local&comma; y controlar autom\u00e1ticamente la velocidad del ventilador en funci\u00f3n de la diferencia de temperatura. El dispositivo es muy confiable y pr\u00e1ctico. Este producto se puede incluir y operar en cualquier red Z-Wave con otros dispositivos certificados Z-Wave de cualquier otro fabricante.<\/p>\n<\/p><\/div>\n<\/p><\/div>\n<div style='display: flex; flex-wrap: wrap; gap: 20px; margin-bottom: 30px;'>\n<div style='flex: 1 1 250px; border: 1px solid rgba(150&comma; 150&comma; 150&comma; 0.4); border-radius: 8px; overflow: hidden; display: flex; flex-direction: column;'>\n<div style='padding: 15px; border-bottom: 1px solid rgba(150&comma; 150&comma; 150&comma; 0.2); font-weight: bold; font-size: 18px; color: inherit;'>Caracter\u00edsticas<\/div>\n<div style='padding: 15px; color: inherit;'>\n<ul style='padding-left: 20px; margin: 0; font-size: 14px; list-style-type: disc; color: inherit;'>\n<li style='margin-bottom: 5px; color: inherit;'>Botones t\u00e1ctiles capacitivos<\/li>\n<li style='margin-bottom: 5px; color: inherit;'>Panel de vidrio templado&comma; carcasa de aleaci\u00f3n de PC<\/li>\n<li style='margin-bottom: 5px; color: inherit;'>Funci\u00f3n de calibraci\u00f3n de temperatura precisa<\/li>\n<li style='margin-bottom: 5px; color: inherit;'>Memoria no vol\u00e1til&comma; estado de funcionamiento guardado incluso en caso de corte de energ\u00eda<\/li>\n<li style='margin-bottom: 5px; color: inherit;'>Control inteligente de encendido y apagado de ventilador de 3 velocidades (o ventilador de 0-10 V)&comma; v\u00e1lvula el\u00e9ctrica (de bola) o v\u00e1lvula de aire<\/li>\n<li style='margin-bottom: 5px; color: inherit;'>F\u00e1cil instalaci\u00f3n de la placa posterior del marco de acero<\/li>\n<\/ul><\/div>\n<\/p><\/div>\n<div style='flex: 1 1 250px; border: 1px solid rgba(150&comma; 150&comma; 150&comma; 0.4); border-radius: 8px; overflow: hidden; display: flex; flex-direction: column;'>\n<div style='padding: 15px; border-bottom: 1px solid rgba(150&comma; 150&comma; 150&comma; 0.2); font-weight: bold; font-size: 18px; color: inherit;'>Especificaci\u00f3n t\u00e9cnica<\/div>\n<div style='padding: 15px; color: inherit;'>\n<ul style='padding-left: 20px; margin: 0; font-size: 14px; list-style-type: disc; color: inherit;'>\n<li style='margin-bottom: 5px; color: inherit;'><strong>Fuente de alimentaci\u00f3n:<\/strong> CA 85 ~ 260 V o CA 24 V o CC 12-24 V (opcional)<\/li>\n<li style='margin-bottom: 5px; color: inherit;'><strong>Carga resistiva:<\/strong> \u22643A<\/li>\n<li style='margin-bottom: 5px; color: inherit;'><strong>Autoconsumo:<\/strong> \u22641W<\/li>\n<li style='margin-bottom: 5px; color: inherit;'><strong>Sensor de temperatura:<\/strong> NTC 10K<\/li>\n<li style='margin-bottom: 5px; color: inherit;'><strong>Entorno de trabajo:<\/strong> 0 \u00ef\u00bd\u017e55 \u00e2\u201e\u0192; <95 % HR ( sin condensaci\u00f3n)<\/li>\n<li style='margin-bottom: 5px; color: inherit;'><strong>Ajuste de temperatura:<\/strong> 5-37 \u00e2\u201e\u0192 (ajustable)<\/li>\n<li style='margin-bottom: 5px; color: inherit;'><strong>Dimensiones:<\/strong> 86*86*14 mm<\/li>\n<li style='margin-bottom: 5px; color: inherit;'><strong>Paso de orificios:<\/strong> 60-65 mm ( caja de conexiones est\u00e1ndar de 60 u 86 mm )<\/li>\n<li style='margin-bottom: 5px; color: inherit;'><strong>Frecuencia Z-Wave:<\/strong> UE&comma; EE. UU.&comma; AU u otra frecuencia personalizada<\/li>\n<li style='margin-bottom: 5px; color: inherit;'><strong>Protecci\u00f3n contra sobrecorriente:<\/strong> se requiere un disyuntor externo de 10 A<\/li>\n<\/ul><\/div>\n<\/p><\/div>\n<\/p><\/div>\n<hr style='border: 0; border-top: 1px solid rgba(150&comma; 150&comma; 150&comma; 0.3); margin: 30px 0;'> <\/div>\n","protected":false},"excerpt":{"rendered":"<p>ZWAVE IR TERMOSTATO FAN COIL CONTROLADOR DE CLIMA<\/p>\n","protected":false},"featured_media":2140,"comment_status":"open","ping_status":"closed","template":"","meta":[],"product_brand":[],"product_cat":[407],"product_tag":[408,187,180],"class_list":{"0":"post-2141","1":"product","2":"type-product","3":"status-publish","4":"has-post-thumbnail","6":"product_cat-automatizacion-z-wave","7":"product_tag-automatizacion-z-wave","8":"product_tag-smarthome-by-epcom","9":"product_tag-total-connect-honeywell","11":"first","12":"outofstock","13":"sale","14":"shipping-taxable","15":"purchasable","16":"product-type-simple"},"_links":{"self":[{"href":"https:\/\/soydeaqui.ddns.net\/pachuca\/index.php\/wp-json\/wp\/v2\/product\/2141","targetHints":{"allow":["GET"]}}],"collection":[{"href":"https:\/\/soydeaqui.ddns.net\/pachuca\/index.php\/wp-json\/wp\/v2\/product"}],"about":[{"href":"https:\/\/soydeaqui.ddns.net\/pachuca\/index.php\/wp-json\/wp\/v2\/types\/product"}],"replies":[{"embeddable":true,"href":"https:\/\/soydeaqui.ddns.net\/pachuca\/index.php\/wp-json\/wp\/v2\/comments?post=2141"}],"wp:featuredmedia":[{"embeddable":true,"href":"https:\/\/soydeaqui.ddns.net\/pachuca\/index.php\/wp-json\/wp\/v2\/media\/2140"}],"wp:attachment":[{"href":"https:\/\/soydeaqui.ddns.net\/pachuca\/index.php\/wp-json\/wp\/v2\/media?parent=2141"}],"wp:term":[{"taxonomy":"product_brand","embeddable":true,"href":"https:\/\/soydeaqui.ddns.net\/pachuca\/index.php\/wp-json\/wp\/v2\/product_brand?post=2141"},{"taxonomy":"product_cat","embeddable":true,"href":"https:\/\/soydeaqui.ddns.net\/pachuca\/index.php\/wp-json\/wp\/v2\/product_cat?post=2141"},{"taxonomy":"product_tag","embeddable":true,"href":"https:\/\/soydeaqui.ddns.net\/pachuca\/index.php\/wp-json\/wp\/v2\/product_tag?post=2141"}],"curies":[{"name":"wp","href":"https:\/\/api.w.org\/{rel}","templated":true}]}}