{"id":21391,"date":"2026-03-18T10:37:56","date_gmt":"2026-03-18T10:37:56","guid":{"rendered":"https:\/\/soydeaqui.ddns.net\/pachuca\/index.php\/producto\/lector-vento20-credenciales-fisicas-y-moviles-bluetooth-wiegand-osdp-ip55\/"},"modified":"2026-03-18T10:37:57","modified_gmt":"2026-03-18T10:37:57","slug":"lector-vento20-credenciales-fisicas-y-moviles-bluetooth-wiegand-osdp-ip55","status":"publish","type":"product","link":"https:\/\/soydeaqui.ddns.net\/pachuca\/index.php\/producto\/lector-vento20-credenciales-fisicas-y-moviles-bluetooth-wiegand-osdp-ip55\/","title":{"rendered":"Lector Vento20 \/ Credenciales F\u00edsicas y M\u00f3viles \/ Bluetooth\u00ae \/ Wiegand &#038; OSDP \/ IP55"},"content":{"rendered":"<div style='width: 100%; max-width: 1200px; margin: 0 auto; font-family: sans-serif; line-height: 1.6; color: inherit; background-color: transparent;'>\n<div style='display: flex; flex-wrap: wrap; gap: 30px; margin-bottom: 30px;'>\n<div style='flex: 1 1 300px; min-width: 280px;'>\n<p style='font-size: 15px; color: inherit; margin: 0 0 15px;'>HID Vento presenta una soluci\u00f3n de control de acceso asequible y sencilla&comma; dise\u00f1ada para ajustarse a sus necesidades. Con exclusivas funciones cuidadosamente desarrolladas para reforzar la seguridad sin comprometer la facilidad de uso&comma; HID Vento es la opci\u00f3n ideal para organizaciones de tama\u00f1o mediano. Disfrute de las tecnolog\u00edas m\u00e1s avanzadas del mercado&comma; como HID Mobile Access\u00ae&comma; y de funciones esenciales a un costo que se adapta a su presupuesto.<\/p>\n<p style='font-size: 15px; color: inherit; margin: 0 0 15px;'>El Lector HID Vento permite un control de acceso seguro y sin complicaciones&comma; utilizando credenciales HID Vento y el respaldo de un sistema de acceso m\u00f3vil de uso intuitivo. Dise\u00f1ado teniendo en mente valores importantes para nuestros clientes&comma; como asequibilidad&comma; comodidad y flexibilidad&comma; Vento fortalece&comma; al mismo tiempo&comma; la seguridad. Por ello&comma; establece un nuevo est\u00e1ndar en el control de acceso dentro de un mercado que se distingue por ser muy competitivo.<\/p>\n<\/p><\/div>\n<\/p><\/div>\n<div style='display: flex; flex-wrap: wrap; gap: 20px; margin-bottom: 30px;'>\n<div style='flex: 1 1 250px; border: 1px solid rgba(150&comma; 150&comma; 150&comma; 0.4); border-radius: 8px; overflow: hidden; display: flex; flex-direction: column;'>\n<div style='padding: 15px; border-bottom: 1px solid rgba(150&comma; 150&comma; 150&comma; 0.2); font-weight: bold; font-size: 18px; color: inherit;'>Caracter\u00edsticas<\/div>\n<div style='padding: 15px; color: inherit;'>\n<ul style='padding-left: 20px; margin: 0; font-size: 14px; list-style-type: disc;'>\n<li style='margin-bottom: 5px;'><strong>Voltaje de alimentaci\u00f3n:<\/strong> 12 Vcc<\/li>\n<li style='margin-bottom: 5px;'><strong>Compatibilidad:<\/strong> Credencial f\u00edsica VENTO (100PGGNN) y credencial M\u00f3vil VENTO (MID-SUBT-050)<\/li>\n<li style='margin-bottom: 5px;'><strong>Salida:<\/strong> Wiegand 32 bits<\/li>\n<li style='margin-bottom: 5px;'><strong>Instalaci\u00f3n:<\/strong> Ideal para marcos de puerta o superficie plana<\/li>\n<li style='margin-bottom: 5px;'><strong>Dimensiones:<\/strong> 45 mm x 121.5 mm x 19.5 mm (1.77&#8242; x 4.78&#8242; x 0.77&#8242;)<\/li>\n<li style='margin-bottom: 5px;'><strong>Entrada:<\/strong> LED tricolor&comma; indicador ac\u00fastico&comma; retenci\u00f3n en bajo activo<\/li>\n<li style='margin-bottom: 5px;'><strong>Salida de datos:<\/strong> Wiegand y RS-485 semid\u00faplex (OSDP) por cable flexible (18&#8242; \/ 0.5m) o regleta de bornes<\/li>\n<li style='margin-bottom: 5px;'><strong>Garant\u00eda:<\/strong> 5 a\u00f1os<\/li>\n<\/ul><\/div>\n<\/p><\/div>\n<div style='flex: 1 1 250px; border: 1px solid rgba(150&comma; 150&comma; 150&comma; 0.4); border-radius: 8px; overflow: hidden; display: flex; flex-direction: column;'>\n<div style='padding: 15px; border-bottom: 1px solid rgba(150&comma; 150&comma; 150&comma; 0.2); font-weight: bold; font-size: 18px; color: inherit;'>Programaci\u00f3n<\/div>\n<div style='padding: 15px; color: inherit;'>\n<p style='margin: 0 0 15px; font-size: 14px;'>Solo requieren programarse si se usa el NFC o Bluetooth&comma; o bien cuando se desea ajustar rangos y colores de los LEDs<\/p>\n<ul style='padding-left: 20px; margin: 0; font-size: 14px; list-style-type: disc;'>\n<li style='margin-bottom: 5px;'><a href='https:\/\/www.youtube.com\/watch?v=ToZfmfr5NtE&#038;feature=youtu.be' target='_blank' rel='noopener' style='color: inherit; text-decoration: none; border-bottom: 1px dotted rgba(0&comma;0&comma;0&comma;0.5);'>Video tutorial<\/a><\/li>\n<li style='margin-bottom: 5px;'><a href='http:\/\/ftp3.syscom.mx\/usuarios\/ftp\/2019\/11\/13\/21397\/Readermanager.pdf' target='_blank' rel='noopener' style='color: inherit; text-decoration: none; border-bottom: 1px dotted rgba(0&comma;0&comma;0&comma;0.5);'>Manual de programaci\u00f3n<\/a><\/li>\n<\/ul><\/div>\n<\/p><\/div>\n<\/p><\/div>\n<div style='display: flex; flex-wrap: wrap; gap: 30px; margin-bottom: 30px;'>\n<div style='flex: 1 1 300px; min-width: 280px;'>\n<h3 style='font-size: 22px; border-bottom: 2px solid currentColor; padding-bottom: 5px; margin-top: 0; color: inherit; opacity: 0.8;'>Aplicaciones<\/h3>\n<ul style='padding-left: 20px; font-size: 15px; color: inherit;'>\n<li style='margin-bottom: 5px;'>Edificios corporativos<\/li>\n<li style='margin-bottom: 5px;'>Centros educativos<\/li>\n<li style='margin-bottom: 5px;'>Instalaciones industriales<\/li>\n<li style='margin-bottom: 5px;'>Hospitales y cl\u00ednicas<\/li>\n<li style='margin-bottom: 5px;'>Oficinas comerciales<\/li>\n<\/ul><\/div>\n<\/p><\/div>\n<div style='display: flex; flex-wrap: wrap; gap: 30px; margin-bottom: 30px;'>\n<div style='flex: 1 1 300px; min-width: 280px;'>\n<h3 style='font-size: 22px; border-bottom: 2px solid currentColor; padding-bottom: 5px; margin-top: 0; color: inherit; opacity: 0.8;'>Documentaci\u00f3n<\/h3>\n<ul style='padding-left: 20px; font-size: 15px; color: inherit;'>\n<li style='margin-bottom: 5px;'> <a href='http:\/\/ftp3.syscom.mx\/usuarios\/ftp\/2019\/11\/13\/21397\/Readermanager.pdf' target='_blank' rel='noopener' style='color: inherit; text-decoration: none; border-bottom: 1px dotted rgba(0&comma;0&comma;0&comma;0.5);'>Manual de usuario<\/a> <\/li>\n<li style='margin-bottom: 5px;'> <a href='https:\/\/www.hidglobal.com\/sites\/default\/files\/hid-vento-smart-card-reader-ds-es-es.pdf' target='_blank' rel='noopener' style='color: inherit; text-decoration: none; border-bottom: 1px dotted rgba(0&comma;0&comma;0&comma;0.5);'>Ficha t\u00e9cnica<\/a> <\/li>\n<\/ul><\/div>\n<\/p><\/div>\n<div style='display: flex; flex-wrap: wrap; gap: 30px; margin-bottom: 30px;'>\n<div style='flex: 1 1 300px; min-width: 280px;'>\n<h3 style='font-size: 22px; border-bottom: 2px solid currentColor; padding-bottom: 5px; margin-top: 0; color: inherit; opacity: 0.8;'>Imagen del producto<\/h3>\n<p> <img style='width: 100%; height: auto; border: 1px solid rgba(150&comma;150&comma;150&comma;0.3); border-radius: 8px;' src='http:\/\/ftp3.syscom.mx\/usuarios\/fsanora\/HID\/VENTO\/VENTO_SMARTPHONE.png' alt='Lector Vento con smartphone'> <\/div>\n<\/p><\/div>\n<div style='display: flex; flex-wrap: wrap; gap: 30px;'>\n<div style='flex: 1 1 300px; min-width: 280px;'>\n<h3 style='font-size: 22px; border-bottom: 2px solid currentColor; padding-bottom: 5px; margin-top: 0; color: inherit; opacity: 0.8;'>Tutorial de instalaci\u00f3n<\/h3>\n<div style='position: relative; padding-bottom: 56.25%; height: 0; overflow: hidden; margin-bottom: 30px;'>   <\/div>\n<\/p><\/div>\n<\/p><\/div>\n<\/p><\/div>\n","protected":false},"excerpt":{"rendered":"<p>Lector Vento20 \/ Credenciales F\u00edsicas y M\u00f3viles \/ Bluetooth\u00ae \/ Wiegand &#038; OSDP \/ IP55<\/p>\n","protected":false},"featured_media":21390,"comment_status":"open","ping_status":"closed","template":"","meta":[],"product_brand":[],"product_cat":[770],"product_tag":[814,466,771],"class_list":{"0":"post-21391","1":"product","2":"type-product","3":"status-publish","4":"has-post-thumbnail","6":"product_cat-mifare-iclass-13-56-mhz","7":"product_tag-hid","8":"product_tag-lectoras-y-tarjetas","9":"product_tag-mifare-iclass-13-56-mhz","11":"first","12":"instock","13":"sale","14":"shipping-taxable","15":"purchasable","16":"product-type-simple"},"_links":{"self":[{"href":"https:\/\/soydeaqui.ddns.net\/pachuca\/index.php\/wp-json\/wp\/v2\/product\/21391","targetHints":{"allow":["GET"]}}],"collection":[{"href":"https:\/\/soydeaqui.ddns.net\/pachuca\/index.php\/wp-json\/wp\/v2\/product"}],"about":[{"href":"https:\/\/soydeaqui.ddns.net\/pachuca\/index.php\/wp-json\/wp\/v2\/types\/product"}],"replies":[{"embeddable":true,"href":"https:\/\/soydeaqui.ddns.net\/pachuca\/index.php\/wp-json\/wp\/v2\/comments?post=21391"}],"wp:featuredmedia":[{"embeddable":true,"href":"https:\/\/soydeaqui.ddns.net\/pachuca\/index.php\/wp-json\/wp\/v2\/media\/21390"}],"wp:attachment":[{"href":"https:\/\/soydeaqui.ddns.net\/pachuca\/index.php\/wp-json\/wp\/v2\/media?parent=21391"}],"wp:term":[{"taxonomy":"product_brand","embeddable":true,"href":"https:\/\/soydeaqui.ddns.net\/pachuca\/index.php\/wp-json\/wp\/v2\/product_brand?post=21391"},{"taxonomy":"product_cat","embeddable":true,"href":"https:\/\/soydeaqui.ddns.net\/pachuca\/index.php\/wp-json\/wp\/v2\/product_cat?post=21391"},{"taxonomy":"product_tag","embeddable":true,"href":"https:\/\/soydeaqui.ddns.net\/pachuca\/index.php\/wp-json\/wp\/v2\/product_tag?post=21391"}],"curies":[{"name":"wp","href":"https:\/\/api.w.org\/{rel}","templated":true}]}}