{"id":21389,"date":"2026-03-18T10:37:55","date_gmt":"2026-03-18T10:37:55","guid":{"rendered":"https:\/\/soydeaqui.ddns.net\/pachuca\/index.php\/producto\/tarjeta-vento-32-bits-5-anos-de-garantia-delgada-imprimible\/"},"modified":"2026-03-18T10:37:55","modified_gmt":"2026-03-18T10:37:55","slug":"tarjeta-vento-32-bits-5-anos-de-garantia-delgada-imprimible","status":"publish","type":"product","link":"https:\/\/soydeaqui.ddns.net\/pachuca\/index.php\/producto\/tarjeta-vento-32-bits-5-anos-de-garantia-delgada-imprimible\/","title":{"rendered":"Tarjeta VENTO \/ 32 Bits \/ 5 a\u00f1os de Garant\u00eda \/ Delgada (imprimible)"},"content":{"rendered":"<div style='width: 100%; max-width: 1200px; margin: 0 auto; font-family: sans-serif; line-height: 1.6; color: inherit; background-color: transparent;'>\n<div style='display: flex; flex-wrap: wrap; gap: 30px; margin-bottom: 30px;'>\n<div style='flex: 1 1 300px; min-width: 280px;'>\n<p style='font-size: 15px; color: inherit; margin-bottom: 15px;'>La tarjeta HID Vento permite una implementaci\u00f3n de control de acceso seguro con el lector HID Vento. La tarjeta HID Vento ofrece una combinaci\u00f3n inmejorable de seguridad&comma; facilidad de instalaci\u00f3n a un precio accesible. La tarjeta HID Vento es una aplicaci\u00f3n sencilla dise\u00f1ada para ser una soluci\u00f3n econ\u00f3mica para implementaciones diarias de control de acceso f\u00edsico con un alto nivel de seguridad seguro.<\/p>\n<p style='font-size: 15px; color: inherit; margin-bottom: 15px;'>Dise\u00f1ada exclusivamente para el lector Vento&comma; la tarjeta Vento introduce una nueva era de simplicidad combinando con un formato seguro administrado por HID.<\/p>\n<p style='font-size: 15px; color: inherit; margin-bottom: 15px;'>Cada tarjeta est\u00e1 reforzada con una identificaci\u00f3n no repetible de 32 bits emitida en f\u00e1brica&comma; protegida mediante cifrado AES128. La tarjeta Vento ofrece seguridad con facilidad de uso y pedido.<\/p>\n<\/p><\/div>\n<\/p><\/div>\n<div style='display: flex; flex-wrap: wrap; gap: 20px; margin-bottom: 30px;'>\n<div style='flex: 1 1 250px; border: 1px solid rgba(150&comma; 150&comma; 150&comma; 0.4); border-radius: 8px; overflow: hidden; display: flex; flex-direction: column;'>\n<div style='padding: 15px; border-bottom: 1px solid rgba(150&comma; 150&comma; 150&comma; 0.2); font-weight: bold; font-size: 18px; color: inherit;'>Especificaciones<\/div>\n<div style='padding: 15px; color: inherit;'>\n<ul style='padding-left: 20px; margin: 0; font-size: 14px; list-style-type: disc;'>\n<li style='margin-bottom: 5px;'>Tarjeta Vento (100PGGMN)<\/li>\n<li style='margin-bottom: 5px;'>Material PVC<\/li>\n<li style='margin-bottom: 5px;'>Frecuencia 13.56 MHz<\/li>\n<li style='margin-bottom: 5px;'>Encripci\u00f3n AES128<\/li>\n<li style='margin-bottom: 5px;'>Garant\u00eda de 5 a\u00f1os<\/li>\n<\/ul><\/div>\n<\/p><\/div>\n<\/p><\/div>\n<div style='display: flex; flex-wrap: wrap; gap: 30px; margin-bottom: 30px;'>\n<div style='flex: 1 1 300px; min-width: 280px;'>\n<h3 style='font-size: 18px; border-bottom: 2px solid currentColor; padding-bottom: 5px; margin-top: 0; color: inherit; opacity: 0.8;'>Impresi\u00f3n de tarjetas<\/h3>\n<p style='font-size: 15px; color: inherit; margin-bottom: 15px;'>\u00bfCon qu\u00e9 va a imprimir sus tarjetas? Mayor informaci\u00f3n <a style='color: inherit; text-decoration: underline;' href='https:\/\/www.syscom.mx\/principal\/listadoportadasazul\/control-de-acceso-credencializacion-434.html'>aqu\u00ed<\/a><\/p>\n<\/p><\/div>\n<\/p><\/div>\n<hr style='border: 0; border-top: 1px solid rgba(150&comma; 150&comma; 150&comma; 0.3); margin: 30px 0;'> <\/div>\n","protected":false},"excerpt":{"rendered":"<p>Tarjeta VENTO \/ 32 Bits \/ 5 a\u00f1os de Garant\u00eda \/ Delgada (imprimible)<\/p>\n","protected":false},"featured_media":21388,"comment_status":"open","ping_status":"closed","template":"","meta":[],"product_brand":[],"product_cat":[770],"product_tag":[814,466,771],"class_list":{"0":"post-21389","1":"product","2":"type-product","3":"status-publish","4":"has-post-thumbnail","6":"product_cat-mifare-iclass-13-56-mhz","7":"product_tag-hid","8":"product_tag-lectoras-y-tarjetas","9":"product_tag-mifare-iclass-13-56-mhz","11":"first","12":"instock","13":"sale","14":"shipping-taxable","15":"purchasable","16":"product-type-simple"},"_links":{"self":[{"href":"https:\/\/soydeaqui.ddns.net\/pachuca\/index.php\/wp-json\/wp\/v2\/product\/21389","targetHints":{"allow":["GET"]}}],"collection":[{"href":"https:\/\/soydeaqui.ddns.net\/pachuca\/index.php\/wp-json\/wp\/v2\/product"}],"about":[{"href":"https:\/\/soydeaqui.ddns.net\/pachuca\/index.php\/wp-json\/wp\/v2\/types\/product"}],"replies":[{"embeddable":true,"href":"https:\/\/soydeaqui.ddns.net\/pachuca\/index.php\/wp-json\/wp\/v2\/comments?post=21389"}],"wp:featuredmedia":[{"embeddable":true,"href":"https:\/\/soydeaqui.ddns.net\/pachuca\/index.php\/wp-json\/wp\/v2\/media\/21388"}],"wp:attachment":[{"href":"https:\/\/soydeaqui.ddns.net\/pachuca\/index.php\/wp-json\/wp\/v2\/media?parent=21389"}],"wp:term":[{"taxonomy":"product_brand","embeddable":true,"href":"https:\/\/soydeaqui.ddns.net\/pachuca\/index.php\/wp-json\/wp\/v2\/product_brand?post=21389"},{"taxonomy":"product_cat","embeddable":true,"href":"https:\/\/soydeaqui.ddns.net\/pachuca\/index.php\/wp-json\/wp\/v2\/product_cat?post=21389"},{"taxonomy":"product_tag","embeddable":true,"href":"https:\/\/soydeaqui.ddns.net\/pachuca\/index.php\/wp-json\/wp\/v2\/product_tag?post=21389"}],"curies":[{"name":"wp","href":"https:\/\/api.w.org\/{rel}","templated":true}]}}