{"id":21384,"date":"2026-03-18T10:37:49","date_gmt":"2026-03-18T10:37:49","guid":{"rendered":"https:\/\/soydeaqui.ddns.net\/pachuca\/index.php\/producto\/tarjeta-virtual-vento-100-segura-la-tarjeta-esta-en-el-smartphone-subscripcion-anual-proteccion-contra-clonacion\/"},"modified":"2026-03-18T10:37:53","modified_gmt":"2026-03-18T10:37:53","slug":"tarjeta-virtual-vento-100-segura-la-tarjeta-esta-en-el-smartphone-subscripcion-anual-proteccion-contra-clonacion","status":"publish","type":"product","link":"https:\/\/soydeaqui.ddns.net\/pachuca\/index.php\/producto\/tarjeta-virtual-vento-100-segura-la-tarjeta-esta-en-el-smartphone-subscripcion-anual-proteccion-contra-clonacion\/","title":{"rendered":"Tarjeta Virtual VENTO \/100% Segura \/  La Tarjeta est\u00e1 en el SMARTPHONE \/ Subscripci\u00f3n Anual\/ Protecci\u00f3n contra Clonaci\u00f3n"},"content":{"rendered":"<div style='width: 100%; max-width: 1200px; margin: 0 auto; font-family: sans-serif; line-height: 1.6; color: inherit; background-color: transparent;'>\n<div style='text-align: center; padding: 7% 2% 5% 1%;'>\n<h1 style='font-size: 40px; color: inherit; opacity: 0.7; margin: 0;'>Un servicio en la nube que proporciona identidades m\u00f3viles de confianza para la autentificaci\u00f3n al acceso f\u00edsico y las aplicaciones extendidas en los lugares de trabajo<\/h1>\n<\/p><\/div>\n<div style='margin: 30px 0;'>\n<div style='position: relative; padding-bottom: 56.25%; height: 0; overflow: hidden;'> <img style='position: absolute; top: 0; left: 0; width: 100%; height: 100%; border: 1px solid rgba(150&comma;150&comma;150&comma;0.3); border-radius: 8px; object-fit: cover;' src='https:\/\/ftp3.syscom.mx\/usuarios\/ftp\/single_page\/HID\/Readermanager-1.jpg' alt=''> <\/div>\n<\/p><\/div>\n<div style='margin: 40px 0;'>\n<div style='height: 4px; background: linear-gradient(to right&comma; rgba(0&comma;123&comma;185&comma;0.4)&comma; rgba(0&comma;123&comma;185&comma;0.8)&comma; rgba(0&comma;123&comma;185&comma;0.4));'><\/div>\n<\/p><\/div>\n<div style='margin-bottom: 40px;'>\n<ul style='padding-left: 20px; font-size: 15px; color: inherit; list-style-type: disc;'>\n<li style='margin-bottom: 10px;'>Sistema basado en est\u00e1ndares SIO (Identidad Segura). No s\u00f3lo es una aplicaci\u00f3n&comma; es una plataforma segura.<\/li>\n<li style='margin-bottom: 10px;'>Totalmente basado en software&comma; plataforma independiente.<\/li>\n<li style='margin-bottom: 10px;'>Funci\u00f3n TAP (presenta el smartphone frente al lector) y Twist &#038; Go (intensi\u00f3n de movimiento del smartphone en Bluetooth con alcance de hasta 10 m).<\/li>\n<li style='margin-bottom: 10px;'>Todas las tarjetas virtuales se administran en el portal Origo HID (debe crear una cuenta previamente).<\/li>\n<li style='margin-bottom: 10px;'>Compatible en Android 4.3+ o bien iOS 7+.<\/li>\n<\/ul><\/div>\n<div style='margin: 40px 0;'>\n<div style='height: 4px; background: linear-gradient(to right&comma; rgba(0&comma;123&comma;185&comma;0.4)&comma; rgba(0&comma;123&comma;185&comma;0.8)&comma; rgba(0&comma;123&comma;185&comma;0.4));'><\/div>\n<\/p><\/div>\n<div style='margin-bottom: 40px;'>\n<h2 style='text-align: center; font-size: 36px; color: inherit; opacity: 0.7; margin: 0;'>L\u00f3gica de la Soluci\u00f3n<\/h2>\n<\/p><\/div>\n<div style='margin-bottom: 20px;'>\n<h3 style='text-align: center; font-size: 24px; color: #007bb9; margin: 0;'> <a href='https:\/\/ftp3.syscom.mx\/usuarios\/ftp\/2022\/03\/14\/8bbec\/1.%20Introduccio%CC%81n.pdf' target='_blank' rel='noopener' style='color: #007bb9; text-decoration: none;'>\u00bfC\u00f3mo Funciona? Res\u00famen<\/a> <\/h3>\n<\/p><\/div>\n<div style='margin-bottom: 40px;'>\n<ul style='padding-left: 20px; font-size: 15px; color: inherit; list-style-type: disc;'>\n<li style='margin-bottom: 10px;'>Modelo en el cual se adquieren licencias anuales (MID-SUBT-050) que contrata una ORGANIZACI\u00d3N y se asignan a un USUARIO a trav\u00e9s de su email.<\/li>\n<li style='margin-bottom: 10px;'>El due\u00f1o del portal en todo momento es el usuario final.<\/li>\n<li style='margin-bottom: 10px;'>Cada USUARIO por medio del portal ORIGO se le asignan IDENTIDADES M\u00d3VILES (tarjetas virtuales).<\/li>\n<li style='margin-bottom: 10px;'>Las IDENTIDADES M\u00d3VILES son objetos virtuales con seguridad criptogr\u00e1fica que se alojan en la aplicaci\u00f3n MOBILE ACCESS&comma; las cuales contienen la programaci\u00f3n del control de acceso (formato&comma; c\u00f3digo de sitio y n\u00famero de tarjeta) y crean un certificado digital vinculando las con el smartphone las cuales son intransferibles.<\/li>\n<li style='margin-bottom: 10px;'>Las LICENCIAS ANUALES podr\u00e1n cambiar de USUARIO las veces que sean necesarias durante el periodo del contrato&comma; rotaci\u00f3n de personal o control de visitantes est\u00e1 considerado.<\/li>\n<li style='margin-bottom: 10px;'>En caso de p\u00e9rdidas&comma; robo&comma; reseteo del smartphone&comma; es posible renovar sin costo la IDENTIDAD M\u00d3VIL del usuario mientras su licencia este activa&comma; teniendo un ID de tarjeta nuevo. No hay reciclado de los n\u00fameros de las credenciales.<\/li>\n<li style='margin-bottom: 10px;'>El portal se crea a partir de 20 licencias como m\u00ednimo. <a href='https:\/\/portal.origo.hidglobal.com\/mobile-identities\/#\/home' style='color: #007bb9; text-decoration: none;'>Portal Web ORIGO<\/a><\/li>\n<li style='margin-bottom: 10px;'>PRODUCTO BAJO PEDIDO: Todas las compras de este modelo a trav\u00e9s de este portal est\u00e1n sujetas al env\u00edo de la informaci\u00f3n indispensable para procesar la compra&comma; no hay compras directas en el portal ya \u00e9stas se hacen a la medida.<\/li>\n<\/ul><\/div>\n<div style='margin: 40px 0;'>\n<div style='height: 4px; background: linear-gradient(to right&comma; rgba(0&comma;123&comma;185&comma;0.4)&comma; rgba(0&comma;123&comma;185&comma;0.8)&comma; rgba(0&comma;123&comma;185&comma;0.4));'><\/div>\n<\/p><\/div>\n<div style='margin-bottom: 40px;'>\n<h2 style='text-align: center; font-size: 36px; color: inherit; opacity: 0.7; margin: 0;'>Videos de Operaci\u00f3n<\/h2>\n<\/p><\/div>\n<div style='margin-bottom: 20px;'>\n<h3 style='text-align: center; font-size: 24px; color: #007bb9; margin: 0;'>\u00bfC\u00f3mo Funciona?<\/h3>\n<\/p><\/div>\n<div style='margin: 30px 0;'>\n<div style='position: relative; padding-bottom: 56.25%; height: 0; overflow: hidden;'>   <\/div>\n<\/p><\/div>\n<div style='margin: 40px 0;'>\n<div style='height: 4px; background: linear-gradient(to right&comma; rgba(0&comma;123&comma;185&comma;0.4)&comma; rgba(0&comma;123&comma;185&comma;0.8)&comma; rgba(0&comma;123&comma;185&comma;0.4));'><\/div>\n<\/p><\/div>\n<div style='margin-bottom: 40px;'>\n<h2 style='text-align: center; font-size: 36px; color: inherit; opacity: 0.7; margin: 0;'>\u00bfQu\u00e9 Cotizar?<\/h2>\n<\/p><\/div>\n<div style='margin-bottom: 30px;'>\n<ol style='padding-left: 20px; font-size: 15px; color: inherit; list-style-type: decimal;'>\n<li style='margin-bottom: 10px;'>Licencia de identidades m\u00f3viles: MIDSUBT050. Requiere comprar 20 piezas m\u00ednimo. (vigencia 1 a\u00f1o)<\/li>\n<li style='margin-bottom: 10px;'>Lectores: Se requiere un lector VENTO HID modelo V20-00V0-000000<\/li>\n<li style='margin-bottom: 10px;'>Controlador: Compatibles con todos los paneles de control de acceso a 32 bits<\/li>\n<\/ol><\/div>\n<div style='margin-bottom: 20px; text-align: center;'>\n<p style='margin: 0;'>Por tiempo limitado:<\/p>\n<\/p><\/div>\n<div style='margin: 30px 0;'> <img style='width: 100%; max-width: 400px; height: auto; border: 1px solid rgba(150&comma;150&comma;150&comma;0.3); border-radius: 8px; display: block; margin: 0 auto;' src='https:\/\/ftp3.syscom.mx\/usuarios\/ftp\/2022\/08\/23\/23668\/QR_demo_MIDSUBT100.bmp' alt=''> <\/div>\n<div style='margin: 40px 0;'>\n<div style='height: 4px; background: linear-gradient(to right&comma; rgba(0&comma;123&comma;185&comma;0.4)&comma; rgba(0&comma;123&comma;185&comma;0.8)&comma; rgba(0&comma;123&comma;185&comma;0.4));'><\/div>\n<\/p><\/div>\n<div style='margin-bottom: 40px;'>\n<h2 style='text-align: center; font-size: 36px; color: inherit; opacity: 0.7; margin: 0;'>\u00bfC\u00f3mo se Crea el Portal?<\/h2>\n<\/p><\/div>\n<div style='margin-bottom: 30px;'>\n<ol style='padding-left: 20px; font-size: 15px; color: inherit; list-style-type: decimal;'>\n<li style='margin-bottom: 10px;'>Cuando el cliente decide a comprar las tarjetas&comma; el usuario final deber\u00e1 crear un port\u00e1l nuevo. <a href='https:\/\/ftp3.syscom.mx\/usuarios\/ftp\/2022\/03\/14\/3eacc\/2.%20Registro%20en%20la%20plataforma.pdf' target='_blank' rel='noopener' style='color: #007bb9; text-decoration: none;'>C\u00f3mo se crea un portal.<\/a><\/li>\n<\/ol><\/div>\n<div style='margin-bottom: 30px;'>\n<p style='padding-left: 40px; margin: 0 0 10px 0;'>\u00bfQu\u00e9 informaci\u00f3n requiere SYSCOM para entregar tarjetas virtuales? Al finalizar de crear su cuenta en el portal&comma; \u00e9ste arrojar\u00e1 dos datos esenciales para procesar la orden:<\/p>\n<ul style='padding-left: 60px; font-size: 15px; color: inherit; list-style-type: disc;'>\n<li style='margin-bottom: 5px;'>Mobile Keyset<\/li>\n<li style='margin-bottom: 5px;'>Organization ID<\/li>\n<\/ul><\/div>\n<div style='margin-bottom: 30px;'>\n<p style='padding-left: 40px; margin: 0 0 10px 0;'>Es indispensable indicar formato&comma; c\u00f3digo de sitio&comma; consecutivo de tarjeta&comma; tal cual se tratar\u00e1 una tarjeta f\u00edsica (recuerde que es personalizada la programaci\u00f3n a su necesidad). Por favor llenar el siguiente <a href='https:\/\/ftp3.syscom.mx\/usuarios\/ftp\/2021\/11\/12\/0d0c1\/Solicitud_MIDSUBT100.docx' target='_blank' rel='noopener' style='color: #007bb9; text-decoration: none;'>formulario<\/a><\/p>\n<\/p><\/div>\n<div style='margin-bottom: 30px;'>\n<p style='padding-left: 40px; margin: 0 0 10px 0;'>Todas las compras de este modelo a trav\u00e9s de este portal est\u00e1n sujetas al env\u00edo de la informaci\u00f3n indispensable para procesar la compra&comma; no hay compras directas en el portal ya que \u00e9stas se programan a la medida.<\/p>\n<\/p><\/div>\n<div style='margin-bottom: 30px;'>\n<p style='padding-left: 40px; margin: 0 0 10px 0;'>En el portal creado ser\u00e1 donde en autom\u00e1tico le lleguen las licencias despu\u00e9s de algunos d\u00edas una vez concretada la compra. El tiempo de entrega puede variar de 5 a 10 d\u00edas de acuerdo a la disponibilidad.<\/p>\n<\/p><\/div>\n<div style='margin: 40px 0;'>\n<div style='height: 4px; background: linear-gradient(to right&comma; rgba(0&comma;123&comma;185&comma;0.4)&comma; rgba(0&comma;123&comma;185&comma;0.8)&comma; rgba(0&comma;123&comma;185&comma;0.4));'><\/div>\n<\/p><\/div>\n<div style='margin-bottom: 40px;'>\n<h2 style='text-align: center; font-size: 36px; color: inherit; opacity: 0.7; margin: 0;'>\u00bfC\u00f3mo Obtengo un DEMO?<\/h2>\n<\/p><\/div>\n<div style='margin-bottom: 30px;'>\n<ul style='padding-left: 20px; font-size: 15px; color: inherit; list-style-type: disc;'>\n<li style='margin-bottom: 10px;'>Deber\u00e1 crear un port\u00e1l nuevo y seguir las instrucciones para activar tarjetas DEMO por un periodo limitado de tiempo: <a href='https:\/\/ftp3.syscom.mx\/usuarios\/ftp\/2022\/03\/14\/3eacc\/2.%20Registro%20en%20la%20plataforma.pdf' target='_blank' rel='noopener' style='color: #007bb9; text-decoration: none;'>\u00bfC\u00f3mo se crea un portal?<\/a><\/li>\n<\/ul><\/div>\n<div style='margin: 40px 0;'>\n<div style='height: 4px; background: linear-gradient(to right&comma; rgba(0&comma;123&comma;185&comma;0.4)&comma; rgba(0&comma;123&comma;185&comma;0.8)&comma; rgba(0&comma;123&comma;185&comma;0.4));'><\/div>\n<\/p><\/div>\n<div style='margin-bottom: 40px;'>\n<h2 style='text-align: center; font-size: 36px; color: inherit; opacity: 0.7; margin: 0;'>Renovaciones Anuales<\/h2>\n<\/p><\/div>\n<div style='margin-bottom: 20px;'>\n<p style='padding-left: 20px; margin: 0 0 10px 0;'>Debe proporcionarse:<\/p>\n<\/p><\/div>\n<div style='margin-bottom: 30px;'>\n<ul style='padding-left: 40px; font-size: 15px; color: inherit; list-style-type: disc;'>\n<li style='margin-bottom: 5px;'>Mobile Keyset (MOB o Elite)<\/li>\n<li style='margin-bottom: 5px;'>Organization ID.<\/li>\n<\/ul><\/div>\n<div style='margin-bottom: 30px;'>\n<p style='padding-left: 20px; margin: 0 0 10px 0;'>Es indispensable para ordenar el indicar: formato&comma; c\u00f3digo de sitio y consecutivo de tarjeta. Por favor llenar el siguiente <a href='https:\/\/ftp3.syscom.mx\/usuarios\/ftp\/2022\/03\/22\/813ac\/Solicitud_MIDSUBT100_1.docx' target='_blank' rel='noopener' style='color: #007bb9; text-decoration: none;'>formulario<\/a><\/p>\n<\/p><\/div>\n<div style='margin-bottom: 30px;'>\n<p style='padding-left: 20px; margin: 0 0 10px 0;'><a href='https:\/\/ftp3.syscom.mx\/usuarios\/ftp\/2021\/11\/12\/6fb01\/Datos_renovacion_MIDSUBT100.pdf' target='_blank' rel='noopener' style='color: #007bb9; text-decoration: none;'><strong style='color: inherit;'>\u00bfC\u00f3mo encontrar los datos en su portal existente? <\/strong><\/a><\/p>\n<\/p><\/div>\n<div style='margin-bottom: 30px;'>\n<p style='padding-left: 20px; margin: 0 0 10px 0;'>Nota: En cantidades diferentes al contrato original en renovaciones a destiempo&comma; se deber\u00e1 considerar el modelo MIDSUBT100ADD&comma; en \u00e9stos casos se considera precios prorrateados. Si el portal no ha sido renovado posterior a 90 d\u00edas de su vencimiento se dar\u00e1 por concluido el contrato y se cerrar\u00e1 el portal perdiendo definitivamente las tarjetas.<\/p>\n<\/p><\/div>\n<div style='margin: 40px 0;'>\n<div style='height: 4px; background: linear-gradient(to right&comma; rgba(0&comma;123&comma;185&comma;0.4)&comma; rgba(0&comma;123&comma;185&comma;0.8)&comma; rgba(0&comma;123&comma;185&comma;0.4));'><\/div>\n<\/p><\/div>\n<div style='margin-bottom: 40px;'>\n<h2 style='text-align: center; font-size: 36px; color: inherit; opacity: 0.7; margin: 0;'>\u00bfC\u00f3mo se Programan las Tarjetas a los Lectores?<\/h2>\n<\/p><\/div>\n<div style='margin-bottom: 30px;'>\n<ul style='padding-left: 20px; font-size: 15px; color: inherit; list-style-type: disc;'>\n<li style='margin-bottom: 10px;'>ReaderManager HID: Tutorial de Configuraci\u00f3n <a href='https:\/\/www.youtube.com\/watch?v=ToZfmfr5NtE' target='_blank' rel='noopener' style='color: #007bb9; text-decoration: none;'>video<\/a><\/li>\n<li style='margin-bottom: 10px;'>Descargue <a href='https:\/\/ftp3.syscom.mx\/usuarios\/ftp\/2019\/11\/13\/21397\/Readermanager.pdf' target='_blank' rel='noopener' style='color: #007bb9; text-decoration: none;'>Tutorial de uso<\/a><\/li>\n<\/ul><\/div>\n<\/p><\/div>\n","protected":false},"excerpt":{"rendered":"<p>Tarjeta Virtual VENTO \/100% Segura \/  La Tarjeta est\u00e1 en el SMARTPHONE \/ Subscripci\u00f3n Anual\/ Protecci\u00f3n contra Clonaci\u00f3n<\/p>\n","protected":false},"featured_media":21383,"comment_status":"open","ping_status":"closed","template":"","meta":[],"product_brand":[],"product_cat":[808],"product_tag":[814,466,809],"class_list":{"0":"post-21384","1":"product","2":"type-product","3":"status-publish","4":"has-post-thumbnail","6":"product_cat-seos","7":"product_tag-hid","8":"product_tag-lectoras-y-tarjetas","9":"product_tag-seos","11":"first","12":"instock","13":"sale","14":"shipping-taxable","15":"purchasable","16":"product-type-simple"},"_links":{"self":[{"href":"https:\/\/soydeaqui.ddns.net\/pachuca\/index.php\/wp-json\/wp\/v2\/product\/21384","targetHints":{"allow":["GET"]}}],"collection":[{"href":"https:\/\/soydeaqui.ddns.net\/pachuca\/index.php\/wp-json\/wp\/v2\/product"}],"about":[{"href":"https:\/\/soydeaqui.ddns.net\/pachuca\/index.php\/wp-json\/wp\/v2\/types\/product"}],"replies":[{"embeddable":true,"href":"https:\/\/soydeaqui.ddns.net\/pachuca\/index.php\/wp-json\/wp\/v2\/comments?post=21384"}],"wp:featuredmedia":[{"embeddable":true,"href":"https:\/\/soydeaqui.ddns.net\/pachuca\/index.php\/wp-json\/wp\/v2\/media\/21383"}],"wp:attachment":[{"href":"https:\/\/soydeaqui.ddns.net\/pachuca\/index.php\/wp-json\/wp\/v2\/media?parent=21384"}],"wp:term":[{"taxonomy":"product_brand","embeddable":true,"href":"https:\/\/soydeaqui.ddns.net\/pachuca\/index.php\/wp-json\/wp\/v2\/product_brand?post=21384"},{"taxonomy":"product_cat","embeddable":true,"href":"https:\/\/soydeaqui.ddns.net\/pachuca\/index.php\/wp-json\/wp\/v2\/product_cat?post=21384"},{"taxonomy":"product_tag","embeddable":true,"href":"https:\/\/soydeaqui.ddns.net\/pachuca\/index.php\/wp-json\/wp\/v2\/product_tag?post=21384"}],"curies":[{"name":"wp","href":"https:\/\/api.w.org\/{rel}","templated":true}]}}