{"id":21371,"date":"2026-03-18T10:37:34","date_gmt":"2026-03-18T10:37:34","guid":{"rendered":"https:\/\/soydeaqui.ddns.net\/pachuca\/index.php\/producto\/barrera-vehicular-de-brazo-articulado-con-motor-dc-apertura-1-5-seg-220-vca\/"},"modified":"2026-03-18T10:37:34","modified_gmt":"2026-03-18T10:37:34","slug":"barrera-vehicular-de-brazo-articulado-con-motor-dc-apertura-1-5-seg-220-vca","status":"publish","type":"product","link":"https:\/\/soydeaqui.ddns.net\/pachuca\/index.php\/producto\/barrera-vehicular-de-brazo-articulado-con-motor-dc-apertura-1-5-seg-220-vca\/","title":{"rendered":"Barrera Vehicular de Brazo Articulado con Motor DC\/ Apertura 1.5 Seg\/ 220 VCA"},"content":{"rendered":"<div style='width: 100%; max-width: 1200px; margin: 0 auto; font-family: sans-serif; line-height: 1.6; color: inherit; background-color: transparent;'>\n<div style='width: 100%; margin-bottom: 30px;'> <img style='width: 100%; height: auto; border: 1px solid rgba(150&comma;150&comma;150&comma;0.3); border-radius: 8px;' src='https:\/\/ftp3.syscom.mx\/usuarios\/fespinoza\/HIKVISION\/Dispositivos\/Banners\/Deep-learning-2.jpg' alt='Barrera Vehicular HIKVISION'> <\/div>\n<div style='display: flex; flex-wrap: wrap; gap: 30px; margin-bottom: 30px;'>\n<div style='flex: 1 1 300px; min-width: 280px;'>\n<h3 style='font-size: 22px; border-bottom: 2px solid currentColor; padding-bottom: 5px; margin-top: 0; color: inherit; opacity: 0.8;'>Caracter\u00edsticas principales<\/h3>\n<ul style='padding-left: 20px; font-size: 15px; color: inherit;'>\n<li style='margin-bottom: 5px;'>Ajuste Independiente bajada\/subida de pluma<\/li>\n<li style='margin-bottom: 5px;'>Brazo Articulado Incluido de 2 + 2 mts.<\/li>\n<li style='margin-bottom: 5px;'>IP54<\/li>\n<li style='margin-bottom: 5px;'>Multiples modos Anti bajada: Induccion&comma; IR&comma; onda de presion<\/li>\n<li style='margin-bottom: 5px;'>Pluma ajustable de izquierda a derecha y viceversa<\/li>\n<li style='margin-bottom: 5px;'>Sistema anticondensacion \/ anticongelamiento<\/li>\n<li style='margin-bottom: 5px;'>Material SECC (Acero electrogalvanizado)<\/li>\n<\/ul><\/div>\n<div style='flex: 1 1 300px; min-width: 280px;'>\n<h3 style='font-size: 22px; border-bottom: 2px solid currentColor; padding-bottom: 5px; margin-top: 0; color: inherit; opacity: 0.8;'>Caracter\u00edsticas F\u00edsicas y El\u00e9ctricas<\/h3>\n<ul style='padding-left: 20px; font-size: 15px; color: inherit;'>\n<li style='margin-bottom: 5px;'>Alimentaci\u00f3n: 220 Vca \/ 300 w \/ 1.5 A<\/li>\n<li style='margin-bottom: 5px;'>Velocidad de caida Ajustable 1.5\/3.5 sg<\/li>\n<li style='margin-bottom: 5px;'>Peso: 65 Kg.<\/li>\n<li style='margin-bottom: 5px;'>Temperatura de trabajo: -30 \u00b0C a 70 \u00b0C (-22 \u00b0F a 158 \u00b0F)<\/li>\n<li style='margin-bottom: 5px;'>Garant\u00eda: 2 a\u00f1os<\/li>\n<\/ul><\/div>\n<\/p><\/div>\n<div style='margin-bottom: 30px;'>\n<h3 style='font-size: 22px; border-bottom: 2px solid currentColor; padding-bottom: 5px; margin-top: 0; color: inherit; opacity: 0.8;'>Consideraciones<\/h3>\n<ul style='padding-left: 20px; font-size: 15px; color: inherit;'>\n<li style='margin-bottom: 15px;'>Pruebas de operaci\u00f3n llevadas al l\u00edmite dando confiabilidad en partes mec\u00e1nicas&comma; siendo un motor con la cualidad de poder generar una temperatura ambiente nos brinda una excelente opci\u00f3n para ambientes con baja temperatura sin necesidad de accesorios adicionales por lo que evitaremos preocuparnos por un posible fallo por congelamiento.<\/li>\n<li style='margin-bottom: 15px;'>Sumando a esto su protecci\u00f3n de pl\u00e1stico Anti-UV lo que evita una decoloraci\u00f3n o opacamiento de su tonalidad nos dar\u00e1 siempre una imagen impecable.<\/li>\n<\/ul><\/div>\n<hr style='border: 0; border-top: 1px solid rgba(150&comma; 150&comma; 150&comma; 0.3); margin: 30px 0;'> <\/div>\n","protected":false},"excerpt":{"rendered":"<p>Barrera Vehicular de Brazo Articulado con Motor DC\/ Apertura 1.5 Seg\/ 220 VCA<\/p>\n","protected":false},"featured_media":21370,"comment_status":"open","ping_status":"closed","template":"","meta":[],"product_brand":[],"product_cat":[748],"product_tag":[401,749,54],"class_list":{"0":"post-21371","1":"product","2":"type-product","3":"status-publish","4":"has-post-thumbnail","6":"product_cat-barreras-vehiculares","7":"product_tag-acceso-vehicular","8":"product_tag-barreras-vehiculares","9":"product_tag-hikvision","11":"first","12":"outofstock","13":"sale","14":"shipping-taxable","15":"purchasable","16":"product-type-simple"},"_links":{"self":[{"href":"https:\/\/soydeaqui.ddns.net\/pachuca\/index.php\/wp-json\/wp\/v2\/product\/21371","targetHints":{"allow":["GET"]}}],"collection":[{"href":"https:\/\/soydeaqui.ddns.net\/pachuca\/index.php\/wp-json\/wp\/v2\/product"}],"about":[{"href":"https:\/\/soydeaqui.ddns.net\/pachuca\/index.php\/wp-json\/wp\/v2\/types\/product"}],"replies":[{"embeddable":true,"href":"https:\/\/soydeaqui.ddns.net\/pachuca\/index.php\/wp-json\/wp\/v2\/comments?post=21371"}],"wp:featuredmedia":[{"embeddable":true,"href":"https:\/\/soydeaqui.ddns.net\/pachuca\/index.php\/wp-json\/wp\/v2\/media\/21370"}],"wp:attachment":[{"href":"https:\/\/soydeaqui.ddns.net\/pachuca\/index.php\/wp-json\/wp\/v2\/media?parent=21371"}],"wp:term":[{"taxonomy":"product_brand","embeddable":true,"href":"https:\/\/soydeaqui.ddns.net\/pachuca\/index.php\/wp-json\/wp\/v2\/product_brand?post=21371"},{"taxonomy":"product_cat","embeddable":true,"href":"https:\/\/soydeaqui.ddns.net\/pachuca\/index.php\/wp-json\/wp\/v2\/product_cat?post=21371"},{"taxonomy":"product_tag","embeddable":true,"href":"https:\/\/soydeaqui.ddns.net\/pachuca\/index.php\/wp-json\/wp\/v2\/product_tag?post=21371"}],"curies":[{"name":"wp","href":"https:\/\/api.w.org\/{rel}","templated":true}]}}